{"id":1431,"date":"2024-05-22T12:42:18","date_gmt":"2024-05-22T15:42:18","guid":{"rendered":"https:\/\/portal.pi.gov.br\/detran\/?page_id=1431"},"modified":"2026-04-01T12:13:57","modified_gmt":"2026-04-01T15:13:57","slug":"servicos-de-cnh","status":"publish","type":"page","link":"https:\/\/portal.pi.gov.br\/detran\/servicos-de-cnh\/","title":{"rendered":"Servi\u00e7os de CNH"},"content":{"rendered":"\n<style>\n    .button-container{\n    display:flex;\nflex-wrap: wrap;\n    gap: 20px;\n    margin: 10px;\n}    \n.button-container a{\n  background-color: #034EA2; \n  color: #fff;\n  border-radius: 10px;\n  padding: 20px 10px;\n  display: flex;\n  flex-direction: row;\n  align-items: center;\n  width: 100%;\n  gap: 10px;\n  font-size: 1.25rem;\n  transition: 0.3s all ease ;\n  text-decoration: none;\n}\n.button-container a:hover{\n  background-color: #5293DB; \n}\n\n.button-container a i{\n  font-size: 2rem;\n}\n\/* Ajuste para tamanhos menores *\/\n@media (min-width: 768px) {\n  .button-container{\n    flex-direction: row;\n  }\n  .button-container a{\n    flex: 1 1 calc(50% - 10px);\n  }\n}\n\n\/* Ajuste para tamanhos maiores *\/\n@media (min-width: 769px) {\n  .button-container{\n    flex-direction: row;\n  }\n  .button-container a{\n    flex: 1 1 calc(33.333% - 10px);\n  }\n}\n\n<\/style>\n\n\n\n<div class=\"wp-block-columns is-layout-flex wp-container-2\">\n<div class=\"wp-block-column is-layout-flow\" style=\"flex-basis:100%\">\n<div class=\"button-container\">\n       <a href=\"https:\/\/eadcnh.bsa.estaleiro.serpro.gov.br\/home?curso=673a6cc7e3bb091c6db844aa\">\n        <i class=\"fa fa-id-card\"><\/i><span>Primeira Habilita\u00e7\u00e3o<\/span>\n    <\/a> \n    <a href=\"https:\/\/eadcnh.bsa.estaleiro.serpro.gov.br\/home?curso=67316a5733f0091f6a7844ee\">\n        <i class=\"fa fa-graduation-cap\"><\/i><span>Tornar-se instrutor da nova CNH<\/span>\n    <\/a> \n    <a href=\"https:\/\/portal.pi.gov.br\/detran\/renovacao-de-cnh\/\">\n        <i class=\"fa fa-id-card\"><\/i><span>Renova\u00e7\u00e3o de CNH<\/span>\n    <\/a>      \n    <a href=\"https:\/\/portal.pi.gov.br\/detran\/segunda-via-de-cnh\/\">\n        <i class=\"fa fa-id-card\"><\/i><span>Segunda Via de CNH<\/span>\n    <\/a>\n    <a href=\"https:\/\/portal.pi.gov.br\/detran\/cnh-definitiva\/\">\n        <i class=\"fa fa-id-card-o\"><\/i><span>CNH Definitiva<\/span>\n    <\/a>\n    <a href=\"https:\/\/portal.pi.gov.br\/detran\/solicitar-pid\/\">\n        <i class=\"fa-sharp fa-solid fa-passport\"><\/i><span>Solicitar PID &#8211; Permiss\u00e3o Internacional para Dirigir\n<\/span>\n    <\/a>\n    <a href=\"https:\/\/www.pi.getran.com.br\/sah\/app?TRATADOR=MARCAETESPINTERNET\">\n        <i class=\"fa-regular fa-calendar-plus\"><\/i><span>Agendar Exame Te\u00f3rico<\/span>\n    <\/a>\n    <a href=\"https:\/\/portal.pi.gov.br\/detran\/emitir-certidao-negativa-de-cnh\/\">\n        <i class=\"fa-sharp fa-solid fa-award\"><\/i><span>Emitir Certid\u00e3o Negativa de CNH<\/span>\n    <\/a>\n    <a href=\"https:\/\/portal.pi.gov.br\/detran\/validar-nada-consta\/\">\n        <i class=\"fa-solid fa-file-circle-check\"><\/i> Validar Nada Consta<\/span>\n    <\/a>   \n    <a href=\"https:\/\/portal.pi.gov.br\/detran\/consultar-andamento-de-processo\/\">\n        <i class=\"fa-solid fa-magnifying-glass\"><\/i>Consultar Andamento de Processos<\/span>\n    <\/a>\n<\/div>\n<\/div>\n<\/div>\n\n\n\n<p><\/p>\n","protected":false},"excerpt":{"rendered":"<p>Primeira Habilita\u00e7\u00e3o Tornar-se instrutor da nova CNH Renova\u00e7\u00e3o de CNH Segunda Via de CNH CNH Definitiva Solicitar PID &#8211; Permiss\u00e3o Internacional para Dirigir Agendar Exame Te\u00f3rico Emitir Certid\u00e3o Negativa de [&hellip;]<\/p>\n","protected":false},"author":1783,"featured_media":0,"parent":0,"menu_order":0,"comment_status":"closed","ping_status":"closed","template":"","meta":[],"featured_image_urls":{"full":"","thumbnail":"","medium":"","medium_large":"","large":"","sgg-420":"","sgg-540":"","sgg-780":"","1536x1536":"","2048x2048":"","homepage-slider":"","homepage-slider-small":"","page-top":"","page-small":"","loop-main":"","thumb-gallery-widget":""},"post_excerpt_stackable":"<p>Primeira Habilita\u00e7\u00e3o Tornar-se instrutor da nova CNH Renova\u00e7\u00e3o de CNH Segunda Via de CNH CNH Definitiva Solicitar PID &#8211; Permiss\u00e3o Internacional para Dirigir Agendar Exame Te\u00f3rico Emitir Certid\u00e3o Negativa de CNH Validar Nada Consta Consultar Andamento de Processos<\/p>\n","category_list":"","author_info":{"name":"marcoschaves","url":"https:\/\/portal.pi.gov.br\/detran\/author\/marcoschaves\/"},"comments_num":"0 coment\u00e1rio","featured_image_urls_v2":{"full":"","thumbnail":"","medium":"","medium_large":"","large":"","sgg-420":"","sgg-540":"","sgg-780":"","1536x1536":"","2048x2048":"","homepage-slider":"","homepage-slider-small":"","page-top":"","page-small":"","loop-main":"","thumb-gallery-widget":""},"post_excerpt_stackable_v2":"<p>Primeira Habilita\u00e7\u00e3o Tornar-se instrutor da nova CNH Renova\u00e7\u00e3o de CNH Segunda Via de CNH CNH Definitiva Solicitar PID &#8211; Permiss\u00e3o Internacional para Dirigir Agendar Exame Te\u00f3rico Emitir Certid\u00e3o Negativa de CNH Validar Nada Consta Consultar Andamento de Processos<\/p>\n","category_list_v2":"","author_info_v2":{"name":"marcoschaves","url":"https:\/\/portal.pi.gov.br\/detran\/author\/marcoschaves\/"},"comments_num_v2":"0 coment\u00e1rio","_links":{"self":[{"href":"https:\/\/portal.pi.gov.br\/detran\/wp-json\/wp\/v2\/pages\/1431"}],"collection":[{"href":"https:\/\/portal.pi.gov.br\/detran\/wp-json\/wp\/v2\/pages"}],"about":[{"href":"https:\/\/portal.pi.gov.br\/detran\/wp-json\/wp\/v2\/types\/page"}],"author":[{"embeddable":true,"href":"https:\/\/portal.pi.gov.br\/detran\/wp-json\/wp\/v2\/users\/1783"}],"replies":[{"embeddable":true,"href":"https:\/\/portal.pi.gov.br\/detran\/wp-json\/wp\/v2\/comments?post=1431"}],"version-history":[{"count":154,"href":"https:\/\/portal.pi.gov.br\/detran\/wp-json\/wp\/v2\/pages\/1431\/revisions"}],"predecessor-version":[{"id":4196,"href":"https:\/\/portal.pi.gov.br\/detran\/wp-json\/wp\/v2\/pages\/1431\/revisions\/4196"}],"wp:attachment":[{"href":"https:\/\/portal.pi.gov.br\/detran\/wp-json\/wp\/v2\/media?parent=1431"}],"curies":[{"name":"wp","href":"https:\/\/api.w.org\/{rel}","templated":true}]}}