{"id":1904,"date":"2024-08-27T14:34:54","date_gmt":"2024-08-27T17:34:54","guid":{"rendered":"https:\/\/portal.pi.gov.br\/detran\/?page_id=1904"},"modified":"2026-04-01T12:12:25","modified_gmt":"2026-04-01T15:12:25","slug":"servicos-de-veiculo","status":"publish","type":"page","link":"https:\/\/portal.pi.gov.br\/detran\/servicos-de-veiculo\/","title":{"rendered":"Servi\u00e7os de Ve\u00edculo"},"content":{"rendered":"\n<p><\/p>\n\n\n\n<style>\n  .button-container {\n    display: grid;\n    grid-template-columns: 1fr 1fr;\n    gap: 15px;\n    width: 100%;\n    box-sizing: border-box;\n  }\n\n  .button-container a {\n    display: flex;\n    align-items: center;\n    background-color: #004d99;\n    color: white;\n    text-decoration: none;\n    gap: 15px;\n    padding: 15px 20px;\n    border-radius: 5px;\n    font-size: 0.95rem;\n    font-family: Arial, sans-serif;\n    transition: background-color 0.3s ease;\n\n    \/* Garante que o bot\u00e3o preencha a c\u00e9lula da grid, mas n\u00e3o estoure *\/\n    width: 100%;\n    box-sizing: border-box;\n  }\n\n  .button-container a:hover {\n    background-color: #5293DB;\n  }\n\n  .button-container a i {\n    font-size: 2rem;\n  }\n\n  \/* Ajuste para tamanhos menores *\/\n  @media (max-width: 768px) {\n    .button-container {\n      grid-template-columns: 1fr;\n    }\n\n    .button-container a {\n      gap: 15px;\n      grid-template-columns: 1fr;\n    }\n  }\n<\/style>\n\n\n\n<div class=\"wp-block-columns is-layout-flex wp-container-2\">\n<div class=\"wp-block-column is-layout-flow\" style=\"flex-basis:100%\">\n<div class=\"button-container\">\n  <a href=\"https:\/\/www.pi.getran.com.br\/site\/apps\/veiculo\/filtroplacarenavam-consultaveiculo.jsp\" target=\"_blank\" rel=\"noreferrer noopener\">\n    <i class=\"fa fa-car fa-2x\"><\/i><span>Emiss\u00e3o de Licenciamento<\/span>\n  <\/a>\n  <a href=\"https:\/\/www.pi.getran.com.br\/site\/apps\/veiculo\/servicos\/e-crlv\/filtro-e-crlv-emissao.jsp\">\n    <i class=\"fa-solid fa-file-circle-plus fa-2x\"><\/i><span>CRLV Digital<\/span>\n  <\/a>\n  <a href=\"https:\/\/www.pi.getran.com.br\/site\/apps\/veiculo\/servicos\/e-crv\/filtro-e-crv.jsp\">\n    <i class=\"fa-solid fa-file-circle-plus fa-2x\"><\/i><span>Impress\u00e3o de CRV<\/span>\n  <\/a>\n  <a href=\"https:\/\/webas.sefaz.pi.gov.br\/dar-ipva\/\">\n    <i class=\"fa fa-car fa-2x\"><\/i><span>Guia de IPVA SEFAZ<\/span>\n  <\/a>\n  \n  <a href=\"https:\/\/app-portal-detran-registrar-intencao-venda.etipi.pi.gov.br\/\">\n    <i class=\"fa-regular fa-handshake fa-2x\"><\/i><span>Inten\u00e7\u00e3o de Venda (ATPV-e)<\/span>\n  <\/a>\n  <a href=\"https:\/\/www.pi.getran.com.br\/site\/apps\/veiculo\/consulta_comunicado_venda.jsp\">\n    <i class=\"fa fa-search fa-2x\"><\/i><span>Consultar Comunica\u00e7\u00e3o de Vendas<\/span>\n  <\/a>\n  <a href=\"https:\/\/www.pi.getran.com.br\/site\/apps\/veiculo\/estampagem\/estampagem-equitativa\/filtro-estampagem-equitativa.jsp\">\n    <i class=\"fa fa-search fa-2x\"><\/i><span>Consultar Local de Estampagem<\/span>\n  <\/a>\n  <a href=\"https:\/\/www.pi.getran.com.br\/site\/apps\/veiculo\/filtroplacarenavam-consultaveiculo.jsp\">\n    <i class=\"fa-solid fa-barcode fa-2x\"><\/i><span>Consulta de D\u00e9bitos e taxas de ve\u00edculos<\/span>\n  <\/a>\n \n  <a href=\"https:\/\/www.pi.getran.com.br\/site\/apps\/nada-consta\/filtroPessoaNadaConsta.jsp\">\n    <i class=\"fa fa-car fa-3x\"><\/i><span>Solicitar Nada Consta de Ve\u00edculos<\/span>\n  <\/a>\n  <a href=\"https:\/\/www.pi.getran.com.br\/site\/apps\/veiculo\/consultas\/consulta_gravame.jsp\">\n    <i class=\"fa fa-car fa-3x\"><\/i><span>Gerar Taxa de Desbloqueio para Cancelamento de Gravame<\/span>\n  <\/a>\n  <a href=\"https:\/\/app-portal-detran-historico-vistoria.etipi.pi.gov.br\/\">\n    <i class=\"fa-solid fa-magnifying-glass fa-3x\"><\/i>\n    <span>Consultar Vistoria do Ve\u00edculo<\/span>\n  <\/a>\n  <a href=\"https:\/\/app-portal-detran-alterar-endereco.etipi.pi.gov.br\/\">\n    <i class=\"fa fa-pencil-square-o fa-3x\" aria-hidden=\"true\"><\/i>\n    <span>Alterar Endere\u00e7o do Ve\u00edculo<\/span>\n  <\/a>\n  <a href=\"https:\/\/app-portal-detran-acompanhar-processo-veicular.etipi.pi.gov.br\/\">\n    <i class=\"fa-solid fa-magnifying-glass fa-3x\"><\/i>\n    <span>Consultar Andamento do Processo <\/span>\n  <\/a>\n <\/div>\n<\/div>\n<\/div>\n","protected":false},"excerpt":{"rendered":"<p>Emiss\u00e3o de Licenciamento CRLV Digital Impress\u00e3o de CRV Guia de IPVA SEFAZ Inten\u00e7\u00e3o de Venda (ATPV-e) Consultar Comunica\u00e7\u00e3o de Vendas Consultar Local de Estampagem Consulta de D\u00e9bitos e taxas de [&hellip;]<\/p>\n","protected":false},"author":1783,"featured_media":0,"parent":0,"menu_order":0,"comment_status":"closed","ping_status":"closed","template":"","meta":[],"featured_image_urls":{"full":"","thumbnail":"","medium":"","medium_large":"","large":"","sgg-420":"","sgg-540":"","sgg-780":"","1536x1536":"","2048x2048":"","homepage-slider":"","homepage-slider-small":"","page-top":"","page-small":"","loop-main":"","thumb-gallery-widget":""},"post_excerpt_stackable":"<p>Emiss\u00e3o de Licenciamento CRLV Digital Impress\u00e3o de CRV Guia de IPVA SEFAZ Inten\u00e7\u00e3o de Venda (ATPV-e) Consultar Comunica\u00e7\u00e3o de Vendas Consultar Local de Estampagem Consulta de D\u00e9bitos e taxas de ve\u00edculos Solicitar Nada Consta de Ve\u00edculos Gerar Taxa de Desbloqueio para Cancelamento de Gravame Consultar Vistoria do Ve\u00edculo Alterar Endere\u00e7o do Ve\u00edculo Consultar Andamento do Processo<\/p>\n","category_list":"","author_info":{"name":"marcoschaves","url":"https:\/\/portal.pi.gov.br\/detran\/author\/marcoschaves\/"},"comments_num":"0 coment\u00e1rio","featured_image_urls_v2":{"full":"","thumbnail":"","medium":"","medium_large":"","large":"","sgg-420":"","sgg-540":"","sgg-780":"","1536x1536":"","2048x2048":"","homepage-slider":"","homepage-slider-small":"","page-top":"","page-small":"","loop-main":"","thumb-gallery-widget":""},"post_excerpt_stackable_v2":"<p>Emiss\u00e3o de Licenciamento CRLV Digital Impress\u00e3o de CRV Guia de IPVA SEFAZ Inten\u00e7\u00e3o de Venda (ATPV-e) Consultar Comunica\u00e7\u00e3o de Vendas Consultar Local de Estampagem Consulta de D\u00e9bitos e taxas de ve\u00edculos Solicitar Nada Consta de Ve\u00edculos Gerar Taxa de Desbloqueio para Cancelamento de Gravame Consultar Vistoria do Ve\u00edculo Alterar Endere\u00e7o do Ve\u00edculo Consultar Andamento do Processo<\/p>\n","category_list_v2":"","author_info_v2":{"name":"marcoschaves","url":"https:\/\/portal.pi.gov.br\/detran\/author\/marcoschaves\/"},"comments_num_v2":"0 coment\u00e1rio","_links":{"self":[{"href":"https:\/\/portal.pi.gov.br\/detran\/wp-json\/wp\/v2\/pages\/1904"}],"collection":[{"href":"https:\/\/portal.pi.gov.br\/detran\/wp-json\/wp\/v2\/pages"}],"about":[{"href":"https:\/\/portal.pi.gov.br\/detran\/wp-json\/wp\/v2\/types\/page"}],"author":[{"embeddable":true,"href":"https:\/\/portal.pi.gov.br\/detran\/wp-json\/wp\/v2\/users\/1783"}],"replies":[{"embeddable":true,"href":"https:\/\/portal.pi.gov.br\/detran\/wp-json\/wp\/v2\/comments?post=1904"}],"version-history":[{"count":61,"href":"https:\/\/portal.pi.gov.br\/detran\/wp-json\/wp\/v2\/pages\/1904\/revisions"}],"predecessor-version":[{"id":4195,"href":"https:\/\/portal.pi.gov.br\/detran\/wp-json\/wp\/v2\/pages\/1904\/revisions\/4195"}],"wp:attachment":[{"href":"https:\/\/portal.pi.gov.br\/detran\/wp-json\/wp\/v2\/media?parent=1904"}],"curies":[{"name":"wp","href":"https:\/\/api.w.org\/{rel}","templated":true}]}}