{"id":1986,"date":"2024-08-28T18:57:11","date_gmt":"2024-08-28T21:57:11","guid":{"rendered":"https:\/\/portal.pi.gov.br\/detran\/?page_id=1986"},"modified":"2025-05-16T10:07:05","modified_gmt":"2025-05-16T13:07:05","slug":"servicos-de-infracao","status":"publish","type":"page","link":"https:\/\/portal.pi.gov.br\/detran\/servicos-de-infracao\/","title":{"rendered":"Servi\u00e7os de Infra\u00e7\u00e3o"},"content":{"rendered":"\n<div class=\"wp-block-buttons is-layout-flex\">\n<style>\n    .button-container{\n    display:flex;\nflex-wrap: wrap;\n    gap: 20px;\n    margin: 10px;\n}    \n.button-container a{\n  background-color: #034EA2; \n  color: #fff;\n  border-radius: 10px;\n  padding: 20px 10px;\n  display: flex;\n  flex-direction: row;\n  align-items: center;\n  width: 100%;\n  gap: 10px;\n  font-size: 1.25rem;\n  transition: 0.3s all ease ;\n  text-decoration: none;\n}\n.button-container a:hover{\n  background-color: #5293DB; \n}\n.button-container a i{\n  font-size: 2rem;\n}\n\/* Ajuste para tamanhos menores *\/\n@media (min-width: 768px) {\n  .button-container{\n    flex-direction: row;\n  }\n  .button-container a{\n    flex: 1 1 calc(50% - 10px);\n  }\n}\n\/* Ajuste para tamanhos maiores *\/\n@media (min-width: 769px) {\n  .button-container{\n    flex-direction: row;\n  }\n  .button-container a{\n    flex: 1 1 calc(33.333% - 10px);\n  }\n}\n<\/style>\n<\/div>\n\n\n\n<div class=\"button-container\">\n    <a href=\"https:\/\/www.pi.getran.com.br\/site\/apps\/multa\/recurso\/cadastrar-recurso.jsp\" target=\"_blank\" rel=\"noreferrer noopener\">\n        <i class=\"fa-solid fa-triangle-exclamation fa-3x\"><\/i><span>Solicitar Defesa \/ Recurso para Autos de Infra\u00e7\u00e3o\n <\/span>\n    <\/a>\n <a href=\"https:\/\/www.pi.getran.com.br\/site\/apps\/veiculo\/filtroplacarenavam-consultaveiculo.jsp\">\n        <i class=\"fa-solid fa-barcode fa-3x\"><\/i><span>Emiss\u00e3o de Taxas<\/span>\n <\/a>\n<\/div>\n","protected":false},"excerpt":{"rendered":"<p>Solicitar Defesa \/ Recurso para Autos de Infra\u00e7\u00e3o Emiss\u00e3o de Taxas<\/p>\n","protected":false},"author":1783,"featured_media":0,"parent":0,"menu_order":0,"comment_status":"closed","ping_status":"closed","template":"","meta":[],"featured_image_urls":{"full":"","thumbnail":"","medium":"","medium_large":"","large":"","sgg-420":"","sgg-540":"","sgg-780":"","1536x1536":"","2048x2048":"","homepage-slider":"","homepage-slider-small":"","page-top":"","page-small":"","loop-main":"","thumb-gallery-widget":""},"post_excerpt_stackable":"<p>Solicitar Defesa \/ Recurso para Autos de Infra\u00e7\u00e3o Emiss\u00e3o de Taxas<\/p>\n","category_list":"","author_info":{"name":"marcoschaves","url":"https:\/\/portal.pi.gov.br\/detran\/author\/marcoschaves\/"},"comments_num":"0 coment\u00e1rio","featured_image_urls_v2":{"full":"","thumbnail":"","medium":"","medium_large":"","large":"","sgg-420":"","sgg-540":"","sgg-780":"","1536x1536":"","2048x2048":"","homepage-slider":"","homepage-slider-small":"","page-top":"","page-small":"","loop-main":"","thumb-gallery-widget":""},"post_excerpt_stackable_v2":"<p>Solicitar Defesa \/ Recurso para Autos de Infra\u00e7\u00e3o Emiss\u00e3o de Taxas<\/p>\n","category_list_v2":"","author_info_v2":{"name":"marcoschaves","url":"https:\/\/portal.pi.gov.br\/detran\/author\/marcoschaves\/"},"comments_num_v2":"0 coment\u00e1rio","_links":{"self":[{"href":"https:\/\/portal.pi.gov.br\/detran\/wp-json\/wp\/v2\/pages\/1986"}],"collection":[{"href":"https:\/\/portal.pi.gov.br\/detran\/wp-json\/wp\/v2\/pages"}],"about":[{"href":"https:\/\/portal.pi.gov.br\/detran\/wp-json\/wp\/v2\/types\/page"}],"author":[{"embeddable":true,"href":"https:\/\/portal.pi.gov.br\/detran\/wp-json\/wp\/v2\/users\/1783"}],"replies":[{"embeddable":true,"href":"https:\/\/portal.pi.gov.br\/detran\/wp-json\/wp\/v2\/comments?post=1986"}],"version-history":[{"count":7,"href":"https:\/\/portal.pi.gov.br\/detran\/wp-json\/wp\/v2\/pages\/1986\/revisions"}],"predecessor-version":[{"id":3430,"href":"https:\/\/portal.pi.gov.br\/detran\/wp-json\/wp\/v2\/pages\/1986\/revisions\/3430"}],"wp:attachment":[{"href":"https:\/\/portal.pi.gov.br\/detran\/wp-json\/wp\/v2\/media?parent=1986"}],"curies":[{"name":"wp","href":"https:\/\/api.w.org\/{rel}","templated":true}]}}