{"id":2670,"date":"2025-02-12T08:52:24","date_gmt":"2025-02-12T11:52:24","guid":{"rendered":"https:\/\/portal.pi.gov.br\/detran\/?page_id=2670"},"modified":"2025-02-12T10:31:43","modified_gmt":"2025-02-12T13:31:43","slug":"taxas-de-cnh","status":"publish","type":"page","link":"https:\/\/portal.pi.gov.br\/detran\/taxas-de-cnh\/","title":{"rendered":"Taxas de Ve\u00edculos"},"content":{"rendered":"\n<div class=\"wp-block-columns is-layout-flex wp-container-2\">\n<div class=\"wp-block-column is-layout-flow\" style=\"flex-basis:100%\"><h3 style='text-align: left;color: #1b3058 margin-top: 20px'>Confira abaixo as Taxas Relacionadas a Ve\u00edculos<\/h3><style>\r\n        table {\r\n            width: 100%;\r\n            border-collapse: collapse;\r\n        }\r\n        th {\r\n            background-color: #034ea2;\r\n            color: white;\r\n            padding: 10px;\r\n            text-align: center;\r\n        }\r\n        td {\r\n            padding: 8px;\r\n            border: 1px solid #ddd;\r\n        }\r\n        tr:nth-child(even) { \r\n            background-color: #e0e0e0; \/* Amarelo claro *\/\r\n        }\r\n        tr:nth-child(odd) { \r\n            background-color: #ffffff; \/* Branco *\/\r\n        }\r\n      <\/style><table style='width: 100%;border-collapse: collapse;font-family: Arial, sans-serif'>\r\n        <thead>\r\n            <tr style='background-color: #1b3058;color: white;text-align: center'>\r\n                <th style='border: 1px solid #ddd;padding: 12px'>C\u00f3digo<\/th>\r\n                <th style='border: 1px solid #ddd;padding: 12px'>Descri\u00e7\u00e3o<\/th>\r\n                <th style='border: 1px solid #ddd;padding: 12px;text-align: center'>Valor Atual (R$)<\/th>\r\n            <\/tr>\r\n        <\/thead>\r\n        <tbody><tr>\r\n            <td style='border: 1px solid #ddd;padding: 12px;text-align: center'>13<\/td>\r\n            <td style='border: 1px solid #ddd;padding: 12px'>Altera\u00e7\u00e3o de caracter\u00edstica<\/td>\r\n            <td style='border: 1px solid #ddd;padding: 12px;text-align: right'>\r\n                R$ 188,10\r\n            <\/td>\r\n          <\/tr><tr>\r\n            <td style='border: 1px solid #ddd;padding: 12px;text-align: center'>43<\/td>\r\n            <td style='border: 1px solid #ddd;padding: 12px'>Altera\u00e7\u00e3o de munic\u00edpio<\/td>\r\n            <td style='border: 1px solid #ddd;padding: 12px;text-align: right'>\r\n                R$ 188,10\r\n            <\/td>\r\n          <\/tr><tr>\r\n            <td style='border: 1px solid #ddd;padding: 12px;text-align: center'>40<\/td>\r\n            <td style='border: 1px solid #ddd;padding: 12px'>Autoriza\u00e7\u00e3o para Cancelamento de Gravame<\/td>\r\n            <td style='border: 1px solid #ddd;padding: 12px;text-align: right'>\r\n                R$ 440,55\r\n            <\/td>\r\n          <\/tr><tr>\r\n            <td style='border: 1px solid #ddd;padding: 12px;text-align: center'>8<\/td>\r\n            <td style='border: 1px solid #ddd;padding: 12px'>Baixa de ve\u00edculo<\/td>\r\n            <td style='border: 1px solid #ddd;padding: 12px;text-align: right'>\r\n                R$ 74,25\r\n            <\/td>\r\n          <\/tr><tr>\r\n            <td style='border: 1px solid #ddd;padding: 12px;text-align: center'>7<\/td>\r\n            <td style='border: 1px solid #ddd;padding: 12px'>Certid\u00e3o para seguradora<\/td>\r\n            <td style='border: 1px solid #ddd;padding: 12px;text-align: right'>\r\n                R$ 118,80\r\n            <\/td>\r\n          <\/tr><tr>\r\n            <td style='border: 1px solid #ddd;padding: 12px;text-align: center'>22<\/td>\r\n            <td style='border: 1px solid #ddd;padding: 12px'>Dep\u00f3sito de ve\u00edculo (servi\u00e7o de reboque, p\u00e1tio DETRAN)<\/td>\r\n            <td style='border: 1px solid #ddd;padding: 12px;text-align: right'>\r\n                R$ 118,80\r\n            <\/td>\r\n          <\/tr><tr>\r\n            <td style='border: 1px solid #ddd;padding: 12px;text-align: center'>6<\/td>\r\n            <td style='border: 1px solid #ddd;padding: 12px'>Emiss\u00e3o de 2\u00aa via de DUAL (CRLV)<\/td>\r\n            <td style='border: 1px solid #ddd;padding: 12px;text-align: right'>\r\n                R$ 99,00\r\n            <\/td>\r\n          <\/tr><tr>\r\n            <td style='border: 1px solid #ddd;padding: 12px;text-align: center'>5<\/td>\r\n            <td style='border: 1px solid #ddd;padding: 12px'>Emiss\u00e3o de 2\u00aa via de DUT (CRV)<\/td>\r\n            <td style='border: 1px solid #ddd;padding: 12px;text-align: right'>\r\n                R$ 153,45\r\n            <\/td>\r\n          <\/tr><tr>\r\n            <td style='border: 1px solid #ddd;padding: 12px;text-align: center'>21<\/td>\r\n            <td style='border: 1px solid #ddd;padding: 12px'>Extrato de ve\u00edculo<\/td>\r\n            <td style='border: 1px solid #ddd;padding: 12px;text-align: right'>\r\n                R$ 9,90\r\n            <\/td>\r\n          <\/tr><tr>\r\n            <td style='border: 1px solid #ddd;padding: 12px;text-align: center'>27<\/td>\r\n            <td style='border: 1px solid #ddd;padding: 12px'>Extrato de ve\u00edculo (por propriet\u00e1rio)<\/td>\r\n            <td style='border: 1px solid #ddd;padding: 12px;text-align: right'>\r\n                R$ 19,80\r\n            <\/td>\r\n          <\/tr><tr>\r\n            <td style='border: 1px solid #ddd;padding: 12px;text-align: center'>39<\/td>\r\n            <td style='border: 1px solid #ddd;padding: 12px'>Inclus\u00e3o \/ Baixa de gravame<\/td>\r\n            <td style='border: 1px solid #ddd;padding: 12px;text-align: right'>\r\n                R$ 188,10\r\n            <\/td>\r\n          <\/tr><tr>\r\n            <td style='border: 1px solid #ddd;padding: 12px;text-align: center'>15<\/td>\r\n            <td style='border: 1px solid #ddd;padding: 12px'>Licen\u00e7a especial para tr\u00e1fego<\/td>\r\n            <td style='border: 1px solid #ddd;padding: 12px;text-align: right'>\r\n                R$ 59,40\r\n            <\/td>\r\n          <\/tr><tr>\r\n            <td style='border: 1px solid #ddd;padding: 12px;text-align: center'>24<\/td>\r\n            <td style='border: 1px solid #ddd;padding: 12px'>Licen\u00e7a para brisa<\/td>\r\n            <td style='border: 1px solid #ddd;padding: 12px;text-align: right'>\r\n                R$ 59,40\r\n            <\/td>\r\n          <\/tr><tr>\r\n            <td style='border: 1px solid #ddd;padding: 12px;text-align: center'>83<\/td>\r\n            <td style='border: 1px solid #ddd;padding: 12px'>Mudan\u00e7a de placa para padr\u00e3o Mercosul<\/td>\r\n            <td style='border: 1px solid #ddd;padding: 12px;text-align: right'>\r\n                R$ 178,20\r\n            <\/td>\r\n          <\/tr><tr>\r\n            <td style='border: 1px solid #ddd;padding: 12px;text-align: center'>16<\/td>\r\n            <td style='border: 1px solid #ddd;padding: 12px'>Placa especial<\/td>\r\n            <td style='border: 1px solid #ddd;padding: 12px;text-align: right'>\r\n                R$ 613,80\r\n            <\/td>\r\n          <\/tr><tr>\r\n            <td style='border: 1px solid #ddd;padding: 12px;text-align: center'>1<\/td>\r\n            <td style='border: 1px solid #ddd;padding: 12px'>Primeiro emplacamento<\/td>\r\n            <td style='border: 1px solid #ddd;padding: 12px;text-align: right'>\r\n                R$ 400,95\r\n            <\/td>\r\n          <\/tr><tr>\r\n            <td style='border: 1px solid #ddd;padding: 12px;text-align: center'>31<\/td>\r\n            <td style='border: 1px solid #ddd;padding: 12px'>Primeiro emplacamento de moto at\u00e9 170 cc<\/td>\r\n            <td style='border: 1px solid #ddd;padding: 12px;text-align: right'>\r\n                R$ 113,85\r\n            <\/td>\r\n          <\/tr><tr>\r\n            <td style='border: 1px solid #ddd;padding: 12px;text-align: center'>80<\/td>\r\n            <td style='border: 1px solid #ddd;padding: 12px'>Registro comunica\u00e7\u00e3o de venda<\/td>\r\n            <td style='border: 1px solid #ddd;padding: 12px;text-align: right'>\r\n                R$ 24,75\r\n            <\/td>\r\n          <\/tr><tr>\r\n            <td style='border: 1px solid #ddd;padding: 12px;text-align: center'>14<\/td>\r\n            <td style='border: 1px solid #ddd;padding: 12px'>Regrava\u00e7\u00e3o de chassi<\/td>\r\n            <td style='border: 1px solid #ddd;padding: 12px;text-align: right'>\r\n                R$ 163,35\r\n            <\/td>\r\n          <\/tr><tr>\r\n            <td style='border: 1px solid #ddd;padding: 12px;text-align: center'>33<\/td>\r\n            <td style='border: 1px solid #ddd;padding: 12px'>Renova\u00e7\u00e3o de Licenciamento Anual de Moto at\u00e9 170 cc<\/td>\r\n            <td style='border: 1px solid #ddd;padding: 12px;text-align: right'>\r\n                R$ 55,94\r\n            <\/td>\r\n          <\/tr><tr>\r\n            <td style='border: 1px solid #ddd;padding: 12px;text-align: center'>4<\/td>\r\n            <td style='border: 1px solid #ddd;padding: 12px'>Transfer\u00eancia de jurisdi\u00e7\u00e3o<\/td>\r\n            <td style='border: 1px solid #ddd;padding: 12px;text-align: right'>\r\n                R$ 227,70\r\n            <\/td>\r\n          <\/tr><tr>\r\n            <td style='border: 1px solid #ddd;padding: 12px;text-align: center'>2<\/td>\r\n            <td style='border: 1px solid #ddd;padding: 12px'>Transfer\u00eancia de propriedade<\/td>\r\n            <td style='border: 1px solid #ddd;padding: 12px;text-align: right'>\r\n                R$ 227,70\r\n            <\/td>\r\n          <\/tr><tr>\r\n            <td style='border: 1px solid #ddd;padding: 12px;text-align: center'>32<\/td>\r\n            <td style='border: 1px solid #ddd;padding: 12px'>Transfer\u00eancia de propriedade para revendedores<\/td>\r\n            <td style='border: 1px solid #ddd;padding: 12px;text-align: right'>\r\n                R$ 74,25\r\n            <\/td>\r\n          <\/tr><tr>\r\n            <td style='border: 1px solid #ddd;padding: 12px;text-align: center'>25<\/td>\r\n            <td style='border: 1px solid #ddd;padding: 12px'>Vistoria em tr\u00e2nsito<\/td>\r\n            <td style='border: 1px solid #ddd;padding: 12px;text-align: right'>\r\n                R$ 118,80\r\n            <\/td>\r\n          <\/tr><\/tbody><\/table>\n<\/div>\n<\/div>\n","protected":false},"excerpt":{"rendered":"","protected":false},"author":1783,"featured_media":0,"parent":0,"menu_order":0,"comment_status":"closed","ping_status":"closed","template":"","meta":[],"featured_image_urls":{"full":"","thumbnail":"","medium":"","medium_large":"","large":"","sgg-420":"","sgg-540":"","sgg-780":"","1536x1536":"","2048x2048":"","homepage-slider":"","homepage-slider-small":"","page-top":"","page-small":"","loop-main":"","thumb-gallery-widget":""},"post_excerpt_stackable":"<p>Confira abaixo as Taxas Relacionadas a Ve\u00edculos C\u00f3digo Descri\u00e7\u00e3o Valor Atual (R$) 13 Altera\u00e7\u00e3o de caracter\u00edstica R$ 188,10 43 Altera\u00e7\u00e3o de munic\u00edpio R$ 188,10 40 Autoriza\u00e7\u00e3o para Cancelamento de Gravame R$ 440,55 8 Baixa de ve\u00edculo R$ 74,25 7 Certid\u00e3o para seguradora R$ 118,80 22 Dep\u00f3sito de ve\u00edculo (servi\u00e7o de reboque, p\u00e1tio DETRAN) R$ 118,80 6 Emiss\u00e3o de 2\u00aa via de DUAL (CRLV) R$ 99,00 5 Emiss\u00e3o de 2\u00aa via de DUT (CRV) R$ 153,45 21 Extrato de ve\u00edculo R$ 9,90 27 Extrato de ve\u00edculo (por propriet\u00e1rio) R$ 19,80 39 Inclus\u00e3o \/ Baixa de gravame R$ 188,10 15 Licen\u00e7a especial&hellip;<\/p>\n","category_list":"","author_info":{"name":"marcoschaves","url":"https:\/\/portal.pi.gov.br\/detran\/author\/marcoschaves\/"},"comments_num":"0 coment\u00e1rio","featured_image_urls_v2":{"full":"","thumbnail":"","medium":"","medium_large":"","large":"","sgg-420":"","sgg-540":"","sgg-780":"","1536x1536":"","2048x2048":"","homepage-slider":"","homepage-slider-small":"","page-top":"","page-small":"","loop-main":"","thumb-gallery-widget":""},"post_excerpt_stackable_v2":"<p>Confira abaixo as Taxas Relacionadas a Ve\u00edculos C\u00f3digo Descri\u00e7\u00e3o Valor Atual (R$) 13 Altera\u00e7\u00e3o de caracter\u00edstica R$ 188,10 43 Altera\u00e7\u00e3o de munic\u00edpio R$ 188,10 40 Autoriza\u00e7\u00e3o para Cancelamento de Gravame R$ 440,55 8 Baixa de ve\u00edculo R$ 74,25 7 Certid\u00e3o para seguradora R$ 118,80 22 Dep\u00f3sito de ve\u00edculo (servi\u00e7o de reboque, p\u00e1tio DETRAN) R$ 118,80 6 Emiss\u00e3o de 2\u00aa via de DUAL (CRLV) R$ 99,00 5 Emiss\u00e3o de 2\u00aa via de DUT (CRV) R$ 153,45 21 Extrato de ve\u00edculo R$ 9,90 27 Extrato de ve\u00edculo (por propriet\u00e1rio) R$ 19,80 39 Inclus\u00e3o \/ Baixa de gravame R$ 188,10 15 Licen\u00e7a especial&hellip;<\/p>\n","category_list_v2":"","author_info_v2":{"name":"marcoschaves","url":"https:\/\/portal.pi.gov.br\/detran\/author\/marcoschaves\/"},"comments_num_v2":"0 coment\u00e1rio","_links":{"self":[{"href":"https:\/\/portal.pi.gov.br\/detran\/wp-json\/wp\/v2\/pages\/2670"}],"collection":[{"href":"https:\/\/portal.pi.gov.br\/detran\/wp-json\/wp\/v2\/pages"}],"about":[{"href":"https:\/\/portal.pi.gov.br\/detran\/wp-json\/wp\/v2\/types\/page"}],"author":[{"embeddable":true,"href":"https:\/\/portal.pi.gov.br\/detran\/wp-json\/wp\/v2\/users\/1783"}],"replies":[{"embeddable":true,"href":"https:\/\/portal.pi.gov.br\/detran\/wp-json\/wp\/v2\/comments?post=2670"}],"version-history":[{"count":4,"href":"https:\/\/portal.pi.gov.br\/detran\/wp-json\/wp\/v2\/pages\/2670\/revisions"}],"predecessor-version":[{"id":2676,"href":"https:\/\/portal.pi.gov.br\/detran\/wp-json\/wp\/v2\/pages\/2670\/revisions\/2676"}],"wp:attachment":[{"href":"https:\/\/portal.pi.gov.br\/detran\/wp-json\/wp\/v2\/media?parent=2670"}],"curies":[{"name":"wp","href":"https:\/\/api.w.org\/{rel}","templated":true}]}}