{"id":3188,"date":"2025-04-24T12:10:42","date_gmt":"2025-04-24T15:10:42","guid":{"rendered":"https:\/\/portal.pi.gov.br\/detran\/?page_id=3188"},"modified":"2025-04-25T02:01:19","modified_gmt":"2025-04-25T05:01:19","slug":"2024-acoes-educativas-cursos-e-eventos-marcam-avancos-do-detran-pi","status":"publish","type":"page","link":"https:\/\/portal.pi.gov.br\/detran\/2024-acoes-educativas-cursos-e-eventos-marcam-avancos-do-detran-pi\/","title":{"rendered":"2024: A\u00e7\u00f5es educativas, cursos e eventos marcam avan\u00e7os do Detran-PI"},"content":{"rendered":"\n<div class=\"detran-container\">\n  <article class=\"detran-article\">\n    \n    <!-- Cabe\u00e7alho com imagem \u00e0 esquerda -->\n    <div class=\"header-com-imagem\">\n      <div class=\"imagem-esquerda\">\n        <img decoding=\"async\" src=\"https:\/\/portal.pi.gov.br\/detran\/wp-content\/uploads\/sites\/62\/2025\/04\/IMG_8658-300x200-1.jpg\" alt=\"Escola Piauiense de Tr\u00e2nsito\" class=\"imagem-topo\">\n        <p class=\"legenda-imagem\">Atividades educativas do Detran-PI em 2024<\/p>\n      <\/div>\n      <div class=\"texto-direita\">\n        <h1>Escola Piauiense de Tr\u00e2nsito lidera campanhas educativas em 2024<\/h1>\n        <p>Por meio da Escola Piauiense de Tr\u00e2nsito, o Detran liderou campanhas tem\u00e1ticas como Arena Beach no Litoral, Maio Amarelo, &#8220;Detran nas F\u00e9rias&#8221; e Semana Estadual do Tr\u00e2nsito. O \u00d3rg\u00e3o lan\u00e7ou ainda o &#8220;Bloquinho do Detran&#8221; no carnaval, promoveu o 1\u00ba F\u00f3rum Piauiense de Seguran\u00e7a Vi\u00e1ria e Preven\u00e7\u00e3o de Sinistros e investiu na promo\u00e7\u00e3o de cursos e parcerias para forma\u00e7\u00e3o de novos condutores, como incentivo \u00e0 conscientiza\u00e7\u00e3o da popula\u00e7\u00e3o para constru\u00e7\u00e3o da cultura de respeito e responsabilidade coletiva.<\/p>\n      <\/div>\n      \n    <\/div>\n    \n    <section class=\"detran-conteudo\">\n\n      <!-- Arena Beach -->\n      <div class=\"secao-destaque\">\n        <h2>Arena Beach no Litoral<\/h2>\n        <div class=\"conteudo-com-imagem\">\n          <img decoding=\"async\" src=\"CAMINHO_ARENA_BEACH.jpg\" alt=\"Arena Beach do Detran\" class=\"imagem-direita\">\n          <p>Em janeiro, a Arena Beach no litoral, composta por uma quadra de esporte para Beach Soccer, espa\u00e7o para atividades com crian\u00e7as, m\u00fasica ao vivo e aula de zumba, atraiu cerca de 5 mil pessoas. Turistas foram abordados no complexo de atividades na praia da Atalaia, bares e barracas das praias do coqueiro e barra grande, onde receberam materiais informativos e orienta\u00e7\u00f5es de conscientiza\u00e7\u00e3o sobre as normas e leis de tr\u00e2nsito.<\/p>\n        <\/div>\n      <\/div>\n\n      <!-- Carnaval -->\n      <h2>A\u00e7\u00f5es no Carnaval<\/h2>\n      <p>No carnaval, o Detran promoveu a\u00e7\u00f5es educativas e abordou mais de 52 mil pessoas em cidades do interior e nos blocos tradicionais de Teresina. O trabalho integrado de preven\u00e7\u00e3o e de conscientiza\u00e7\u00e3o da sociedade, realizado pelo \u00f3rg\u00e3o e parceiros, contribuiu para a redu\u00e7\u00e3o de 41,6% no n\u00famero de mortes no tr\u00e2nsito, no decorrer dos dias de folia, segundo dados da Secretaria de Seguran\u00e7a P\u00fablica (SSP), comparados ao ano anterior.<\/p>\n      \n      <p>As atividades l\u00fadicas do Detran percorreram os principais blocos de rua e estruturas festivas nas cidades de Altos, Uni\u00e3o, Lu\u00eds Correia, Parna\u00edba e Teresina, com charangas, elei\u00e7\u00e3o volunt\u00e1ria do motorista da rodada em grupos de amigos (Se beber, n\u00e3o dirija), distribui\u00e7\u00e3o de brindes e material com mensagens e informa\u00e7\u00f5es cruciais para o cidad\u00e3o.<\/p>\n\n      <!-- Galeria de 3 imagens -->\n      <div class=\"galeria-carnaval\">\n        <div class=\"galeria-item\">\n          <img decoding=\"async\" src=\"CAMINHO_CARNAVAL1.jpg\" alt=\"A\u00e7\u00e3o educativa no Carnaval\">\n        <\/div>\n        <div class=\"galeria-item\">\n          <img decoding=\"async\" src=\"CAMINHO_CARNAVAL2.jpg\" alt=\"Distribui\u00e7\u00e3o de materiais\">\n        <\/div>\n        <div class=\"galeria-item\">\n          <img decoding=\"async\" src=\"CAMINHO_CARNAVAL3.jpg\" alt=\"Bloquinho do Detran\">\n        <\/div>\n      <\/div>\n\n      <!-- Maio Amarelo -->\n      <h2>Maio Amarelo<\/h2>\n      <p>O Maio Amarelo tamb\u00e9m concentrou a\u00e7\u00f5es em diversas cidades do interior, com a amplia\u00e7\u00e3o de palestras educativas em escolas e a\u00e7\u00f5es em ruas e avenidas. O objetivo do programa foi aplicar pol\u00edticas p\u00fablicas para reduzir em at\u00e9 50% o n\u00famero de mortes no tr\u00e2nsito at\u00e9 2030.<\/p>\n\n      <!-- Cita\u00e7\u00e3o da Diretora -->\n      <blockquote class=\"citacao-diretora\">\n        <p>&#8220;O Detran est\u00e1 atuando no que chamamos de raiz do problema: investindo na educa\u00e7\u00e3o para um tr\u00e2nsito mais seguro. Isso inclui a\u00e7\u00f5es e palestras educativas nos principais eventos e rodovias do Estado, cursos sobre pilotagem, regras de tr\u00e2nsito e uso devido de equipamentos de seguran\u00e7a&#8221;<\/p>\n        <footer>&#8211; Luana Barradas, Diretora-geral do Detran-PI<\/footer>\n      <\/blockquote>\n\n      <!-- Detran nas F\u00e9rias -->\n      <div class=\"secao-destaque\">\n        <h2>Detran nas F\u00e9rias<\/h2>\n        <div class=\"conteudo-com-imagem\">\n          <img decoding=\"async\" src=\"CAMINHO_DETRAN_FERIAS.jpg\" alt=\"Detran nas F\u00e9rias\" class=\"imagem-esquerda\">\n          <p>Em julho, foi estabelecida a campanha &#8220;Detran nas F\u00e9rias&#8221;, entre 21 e 28 de julho, com abordagens l\u00fadicas a cerca de 1200 turistas no litoral, como foco principal nos perigos do consumo de \u00e1lcool e responsabilidade ao dirigir. A iniciativa integrou a campanha do Governo do Estado: &#8220;Piau\u00ed, seu destino de Ver\u00e3o&#8221;, ressaltando a import\u00e2ncia de um tr\u00e2nsito seguro, especialmente para os turistas e pessoas que atuam na regi\u00e3o.<\/p>\n        <\/div>\n      <\/div>\n\n      <!-- Educa\u00e7\u00e3o nas Escolas -->\n      <h2>Educa\u00e7\u00e3o no Tr\u00e2nsito nas Escolas<\/h2>\n      <p>Em parceria com a Seduc, o Detran levou no\u00e7\u00f5es de seguran\u00e7a e responsabilidade no tr\u00e2nsito para dentro das salas de aulas, envolvendo crian\u00e7as, jovens e adultos. S\u00f3 neste ano de 2024, mais de 10 mil crian\u00e7as, adolescentes e motociclistas j\u00e1 participaram das palestras educativas do \u00f3rg\u00e3o. Al\u00e9m disso, palestras para empresas, faculdades, feiras e f\u00f3runs foram adicionadas \u00e0s iniciativas em todo o Estado.<\/p>\n\n      <!-- Forma\u00e7\u00e3o de Instrutores -->\n      <h2>Forma\u00e7\u00e3o de Profissionais<\/h2>\n      <p>Neste ano de 2024, a conclus\u00e3o de duas turmas de instrutor de tr\u00e2nsito possibilitou a forma\u00e7\u00e3o e inclus\u00e3o de 177 novos profissionais no mercado de trabalho, por meio do processo de ensino e aprendizagem do Detran. Os novos profissionais, agora certificados, t\u00eam a miss\u00e3o de colaborar para promo\u00e7\u00e3o da mudan\u00e7a de cultura aos futuros motoristas, promovendo valores de seguran\u00e7a, respeito e responsabilidade no tr\u00e2nsito. Cada turma teve dura\u00e7\u00e3o de dois meses, com carga de 180h, com abordagens de temas como legisla\u00e7\u00e3o de tr\u00e2nsito, dire\u00e7\u00e3o defensiva, primeiros socorros, entre outras.<\/p>\n\n      <blockquote class=\"citacao-diretora\">\n        <p>&#8220;O curr\u00edculo foi cuidadosamente elaborado para garantir que os instrutores estejam preparados para enfrentar os desafios da educa\u00e7\u00e3o no tr\u00e2nsito. A qualidade do ensino e a dedica\u00e7\u00e3o dos nossos alunos foram excepcionais&#8221;<\/p>\n        <footer>&#8211; Luana Barradas, Diretora-geral do Detran-PI<\/footer>\n      <\/blockquote>\n\n      <p>Ainda neste sentido, 143 motoristas da Secretaria de Sa\u00fade do Estado e do Detran participaram de curso de atualiza\u00e7\u00e3o para condutores. Esse trabalho est\u00e1 sendo levado aos demais \u00f3rg\u00e3os e deve ser direcionado \u00e0s empresas, visando a qualifica\u00e7\u00e3o desses profissionais para um tr\u00e2nsito mais seguro.<\/p>\n    <\/section>\n  <\/article>\n<\/div>\n\n<style>\n  \/* Estilos Gerais *\/\n  .detran-container {\n    max-width: 1000px;\n    margin: 0 auto;\n    padding: 20px;\n    font-family: 'Segoe UI', Roboto, sans-serif;\n    color: #333;\n    line-height: 1.6;\n  }\n\n  \/* Cabe\u00e7alho com Imagem *\/\n  .header-com-imagem {\n    display: flex;\n    gap: 30px;\n    align-items: flex-start;\n    margin-bottom: 30px;\n  }\n\n  .imagem-esquerda {\n    flex: 0 0 350px;\n  }\n\n  .imagem-topo {\n    width: 100%;\n    height: auto;\n    border-radius: 8px;\n    box-shadow: 0 4px 8px rgba(0,0,0,0.1);\n  }\n\n  .texto-direita {\n    flex: 1;\n    padding-top: 10px;\n  }\n\n  h1 {\n    color: #2c3e50;\n    margin-top: 0;\n    font-size: 1.8em;\n  }\n\n  .legenda-imagem {\n    font-size: 0.9em;\n    color: #666;\n    text-align: center;\n    margin-top: 8px;\n    font-style: italic;\n  }\n\n  \/* Conte\u00fado Principal *\/\n  .detran-conteudo {\n    background: #fff;\n    padding: 25px;\n    border-radius: 8px;\n    box-shadow: 0 2px 5px rgba(0,0,0,0.05);\n  }\n\n  h2 {\n    color: #e74c3c;\n    margin: 30px 0 15px;\n    padding-bottom: 8px;\n    border-bottom: 1px solid #eee;\n  }\n\n  \/* Se\u00e7\u00f5es com Imagens *\/\n  .secao-destaque {\n    margin: 30px 0;\n  }\n\n  .conteudo-com-imagem {\n    display: flex;\n    gap: 20px;\n    align-items: center;\n    margin: 20px 0;\n  }\n\n  .imagem-direita {\n    width: 300px;\n    border-radius: 8px;\n    box-shadow: 0 3px 6px rgba(0,0,0,0.1);\n  }\n\n  \/* Galeria *\/\n  .galeria-carnaval {\n    display: grid;\n    grid-template-columns: repeat(3, 1fr);\n    gap: 20px;\n    margin: 30px 0;\n  }\n\n  .galeria-item img {\n    width: 100%;\n    height: 180px;\n    object-fit: cover;\n    border-radius: 8px;\n  }\n\n  \/* Cita\u00e7\u00f5es *\/\n  .citacao-diretora {\n    background: #e8f4fc;\n    border-left: 4px solid #3498db;\n    padding: 20px;\n    margin: 30px 0;\n    font-style: italic;\n  }\n\n  .citacao-diretora footer {\n    text-align: right;\n    font-weight: bold;\n    margin-top: 15px;\n    color: #2c3e50;\n  }\n\n  \/* Responsividade *\/\n  @media (max-width: 768px) {\n    .header-com-imagem, .conteudo-com-imagem {\n      flex-direction: column;\n    }\n    \n    .imagem-esquerda, .imagem-direita {\n      width: 100%;\n      margin-bottom: 20px;\n    }\n    \n    .galeria-carnaval {\n      grid-template-columns: 1fr;\n    }\n  }\n<\/style>\n","protected":false},"excerpt":{"rendered":"<p>Atividades educativas do Detran-PI em 2024 Escola Piauiense de Tr\u00e2nsito lidera campanhas educativas em 2024 Por meio da Escola Piauiense de Tr\u00e2nsito, o Detran liderou campanhas tem\u00e1ticas como Arena Beach [&hellip;]<\/p>\n","protected":false},"author":1783,"featured_media":0,"parent":0,"menu_order":0,"comment_status":"closed","ping_status":"closed","template":"","meta":[],"featured_image_urls":{"full":"","thumbnail":"","medium":"","medium_large":"","large":"","sgg-420":"","sgg-540":"","sgg-780":"","1536x1536":"","2048x2048":"","homepage-slider":"","homepage-slider-small":"","page-top":"","page-small":"","loop-main":"","thumb-gallery-widget":""},"post_excerpt_stackable":"<p>Atividades educativas do Detran-PI em 2024 Escola Piauiense de Tr\u00e2nsito lidera campanhas educativas em 2024 Por meio da Escola Piauiense de Tr\u00e2nsito, o Detran liderou campanhas tem\u00e1ticas como Arena Beach no Litoral, Maio Amarelo, &#8220;Detran nas F\u00e9rias&#8221; e Semana Estadual do Tr\u00e2nsito. O \u00d3rg\u00e3o lan\u00e7ou ainda o &#8220;Bloquinho do Detran&#8221; no carnaval, promoveu o 1\u00ba F\u00f3rum Piauiense de Seguran\u00e7a Vi\u00e1ria e Preven\u00e7\u00e3o de Sinistros e investiu na promo\u00e7\u00e3o de cursos e parcerias para forma\u00e7\u00e3o de novos condutores, como incentivo \u00e0 conscientiza\u00e7\u00e3o da popula\u00e7\u00e3o para constru\u00e7\u00e3o da cultura de respeito e responsabilidade coletiva. Arena Beach no Litoral Em janeiro, a Arena&hellip;<\/p>\n","category_list":"","author_info":{"name":"marcoschaves","url":"https:\/\/portal.pi.gov.br\/detran\/author\/marcoschaves\/"},"comments_num":"0 coment\u00e1rio","featured_image_urls_v2":{"full":"","thumbnail":"","medium":"","medium_large":"","large":"","sgg-420":"","sgg-540":"","sgg-780":"","1536x1536":"","2048x2048":"","homepage-slider":"","homepage-slider-small":"","page-top":"","page-small":"","loop-main":"","thumb-gallery-widget":""},"post_excerpt_stackable_v2":"<p>Atividades educativas do Detran-PI em 2024 Escola Piauiense de Tr\u00e2nsito lidera campanhas educativas em 2024 Por meio da Escola Piauiense de Tr\u00e2nsito, o Detran liderou campanhas tem\u00e1ticas como Arena Beach no Litoral, Maio Amarelo, &#8220;Detran nas F\u00e9rias&#8221; e Semana Estadual do Tr\u00e2nsito. O \u00d3rg\u00e3o lan\u00e7ou ainda o &#8220;Bloquinho do Detran&#8221; no carnaval, promoveu o 1\u00ba F\u00f3rum Piauiense de Seguran\u00e7a Vi\u00e1ria e Preven\u00e7\u00e3o de Sinistros e investiu na promo\u00e7\u00e3o de cursos e parcerias para forma\u00e7\u00e3o de novos condutores, como incentivo \u00e0 conscientiza\u00e7\u00e3o da popula\u00e7\u00e3o para constru\u00e7\u00e3o da cultura de respeito e responsabilidade coletiva. Arena Beach no Litoral Em janeiro, a Arena&hellip;<\/p>\n","category_list_v2":"","author_info_v2":{"name":"marcoschaves","url":"https:\/\/portal.pi.gov.br\/detran\/author\/marcoschaves\/"},"comments_num_v2":"0 coment\u00e1rio","_links":{"self":[{"href":"https:\/\/portal.pi.gov.br\/detran\/wp-json\/wp\/v2\/pages\/3188"}],"collection":[{"href":"https:\/\/portal.pi.gov.br\/detran\/wp-json\/wp\/v2\/pages"}],"about":[{"href":"https:\/\/portal.pi.gov.br\/detran\/wp-json\/wp\/v2\/types\/page"}],"author":[{"embeddable":true,"href":"https:\/\/portal.pi.gov.br\/detran\/wp-json\/wp\/v2\/users\/1783"}],"replies":[{"embeddable":true,"href":"https:\/\/portal.pi.gov.br\/detran\/wp-json\/wp\/v2\/comments?post=3188"}],"version-history":[{"count":3,"href":"https:\/\/portal.pi.gov.br\/detran\/wp-json\/wp\/v2\/pages\/3188\/revisions"}],"predecessor-version":[{"id":3221,"href":"https:\/\/portal.pi.gov.br\/detran\/wp-json\/wp\/v2\/pages\/3188\/revisions\/3221"}],"wp:attachment":[{"href":"https:\/\/portal.pi.gov.br\/detran\/wp-json\/wp\/v2\/media?parent=3188"}],"curies":[{"name":"wp","href":"https:\/\/api.w.org\/{rel}","templated":true}]}}