{"id":3897,"date":"2025-11-18T09:05:14","date_gmt":"2025-11-18T12:05:14","guid":{"rendered":"https:\/\/portal.pi.gov.br\/detran\/?page_id=3897"},"modified":"2025-11-18T09:45:22","modified_gmt":"2025-11-18T12:45:22","slug":"cetran-pi","status":"publish","type":"page","link":"https:\/\/portal.pi.gov.br\/detran\/cetran-pi\/","title":{"rendered":"CETRAN-PI"},"content":{"rendered":"\n<p><\/p>\n\n\n\n<p><strong>1. O que \u00e9 o CETRAN-PI<\/strong><\/p>\n\n\n\n<p>O Conselho Estadual de Tr\u00e2nsito do Piau\u00ed (CETRAN-PI) \u00e9 o \u00f3rg\u00e3o respons\u00e1vel por normatizar, coordenar e fiscalizar as a\u00e7\u00f5es de tr\u00e2nsito no \u00e2mbito estadual, contribuindo diretamente para a seguran\u00e7a vi\u00e1ria e para a prote\u00e7\u00e3o da sociedade por meio de decis\u00f5es t\u00e9cnicas e jur\u00eddicas que orientam munic\u00edpios e institui\u00e7\u00f5es. Sua atua\u00e7\u00e3o, essencial para a redu\u00e7\u00e3o de sinistros, a organiza\u00e7\u00e3o do tr\u00e1fego e o fortalecimento do Sistema Nacional de Tr\u00e2nsito, tem como base principal o C\u00f3digo de Tr\u00e2nsito Brasileiro (Lei n\u00ba 9.503\/1997) e demais normas complementares que regulamentam a gest\u00e3o e a fiscaliza\u00e7\u00e3o do tr\u00e2nsito no pa\u00eds.<br><br><\/p>\n\n\n\n<p><strong>2. Composi\u00e7\u00e3o (<a rel=\"noreferrer noopener\" href=\"https:\/\/portal.pi.gov.br\/detran\/wp-content\/uploads\/sites\/62\/2025\/11\/DECRETO-No-22.731-DE-02-DE-FEVEREIRO-DE-2024.pdf\" target=\"_blank\">Decreto n\u00ba 22.731, 02\/02\/2024<\/a>)<\/strong><\/p>\n\n\n\n<p><strong>2.2 Presid\u00eancia (<a href=\"https:\/\/portal.pi.gov.br\/detran\/wp-content\/uploads\/sites\/62\/2025\/11\/DECRETO-No-22.731-DE-02-DE-FEVEREIRO-DE-2024.pdf\" data-type=\"URL\" data-id=\"https:\/\/portal.pi.gov.br\/detran\/wp-content\/uploads\/sites\/62\/2025\/11\/DECRETO-No-22.731-DE-02-DE-FEVEREIRO-DE-2024.pdf\" target=\"_blank\" rel=\"noreferrer noopener\">Decreto n\u00ba 22.731, 02\/02\/2024<\/a>)<\/strong><\/p>\n\n\n\n<p>&#8211; Francisco Vagner Ximenes Martins<br><\/p>\n\n\n\n<p><strong>2.3 Vice-presidente<\/strong><\/p>\n\n\n\n<p>&#8211; Leandro de Melo Castelo Branco<br><\/p>\n\n\n\n<p><strong>2.3 Conselheiros (<a href=\"https:\/\/portal.pi.gov.br\/detran\/wp-content\/uploads\/sites\/62\/2025\/11\/DECRETO-No-22.731-DE-02-DE-FEVEREIRO-DE-2024.pdf\" target=\"_blank\" rel=\"noreferrer noopener\">Decreto n\u00ba 22.731, 02\/02\/2024<\/a> e <a href=\"https:\/\/portal.pi.gov.br\/detran\/wp-content\/uploads\/sites\/62\/2025\/11\/DECRETO-No-24.023-DE-19-DE-AGOSTO-DE-2025.pdf\" target=\"_blank\" rel=\"noreferrer noopener\">Decreto n\u00ba 24.023, de 19\/08\/2025<\/a>)<\/strong><\/p>\n\n\n\n<p>&#8211; Victor Nagiphy (DETRAN)<\/p>\n\n\n\n<p>&#8211; Jerry Herber (SETRANS)<\/p>\n\n\n\n<p>&#8211; Leandro de Melo Castelo Branco (PM)<\/p>\n\n\n\n<p>&#8211; Fernando Marques de Freitas Arag\u00e3o (SSP)<\/p>\n\n\n\n<p>&#8211; Mauricio Gomes da Costa (Teresina)<\/p>\n\n\n\n<p>&#8211; Maur\u00edcio Pinheiro Machado Jr (Parna\u00edba)<\/p>\n\n\n\n<p>&#8211; Robinson Siqueira de Neiva Filho (Floriano)<\/p>\n\n\n\n<p>&#8211; Jaime de Moraes Melo Junior (Piripiri)<\/p>\n\n\n\n<p>&#8211; Roberto Klibson Daniel Lopes (Entidades Civis \u2013 SINE\u00d4NIBUS)<\/p>\n\n\n\n<p>&#8211; Edinardo de Sousa Freitas (Entidades Civis \u2013 SINTETRO)<\/p>\n\n\n\n<p>&#8211; Humberto Lopes de Sousa (Entidades Civis \u2013 SINDICAPI)<\/p>\n\n\n\n<p>&#8211; Cristian Bonfim Anchieta Campelo (Entidade n\u00e3o governamental \u2013 FETRANS)<\/p>\n\n\n\n<p>&#8211; Jos\u00e9 Falc\u00e3o Morais Neto (Not\u00f3rio saber na \u00e1rea de tr\u00e2nsito)<\/p>\n\n\n\n<p>&#8211; Eduardo Regis de Alencar Bona Miranda (M\u00e9dico)<\/p>\n\n\n\n<p>&#8211; Aldev\u00e2nia Cardoso Barbosa (Psicologia)<\/p>\n\n\n\n<p>&#8211; Naila Fortes e Silva (Especialista em meio ambiente)<br><\/p>\n\n\n\n<p><strong>2.4 Secretaria (<a href=\"https:\/\/portal.pi.gov.br\/detran\/wp-content\/uploads\/sites\/62\/2025\/11\/DECRETO-No-22.731-DE-02-DE-FEVEREIRO-DE-2024.pdf\" target=\"_blank\" rel=\"noreferrer noopener\">Decreto n\u00ba 22.731, 02\/02\/2024<\/a>)<\/strong><\/p>\n\n\n\n<p>&#8211; Maria do Socorro Amorim Sousa Castelo Branco<\/p>\n\n\n\n<p>&#8211; Francisco Ricardo Madeira de Sousa<br><br><strong>3. Endere\u00e7o e contato telef\u00f4nico<\/strong>\u00a0\u00a0<\/p>\n\n\n\n<p>Avenida Industrial Gil Martins, n\u00ba 2000, Pr\u00e9dio da Escola Piauiense de Tr\u00e2nsito, bairro Reden\u00e7\u00e3o, Teresina &#8211; PI, CEP: 64017-870.<br><br><\/p>\n\n\n\n<p><strong>4. Telefone: (86) 99486-3389<\/strong><\/p>\n","protected":false},"excerpt":{"rendered":"<p>1. O que \u00e9 o CETRAN-PI O Conselho Estadual de Tr\u00e2nsito do Piau\u00ed (CETRAN-PI) \u00e9 o \u00f3rg\u00e3o respons\u00e1vel por normatizar, coordenar e fiscalizar as a\u00e7\u00f5es de tr\u00e2nsito no \u00e2mbito estadual, [&hellip;]<\/p>\n","protected":false},"author":1832,"featured_media":0,"parent":0,"menu_order":0,"comment_status":"closed","ping_status":"closed","template":"template-fullwidth.php","meta":[],"featured_image_urls":{"full":"","thumbnail":"","medium":"","medium_large":"","large":"","sgg-420":"","sgg-540":"","sgg-780":"","1536x1536":"","2048x2048":"","homepage-slider":"","homepage-slider-small":"","page-top":"","page-small":"","loop-main":"","thumb-gallery-widget":""},"post_excerpt_stackable":"<p>1. O que \u00e9 o CETRAN-PI O Conselho Estadual de Tr\u00e2nsito do Piau\u00ed (CETRAN-PI) \u00e9 o \u00f3rg\u00e3o respons\u00e1vel por normatizar, coordenar e fiscalizar as a\u00e7\u00f5es de tr\u00e2nsito no \u00e2mbito estadual, contribuindo diretamente para a seguran\u00e7a vi\u00e1ria e para a prote\u00e7\u00e3o da sociedade por meio de decis\u00f5es t\u00e9cnicas e jur\u00eddicas que orientam munic\u00edpios e institui\u00e7\u00f5es. Sua atua\u00e7\u00e3o, essencial para a redu\u00e7\u00e3o de sinistros, a organiza\u00e7\u00e3o do tr\u00e1fego e o fortalecimento do Sistema Nacional de Tr\u00e2nsito, tem como base principal o C\u00f3digo de Tr\u00e2nsito Brasileiro (Lei n\u00ba 9.503\/1997) e demais normas complementares que regulamentam a gest\u00e3o e a fiscaliza\u00e7\u00e3o do tr\u00e2nsito no&hellip;<\/p>\n","category_list":"","author_info":{"name":"ETIPI","url":"https:\/\/portal.pi.gov.br\/detran\/author\/pallomagualter\/"},"comments_num":"0 coment\u00e1rio","featured_image_urls_v2":{"full":"","thumbnail":"","medium":"","medium_large":"","large":"","sgg-420":"","sgg-540":"","sgg-780":"","1536x1536":"","2048x2048":"","homepage-slider":"","homepage-slider-small":"","page-top":"","page-small":"","loop-main":"","thumb-gallery-widget":""},"post_excerpt_stackable_v2":"<p>1. O que \u00e9 o CETRAN-PI O Conselho Estadual de Tr\u00e2nsito do Piau\u00ed (CETRAN-PI) \u00e9 o \u00f3rg\u00e3o respons\u00e1vel por normatizar, coordenar e fiscalizar as a\u00e7\u00f5es de tr\u00e2nsito no \u00e2mbito estadual, contribuindo diretamente para a seguran\u00e7a vi\u00e1ria e para a prote\u00e7\u00e3o da sociedade por meio de decis\u00f5es t\u00e9cnicas e jur\u00eddicas que orientam munic\u00edpios e institui\u00e7\u00f5es. Sua atua\u00e7\u00e3o, essencial para a redu\u00e7\u00e3o de sinistros, a organiza\u00e7\u00e3o do tr\u00e1fego e o fortalecimento do Sistema Nacional de Tr\u00e2nsito, tem como base principal o C\u00f3digo de Tr\u00e2nsito Brasileiro (Lei n\u00ba 9.503\/1997) e demais normas complementares que regulamentam a gest\u00e3o e a fiscaliza\u00e7\u00e3o do tr\u00e2nsito no&hellip;<\/p>\n","category_list_v2":"","author_info_v2":{"name":"ETIPI","url":"https:\/\/portal.pi.gov.br\/detran\/author\/pallomagualter\/"},"comments_num_v2":"0 coment\u00e1rio","_links":{"self":[{"href":"https:\/\/portal.pi.gov.br\/detran\/wp-json\/wp\/v2\/pages\/3897"}],"collection":[{"href":"https:\/\/portal.pi.gov.br\/detran\/wp-json\/wp\/v2\/pages"}],"about":[{"href":"https:\/\/portal.pi.gov.br\/detran\/wp-json\/wp\/v2\/types\/page"}],"author":[{"embeddable":true,"href":"https:\/\/portal.pi.gov.br\/detran\/wp-json\/wp\/v2\/users\/1832"}],"replies":[{"embeddable":true,"href":"https:\/\/portal.pi.gov.br\/detran\/wp-json\/wp\/v2\/comments?post=3897"}],"version-history":[{"count":11,"href":"https:\/\/portal.pi.gov.br\/detran\/wp-json\/wp\/v2\/pages\/3897\/revisions"}],"predecessor-version":[{"id":3912,"href":"https:\/\/portal.pi.gov.br\/detran\/wp-json\/wp\/v2\/pages\/3897\/revisions\/3912"}],"wp:attachment":[{"href":"https:\/\/portal.pi.gov.br\/detran\/wp-json\/wp\/v2\/media?parent=3897"}],"curies":[{"name":"wp","href":"https:\/\/api.w.org\/{rel}","templated":true}]}}