{"id":982,"date":"2023-02-13T11:33:57","date_gmt":"2023-02-13T14:33:57","guid":{"rendered":"https:\/\/portal.pi.gov.br\/detran\/?page_id=982"},"modified":"2023-02-13T18:29:46","modified_gmt":"2023-02-13T21:29:46","slug":"institucional","status":"publish","type":"page","link":"https:\/\/portal.pi.gov.br\/detran\/institucional\/","title":{"rendered":"Institucional"},"content":{"rendered":"\n<h2 class=\"wp-block-heading\">Hist\u00f3rico do Detran-PI<\/h2>\n\n\n\n<p>O DETRAN-PI (Departamento Estadual de Tr\u00e2nsito do Piau\u00ed) \u00e9 uma autarquia institu\u00edda pela Lei-Delegada n\u00ba 80, de 16.05.1972, vinculado \u00e0 Secretaria de Cidades do Estado. O \u00f3rg\u00e3o possui personalidade jur\u00eddica, autonomia administrativa, operacional e financeira, e tem por finalidade disciplinar e fiscalizar os servi\u00e7os de tr\u00e2nsito e tr\u00e1fego no \u00e2mbito de compet\u00eancia do Estado. Tem sede e foro na cidade de Teresina e jurisdi\u00e7\u00e3o sobre o territ\u00f3rio do estado do Piau\u00ed.<\/p>\n\n\n\n<h2 class=\"wp-block-heading\">Localiza\u00e7\u00e3o<\/h2>\n\n\n\n<p>Nossa sede \u00e9 na Avenida Gil Martins, 2000, bairro Reden\u00e7\u00e3o, ao lado do est\u00e1dio Albert\u00e3o. Um conjunto de pr\u00e9dios modernos, projetados para agilizar as atividades do Detran-PI e fornecer conforto aos usu\u00e1rios que procuram nossos servi\u00e7os. O Detran-PI tamb\u00e9m est\u00e1 presente em outras 36 cidades do interior do estado, em CIRETRANS ou postos de servi\u00e7o, eliminando a necessidade de deslocamento do usu\u00e1rios at\u00e9 a Capital.<\/p>\n","protected":false},"excerpt":{"rendered":"<p>Hist\u00f3rico do Detran-PI O DETRAN-PI (Departamento Estadual de Tr\u00e2nsito do Piau\u00ed) \u00e9 uma autarquia institu\u00edda pela Lei-Delegada n\u00ba 80, de 16.05.1972, vinculado \u00e0 Secretaria de Cidades do Estado. O \u00f3rg\u00e3o [&hellip;]<\/p>\n","protected":false},"author":1713,"featured_media":0,"parent":0,"menu_order":0,"comment_status":"closed","ping_status":"closed","template":"template-fullwidth.php","meta":[],"featured_image_urls":{"full":"","thumbnail":"","medium":"","medium_large":"","large":"","sgg-420":"","sgg-540":"","sgg-780":"","1536x1536":"","2048x2048":"","homepage-slider":"","homepage-slider-small":"","page-top":"","page-small":"","loop-main":"","thumb-gallery-widget":""},"post_excerpt_stackable":"<p>Hist\u00f3rico do Detran-PI O DETRAN-PI (Departamento Estadual de Tr\u00e2nsito do Piau\u00ed) \u00e9 uma autarquia institu\u00edda pela Lei-Delegada n\u00ba 80, de 16.05.1972, vinculado \u00e0 Secretaria de Cidades do Estado. O \u00f3rg\u00e3o possui personalidade jur\u00eddica, autonomia administrativa, operacional e financeira, e tem por finalidade disciplinar e fiscalizar os servi\u00e7os de tr\u00e2nsito e tr\u00e1fego no \u00e2mbito de compet\u00eancia do Estado. Tem sede e foro na cidade de Teresina e jurisdi\u00e7\u00e3o sobre o territ\u00f3rio do estado do Piau\u00ed. Localiza\u00e7\u00e3o Nossa sede \u00e9 na Avenida Gil Martins, 2000, bairro Reden\u00e7\u00e3o, ao lado do est\u00e1dio Albert\u00e3o. Um conjunto de pr\u00e9dios modernos, projetados para agilizar as atividades&hellip;<\/p>\n","category_list":"","author_info":{"name":"pedroneto","url":"https:\/\/portal.pi.gov.br\/detran\/author\/pedroneto\/"},"comments_num":"0 coment\u00e1rio","featured_image_urls_v2":{"full":"","thumbnail":"","medium":"","medium_large":"","large":"","sgg-420":"","sgg-540":"","sgg-780":"","1536x1536":"","2048x2048":"","homepage-slider":"","homepage-slider-small":"","page-top":"","page-small":"","loop-main":"","thumb-gallery-widget":""},"post_excerpt_stackable_v2":"<p>Hist\u00f3rico do Detran-PI O DETRAN-PI (Departamento Estadual de Tr\u00e2nsito do Piau\u00ed) \u00e9 uma autarquia institu\u00edda pela Lei-Delegada n\u00ba 80, de 16.05.1972, vinculado \u00e0 Secretaria de Cidades do Estado. O \u00f3rg\u00e3o possui personalidade jur\u00eddica, autonomia administrativa, operacional e financeira, e tem por finalidade disciplinar e fiscalizar os servi\u00e7os de tr\u00e2nsito e tr\u00e1fego no \u00e2mbito de compet\u00eancia do Estado. Tem sede e foro na cidade de Teresina e jurisdi\u00e7\u00e3o sobre o territ\u00f3rio do estado do Piau\u00ed. Localiza\u00e7\u00e3o Nossa sede \u00e9 na Avenida Gil Martins, 2000, bairro Reden\u00e7\u00e3o, ao lado do est\u00e1dio Albert\u00e3o. Um conjunto de pr\u00e9dios modernos, projetados para agilizar as atividades&hellip;<\/p>\n","category_list_v2":"","author_info_v2":{"name":"pedroneto","url":"https:\/\/portal.pi.gov.br\/detran\/author\/pedroneto\/"},"comments_num_v2":"0 coment\u00e1rio","_links":{"self":[{"href":"https:\/\/portal.pi.gov.br\/detran\/wp-json\/wp\/v2\/pages\/982"}],"collection":[{"href":"https:\/\/portal.pi.gov.br\/detran\/wp-json\/wp\/v2\/pages"}],"about":[{"href":"https:\/\/portal.pi.gov.br\/detran\/wp-json\/wp\/v2\/types\/page"}],"author":[{"embeddable":true,"href":"https:\/\/portal.pi.gov.br\/detran\/wp-json\/wp\/v2\/users\/1713"}],"replies":[{"embeddable":true,"href":"https:\/\/portal.pi.gov.br\/detran\/wp-json\/wp\/v2\/comments?post=982"}],"version-history":[{"count":2,"href":"https:\/\/portal.pi.gov.br\/detran\/wp-json\/wp\/v2\/pages\/982\/revisions"}],"predecessor-version":[{"id":1004,"href":"https:\/\/portal.pi.gov.br\/detran\/wp-json\/wp\/v2\/pages\/982\/revisions\/1004"}],"wp:attachment":[{"href":"https:\/\/portal.pi.gov.br\/detran\/wp-json\/wp\/v2\/media?parent=982"}],"curies":[{"name":"wp","href":"https:\/\/api.w.org\/{rel}","templated":true}]}}