{"id":1154,"date":"2024-01-11T11:04:59","date_gmt":"2024-01-11T14:04:59","guid":{"rendered":"https:\/\/portal.pi.gov.br\/emgerpi\/?page_id=1154"},"modified":"2024-02-02T08:53:49","modified_gmt":"2024-02-02T11:53:49","slug":"avisos-de-dispensa","status":"publish","type":"page","link":"https:\/\/portal.pi.gov.br\/emgerpi\/avisos-de-dispensa\/","title":{"rendered":"Dispensa"},"content":{"rendered":"<script type=\"text\/x-handlebars-template\"        id=\"wpfd-template-table-categories-43\">    <div class=\"wpfd-categories\">{{#if category}}{{#with category}}{{#if parent}}<a class=\"catlink backcategory\" href=\"#\" data-idcat=\"{{parent}}\">                        <i class=\"zmdi zmdi-chevron-left\"><\/i><span>Voltar<\/span><\/a>{{\/if}}{{\/with}}{{\/if}}<\/div><\/script><script type=\"text\/x-handlebars-template\" id=\"wpfd-template-table-43\">    {{#if files}}    {{#each files}}    <tr class=\"file\" data-id=\"{{ID}}\" data-catid=\"{{catid}}\">    <td class=\"file_title\"><a class=\"wpfd_downloadlink\" href=\"{{linkdownload}}\" title=\"{{post_title}}\"><span class=\"extcol\">{{#if file_custom_icon}}<span class=\"icon-custom\"><img src=\"{{file_custom_icon}}\"><\/span>{{else}}<span class=\"ext ext-{{ext}}\"><\/span>{{\/if}}<\/span>{{{crop_title}}}<\/a><\/td><td class=\"file_size\">{{bytesToSize size}}<\/td><td class=\"file_created\">{{created}}<\/td>                    <td class=\"col-download\">                <a class=\"downloadlink wpfd_downloadlink\"  href=\"{{linkdownload}}\" style=\"background-color:#033b85;color:#ffffff;\">Baixar<i class=\"zmdi zmdi-cloud-download wpfd-download\"><\/i><\/a>{{#if openpdflink}}<a class=\"openlink wpfdlightbox wpfd_previewlink\" href=\"{{openpdflink}}\" target=\"\">Visualizar                            <i class=\"zmdi zmdi-filter-center-focus wpfd-preview\"><\/i>                        <\/a>{{else}}{{#if viewerlink}}<a                            href=\"{{viewerlink}}\"                            class=\"openlink wpfdlightbox wpfd_previewlink\"                            target=\"\"                            data-id=\"{{ID}}\"                            data-catid=\"{{catid}}\"                            data-file-type=\"{{ext}}\">Visualizar<i class=\"zmdi zmdi-filter-center-focus wpfd-preview\"><\/i>                        <\/a>{{\/if}}{{\/if}}            <\/td>            <\/tr>    {{\/each}}    {{\/if}}<\/script><div class=\"wpfd-content wpfd-content-table wpfd-content-multi colstyle\" data-category=\"43\"><input type=\"hidden\" id=\"current_category_43\" value=\"43\" \/>                    <input type=\"hidden\" id=\"current_category_slug_43\" value=\"dispensa\" \/>                    <input type=\"hidden\" id=\"current_ordering_43\" value=\"created_time\" \/>                    <input type=\"hidden\" id=\"current_ordering_direction_43\" value=\"desc\" \/><div class=\"wpfd-container\">        <div class=\"wpfd-open-tree\"><\/div>    <div class=\"wpfd-container-table \">        <div class=\"wpfd-categories\"><\/div>        <table class=\"wpfd-table wpfd-table-bordered wpfd-table-striped mediaTable\">            <thead>            <tr>                <th class=\"essential persist file_title\">T\u00edtulo<\/th><th class=\"optional file_size\">Tamanho<\/th><th class=\"optional file_created\">Data de Publica\u00e7\u00e3o<\/th><th class=\"essential file_download\">Baixar<\/th>            <\/tr>            <\/thead>            <tbody>                            <tr class=\"file\" data-id=\"3761\"                    data-catid=\"43\">                    <td class=\"file_title\"><a class=\"wpfd_downloadlink\" href=\"https:\/\/portal.pi.gov.br\/emgerpi\/download\/43\/dispensa\/3761\/termo-de-ratificacao-e-homologacao-da-dispensa-no-002-2026.pdf\" title=\"Termo de Ratifica\u00e7\u00e3o e Homologa\u00e7\u00e3o da Dispensa n\u00ba 002\/2026\"><span class=\"extcol\">                                <span class=\"ext ext-pdf\"><\/span>                                Termo de Ratifica\u00e7\u00e3o e Homologa\u00e7\u00e3o da Dispensa n\u00ba 002\/2026                            <\/span><\/a><\/td><td class=\"file_size\">6.40 MB<\/td><td class=\"file_created\">31-03-2026<\/td>                                            <td class=\"col-download\">                            <a class=\"downloadlink wpfd_downloadlink\"  href=\"https:\/\/portal.pi.gov.br\/emgerpi\/download\/43\/dispensa\/3761\/termo-de-ratificacao-e-homologacao-da-dispensa-no-002-2026.pdf\" style=\"background-color:#033b85;color:#ffffff;\">Baixar<i class=\"zmdi zmdi-cloud-download wpfd-download\"><\/i><\/a><a                            href=\"https:\/\/docs.google.com\/viewer?url=https%3A%2F%2Fportal.pi.gov.br%2Femgerpi%2Fwp-admin%2Fadmin-ajax.php%3Fjuwpfisadmin%3Dfalse%26action%3Dwpfd%26task%3Dfile.download%26wpfd_category_id%3D43%26wpfd_file_id%3D3761%26token%3D%26preview%3D1&#038;embedded=true\"                            class=\"openlink wpfdlightbox wpfd_previewlink\"                            target=\"\"                            data-id=\"3761\"                            data-catid=\"43\"                            data-file-type=\"pdf\">Visualizar<i class=\"zmdi zmdi-filter-center-focus wpfd-preview\"><\/i>                        <\/a>                        <\/td>                                    <\/tr>                            <tr class=\"file\" data-id=\"3047\"                    data-catid=\"43\">                    <td class=\"file_title\"><a class=\"wpfd_downloadlink\" href=\"https:\/\/portal.pi.gov.br\/emgerpi\/download\/43\/dispensa\/3047\/termo-de-ratificacao-e-homologacao-da-dispensa-no-001-2025.pdf\" title=\"Termo de Ratifica\u00e7\u00e3o e Homologa\u00e7\u00e3o da Dispensa n\u00ba 001\/2025\"><span class=\"extcol\">                                <span class=\"ext ext-pdf\"><\/span>                                Termo de Ratifica\u00e7\u00e3o e Homologa\u00e7\u00e3o da Dispensa n\u00ba 001\/2025                            <\/span><\/a><\/td><td class=\"file_size\">1.67 MB<\/td><td class=\"file_created\">22-05-2025<\/td>                                            <td class=\"col-download\">                            <a class=\"downloadlink wpfd_downloadlink\"  href=\"https:\/\/portal.pi.gov.br\/emgerpi\/download\/43\/dispensa\/3047\/termo-de-ratificacao-e-homologacao-da-dispensa-no-001-2025.pdf\" style=\"background-color:#033b85;color:#ffffff;\">Baixar<i class=\"zmdi zmdi-cloud-download wpfd-download\"><\/i><\/a><a                            href=\"https:\/\/docs.google.com\/viewer?url=https%3A%2F%2Fportal.pi.gov.br%2Femgerpi%2Fwp-admin%2Fadmin-ajax.php%3Fjuwpfisadmin%3Dfalse%26action%3Dwpfd%26task%3Dfile.download%26wpfd_category_id%3D43%26wpfd_file_id%3D3047%26token%3D%26preview%3D1&#038;embedded=true\"                            class=\"openlink wpfdlightbox wpfd_previewlink\"                            target=\"\"                            data-id=\"3047\"                            data-catid=\"43\"                            data-file-type=\"pdf\">Visualizar<i class=\"zmdi zmdi-filter-center-focus wpfd-preview\"><\/i>                        <\/a>                        <\/td>                                    <\/tr>                            <tr class=\"file\" data-id=\"3760\"                    data-catid=\"43\">                    <td class=\"file_title\"><a class=\"wpfd_downloadlink\" href=\"https:\/\/portal.pi.gov.br\/emgerpi\/download\/43\/dispensa\/3760\/termo-de-ratificacao-e-homologacao-da-dispensa-03-2024.pdf\" title=\"Termo de Ratifica\u00e7\u00e3o e Homologa\u00e7\u00e3o da Dispensa 03\/2024\"><span class=\"extcol\">                                <span class=\"ext ext-pdf\"><\/span>                                Termo de Ratifica\u00e7\u00e3o e Homologa\u00e7\u00e3o da Dispensa 03\/2024                            <\/span><\/a><\/td><td class=\"file_size\">1.31 MB<\/td><td class=\"file_created\">11-12-2024<\/td>                                            <td class=\"col-download\">                            <a class=\"downloadlink wpfd_downloadlink\"  href=\"https:\/\/portal.pi.gov.br\/emgerpi\/download\/43\/dispensa\/3760\/termo-de-ratificacao-e-homologacao-da-dispensa-03-2024.pdf\" style=\"background-color:#033b85;color:#ffffff;\">Baixar<i class=\"zmdi zmdi-cloud-download wpfd-download\"><\/i><\/a><a                            href=\"https:\/\/docs.google.com\/viewer?url=https%3A%2F%2Fportal.pi.gov.br%2Femgerpi%2Fwp-admin%2Fadmin-ajax.php%3Fjuwpfisadmin%3Dfalse%26action%3Dwpfd%26task%3Dfile.download%26wpfd_category_id%3D43%26wpfd_file_id%3D3760%26token%3D%26preview%3D1&#038;embedded=true\"                            class=\"openlink wpfdlightbox wpfd_previewlink\"                            target=\"\"                            data-id=\"3760\"                            data-catid=\"43\"                            data-file-type=\"pdf\">Visualizar<i class=\"zmdi zmdi-filter-center-focus wpfd-preview\"><\/i>                        <\/a>                        <\/td>                                    <\/tr>                            <tr class=\"file\" data-id=\"2446\"                    data-catid=\"43\">                    <td class=\"file_title\"><a class=\"wpfd_downloadlink\" href=\"https:\/\/portal.pi.gov.br\/emgerpi\/download\/43\/dispensa\/2446\/termo-de-ratificacao-e-homologacao-da-dispensa-no-002-2024.pdf\" title=\"Termo de Ratifica\u00e7\u00e3o e Homologa\u00e7\u00e3o da Dispensa n\u00ba 002\/2024\"><span class=\"extcol\">                                <span class=\"ext ext-pdf\"><\/span>                                Termo de Ratifica\u00e7\u00e3o e Homologa\u00e7\u00e3o da Dispensa n\u00ba 002\/2024                            <\/span><\/a><\/td><td class=\"file_size\">1.46 MB<\/td><td class=\"file_created\">04-09-2024<\/td>                                            <td class=\"col-download\">                            <a class=\"downloadlink wpfd_downloadlink\"  href=\"https:\/\/portal.pi.gov.br\/emgerpi\/download\/43\/dispensa\/2446\/termo-de-ratificacao-e-homologacao-da-dispensa-no-002-2024.pdf\" style=\"background-color:#033b85;color:#ffffff;\">Baixar<i class=\"zmdi zmdi-cloud-download wpfd-download\"><\/i><\/a><a                            href=\"https:\/\/docs.google.com\/viewer?url=https%3A%2F%2Fportal.pi.gov.br%2Femgerpi%2Fwp-admin%2Fadmin-ajax.php%3Fjuwpfisadmin%3Dfalse%26action%3Dwpfd%26task%3Dfile.download%26wpfd_category_id%3D43%26wpfd_file_id%3D2446%26token%3D%26preview%3D1&#038;embedded=true\"                            class=\"openlink wpfdlightbox wpfd_previewlink\"                            target=\"\"                            data-id=\"2446\"                            data-catid=\"43\"                            data-file-type=\"pdf\">Visualizar<i class=\"zmdi zmdi-filter-center-focus wpfd-preview\"><\/i>                        <\/a>                        <\/td>                                    <\/tr>                            <tr class=\"file\" data-id=\"1964\"                    data-catid=\"43\">                    <td class=\"file_title\"><a class=\"wpfd_downloadlink\" href=\"https:\/\/portal.pi.gov.br\/emgerpi\/download\/43\/dispensa\/1964\/termo-de-ratificacao-e-homologacao-da-dispensa-no-001-2024.pdf\" title=\"Termo de Ratifica\u00e7\u00e3o e Homologa\u00e7\u00e3o da dispensa n\u00ba 001\/2024\"><span class=\"extcol\">                                <span class=\"ext ext-pdf\"><\/span>                                Termo de Ratifica\u00e7\u00e3o e Homologa\u00e7\u00e3o da dispensa n\u00ba 001\/2024                            <\/span><\/a><\/td><td class=\"file_size\">6.00 MB<\/td><td class=\"file_created\">09-04-2024<\/td>                                            <td class=\"col-download\">                            <a class=\"downloadlink wpfd_downloadlink\"  href=\"https:\/\/portal.pi.gov.br\/emgerpi\/download\/43\/dispensa\/1964\/termo-de-ratificacao-e-homologacao-da-dispensa-no-001-2024.pdf\" style=\"background-color:#033b85;color:#ffffff;\">Baixar<i class=\"zmdi zmdi-cloud-download wpfd-download\"><\/i><\/a><a                            href=\"https:\/\/docs.google.com\/viewer?url=https%3A%2F%2Fportal.pi.gov.br%2Femgerpi%2Fwp-admin%2Fadmin-ajax.php%3Fjuwpfisadmin%3Dfalse%26action%3Dwpfd%26task%3Dfile.download%26wpfd_category_id%3D43%26wpfd_file_id%3D1964%26token%3D%26preview%3D1&#038;embedded=true\"                            class=\"openlink wpfdlightbox wpfd_previewlink\"                            target=\"\"                            data-id=\"1964\"                            data-catid=\"43\"                            data-file-type=\"pdf\">Visualizar<i class=\"zmdi zmdi-filter-center-focus wpfd-preview\"><\/i>                        <\/a>                        <\/td>                                    <\/tr>                            <tr class=\"file\" data-id=\"1700\"                    data-catid=\"43\">                    <td class=\"file_title\"><a class=\"wpfd_downloadlink\" href=\"https:\/\/portal.pi.gov.br\/emgerpi\/download\/43\/dispensa\/1700\/termo-de-ratificacao-e-homologacao-da-dispensa-no-003-2023.pdf\" title=\"TERMO DE RATIFICA\u00c7\u00c3O E HOMOLOGA\u00c7\u00c3O DA DISPENSA N\u00ba 003\/2023\"><span class=\"extcol\">                                <span class=\"ext ext-pdf\"><\/span>                                TERMO DE RATIFICA\u00c7\u00c3O E HOMOLOGA\u00c7\u00c3O DA DISPENSA N\u00ba 003\/2023                            <\/span><\/a><\/td><td class=\"file_size\">867.71 KB<\/td><td class=\"file_created\">05-01-2024<\/td>                                            <td class=\"col-download\">                            <a class=\"downloadlink wpfd_downloadlink\"  href=\"https:\/\/portal.pi.gov.br\/emgerpi\/download\/43\/dispensa\/1700\/termo-de-ratificacao-e-homologacao-da-dispensa-no-003-2023.pdf\" style=\"background-color:#033b85;color:#ffffff;\">Baixar<i class=\"zmdi zmdi-cloud-download wpfd-download\"><\/i><\/a><a                            href=\"https:\/\/docs.google.com\/viewer?url=https%3A%2F%2Fportal.pi.gov.br%2Femgerpi%2Fwp-admin%2Fadmin-ajax.php%3Fjuwpfisadmin%3Dfalse%26action%3Dwpfd%26task%3Dfile.download%26wpfd_category_id%3D43%26wpfd_file_id%3D1700%26token%3D%26preview%3D1&#038;embedded=true\"                            class=\"openlink wpfdlightbox wpfd_previewlink\"                            target=\"\"                            data-id=\"1700\"                            data-catid=\"43\"                            data-file-type=\"pdf\">Visualizar<i class=\"zmdi zmdi-filter-center-focus wpfd-preview\"><\/i>                        <\/a>                        <\/td>                                    <\/tr>                            <tr class=\"file\" data-id=\"1697\"                    data-catid=\"43\">                    <td class=\"file_title\"><a class=\"wpfd_downloadlink\" href=\"https:\/\/portal.pi.gov.br\/emgerpi\/download\/43\/dispensa\/1697\/termo-de-ratificacao-e-homologacao-da-dispensa-no-002-2023.pdf\" title=\"Termo de Ratifica\u00e7\u00e3o e Homologa\u00e7\u00e3o da Dispensa n\u00ba 002\/2023\"><span class=\"extcol\">                                <span class=\"ext ext-pdf\"><\/span>                                Termo de Ratifica\u00e7\u00e3o e Homologa\u00e7\u00e3o da Dispensa n\u00ba 002\/2023                            <\/span><\/a><\/td><td class=\"file_size\">1.19 MB<\/td><td class=\"file_created\">28-11-2023<\/td>                                            <td class=\"col-download\">                            <a class=\"downloadlink wpfd_downloadlink\"  href=\"https:\/\/portal.pi.gov.br\/emgerpi\/download\/43\/dispensa\/1697\/termo-de-ratificacao-e-homologacao-da-dispensa-no-002-2023.pdf\" style=\"background-color:#033b85;color:#ffffff;\">Baixar<i class=\"zmdi zmdi-cloud-download wpfd-download\"><\/i><\/a><a                            href=\"https:\/\/docs.google.com\/viewer?url=https%3A%2F%2Fportal.pi.gov.br%2Femgerpi%2Fwp-admin%2Fadmin-ajax.php%3Fjuwpfisadmin%3Dfalse%26action%3Dwpfd%26task%3Dfile.download%26wpfd_category_id%3D43%26wpfd_file_id%3D1697%26token%3D%26preview%3D1&#038;embedded=true\"                            class=\"openlink wpfdlightbox wpfd_previewlink\"                            target=\"\"                            data-id=\"1697\"                            data-catid=\"43\"                            data-file-type=\"pdf\">Visualizar<i class=\"zmdi zmdi-filter-center-focus wpfd-preview\"><\/i>                        <\/a>                        <\/td>                                    <\/tr>                            <tr class=\"file\" data-id=\"1695\"                    data-catid=\"43\">                    <td class=\"file_title\"><a class=\"wpfd_downloadlink\" href=\"https:\/\/portal.pi.gov.br\/emgerpi\/download\/43\/dispensa\/1695\/termo-de-ratificacao-e-homologacao-da-dispensa-no-01-2023.pdf\" title=\"Termo de Ratifica\u00e7\u00e3o e Homologa\u00e7\u00e3o da Dispensa n\u00ba 01\/2023\"><span class=\"extcol\">                                <span class=\"ext ext-pdf\"><\/span>                                Termo de Ratifica\u00e7\u00e3o e Homologa\u00e7\u00e3o da Dispensa n\u00ba 01\/2023                            <\/span><\/a><\/td><td class=\"file_size\">39.75 KB<\/td><td class=\"file_created\">21-08-2023<\/td>                                            <td class=\"col-download\">                            <a class=\"downloadlink wpfd_downloadlink\"  href=\"https:\/\/portal.pi.gov.br\/emgerpi\/download\/43\/dispensa\/1695\/termo-de-ratificacao-e-homologacao-da-dispensa-no-01-2023.pdf\" style=\"background-color:#033b85;color:#ffffff;\">Baixar<i class=\"zmdi zmdi-cloud-download wpfd-download\"><\/i><\/a><a                            href=\"https:\/\/docs.google.com\/viewer?url=https%3A%2F%2Fportal.pi.gov.br%2Femgerpi%2Fwp-admin%2Fadmin-ajax.php%3Fjuwpfisadmin%3Dfalse%26action%3Dwpfd%26task%3Dfile.download%26wpfd_category_id%3D43%26wpfd_file_id%3D1695%26token%3D%26preview%3D1&#038;embedded=true\"                            class=\"openlink wpfdlightbox wpfd_previewlink\"                            target=\"\"                            data-id=\"1695\"                            data-catid=\"43\"                            data-file-type=\"pdf\">Visualizar<i class=\"zmdi zmdi-filter-center-focus wpfd-preview\"><\/i>                        <\/a>                        <\/td>                                    <\/tr>                            <tr class=\"file\" data-id=\"1118\"                    data-catid=\"43\">                    <td class=\"file_title\"><a class=\"wpfd_downloadlink\" href=\"https:\/\/portal.pi.gov.br\/emgerpi\/download\/43\/dispensa\/1118\/termo-de-ratificacao-e-homologacao-dispensa-001-2022.pdf\" title=\"TERMO DE RATIFICA\u00c7\u00c3O E HOMOLOGA\u00c7\u00c3O DISPENSA 001\/2022\"><span class=\"extcol\">                                <span class=\"ext ext-pdf\"><\/span>                                TERMO DE RATIFICA\u00c7\u00c3O E HOMOLOGA\u00c7\u00c3O DISPENSA 001\/2022                            <\/span><\/a><\/td><td class=\"file_size\">85.33 KB<\/td><td class=\"file_created\">05-04-2022<\/td>                                            <td class=\"col-download\">                            <a class=\"downloadlink wpfd_downloadlink\"  href=\"https:\/\/portal.pi.gov.br\/emgerpi\/download\/43\/dispensa\/1118\/termo-de-ratificacao-e-homologacao-dispensa-001-2022.pdf\" style=\"background-color:#033b85;color:#ffffff;\">Baixar<i class=\"zmdi zmdi-cloud-download wpfd-download\"><\/i><\/a><a                            href=\"https:\/\/docs.google.com\/viewer?url=https%3A%2F%2Fportal.pi.gov.br%2Femgerpi%2Fwp-admin%2Fadmin-ajax.php%3Fjuwpfisadmin%3Dfalse%26action%3Dwpfd%26task%3Dfile.download%26wpfd_category_id%3D43%26wpfd_file_id%3D1118%26token%3D%26preview%3D1&#038;embedded=true\"                            class=\"openlink wpfdlightbox wpfd_previewlink\"                            target=\"\"                            data-id=\"1118\"                            data-catid=\"43\"                            data-file-type=\"pdf\">Visualizar<i class=\"zmdi zmdi-filter-center-focus wpfd-preview\"><\/i>                        <\/a>                        <\/td>                                    <\/tr>                            <tr class=\"file\" data-id=\"1115\"                    data-catid=\"43\">                    <td class=\"file_title\"><a class=\"wpfd_downloadlink\" href=\"https:\/\/portal.pi.gov.br\/emgerpi\/download\/43\/dispensa\/1115\/termo-de-ratificacao-e-homologacao-da-dispensa-no-02-2022.pdf\" title=\"Termo de Ratifica\u00e7\u00e3o e Homologa\u00e7\u00e3o da Dispensa n\u00ba 02\/2022\"><span class=\"extcol\">                                <span class=\"ext ext-pdf\"><\/span>                                Termo de Ratifica\u00e7\u00e3o e Homologa\u00e7\u00e3o da Dispensa n\u00ba 02\/2022                            <\/span><\/a><\/td><td class=\"file_size\">84.49 KB<\/td><td class=\"file_created\">30-03-2022<\/td>                                            <td class=\"col-download\">                            <a class=\"downloadlink wpfd_downloadlink\"  href=\"https:\/\/portal.pi.gov.br\/emgerpi\/download\/43\/dispensa\/1115\/termo-de-ratificacao-e-homologacao-da-dispensa-no-02-2022.pdf\" style=\"background-color:#033b85;color:#ffffff;\">Baixar<i class=\"zmdi zmdi-cloud-download wpfd-download\"><\/i><\/a><a                            href=\"https:\/\/docs.google.com\/viewer?url=https%3A%2F%2Fportal.pi.gov.br%2Femgerpi%2Fwp-admin%2Fadmin-ajax.php%3Fjuwpfisadmin%3Dfalse%26action%3Dwpfd%26task%3Dfile.download%26wpfd_category_id%3D43%26wpfd_file_id%3D1115%26token%3D%26preview%3D1&#038;embedded=true\"                            class=\"openlink wpfdlightbox wpfd_previewlink\"                            target=\"\"                            data-id=\"1115\"                            data-catid=\"43\"                            data-file-type=\"pdf\">Visualizar<i class=\"zmdi zmdi-filter-center-focus wpfd-preview\"><\/i>                        <\/a>                        <\/td>                                    <\/tr>                        <\/tbody>        <\/table>            <\/div><\/div><\/div>\n","protected":false},"excerpt":{"rendered":"","protected":false},"author":1,"featured_media":0,"parent":0,"menu_order":0,"comment_status":"closed","ping_status":"closed","template":"template-fullwidth.php","meta":[],"featured_image_urls":{"full":"","thumbnail":"","medium":"","medium_large":"","large":"","sgg-420":"","sgg-540":"","sgg-780":"","1536x1536":"","2048x2048":"","homepage-slider":"","homepage-slider-small":"","page-top":"","page-small":"","loop-main":"","thumb-gallery-widget":""},"post_excerpt_stackable":"<p>T\u00edtuloTamanhoData de Publica\u00e7\u00e3oBaixar Termo de Ratifica\u00e7\u00e3o e Homologa\u00e7\u00e3o da Dispensa n\u00ba 002\/2026 6.40 MB31-03-2026 BaixarVisualizar Termo de Ratifica\u00e7\u00e3o e Homologa\u00e7\u00e3o da Dispensa n\u00ba 001\/2025 1.67 MB22-05-2025 BaixarVisualizar Termo de Ratifica\u00e7\u00e3o e Homologa\u00e7\u00e3o da Dispensa 03\/2024 1.31 MB11-12-2024 BaixarVisualizar Termo de Ratifica\u00e7\u00e3o e Homologa\u00e7\u00e3o da Dispensa n\u00ba 002\/2024 1.46 MB04-09-2024 BaixarVisualizar Termo de Ratifica\u00e7\u00e3o e Homologa\u00e7\u00e3o da dispensa n\u00ba 001\/2024 6.00 MB09-04-2024 BaixarVisualizar TERMO DE RATIFICA\u00c7\u00c3O E HOMOLOGA\u00c7\u00c3O DA DISPENSA N\u00ba 003\/2023 867.71 KB05-01-2024 BaixarVisualizar Termo de Ratifica\u00e7\u00e3o e Homologa\u00e7\u00e3o da Dispensa n\u00ba 002\/2023 1.19 MB28-11-2023 BaixarVisualizar Termo de Ratifica\u00e7\u00e3o e Homologa\u00e7\u00e3o da Dispensa n\u00ba 01\/2023 39.75 KB21-08-2023 BaixarVisualizar TERMO DE&hellip;<\/p>\n","category_list":"","author_info":{"name":"admin","url":"https:\/\/portal.pi.gov.br\/emgerpi\/author\/admin\/"},"comments_num":"0 coment\u00e1rio","featured_image_urls_v2":{"full":"","thumbnail":"","medium":"","medium_large":"","large":"","sgg-420":"","sgg-540":"","sgg-780":"","1536x1536":"","2048x2048":"","homepage-slider":"","homepage-slider-small":"","page-top":"","page-small":"","loop-main":"","thumb-gallery-widget":""},"post_excerpt_stackable_v2":"<p>T\u00edtuloTamanhoData de Publica\u00e7\u00e3oBaixar Termo de Ratifica\u00e7\u00e3o e Homologa\u00e7\u00e3o da Dispensa n\u00ba 002\/2026 6.40 MB31-03-2026 BaixarVisualizar Termo de Ratifica\u00e7\u00e3o e Homologa\u00e7\u00e3o da Dispensa n\u00ba 001\/2025 1.67 MB22-05-2025 BaixarVisualizar Termo de Ratifica\u00e7\u00e3o e Homologa\u00e7\u00e3o da Dispensa 03\/2024 1.31 MB11-12-2024 BaixarVisualizar Termo de Ratifica\u00e7\u00e3o e Homologa\u00e7\u00e3o da Dispensa n\u00ba 002\/2024 1.46 MB04-09-2024 BaixarVisualizar Termo de Ratifica\u00e7\u00e3o e Homologa\u00e7\u00e3o da dispensa n\u00ba 001\/2024 6.00 MB09-04-2024 BaixarVisualizar TERMO DE RATIFICA\u00c7\u00c3O E HOMOLOGA\u00c7\u00c3O DA DISPENSA N\u00ba 003\/2023 867.71 KB05-01-2024 BaixarVisualizar Termo de Ratifica\u00e7\u00e3o e Homologa\u00e7\u00e3o da Dispensa n\u00ba 002\/2023 1.19 MB28-11-2023 BaixarVisualizar Termo de Ratifica\u00e7\u00e3o e Homologa\u00e7\u00e3o da Dispensa n\u00ba 01\/2023 39.75 KB21-08-2023 BaixarVisualizar TERMO DE&hellip;<\/p>\n","category_list_v2":"","author_info_v2":{"name":"admin","url":"https:\/\/portal.pi.gov.br\/emgerpi\/author\/admin\/"},"comments_num_v2":"0 coment\u00e1rio","_links":{"self":[{"href":"https:\/\/portal.pi.gov.br\/emgerpi\/wp-json\/wp\/v2\/pages\/1154"}],"collection":[{"href":"https:\/\/portal.pi.gov.br\/emgerpi\/wp-json\/wp\/v2\/pages"}],"about":[{"href":"https:\/\/portal.pi.gov.br\/emgerpi\/wp-json\/wp\/v2\/types\/page"}],"author":[{"embeddable":true,"href":"https:\/\/portal.pi.gov.br\/emgerpi\/wp-json\/wp\/v2\/users\/1"}],"replies":[{"embeddable":true,"href":"https:\/\/portal.pi.gov.br\/emgerpi\/wp-json\/wp\/v2\/comments?post=1154"}],"version-history":[{"count":2,"href":"https:\/\/portal.pi.gov.br\/emgerpi\/wp-json\/wp\/v2\/pages\/1154\/revisions"}],"predecessor-version":[{"id":1558,"href":"https:\/\/portal.pi.gov.br\/emgerpi\/wp-json\/wp\/v2\/pages\/1154\/revisions\/1558"}],"wp:attachment":[{"href":"https:\/\/portal.pi.gov.br\/emgerpi\/wp-json\/wp\/v2\/media?parent=1154"}],"curies":[{"name":"wp","href":"https:\/\/api.w.org\/{rel}","templated":true}]}}