{"id":1158,"date":"2024-01-11T11:06:00","date_gmt":"2024-01-11T14:06:00","guid":{"rendered":"https:\/\/portal.pi.gov.br\/emgerpi\/?page_id=1158"},"modified":"2024-01-11T11:06:01","modified_gmt":"2024-01-11T14:06:01","slug":"inexigibilidade","status":"publish","type":"page","link":"https:\/\/portal.pi.gov.br\/emgerpi\/inexigibilidade\/","title":{"rendered":"Inexigibilidade"},"content":{"rendered":"<script type=\"text\/x-handlebars-template\"        id=\"wpfd-template-table-categories-45\">    <div class=\"wpfd-categories\">{{#if category}}{{#with category}}{{#if parent}}<a class=\"catlink backcategory\" href=\"#\" data-idcat=\"{{parent}}\">                        <i class=\"zmdi zmdi-chevron-left\"><\/i><span>Voltar<\/span><\/a>{{\/if}}{{\/with}}{{\/if}}<\/div><\/script><script type=\"text\/x-handlebars-template\" id=\"wpfd-template-table-45\">    {{#if files}}    {{#each files}}    <tr class=\"file\" data-id=\"{{ID}}\" data-catid=\"{{catid}}\">    <td class=\"file_title\"><a class=\"wpfd_downloadlink\" href=\"{{linkdownload}}\" title=\"{{post_title}}\"><span class=\"extcol\">{{#if file_custom_icon}}<span class=\"icon-custom\"><img src=\"{{file_custom_icon}}\"><\/span>{{else}}<span class=\"ext ext-{{ext}}\"><\/span>{{\/if}}<\/span>{{{crop_title}}}<\/a><\/td><td class=\"file_size\">{{bytesToSize size}}<\/td><td class=\"file_created\">{{created}}<\/td>                    <td class=\"col-download\">                <a class=\"downloadlink wpfd_downloadlink\"  href=\"{{linkdownload}}\" style=\"background-color:#033b85;color:#ffffff;\">Baixar<i class=\"zmdi zmdi-cloud-download wpfd-download\"><\/i><\/a>{{#if openpdflink}}<a class=\"openlink wpfdlightbox wpfd_previewlink\" href=\"{{openpdflink}}\" target=\"\">Visualizar                            <i class=\"zmdi zmdi-filter-center-focus wpfd-preview\"><\/i>                        <\/a>{{else}}{{#if viewerlink}}<a                            href=\"{{viewerlink}}\"                            class=\"openlink wpfdlightbox wpfd_previewlink\"                            target=\"\"                            data-id=\"{{ID}}\"                            data-catid=\"{{catid}}\"                            data-file-type=\"{{ext}}\">Visualizar<i class=\"zmdi zmdi-filter-center-focus wpfd-preview\"><\/i>                        <\/a>{{\/if}}{{\/if}}            <\/td>            <\/tr>    {{\/each}}    {{\/if}}<\/script><div class=\"wpfd-content wpfd-content-table wpfd-content-multi colstyle\" data-category=\"45\"><input type=\"hidden\" id=\"current_category_45\" value=\"45\" \/>                    <input type=\"hidden\" id=\"current_category_slug_45\" value=\"inexigibilidade\" \/>                    <input type=\"hidden\" id=\"current_ordering_45\" value=\"created_time\" \/>                    <input type=\"hidden\" id=\"current_ordering_direction_45\" value=\"desc\" \/><div class=\"wpfd-container\">        <div class=\"wpfd-open-tree\"><\/div>    <div class=\"wpfd-container-table \">        <div class=\"wpfd-categories\"><\/div>        <table class=\"wpfd-table wpfd-table-bordered wpfd-table-striped mediaTable\">            <thead>            <tr>                <th class=\"essential persist file_title\">T\u00edtulo<\/th><th class=\"optional file_size\">Tamanho<\/th><th class=\"optional file_created\">Data de Publica\u00e7\u00e3o<\/th><th class=\"essential file_download\">Baixar<\/th>            <\/tr>            <\/thead>            <tbody>                            <tr class=\"file\" data-id=\"2664\"                    data-catid=\"45\">                    <td class=\"file_title\"><a class=\"wpfd_downloadlink\" href=\"https:\/\/portal.pi.gov.br\/emgerpi\/download\/45\/inexigibilidade\/2664\/termo-de-ratificacao-e-homologacao-da-inexigibilidade-de-licitacao-004-2024.pdf\" title=\"Termo de Ratifica\u00e7\u00e3o e Homologa\u00e7\u00e3o da Inexigibilidade de Licita\u00e7\u00e3o 004\/2024\"><span class=\"extcol\">                                <span class=\"ext ext-pdf\"><\/span>                                Termo de Ratifica\u00e7\u00e3o e Homologa\u00e7\u00e3o da Inexigibilidade de Licita\u00e7\u00e3o 004\/2024                            <\/span><\/a><\/td><td class=\"file_size\">2.78 MB<\/td><td class=\"file_created\">09-12-2024<\/td>                                            <td class=\"col-download\">                            <a class=\"downloadlink wpfd_downloadlink\"  href=\"https:\/\/portal.pi.gov.br\/emgerpi\/download\/45\/inexigibilidade\/2664\/termo-de-ratificacao-e-homologacao-da-inexigibilidade-de-licitacao-004-2024.pdf\" style=\"background-color:#033b85;color:#ffffff;\">Baixar<i class=\"zmdi zmdi-cloud-download wpfd-download\"><\/i><\/a><a                            href=\"https:\/\/docs.google.com\/viewer?url=https%3A%2F%2Fportal.pi.gov.br%2Femgerpi%2Fwp-admin%2Fadmin-ajax.php%3Fjuwpfisadmin%3Dfalse%26action%3Dwpfd%26task%3Dfile.download%26wpfd_category_id%3D45%26wpfd_file_id%3D2664%26token%3D%26preview%3D1&#038;embedded=true\"                            class=\"openlink wpfdlightbox wpfd_previewlink\"                            target=\"\"                            data-id=\"2664\"                            data-catid=\"45\"                            data-file-type=\"pdf\">Visualizar<i class=\"zmdi zmdi-filter-center-focus wpfd-preview\"><\/i>                        <\/a>                        <\/td>                                    <\/tr>                            <tr class=\"file\" data-id=\"2602\"                    data-catid=\"45\">                    <td class=\"file_title\"><a class=\"wpfd_downloadlink\" href=\"https:\/\/portal.pi.gov.br\/emgerpi\/download\/45\/inexigibilidade\/2602\/termo-de-ratificacao-e-homologacao-da-inexigibilidade-03-2024.pdf\" title=\"Termo de Ratifica\u00e7\u00e3o e Homologa\u00e7\u00e3o da Inexigibilidade 03\/2024\"><span class=\"extcol\">                                <span class=\"ext ext-pdf\"><\/span>                                Termo de Ratifica\u00e7\u00e3o e Homologa\u00e7\u00e3o da Inexigibilidade 03\/2024                            <\/span><\/a><\/td><td class=\"file_size\">0.96 MB<\/td><td class=\"file_created\">13-11-2024<\/td>                                            <td class=\"col-download\">                            <a class=\"downloadlink wpfd_downloadlink\"  href=\"https:\/\/portal.pi.gov.br\/emgerpi\/download\/45\/inexigibilidade\/2602\/termo-de-ratificacao-e-homologacao-da-inexigibilidade-03-2024.pdf\" style=\"background-color:#033b85;color:#ffffff;\">Baixar<i class=\"zmdi zmdi-cloud-download wpfd-download\"><\/i><\/a><a                            href=\"https:\/\/docs.google.com\/viewer?url=https%3A%2F%2Fportal.pi.gov.br%2Femgerpi%2Fwp-admin%2Fadmin-ajax.php%3Fjuwpfisadmin%3Dfalse%26action%3Dwpfd%26task%3Dfile.download%26wpfd_category_id%3D45%26wpfd_file_id%3D2602%26token%3D%26preview%3D1&#038;embedded=true\"                            class=\"openlink wpfdlightbox wpfd_previewlink\"                            target=\"\"                            data-id=\"2602\"                            data-catid=\"45\"                            data-file-type=\"pdf\">Visualizar<i class=\"zmdi zmdi-filter-center-focus wpfd-preview\"><\/i>                        <\/a>                        <\/td>                                    <\/tr>                            <tr class=\"file\" data-id=\"2435\"                    data-catid=\"45\">                    <td class=\"file_title\"><a class=\"wpfd_downloadlink\" href=\"https:\/\/portal.pi.gov.br\/emgerpi\/download\/45\/inexigibilidade\/2435\/termo-de-ratificacao-e-homologacao-da-inexigibilidade-no-002-2024.pdf\" title=\"Termo de Ratifica\u00e7\u00e3o e Homologa\u00e7\u00e3o da Inexigibilidade n\u00ba 002\/2024\"><span class=\"extcol\">                                <span class=\"ext ext-pdf\"><\/span>                                Termo de Ratifica\u00e7\u00e3o e Homologa\u00e7\u00e3o da Inexigibilidade n\u00ba 002\/2024                            <\/span><\/a><\/td><td class=\"file_size\">1.26 MB<\/td><td class=\"file_created\">18-07-2024<\/td>                                            <td class=\"col-download\">                            <a class=\"downloadlink wpfd_downloadlink\"  href=\"https:\/\/portal.pi.gov.br\/emgerpi\/download\/45\/inexigibilidade\/2435\/termo-de-ratificacao-e-homologacao-da-inexigibilidade-no-002-2024.pdf\" style=\"background-color:#033b85;color:#ffffff;\">Baixar<i class=\"zmdi zmdi-cloud-download wpfd-download\"><\/i><\/a><a                            href=\"https:\/\/docs.google.com\/viewer?url=https%3A%2F%2Fportal.pi.gov.br%2Femgerpi%2Fwp-admin%2Fadmin-ajax.php%3Fjuwpfisadmin%3Dfalse%26action%3Dwpfd%26task%3Dfile.download%26wpfd_category_id%3D45%26wpfd_file_id%3D2435%26token%3D%26preview%3D1&#038;embedded=true\"                            class=\"openlink wpfdlightbox wpfd_previewlink\"                            target=\"\"                            data-id=\"2435\"                            data-catid=\"45\"                            data-file-type=\"pdf\">Visualizar<i class=\"zmdi zmdi-filter-center-focus wpfd-preview\"><\/i>                        <\/a>                        <\/td>                                    <\/tr>                            <tr class=\"file\" data-id=\"2074\"                    data-catid=\"45\">                    <td class=\"file_title\"><a class=\"wpfd_downloadlink\" href=\"https:\/\/portal.pi.gov.br\/emgerpi\/download\/45\/inexigibilidade\/2074\/termo-de-ratificacao-e-homologacao-da-inexigibilidade-no-001-2024.pdf\" title=\"Termo de Ratifica\u00e7\u00e3o e Homologa\u00e7\u00e3o da Inexigibilidade n\u00ba 001\/2024\"><span class=\"extcol\">                                <span class=\"ext ext-pdf\"><\/span>                                Termo de Ratifica\u00e7\u00e3o e Homologa\u00e7\u00e3o da Inexigibilidade n\u00ba 001\/2024                            <\/span><\/a><\/td><td class=\"file_size\">2.19 MB<\/td><td class=\"file_created\">02-05-2024<\/td>                                            <td class=\"col-download\">                            <a class=\"downloadlink wpfd_downloadlink\"  href=\"https:\/\/portal.pi.gov.br\/emgerpi\/download\/45\/inexigibilidade\/2074\/termo-de-ratificacao-e-homologacao-da-inexigibilidade-no-001-2024.pdf\" style=\"background-color:#033b85;color:#ffffff;\">Baixar<i class=\"zmdi zmdi-cloud-download wpfd-download\"><\/i><\/a><a                            href=\"https:\/\/docs.google.com\/viewer?url=https%3A%2F%2Fportal.pi.gov.br%2Femgerpi%2Fwp-admin%2Fadmin-ajax.php%3Fjuwpfisadmin%3Dfalse%26action%3Dwpfd%26task%3Dfile.download%26wpfd_category_id%3D45%26wpfd_file_id%3D2074%26token%3D%26preview%3D1&#038;embedded=true\"                            class=\"openlink wpfdlightbox wpfd_previewlink\"                            target=\"\"                            data-id=\"2074\"                            data-catid=\"45\"                            data-file-type=\"pdf\">Visualizar<i class=\"zmdi zmdi-filter-center-focus wpfd-preview\"><\/i>                        <\/a>                        <\/td>                                    <\/tr>                            <tr class=\"file\" data-id=\"1696\"                    data-catid=\"45\">                    <td class=\"file_title\"><a class=\"wpfd_downloadlink\" href=\"https:\/\/portal.pi.gov.br\/emgerpi\/download\/45\/inexigibilidade\/1696\/termo-de-homologacao-e-ratificacao-da-inexigibilidade-no-002-2023.pdf\" title=\"Termo de Homologa\u00e7\u00e3o e Ratifica\u00e7\u00e3o da Inexigibilidade n\u00ba 002\/2023\"><span class=\"extcol\">                                <span class=\"ext ext-pdf\"><\/span>                                Termo de Homologa\u00e7\u00e3o e Ratifica\u00e7\u00e3o da Inexigibilidade n\u00ba 002\/2023                            <\/span><\/a><\/td><td class=\"file_size\">1.29 MB<\/td><td class=\"file_created\">27-10-2023<\/td>                                            <td class=\"col-download\">                            <a class=\"downloadlink wpfd_downloadlink\"  href=\"https:\/\/portal.pi.gov.br\/emgerpi\/download\/45\/inexigibilidade\/1696\/termo-de-homologacao-e-ratificacao-da-inexigibilidade-no-002-2023.pdf\" style=\"background-color:#033b85;color:#ffffff;\">Baixar<i class=\"zmdi zmdi-cloud-download wpfd-download\"><\/i><\/a><a                            href=\"https:\/\/docs.google.com\/viewer?url=https%3A%2F%2Fportal.pi.gov.br%2Femgerpi%2Fwp-admin%2Fadmin-ajax.php%3Fjuwpfisadmin%3Dfalse%26action%3Dwpfd%26task%3Dfile.download%26wpfd_category_id%3D45%26wpfd_file_id%3D1696%26token%3D%26preview%3D1&#038;embedded=true\"                            class=\"openlink wpfdlightbox wpfd_previewlink\"                            target=\"\"                            data-id=\"1696\"                            data-catid=\"45\"                            data-file-type=\"pdf\">Visualizar<i class=\"zmdi zmdi-filter-center-focus wpfd-preview\"><\/i>                        <\/a>                        <\/td>                                    <\/tr>                            <tr class=\"file\" data-id=\"1686\"                    data-catid=\"45\">                    <td class=\"file_title\"><a class=\"wpfd_downloadlink\" href=\"https:\/\/portal.pi.gov.br\/emgerpi\/download\/45\/inexigibilidade\/1686\/termo-de-ratificacao-de-homologacao-da-inexigibilidade-no-01-2023.pdf\" title=\"Termo de Ratifica\u00e7\u00e3o de Homologa\u00e7\u00e3o da Inexigibilidade n\u00ba 01\/2023\"><span class=\"extcol\">                                <span class=\"ext ext-pdf\"><\/span>                                Termo de Ratifica\u00e7\u00e3o de Homologa\u00e7\u00e3o da Inexigibilidade n\u00ba 01\/2023                            <\/span><\/a><\/td><td class=\"file_size\">30.09 KB<\/td><td class=\"file_created\">17-02-2023<\/td>                                            <td class=\"col-download\">                            <a class=\"downloadlink wpfd_downloadlink\"  href=\"https:\/\/portal.pi.gov.br\/emgerpi\/download\/45\/inexigibilidade\/1686\/termo-de-ratificacao-de-homologacao-da-inexigibilidade-no-01-2023.pdf\" style=\"background-color:#033b85;color:#ffffff;\">Baixar<i class=\"zmdi zmdi-cloud-download wpfd-download\"><\/i><\/a><a                            href=\"https:\/\/docs.google.com\/viewer?url=https%3A%2F%2Fportal.pi.gov.br%2Femgerpi%2Fwp-admin%2Fadmin-ajax.php%3Fjuwpfisadmin%3Dfalse%26action%3Dwpfd%26task%3Dfile.download%26wpfd_category_id%3D45%26wpfd_file_id%3D1686%26token%3D%26preview%3D1&#038;embedded=true\"                            class=\"openlink wpfdlightbox wpfd_previewlink\"                            target=\"\"                            data-id=\"1686\"                            data-catid=\"45\"                            data-file-type=\"pdf\">Visualizar<i class=\"zmdi zmdi-filter-center-focus wpfd-preview\"><\/i>                        <\/a>                        <\/td>                                    <\/tr>                            <tr class=\"file\" data-id=\"1113\"                    data-catid=\"45\">                    <td class=\"file_title\"><a class=\"wpfd_downloadlink\" href=\"https:\/\/portal.pi.gov.br\/emgerpi\/download\/45\/inexigibilidade\/1113\/termo-de-ratif-e-hom-da-inexigibilidade-no-001-2022.pdf\" title=\"Termo de Ratif. e Hom. da Inexigibilidade N\u00ba 001\/2022\"><span class=\"extcol\">                                <span class=\"ext ext-pdf\"><\/span>                                Termo de Ratif. e Hom. da Inexigibilidade N\u00ba 001\/2022                            <\/span><\/a><\/td><td class=\"file_size\">108.02 KB<\/td><td class=\"file_created\">25-03-2022<\/td>                                            <td class=\"col-download\">                            <a class=\"downloadlink wpfd_downloadlink\"  href=\"https:\/\/portal.pi.gov.br\/emgerpi\/download\/45\/inexigibilidade\/1113\/termo-de-ratif-e-hom-da-inexigibilidade-no-001-2022.pdf\" style=\"background-color:#033b85;color:#ffffff;\">Baixar<i class=\"zmdi zmdi-cloud-download wpfd-download\"><\/i><\/a><a                            href=\"https:\/\/docs.google.com\/viewer?url=https%3A%2F%2Fportal.pi.gov.br%2Femgerpi%2Fwp-admin%2Fadmin-ajax.php%3Fjuwpfisadmin%3Dfalse%26action%3Dwpfd%26task%3Dfile.download%26wpfd_category_id%3D45%26wpfd_file_id%3D1113%26token%3D%26preview%3D1&#038;embedded=true\"                            class=\"openlink wpfdlightbox wpfd_previewlink\"                            target=\"\"                            data-id=\"1113\"                            data-catid=\"45\"                            data-file-type=\"pdf\">Visualizar<i class=\"zmdi zmdi-filter-center-focus wpfd-preview\"><\/i>                        <\/a>                        <\/td>                                    <\/tr>                        <\/tbody>        <\/table>            <\/div><\/div><\/div>\n","protected":false},"excerpt":{"rendered":"","protected":false},"author":1,"featured_media":0,"parent":0,"menu_order":0,"comment_status":"closed","ping_status":"closed","template":"template-fullwidth.php","meta":[],"featured_image_urls":{"full":"","thumbnail":"","medium":"","medium_large":"","large":"","sgg-420":"","sgg-540":"","sgg-780":"","1536x1536":"","2048x2048":"","homepage-slider":"","homepage-slider-small":"","page-top":"","page-small":"","loop-main":"","thumb-gallery-widget":""},"post_excerpt_stackable":"<p>T\u00edtuloTamanhoData de Publica\u00e7\u00e3oBaixar Termo de Ratifica\u00e7\u00e3o e Homologa\u00e7\u00e3o da Inexigibilidade de Licita\u00e7\u00e3o 004\/2024 2.78 MB09-12-2024 BaixarVisualizar Termo de Ratifica\u00e7\u00e3o e Homologa\u00e7\u00e3o da Inexigibilidade 03\/2024 0.96 MB13-11-2024 BaixarVisualizar Termo de Ratifica\u00e7\u00e3o e Homologa\u00e7\u00e3o da Inexigibilidade n\u00ba 002\/2024 1.26 MB18-07-2024 BaixarVisualizar Termo de Ratifica\u00e7\u00e3o e Homologa\u00e7\u00e3o da Inexigibilidade n\u00ba 001\/2024 2.19 MB02-05-2024 BaixarVisualizar Termo de Homologa\u00e7\u00e3o e Ratifica\u00e7\u00e3o da Inexigibilidade n\u00ba 002\/2023 1.29 MB27-10-2023 BaixarVisualizar Termo de Ratifica\u00e7\u00e3o de Homologa\u00e7\u00e3o da Inexigibilidade n\u00ba 01\/2023 30.09 KB17-02-2023 BaixarVisualizar Termo de Ratif. e Hom. da Inexigibilidade N\u00ba 001\/2022 108.02 KB25-03-2022 BaixarVisualizar<\/p>\n","category_list":"","author_info":{"name":"admin","url":"https:\/\/portal.pi.gov.br\/emgerpi\/author\/admin\/"},"comments_num":"0 coment\u00e1rio","featured_image_urls_v2":{"full":"","thumbnail":"","medium":"","medium_large":"","large":"","sgg-420":"","sgg-540":"","sgg-780":"","1536x1536":"","2048x2048":"","homepage-slider":"","homepage-slider-small":"","page-top":"","page-small":"","loop-main":"","thumb-gallery-widget":""},"post_excerpt_stackable_v2":"<p>T\u00edtuloTamanhoData de Publica\u00e7\u00e3oBaixar Termo de Ratifica\u00e7\u00e3o e Homologa\u00e7\u00e3o da Inexigibilidade de Licita\u00e7\u00e3o 004\/2024 2.78 MB09-12-2024 BaixarVisualizar Termo de Ratifica\u00e7\u00e3o e Homologa\u00e7\u00e3o da Inexigibilidade 03\/2024 0.96 MB13-11-2024 BaixarVisualizar Termo de Ratifica\u00e7\u00e3o e Homologa\u00e7\u00e3o da Inexigibilidade n\u00ba 002\/2024 1.26 MB18-07-2024 BaixarVisualizar Termo de Ratifica\u00e7\u00e3o e Homologa\u00e7\u00e3o da Inexigibilidade n\u00ba 001\/2024 2.19 MB02-05-2024 BaixarVisualizar Termo de Homologa\u00e7\u00e3o e Ratifica\u00e7\u00e3o da Inexigibilidade n\u00ba 002\/2023 1.29 MB27-10-2023 BaixarVisualizar Termo de Ratifica\u00e7\u00e3o de Homologa\u00e7\u00e3o da Inexigibilidade n\u00ba 01\/2023 30.09 KB17-02-2023 BaixarVisualizar Termo de Ratif. e Hom. da Inexigibilidade N\u00ba 001\/2022 108.02 KB25-03-2022 BaixarVisualizar<\/p>\n","category_list_v2":"","author_info_v2":{"name":"admin","url":"https:\/\/portal.pi.gov.br\/emgerpi\/author\/admin\/"},"comments_num_v2":"0 coment\u00e1rio","_links":{"self":[{"href":"https:\/\/portal.pi.gov.br\/emgerpi\/wp-json\/wp\/v2\/pages\/1158"}],"collection":[{"href":"https:\/\/portal.pi.gov.br\/emgerpi\/wp-json\/wp\/v2\/pages"}],"about":[{"href":"https:\/\/portal.pi.gov.br\/emgerpi\/wp-json\/wp\/v2\/types\/page"}],"author":[{"embeddable":true,"href":"https:\/\/portal.pi.gov.br\/emgerpi\/wp-json\/wp\/v2\/users\/1"}],"replies":[{"embeddable":true,"href":"https:\/\/portal.pi.gov.br\/emgerpi\/wp-json\/wp\/v2\/comments?post=1158"}],"version-history":[{"count":1,"href":"https:\/\/portal.pi.gov.br\/emgerpi\/wp-json\/wp\/v2\/pages\/1158\/revisions"}],"predecessor-version":[{"id":1159,"href":"https:\/\/portal.pi.gov.br\/emgerpi\/wp-json\/wp\/v2\/pages\/1158\/revisions\/1159"}],"wp:attachment":[{"href":"https:\/\/portal.pi.gov.br\/emgerpi\/wp-json\/wp\/v2\/media?parent=1158"}],"curies":[{"name":"wp","href":"https:\/\/api.w.org\/{rel}","templated":true}]}}