{"id":2169,"date":"2024-05-27T13:28:35","date_gmt":"2024-05-27T16:28:35","guid":{"rendered":"https:\/\/portal.pi.gov.br\/emgerpi\/?page_id=2169"},"modified":"2024-05-27T13:28:36","modified_gmt":"2024-05-27T16:28:36","slug":"outros-documentos","status":"publish","type":"page","link":"https:\/\/portal.pi.gov.br\/emgerpi\/outros-documentos\/","title":{"rendered":"Outros Documentos"},"content":{"rendered":"<script type=\"text\/x-handlebars-template\"        id=\"wpfd-template-table-categories-52\">    <div class=\"wpfd-categories\">{{#if category}}{{#with category}}{{#if parent}}<a class=\"catlink backcategory\" href=\"#\" data-idcat=\"{{parent}}\">                        <i class=\"zmdi zmdi-chevron-left\"><\/i><span>Voltar<\/span><\/a>{{\/if}}{{\/with}}{{\/if}}<\/div><\/script><script type=\"text\/x-handlebars-template\" id=\"wpfd-template-table-52\">    {{#if files}}    {{#each files}}    <tr class=\"file\" data-id=\"{{ID}}\" data-catid=\"{{catid}}\">    <td class=\"file_title\"><a class=\"wpfd_downloadlink\" href=\"{{linkdownload}}\" title=\"{{post_title}}\"><span class=\"extcol\">{{#if file_custom_icon}}<span class=\"icon-custom\"><img src=\"{{file_custom_icon}}\"><\/span>{{else}}<span class=\"ext ext-{{ext}}\"><\/span>{{\/if}}<\/span>{{{crop_title}}}<\/a><\/td><td class=\"file_size\">{{bytesToSize size}}<\/td><td class=\"file_created\">{{created}}<\/td>                    <td class=\"col-download\">                <a class=\"downloadlink wpfd_downloadlink\"  href=\"{{linkdownload}}\" style=\"background-color:#033b85;color:#ffffff;\">Baixar<i class=\"zmdi zmdi-cloud-download wpfd-download\"><\/i><\/a>{{#if openpdflink}}<a class=\"openlink wpfdlightbox wpfd_previewlink\" href=\"{{openpdflink}}\" target=\"\">Visualizar                            <i class=\"zmdi zmdi-filter-center-focus wpfd-preview\"><\/i>                        <\/a>{{else}}{{#if viewerlink}}<a                            href=\"{{viewerlink}}\"                            class=\"openlink wpfdlightbox wpfd_previewlink\"                            target=\"\"                            data-id=\"{{ID}}\"                            data-catid=\"{{catid}}\"                            data-file-type=\"{{ext}}\">Visualizar<i class=\"zmdi zmdi-filter-center-focus wpfd-preview\"><\/i>                        <\/a>{{\/if}}{{\/if}}            <\/td>            <\/tr>    {{\/each}}    {{\/if}}<\/script><div class=\"wpfd-content wpfd-content-table wpfd-content-multi colstyle\" data-category=\"52\"><input type=\"hidden\" id=\"current_category_52\" value=\"52\" \/>                    <input type=\"hidden\" id=\"current_category_slug_52\" value=\"outros-documentos-1706876335\" \/>                    <input type=\"hidden\" id=\"current_ordering_52\" value=\"created_time\" \/>                    <input type=\"hidden\" id=\"current_ordering_direction_52\" value=\"desc\" \/><div class=\"wpfd-container\">    <div class=\"wpfd-foldertree wpfd-foldertree-table \"><\/div>    <div class=\"wpfd-open-tree\"><\/div>    <div class=\"wpfd-container-table  with_foldertree\">        <div class=\"wpfd-categories\"><\/div>        <table class=\"wpfd-table wpfd-table-bordered wpfd-table-striped mediaTable\">            <thead>            <tr>                <th class=\"essential persist file_title\">T\u00edtulo<\/th><th class=\"optional file_size\">Tamanho<\/th><th class=\"optional file_created\">Data de Publica\u00e7\u00e3o<\/th><th class=\"essential file_download\">Baixar<\/th>            <\/tr>            <\/thead>            <tbody>                            <tr class=\"file\" data-id=\"2729\"                    data-catid=\"52\">                    <td class=\"file_title\"><a class=\"wpfd_downloadlink\" href=\"https:\/\/portal.pi.gov.br\/emgerpi\/download\/52\/outros-documentos\/2729\/resolucao-da-diretoria-executiva-emgerpi-no-01-2025-2.pdf\" title=\"RESOLU\u00c7\u00c3O DA DIRETORIA EXECUTIVA EMGERPI N\u00ba 01\/2025\"><span class=\"extcol\">                                <span class=\"ext ext-pdf\"><\/span>                                RESOLU\u00c7\u00c3O DA DIRETORIA EXECUTIVA EMGERPI N\u00ba 01\/2025                            <\/span><\/a><\/td><td class=\"file_size\">960.93 KB<\/td><td class=\"file_created\">18-02-2025<\/td>                                            <td class=\"col-download\">                            <a class=\"downloadlink wpfd_downloadlink\"  href=\"https:\/\/portal.pi.gov.br\/emgerpi\/download\/52\/outros-documentos\/2729\/resolucao-da-diretoria-executiva-emgerpi-no-01-2025-2.pdf\" style=\"background-color:#033b85;color:#ffffff;\">Baixar<i class=\"zmdi zmdi-cloud-download wpfd-download\"><\/i><\/a><a                            href=\"https:\/\/docs.google.com\/viewer?url=https%3A%2F%2Fportal.pi.gov.br%2Femgerpi%2Fwp-admin%2Fadmin-ajax.php%3Fjuwpfisadmin%3Dfalse%26action%3Dwpfd%26task%3Dfile.download%26wpfd_category_id%3D52%26wpfd_file_id%3D2729%26token%3D%26preview%3D1&#038;embedded=true\"                            class=\"openlink wpfdlightbox wpfd_previewlink\"                            target=\"\"                            data-id=\"2729\"                            data-catid=\"52\"                            data-file-type=\"pdf\">Visualizar<i class=\"zmdi zmdi-filter-center-focus wpfd-preview\"><\/i>                        <\/a>                        <\/td>                                    <\/tr>                            <tr class=\"file\" data-id=\"2494\"                    data-catid=\"52\">                    <td class=\"file_title\"><a class=\"wpfd_downloadlink\" href=\"https:\/\/portal.pi.gov.br\/emgerpi\/download\/52\/outros-documentos\/2494\/resolucao-01-2024-atualizacao-cadastral-dos-empregados-da-emgerpi-doepi_191_2024.pdf\" title=\"RESOLU\u00c7\u00c3O - 01.2024 ATUALIZA\u00c7\u00c3O CADASTRAL DOS EMPREGADOS DA EMGERPI - DOEPI_191_2024\"><span class=\"extcol\">                                <span class=\"ext ext-pdf\"><\/span>                                RESOLU\u00c7\u00c3O - 01.2024 ATUALIZA\u00c7\u00c3O CADASTRAL DOS EMPREGADOS DA EMGERPI - DOEPI_191_2024                            <\/span><\/a><\/td><td class=\"file_size\">1.37 MB<\/td><td class=\"file_created\">01-10-2024<\/td>                                            <td class=\"col-download\">                            <a class=\"downloadlink wpfd_downloadlink\"  href=\"https:\/\/portal.pi.gov.br\/emgerpi\/download\/52\/outros-documentos\/2494\/resolucao-01-2024-atualizacao-cadastral-dos-empregados-da-emgerpi-doepi_191_2024.pdf\" style=\"background-color:#033b85;color:#ffffff;\">Baixar<i class=\"zmdi zmdi-cloud-download wpfd-download\"><\/i><\/a><a                            href=\"https:\/\/docs.google.com\/viewer?url=https%3A%2F%2Fportal.pi.gov.br%2Femgerpi%2Fwp-admin%2Fadmin-ajax.php%3Fjuwpfisadmin%3Dfalse%26action%3Dwpfd%26task%3Dfile.download%26wpfd_category_id%3D52%26wpfd_file_id%3D2494%26token%3D%26preview%3D1&#038;embedded=true\"                            class=\"openlink wpfdlightbox wpfd_previewlink\"                            target=\"\"                            data-id=\"2494\"                            data-catid=\"52\"                            data-file-type=\"pdf\">Visualizar<i class=\"zmdi zmdi-filter-center-focus wpfd-preview\"><\/i>                        <\/a>                        <\/td>                                    <\/tr>                            <tr class=\"file\" data-id=\"2362\"                    data-catid=\"52\">                    <td class=\"file_title\"><a class=\"wpfd_downloadlink\" href=\"https:\/\/portal.pi.gov.br\/emgerpi\/download\/52\/outros-documentos\/2362\/convocac%cc%a7a%cc%83o3-jovem-aprendiz-edital-01-2024-doepi_140_2024.pdf\" title=\"CONVOCAC\u0327A\u0303O3 JOVEM APRENDIZ - EDITAL 01.2024 - DOEPI_140_2024\"><span class=\"extcol\">                                <span class=\"ext ext-pdf\"><\/span>                                CONVOCAC\u0327A\u0303O3 JOVEM APRENDIZ - EDITAL 01.2024 - DOEPI_140_2024                            <\/span><\/a><\/td><td class=\"file_size\">1.52 MB<\/td><td class=\"file_created\">19-07-2024<\/td>                                            <td class=\"col-download\">                            <a class=\"downloadlink wpfd_downloadlink\"  href=\"https:\/\/portal.pi.gov.br\/emgerpi\/download\/52\/outros-documentos\/2362\/convocac%cc%a7a%cc%83o3-jovem-aprendiz-edital-01-2024-doepi_140_2024.pdf\" style=\"background-color:#033b85;color:#ffffff;\">Baixar<i class=\"zmdi zmdi-cloud-download wpfd-download\"><\/i><\/a><a                            href=\"https:\/\/docs.google.com\/viewer?url=https%3A%2F%2Fportal.pi.gov.br%2Femgerpi%2Fwp-admin%2Fadmin-ajax.php%3Fjuwpfisadmin%3Dfalse%26action%3Dwpfd%26task%3Dfile.download%26wpfd_category_id%3D52%26wpfd_file_id%3D2362%26token%3D%26preview%3D1&#038;embedded=true\"                            class=\"openlink wpfdlightbox wpfd_previewlink\"                            target=\"\"                            data-id=\"2362\"                            data-catid=\"52\"                            data-file-type=\"pdf\">Visualizar<i class=\"zmdi zmdi-filter-center-focus wpfd-preview\"><\/i>                        <\/a>                        <\/td>                                    <\/tr>                            <tr class=\"file\" data-id=\"2342\"                    data-catid=\"52\">                    <td class=\"file_title\"><a class=\"wpfd_downloadlink\" href=\"https:\/\/portal.pi.gov.br\/emgerpi\/download\/52\/outros-documentos\/2342\/convocac%cc%a7a%cc%83o2-jovem-aprendiz-edital-01-2024-doepi_134_2024.pdf\" title=\"CONVOCAC\u0327A\u0303O2 JOVEM APRENDIZ - EDITAL 01.2024 - DOEPI_134_2024\"><span class=\"extcol\">                                <span class=\"ext ext-pdf\"><\/span>                                CONVOCAC\u0327A\u0303O2 JOVEM APRENDIZ - EDITAL 01.2024 - DOEPI_134_2024                            <\/span><\/a><\/td><td class=\"file_size\">1.64 MB<\/td><td class=\"file_created\">11-07-2024<\/td>                                            <td class=\"col-download\">                            <a class=\"downloadlink wpfd_downloadlink\"  href=\"https:\/\/portal.pi.gov.br\/emgerpi\/download\/52\/outros-documentos\/2342\/convocac%cc%a7a%cc%83o2-jovem-aprendiz-edital-01-2024-doepi_134_2024.pdf\" style=\"background-color:#033b85;color:#ffffff;\">Baixar<i class=\"zmdi zmdi-cloud-download wpfd-download\"><\/i><\/a><a                            href=\"https:\/\/docs.google.com\/viewer?url=https%3A%2F%2Fportal.pi.gov.br%2Femgerpi%2Fwp-admin%2Fadmin-ajax.php%3Fjuwpfisadmin%3Dfalse%26action%3Dwpfd%26task%3Dfile.download%26wpfd_category_id%3D52%26wpfd_file_id%3D2342%26token%3D%26preview%3D1&#038;embedded=true\"                            class=\"openlink wpfdlightbox wpfd_previewlink\"                            target=\"\"                            data-id=\"2342\"                            data-catid=\"52\"                            data-file-type=\"pdf\">Visualizar<i class=\"zmdi zmdi-filter-center-focus wpfd-preview\"><\/i>                        <\/a>                        <\/td>                                    <\/tr>                            <tr class=\"file\" data-id=\"2333\"                    data-catid=\"52\">                    <td class=\"file_title\"><a class=\"wpfd_downloadlink\" href=\"https:\/\/portal.pi.gov.br\/emgerpi\/download\/52\/outros-documentos\/2333\/convocac%cc%a7a%cc%83o-jovem-aprendiz-edital-01-2024-doepi_131_2024.pdf\" title=\"CONVOCAC\u0327A\u0303O JOVEM APRENDIZ - EDITAL 01.2024 - DOEPI_131_2024\"><span class=\"extcol\">                                <span class=\"ext ext-pdf\"><\/span>                                CONVOCAC\u0327A\u0303O JOVEM APRENDIZ - EDITAL 01.2024 - DOEPI_131_2024                            <\/span><\/a><\/td><td class=\"file_size\">1.70 MB<\/td><td class=\"file_created\">07-07-2024<\/td>                                            <td class=\"col-download\">                            <a class=\"downloadlink wpfd_downloadlink\"  href=\"https:\/\/portal.pi.gov.br\/emgerpi\/download\/52\/outros-documentos\/2333\/convocac%cc%a7a%cc%83o-jovem-aprendiz-edital-01-2024-doepi_131_2024.pdf\" style=\"background-color:#033b85;color:#ffffff;\">Baixar<i class=\"zmdi zmdi-cloud-download wpfd-download\"><\/i><\/a><a                            href=\"https:\/\/docs.google.com\/viewer?url=https%3A%2F%2Fportal.pi.gov.br%2Femgerpi%2Fwp-admin%2Fadmin-ajax.php%3Fjuwpfisadmin%3Dfalse%26action%3Dwpfd%26task%3Dfile.download%26wpfd_category_id%3D52%26wpfd_file_id%3D2333%26token%3D%26preview%3D1&#038;embedded=true\"                            class=\"openlink wpfdlightbox wpfd_previewlink\"                            target=\"\"                            data-id=\"2333\"                            data-catid=\"52\"                            data-file-type=\"pdf\">Visualizar<i class=\"zmdi zmdi-filter-center-focus wpfd-preview\"><\/i>                        <\/a>                        <\/td>                                    <\/tr>                            <tr class=\"file\" data-id=\"2325\"                    data-catid=\"52\">                    <td class=\"file_title\"><a class=\"wpfd_downloadlink\" href=\"https:\/\/portal.pi.gov.br\/emgerpi\/download\/52\/outros-documentos\/2325\/resultado-final-homologac%cc%a7a%cc%83o-jovem-aprendiz-01-2024-doepi_130_2024.pdf\" title=\"RESULTADO FINAL (HOMOLOGAC\u0327A\u0303O)- JOVEM APRENDIZ  (01.2024) - DOEPI_130_2024\"><span class=\"extcol\">                                <span class=\"ext ext-pdf\"><\/span>                                RESULTADO FINAL (HOMOLOGAC\u0327A\u0303O)- JOVEM APRENDIZ  (01.2024) - DOEPI_130_2024                            <\/span><\/a><\/td><td class=\"file_size\">1.16 MB<\/td><td class=\"file_created\">05-07-2024<\/td>                                            <td class=\"col-download\">                            <a class=\"downloadlink wpfd_downloadlink\"  href=\"https:\/\/portal.pi.gov.br\/emgerpi\/download\/52\/outros-documentos\/2325\/resultado-final-homologac%cc%a7a%cc%83o-jovem-aprendiz-01-2024-doepi_130_2024.pdf\" style=\"background-color:#033b85;color:#ffffff;\">Baixar<i class=\"zmdi zmdi-cloud-download wpfd-download\"><\/i><\/a><a                            href=\"https:\/\/docs.google.com\/viewer?url=https%3A%2F%2Fportal.pi.gov.br%2Femgerpi%2Fwp-admin%2Fadmin-ajax.php%3Fjuwpfisadmin%3Dfalse%26action%3Dwpfd%26task%3Dfile.download%26wpfd_category_id%3D52%26wpfd_file_id%3D2325%26token%3D%26preview%3D1&#038;embedded=true\"                            class=\"openlink wpfdlightbox wpfd_previewlink\"                            target=\"\"                            data-id=\"2325\"                            data-catid=\"52\"                            data-file-type=\"pdf\">Visualizar<i class=\"zmdi zmdi-filter-center-focus wpfd-preview\"><\/i>                        <\/a>                        <\/td>                                    <\/tr>                            <tr class=\"file\" data-id=\"2322\"                    data-catid=\"52\">                    <td class=\"file_title\"><a class=\"wpfd_downloadlink\" href=\"https:\/\/portal.pi.gov.br\/emgerpi\/download\/52\/outros-documentos\/2322\/errata-edital-01-2024-prg-jovem-aprendiz-doepi_129_2024.pdf\" title=\"ERRATA - EDITAL 01.2024 - PRG JOVEM APRENDIZ - DOEPI_129_2024\"><span class=\"extcol\">                                <span class=\"ext ext-pdf\"><\/span>                                ERRATA - EDITAL 01.2024 - PRG JOVEM APRENDIZ - DOEPI_129_2024                            <\/span><\/a><\/td><td class=\"file_size\">4.05 MB<\/td><td class=\"file_created\">04-07-2024<\/td>                                            <td class=\"col-download\">                            <a class=\"downloadlink wpfd_downloadlink\"  href=\"https:\/\/portal.pi.gov.br\/emgerpi\/download\/52\/outros-documentos\/2322\/errata-edital-01-2024-prg-jovem-aprendiz-doepi_129_2024.pdf\" style=\"background-color:#033b85;color:#ffffff;\">Baixar<i class=\"zmdi zmdi-cloud-download wpfd-download\"><\/i><\/a><a                            href=\"https:\/\/docs.google.com\/viewer?url=https%3A%2F%2Fportal.pi.gov.br%2Femgerpi%2Fwp-admin%2Fadmin-ajax.php%3Fjuwpfisadmin%3Dfalse%26action%3Dwpfd%26task%3Dfile.download%26wpfd_category_id%3D52%26wpfd_file_id%3D2322%26token%3D%26preview%3D1&#038;embedded=true\"                            class=\"openlink wpfdlightbox wpfd_previewlink\"                            target=\"\"                            data-id=\"2322\"                            data-catid=\"52\"                            data-file-type=\"pdf\">Visualizar<i class=\"zmdi zmdi-filter-center-focus wpfd-preview\"><\/i>                        <\/a>                        <\/td>                                    <\/tr>                            <tr class=\"file\" data-id=\"2320\"                    data-catid=\"52\">                    <td class=\"file_title\"><a class=\"wpfd_downloadlink\" href=\"https:\/\/portal.pi.gov.br\/emgerpi\/download\/52\/outros-documentos\/2320\/portaria-no-107-uso-de-cracha-doepi_113_2024.pdf\" title=\"PORTARIA NO 107 - USO DE CRACHA\u0301 \u2013 DOEPI_113_2024\"><span class=\"extcol\">                                <span class=\"ext ext-pdf\"><\/span>                                PORTARIA NO 107 - USO DE CRACHA\u0301 \u2013 DOEPI_113_2024                            <\/span><\/a><\/td><td class=\"file_size\">4.38 MB<\/td><td class=\"file_created\">03-07-2024<\/td>                                            <td class=\"col-download\">                            <a class=\"downloadlink wpfd_downloadlink\"  href=\"https:\/\/portal.pi.gov.br\/emgerpi\/download\/52\/outros-documentos\/2320\/portaria-no-107-uso-de-cracha-doepi_113_2024.pdf\" style=\"background-color:#033b85;color:#ffffff;\">Baixar<i class=\"zmdi zmdi-cloud-download wpfd-download\"><\/i><\/a><a                            href=\"https:\/\/docs.google.com\/viewer?url=https%3A%2F%2Fportal.pi.gov.br%2Femgerpi%2Fwp-admin%2Fadmin-ajax.php%3Fjuwpfisadmin%3Dfalse%26action%3Dwpfd%26task%3Dfile.download%26wpfd_category_id%3D52%26wpfd_file_id%3D2320%26token%3D%26preview%3D1&#038;embedded=true\"                            class=\"openlink wpfdlightbox wpfd_previewlink\"                            target=\"\"                            data-id=\"2320\"                            data-catid=\"52\"                            data-file-type=\"pdf\">Visualizar<i class=\"zmdi zmdi-filter-center-focus wpfd-preview\"><\/i>                        <\/a>                        <\/td>                                    <\/tr>                            <tr class=\"file\" data-id=\"2311\"                    data-catid=\"52\">                    <td class=\"file_title\"><a class=\"wpfd_downloadlink\" href=\"https:\/\/portal.pi.gov.br\/emgerpi\/download\/52\/outros-documentos\/2311\/classificac%cc%a7a%cc%83o-preliminar-jovem-aprendiz-01-2024-doepi_128_2024.pdf\" title=\"CLASSIFICAC\u0327A\u0303O PRELIMINAR - JOVEM APRENDIZ  (01.2024) - DOEPI_128_2024\"><span class=\"extcol\">                                <span class=\"ext ext-pdf\"><\/span>                                CLASSIFICAC\u0327A\u0303O PRELIMINAR - JOVEM APRENDIZ  (01.2024) - DOEPI_128_2024                            <\/span><\/a><\/td><td class=\"file_size\">1.65 MB<\/td><td class=\"file_created\">03-07-2024<\/td>                                            <td class=\"col-download\">                            <a class=\"downloadlink wpfd_downloadlink\"  href=\"https:\/\/portal.pi.gov.br\/emgerpi\/download\/52\/outros-documentos\/2311\/classificac%cc%a7a%cc%83o-preliminar-jovem-aprendiz-01-2024-doepi_128_2024.pdf\" style=\"background-color:#033b85;color:#ffffff;\">Baixar<i class=\"zmdi zmdi-cloud-download wpfd-download\"><\/i><\/a><a                            href=\"https:\/\/docs.google.com\/viewer?url=https%3A%2F%2Fportal.pi.gov.br%2Femgerpi%2Fwp-admin%2Fadmin-ajax.php%3Fjuwpfisadmin%3Dfalse%26action%3Dwpfd%26task%3Dfile.download%26wpfd_category_id%3D52%26wpfd_file_id%3D2311%26token%3D%26preview%3D1&#038;embedded=true\"                            class=\"openlink wpfdlightbox wpfd_previewlink\"                            target=\"\"                            data-id=\"2311\"                            data-catid=\"52\"                            data-file-type=\"pdf\">Visualizar<i class=\"zmdi zmdi-filter-center-focus wpfd-preview\"><\/i>                        <\/a>                        <\/td>                                    <\/tr>                            <tr class=\"file\" data-id=\"2240\"                    data-catid=\"52\">                    <td class=\"file_title\"><a class=\"wpfd_downloadlink\" href=\"https:\/\/portal.pi.gov.br\/emgerpi\/download\/52\/outros-documentos\/2240\/edital-programa-jovem-aprendiz-emgerpi-o1-2024.pdf\" title=\"EDITAL PROGRAMA JOVEM APRENDIZ EMGERPI o1 2024\"><span class=\"extcol\">                                <span class=\"ext ext-pdf\"><\/span>                                EDITAL PROGRAMA JOVEM APRENDIZ EMGERPI o1 2024                            <\/span><\/a><\/td><td class=\"file_size\">2.87 MB<\/td><td class=\"file_created\">26-06-2024<\/td>                                            <td class=\"col-download\">                            <a class=\"downloadlink wpfd_downloadlink\"  href=\"https:\/\/portal.pi.gov.br\/emgerpi\/download\/52\/outros-documentos\/2240\/edital-programa-jovem-aprendiz-emgerpi-o1-2024.pdf\" style=\"background-color:#033b85;color:#ffffff;\">Baixar<i class=\"zmdi zmdi-cloud-download wpfd-download\"><\/i><\/a><a                            href=\"https:\/\/docs.google.com\/viewer?url=https%3A%2F%2Fportal.pi.gov.br%2Femgerpi%2Fwp-admin%2Fadmin-ajax.php%3Fjuwpfisadmin%3Dfalse%26action%3Dwpfd%26task%3Dfile.download%26wpfd_category_id%3D52%26wpfd_file_id%3D2240%26token%3D%26preview%3D1&#038;embedded=true\"                            class=\"openlink wpfdlightbox wpfd_previewlink\"                            target=\"\"                            data-id=\"2240\"                            data-catid=\"52\"                            data-file-type=\"pdf\">Visualizar<i class=\"zmdi zmdi-filter-center-focus wpfd-preview\"><\/i>                        <\/a>                        <\/td>                                    <\/tr>                        <\/tbody>        <\/table>            <\/div><\/div><\/div><div class='wpfd-pagination'>\n\t<span class='page-numbers current'>1<\/span>\n<a class='page-numbers' data-page='2' data-sourcecat='52'>2<\/a>\n<a class='next page-numbers' data-page='2' data-sourcecat='52'>Pr\u00f3ximo &raquo;<\/a>\n<\/div>\n\n","protected":false},"excerpt":{"rendered":"","protected":false},"author":1,"featured_media":0,"parent":0,"menu_order":0,"comment_status":"closed","ping_status":"closed","template":"template-fullwidth.php","meta":[],"featured_image_urls":{"full":"","thumbnail":"","medium":"","medium_large":"","large":"","sgg-420":"","sgg-540":"","sgg-780":"","1536x1536":"","2048x2048":"","homepage-slider":"","homepage-slider-small":"","page-top":"","page-small":"","loop-main":"","thumb-gallery-widget":""},"post_excerpt_stackable":"<p>T\u00edtuloTamanhoData de Publica\u00e7\u00e3oBaixar RESOLU\u00c7\u00c3O DA DIRETORIA EXECUTIVA EMGERPI N\u00ba 01\/2025 960.93 KB18-02-2025 BaixarVisualizar RESOLU\u00c7\u00c3O &#8211; 01.2024 ATUALIZA\u00c7\u00c3O CADASTRAL DOS EMPREGADOS DA EMGERPI &#8211; DOEPI_191_2024 1.37 MB01-10-2024 BaixarVisualizar CONVOCAC\u0327A\u0303O3 JOVEM APRENDIZ &#8211; EDITAL 01.2024 &#8211; DOEPI_140_2024 1.52 MB19-07-2024 BaixarVisualizar CONVOCAC\u0327A\u0303O2 JOVEM APRENDIZ &#8211; EDITAL 01.2024 &#8211; DOEPI_134_2024 1.64 MB11-07-2024 BaixarVisualizar CONVOCAC\u0327A\u0303O JOVEM APRENDIZ &#8211; EDITAL 01.2024 &#8211; DOEPI_131_2024 1.70 MB07-07-2024 BaixarVisualizar RESULTADO FINAL (HOMOLOGAC\u0327A\u0303O)- JOVEM APRENDIZ (01.2024) &#8211; DOEPI_130_2024 1.16 MB05-07-2024 BaixarVisualizar ERRATA &#8211; EDITAL 01.2024 &#8211; PRG JOVEM APRENDIZ &#8211; DOEPI_129_2024 4.05 MB04-07-2024 BaixarVisualizar PORTARIA NO 107 &#8211; USO DE CRACHA\u0301 \u2013 DOEPI_113_2024 4.38 MB03-07-2024 BaixarVisualizar CLASSIFICAC\u0327A\u0303O PRELIMINAR &#8211; JOVEM&hellip;<\/p>\n","category_list":"","author_info":{"name":"admin","url":"https:\/\/portal.pi.gov.br\/emgerpi\/author\/admin\/"},"comments_num":"0 coment\u00e1rio","featured_image_urls_v2":{"full":"","thumbnail":"","medium":"","medium_large":"","large":"","sgg-420":"","sgg-540":"","sgg-780":"","1536x1536":"","2048x2048":"","homepage-slider":"","homepage-slider-small":"","page-top":"","page-small":"","loop-main":"","thumb-gallery-widget":""},"post_excerpt_stackable_v2":"<p>T\u00edtuloTamanhoData de Publica\u00e7\u00e3oBaixar RESOLU\u00c7\u00c3O DA DIRETORIA EXECUTIVA EMGERPI N\u00ba 01\/2025 960.93 KB18-02-2025 BaixarVisualizar RESOLU\u00c7\u00c3O &#8211; 01.2024 ATUALIZA\u00c7\u00c3O CADASTRAL DOS EMPREGADOS DA EMGERPI &#8211; DOEPI_191_2024 1.37 MB01-10-2024 BaixarVisualizar CONVOCAC\u0327A\u0303O3 JOVEM APRENDIZ &#8211; EDITAL 01.2024 &#8211; DOEPI_140_2024 1.52 MB19-07-2024 BaixarVisualizar CONVOCAC\u0327A\u0303O2 JOVEM APRENDIZ &#8211; EDITAL 01.2024 &#8211; DOEPI_134_2024 1.64 MB11-07-2024 BaixarVisualizar CONVOCAC\u0327A\u0303O JOVEM APRENDIZ &#8211; EDITAL 01.2024 &#8211; DOEPI_131_2024 1.70 MB07-07-2024 BaixarVisualizar RESULTADO FINAL (HOMOLOGAC\u0327A\u0303O)- JOVEM APRENDIZ (01.2024) &#8211; DOEPI_130_2024 1.16 MB05-07-2024 BaixarVisualizar ERRATA &#8211; EDITAL 01.2024 &#8211; PRG JOVEM APRENDIZ &#8211; DOEPI_129_2024 4.05 MB04-07-2024 BaixarVisualizar PORTARIA NO 107 &#8211; USO DE CRACHA\u0301 \u2013 DOEPI_113_2024 4.38 MB03-07-2024 BaixarVisualizar CLASSIFICAC\u0327A\u0303O PRELIMINAR &#8211; JOVEM&hellip;<\/p>\n","category_list_v2":"","author_info_v2":{"name":"admin","url":"https:\/\/portal.pi.gov.br\/emgerpi\/author\/admin\/"},"comments_num_v2":"0 coment\u00e1rio","_links":{"self":[{"href":"https:\/\/portal.pi.gov.br\/emgerpi\/wp-json\/wp\/v2\/pages\/2169"}],"collection":[{"href":"https:\/\/portal.pi.gov.br\/emgerpi\/wp-json\/wp\/v2\/pages"}],"about":[{"href":"https:\/\/portal.pi.gov.br\/emgerpi\/wp-json\/wp\/v2\/types\/page"}],"author":[{"embeddable":true,"href":"https:\/\/portal.pi.gov.br\/emgerpi\/wp-json\/wp\/v2\/users\/1"}],"replies":[{"embeddable":true,"href":"https:\/\/portal.pi.gov.br\/emgerpi\/wp-json\/wp\/v2\/comments?post=2169"}],"version-history":[{"count":1,"href":"https:\/\/portal.pi.gov.br\/emgerpi\/wp-json\/wp\/v2\/pages\/2169\/revisions"}],"predecessor-version":[{"id":2171,"href":"https:\/\/portal.pi.gov.br\/emgerpi\/wp-json\/wp\/v2\/pages\/2169\/revisions\/2171"}],"wp:attachment":[{"href":"https:\/\/portal.pi.gov.br\/emgerpi\/wp-json\/wp\/v2\/media?parent=2169"}],"curies":[{"name":"wp","href":"https:\/\/api.w.org\/{rel}","templated":true}]}}