{"id":2728,"date":"2025-02-18T12:39:47","date_gmt":"2025-02-18T15:39:47","guid":{"rendered":"https:\/\/portal.pi.gov.br\/emgerpi\/?page_id=2728"},"modified":"2025-02-18T12:39:48","modified_gmt":"2025-02-18T15:39:48","slug":"atas-de-reuniao","status":"publish","type":"page","link":"https:\/\/portal.pi.gov.br\/emgerpi\/atas-de-reuniao\/","title":{"rendered":"Atas de Reuni\u00e3o"},"content":{"rendered":"<script type=\"text\/x-handlebars-template\"        id=\"wpfd-template-table-categories-200\">    <div class=\"wpfd-categories\">{{#if category}}{{#with category}}{{#if parent}}<a class=\"catlink backcategory\" href=\"#\" data-idcat=\"{{parent}}\">                        <i class=\"zmdi zmdi-chevron-left\"><\/i><span>Voltar<\/span><\/a>{{\/if}}{{\/with}}{{\/if}}<\/div><\/script><script type=\"text\/x-handlebars-template\" id=\"wpfd-template-table-200\">    {{#if files}}    {{#each files}}    <tr class=\"file\" data-id=\"{{ID}}\" data-catid=\"{{catid}}\">    <td class=\"file_title\"><a class=\"wpfd_downloadlink\" href=\"{{linkdownload}}\" title=\"{{post_title}}\"><span class=\"extcol\">{{#if file_custom_icon}}<span class=\"icon-custom\"><img src=\"{{file_custom_icon}}\"><\/span>{{else}}<span class=\"ext ext-{{ext}}\"><\/span>{{\/if}}<\/span>{{{crop_title}}}<\/a><\/td><td class=\"file_size\">{{bytesToSize size}}<\/td><td class=\"file_created\">{{created}}<\/td>                    <td class=\"col-download\">                <a class=\"downloadlink wpfd_downloadlink\"  href=\"{{linkdownload}}\" style=\"background-color:#033b85;color:#ffffff;\">Baixar<i class=\"zmdi zmdi-cloud-download wpfd-download\"><\/i><\/a>{{#if openpdflink}}<a class=\"openlink wpfdlightbox wpfd_previewlink\" href=\"{{openpdflink}}\" target=\"\">Visualizar                            <i class=\"zmdi zmdi-filter-center-focus wpfd-preview\"><\/i>                        <\/a>{{else}}{{#if viewerlink}}<a                            href=\"{{viewerlink}}\"                            class=\"openlink wpfdlightbox wpfd_previewlink\"                            target=\"\"                            data-id=\"{{ID}}\"                            data-catid=\"{{catid}}\"                            data-file-type=\"{{ext}}\">Visualizar<i class=\"zmdi zmdi-filter-center-focus wpfd-preview\"><\/i>                        <\/a>{{\/if}}{{\/if}}            <\/td>            <\/tr>    {{\/each}}    {{\/if}}<\/script><div class=\"wpfd-content wpfd-content-table wpfd-content-multi colstyle\" data-category=\"200\"><input type=\"hidden\" id=\"current_category_200\" value=\"200\" \/>                    <input type=\"hidden\" id=\"current_category_slug_200\" value=\"atas-de-reuniao\" \/>                    <input type=\"hidden\" id=\"current_ordering_200\" value=\"created_time\" \/>                    <input type=\"hidden\" id=\"current_ordering_direction_200\" value=\"desc\" \/><div class=\"wpfd-container\">        <div class=\"wpfd-open-tree\"><\/div>    <div class=\"wpfd-container-table \">        <div class=\"wpfd-categories\"><\/div>        <table class=\"wpfd-table wpfd-table-bordered wpfd-table-striped mediaTable\">            <thead>            <tr>                <th class=\"essential persist file_title\">T\u00edtulo<\/th><th class=\"optional file_size\">Tamanho<\/th><th class=\"optional file_created\">Data de Publica\u00e7\u00e3o<\/th><th class=\"essential file_download\">Baixar<\/th>            <\/tr>            <\/thead>            <tbody>                            <tr class=\"file\" data-id=\"3704\"                    data-catid=\"200\">                    <td class=\"file_title\"><a class=\"wpfd_downloadlink\" href=\"https:\/\/portal.pi.gov.br\/emgerpi\/download\/200\/atas-de-reuniao\/3704\/ata_do_dia_13_de_fevereiro_de_2026_atualizacao_dos_valores_de_dispensa_de_licitacao-3.pdf\" title=\"Ata_do_dia_13_de_Fevereiro_de_2026_Atualizacao_dos_valores_de_dispensa_de_licitacao\"><span class=\"extcol\">                                <span class=\"ext ext-pdf\"><\/span>                                Ata_do_dia_13_de_Fevereiro_de_2026_Atualizacao_dos_valores_de_dispensa_de_licitacao                            <\/span><\/a><\/td><td class=\"file_size\">646.79 KB<\/td><td class=\"file_created\">18-03-2026<\/td>                                            <td class=\"col-download\">                            <a class=\"downloadlink wpfd_downloadlink\"  href=\"https:\/\/portal.pi.gov.br\/emgerpi\/download\/200\/atas-de-reuniao\/3704\/ata_do_dia_13_de_fevereiro_de_2026_atualizacao_dos_valores_de_dispensa_de_licitacao-3.pdf\" style=\"background-color:#033b85;color:#ffffff;\">Baixar<i class=\"zmdi zmdi-cloud-download wpfd-download\"><\/i><\/a><a                            href=\"https:\/\/docs.google.com\/viewer?url=https%3A%2F%2Fportal.pi.gov.br%2Femgerpi%2Fwp-admin%2Fadmin-ajax.php%3Fjuwpfisadmin%3Dfalse%26action%3Dwpfd%26task%3Dfile.download%26wpfd_category_id%3D200%26wpfd_file_id%3D3704%26token%3D%26preview%3D1&#038;embedded=true\"                            class=\"openlink wpfdlightbox wpfd_previewlink\"                            target=\"\"                            data-id=\"3704\"                            data-catid=\"200\"                            data-file-type=\"pdf\">Visualizar<i class=\"zmdi zmdi-filter-center-focus wpfd-preview\"><\/i>                        <\/a>                        <\/td>                                    <\/tr>                            <tr class=\"file\" data-id=\"2727\"                    data-catid=\"200\">                    <td class=\"file_title\"><a class=\"wpfd_downloadlink\" href=\"https:\/\/portal.pi.gov.br\/emgerpi\/download\/200\/atas-de-reuniao\/2727\/ata-de-reuniao-do-conselho-de-administracao-da-emgerpi-2025.pdf\" title=\"ATA DE REUNI\u00c3O DO CONSELHO DE ADMINISTRA\u00c7\u00c3O DA EMGERPI 2025\"><span class=\"extcol\">                                <span class=\"ext ext-pdf\"><\/span>                                ATA DE REUNI\u00c3O DO CONSELHO DE ADMINISTRA\u00c7\u00c3O DA EMGERPI 2025                            <\/span><\/a><\/td><td class=\"file_size\">960.93 KB<\/td><td class=\"file_created\">18-02-2025<\/td>                                            <td class=\"col-download\">                            <a class=\"downloadlink wpfd_downloadlink\"  href=\"https:\/\/portal.pi.gov.br\/emgerpi\/download\/200\/atas-de-reuniao\/2727\/ata-de-reuniao-do-conselho-de-administracao-da-emgerpi-2025.pdf\" style=\"background-color:#033b85;color:#ffffff;\">Baixar<i class=\"zmdi zmdi-cloud-download wpfd-download\"><\/i><\/a><a                            href=\"https:\/\/docs.google.com\/viewer?url=https%3A%2F%2Fportal.pi.gov.br%2Femgerpi%2Fwp-admin%2Fadmin-ajax.php%3Fjuwpfisadmin%3Dfalse%26action%3Dwpfd%26task%3Dfile.download%26wpfd_category_id%3D200%26wpfd_file_id%3D2727%26token%3D%26preview%3D1&#038;embedded=true\"                            class=\"openlink wpfdlightbox wpfd_previewlink\"                            target=\"\"                            data-id=\"2727\"                            data-catid=\"200\"                            data-file-type=\"pdf\">Visualizar<i class=\"zmdi zmdi-filter-center-focus wpfd-preview\"><\/i>                        <\/a>                        <\/td>                                    <\/tr>                        <\/tbody>        <\/table>            <\/div><\/div><\/div>\n","protected":false},"excerpt":{"rendered":"","protected":false},"author":1,"featured_media":0,"parent":0,"menu_order":0,"comment_status":"closed","ping_status":"closed","template":"","meta":[],"featured_image_urls":{"full":"","thumbnail":"","medium":"","medium_large":"","large":"","sgg-420":"","sgg-540":"","sgg-780":"","1536x1536":"","2048x2048":"","homepage-slider":"","homepage-slider-small":"","page-top":"","page-small":"","loop-main":"","thumb-gallery-widget":""},"post_excerpt_stackable":"<p>T\u00edtuloTamanhoData de Publica\u00e7\u00e3oBaixar Ata_do_dia_13_de_Fevereiro_de_2026_Atualizacao_dos_valores_de_dispensa_de_licitacao 646.79 KB18-03-2026 BaixarVisualizar ATA DE REUNI\u00c3O DO CONSELHO DE ADMINISTRA\u00c7\u00c3O DA EMGERPI 2025 960.93 KB18-02-2025 BaixarVisualizar<\/p>\n","category_list":"","author_info":{"name":"admin","url":"https:\/\/portal.pi.gov.br\/emgerpi\/author\/admin\/"},"comments_num":"0 coment\u00e1rio","featured_image_urls_v2":{"full":"","thumbnail":"","medium":"","medium_large":"","large":"","sgg-420":"","sgg-540":"","sgg-780":"","1536x1536":"","2048x2048":"","homepage-slider":"","homepage-slider-small":"","page-top":"","page-small":"","loop-main":"","thumb-gallery-widget":""},"post_excerpt_stackable_v2":"<p>T\u00edtuloTamanhoData de Publica\u00e7\u00e3oBaixar Ata_do_dia_13_de_Fevereiro_de_2026_Atualizacao_dos_valores_de_dispensa_de_licitacao 646.79 KB18-03-2026 BaixarVisualizar ATA DE REUNI\u00c3O DO CONSELHO DE ADMINISTRA\u00c7\u00c3O DA EMGERPI 2025 960.93 KB18-02-2025 BaixarVisualizar<\/p>\n","category_list_v2":"","author_info_v2":{"name":"admin","url":"https:\/\/portal.pi.gov.br\/emgerpi\/author\/admin\/"},"comments_num_v2":"0 coment\u00e1rio","_links":{"self":[{"href":"https:\/\/portal.pi.gov.br\/emgerpi\/wp-json\/wp\/v2\/pages\/2728"}],"collection":[{"href":"https:\/\/portal.pi.gov.br\/emgerpi\/wp-json\/wp\/v2\/pages"}],"about":[{"href":"https:\/\/portal.pi.gov.br\/emgerpi\/wp-json\/wp\/v2\/types\/page"}],"author":[{"embeddable":true,"href":"https:\/\/portal.pi.gov.br\/emgerpi\/wp-json\/wp\/v2\/users\/1"}],"replies":[{"embeddable":true,"href":"https:\/\/portal.pi.gov.br\/emgerpi\/wp-json\/wp\/v2\/comments?post=2728"}],"version-history":[{"count":1,"href":"https:\/\/portal.pi.gov.br\/emgerpi\/wp-json\/wp\/v2\/pages\/2728\/revisions"}],"predecessor-version":[{"id":2730,"href":"https:\/\/portal.pi.gov.br\/emgerpi\/wp-json\/wp\/v2\/pages\/2728\/revisions\/2730"}],"wp:attachment":[{"href":"https:\/\/portal.pi.gov.br\/emgerpi\/wp-json\/wp\/v2\/media?parent=2728"}],"curies":[{"name":"wp","href":"https:\/\/api.w.org\/{rel}","templated":true}]}}