{"id":3715,"date":"2026-03-20T10:56:14","date_gmt":"2026-03-20T13:56:14","guid":{"rendered":"https:\/\/portal.pi.gov.br\/emgerpi\/?page_id=3715"},"modified":"2026-03-20T11:27:15","modified_gmt":"2026-03-20T14:27:15","slug":"atualizacao-cadastral","status":"publish","type":"page","link":"https:\/\/portal.pi.gov.br\/emgerpi\/atualizacao-cadastral\/","title":{"rendered":"Atualiza\u00e7\u00e3o Cadastral"},"content":{"rendered":"\n<p>Acesse ao formul\u00e1rio com o question\u00e1rio para preenchimento das informa\u00e7\u00f5es cadastrais:<\/p>\n\n\n\n<div class=\"wp-block-stackable-button-group stk-block-button-group stk-block stk-bdaf45c\" data-block-id=\"bdaf45c\"><style>.stk-bdaf45c{margin-bottom:16px !important}<\/style><div class=\"stk-row stk-inner-blocks stk-block-content stk-button-group\">\n<div class=\"wp-block-stackable-button stk-block-button stk-block stk-aa49eb2\" data-block-id=\"aa49eb2\"><style>.stk-aa49eb2{align-items:center !important;display:flex !important}.stk-aa49eb2 .stk-button{background:#034ea2 !important;border-radius:8px !important}.stk-aa49eb2 .stk-button__inner-text{font-size:16px !important;font-weight:600 !important;font-family:\"Montserrat\",Sans-serif !important}@media screen and (max-width:1023px){.stk-aa49eb2 .stk-button__inner-text{font-size:16px !important}}<\/style><a class=\"stk-link stk-button stk--hover-effect-lift-scale\" href=\"https:\/\/forms.gle\/s5XMwEfStVrDuHa6A\" target=\"_blank\" rel=\"noreferrer noopener\"><span class=\"stk-button__inner-text\">Formul\u00e1rio<\/span><\/a><\/div>\n<\/div><\/div>\n\n\n\n<p>A atualiza\u00e7\u00e3o cadastral \u00e9 um processo fundamental para garantir que as informa\u00e7\u00f5es dos empregados estejam sempre corretas e atualizadas nos sistemas institucionais. Esse procedimento contribui diretamente para a seguran\u00e7a dos dados, a efici\u00eancia da gest\u00e3o de pessoas e a regularidade de registros funcionais.<\/p>\n\n\n\n<p>Conforme estabelecido em Decreto publicado no Di\u00e1rio Oficial do Estado do Piau\u00ed, a atualiza\u00e7\u00e3o cadastral deve ser realizada anualmente, tendo como refer\u00eancia o m\u00eas de anivers\u00e1rio de cada empregado. \u00c9 essencial que todos cumpram esse prazo, evitando inconsist\u00eancias cadastrais e poss\u00edveis impactos em processos administrativos.<\/p>\n\n\n\n<p>Refor\u00e7amos que a responsabilidade pela atualiza\u00e7\u00e3o das informa\u00e7\u00f5es \u00e9 do pr\u00f3prio empregado, sendo este um compromisso importante com a transpar\u00eancia e a conformidade institucional.<\/p>\n\n\n\n<p>Em caso de d\u00favidas ou necessidade de apoio durante o preenchimento, entre em contato com a equipe respons\u00e1vel pelos canais abaixo:<\/p>\n\n\n\n<div class=\"wp-block-stackable-icon-list stk-block-icon-list has-text-align-left stk-block stk-124bb67\" data-block-id=\"124bb67\"><style>.stk-124bb67 ul li,.stk-124bb67 ol li{font-size:16px !important;font-family:\"Montserrat\",Sans-serif !important}.stk-124bb67{align-items:center !important;padding-top:0px !important;padding-right:0px !important;padding-bottom:0px !important;padding-left:0px !important;margin-bottom:16px !important;display:flex !important}.stk-124bb67 ul li:nth-child(1){list-style-image:url('data:image\/svg+xml;base64,PHN2ZyBhcmlhLWhpZGRlbj0idHJ1ZSIgZm9jdXNhYmxlPSJmYWxzZSIgZGF0YS1wcmVmaXg9ImZhcyIgZGF0YS1pY29uPSJwaG9uZS1hbHQiIGNsYXNzPSJzdmctaW5saW5lLS1mYSBmYS1waG9uZS1hbHQgZmEtdy0xNiIgcm9sZT0iaW1nIiB4bWxucz0iaHR0cDovL3d3dy53My5vcmcvMjAwMC9zdmciIHZpZXdCb3g9IjAgMCA1MTIgNTEyIiBzdHlsZT0iZmlsbDogIzAwMCAhaW1wb3J0YW50OyBjb2xvcjogIzAwMCAhaW1wb3J0YW50O3RyYW5zZm9ybTogcm90YXRlKGRlZykgIWltcG9ydGFudDsiPjxwYXRoIGZpbGw9IiMwMDAiIGQ9Ik00OTcuMzkgMzYxLjhsLTExMi00OGEyNCAyNCAwIDAgMC0yOCA2LjlsLTQ5LjYgNjAuNkEzNzAuNjYgMzcwLjY2IDAgMCAxIDEzMC42IDIwNC4xMWw2MC42LTQ5LjZhMjMuOTQgMjMuOTQgMCAwIDAgNi45LTI4bC00OC0xMTJBMjQuMTYgMjQuMTYgMCAwIDAgMTIyLjYuNjFsLTEwNCAyNEEyNCAyNCAwIDAgMCAwIDQ4YzAgMjU2LjUgMjA3LjkgNDY0IDQ2NCA0NjRhMjQgMjQgMCAwIDAgMjMuNC0xOC42bDI0LTEwNGEyNC4yOSAyNC4yOSAwIDAgMC0xNC4wMS0yNy42eiIgc3Ryb2tlPSIjMDAwIiBzdHlsZT0iZmlsbDogcmdiKDAsIDAsIDApOyBzdHJva2U6IHJnYigwLCAwLCAwKTsiLz48L3N2Zz4=') !important}.stk-124bb67 ul li:nth-child(2){list-style-image:url('data:image\/svg+xml;base64,PHN2ZyBhcmlhLWhpZGRlbj0idHJ1ZSIgZm9jdXNhYmxlPSJmYWxzZSIgZGF0YS1wcmVmaXg9ImZhcyIgZGF0YS1pY29uPSJwaG9uZS1hbHQiIGNsYXNzPSJzdmctaW5saW5lLS1mYSBmYS1waG9uZS1hbHQgZmEtdy0xNiIgcm9sZT0iaW1nIiB4bWxucz0iaHR0cDovL3d3dy53My5vcmcvMjAwMC9zdmciIHZpZXdCb3g9IjAgMCA1MTIgNTEyIiBzdHlsZT0iZmlsbDogIzAwMCAhaW1wb3J0YW50OyBjb2xvcjogIzAwMCAhaW1wb3J0YW50O3RyYW5zZm9ybTogcm90YXRlKGRlZykgIWltcG9ydGFudDsiPjxwYXRoIGZpbGw9IiMwMDAiIGQ9Ik00OTcuMzkgMzYxLjhsLTExMi00OGEyNCAyNCAwIDAgMC0yOCA2LjlsLTQ5LjYgNjAuNkEzNzAuNjYgMzcwLjY2IDAgMCAxIDEzMC42IDIwNC4xMWw2MC42LTQ5LjZhMjMuOTQgMjMuOTQgMCAwIDAgNi45LTI4bC00OC0xMTJBMjQuMTYgMjQuMTYgMCAwIDAgMTIyLjYuNjFsLTEwNCAyNEEyNCAyNCAwIDAgMCAwIDQ4YzAgMjU2LjUgMjA3LjkgNDY0IDQ2NCA0NjRhMjQgMjQgMCAwIDAgMjMuNC0xOC42bDI0LTEwNGEyNC4yOSAyNC4yOSAwIDAgMC0xNC4wMS0yNy42eiIgc3Ryb2tlPSIjMDAwIiBzdHlsZT0iZmlsbDogcmdiKDAsIDAsIDApOyBzdHJva2U6IHJnYigwLCAwLCAwKTsiLz48L3N2Zz4=') !important}.stk-124bb67 ul li:nth-child(3){list-style-image:url('data:image\/svg+xml;base64,PHN2ZyBhcmlhLWhpZGRlbj0idHJ1ZSIgZm9jdXNhYmxlPSJmYWxzZSIgZGF0YS1wcmVmaXg9ImZhcyIgZGF0YS1pY29uPSJlbnZlbG9wZSIgY2xhc3M9InN2Zy1pbmxpbmUtLWZhIGZhLWVudmVsb3BlIGZhLXctMTYiIHJvbGU9ImltZyIgeG1sbnM9Imh0dHA6Ly93d3cudzMub3JnLzIwMDAvc3ZnIiB2aWV3Qm94PSIwIDAgNTEyIDUxMiIgc3R5bGU9ImZpbGw6ICMwMDAgIWltcG9ydGFudDsgY29sb3I6ICMwMDAgIWltcG9ydGFudDt0cmFuc2Zvcm06IHJvdGF0ZShkZWcpICFpbXBvcnRhbnQ7Ij48cGF0aCBmaWxsPSIjMDAwIiBkPSJNNTAyLjMgMTkwLjhjMy45LTMuMSA5LjctLjIgOS43IDQuN1Y0MDBjMCAyNi41LTIxLjUgNDgtNDggNDhINDhjLTI2LjUgMC00OC0yMS41LTQ4LTQ4VjE5NS42YzAtNSA1LjctNy44IDkuNy00LjcgMjIuNCAxNy40IDUyLjEgMzkuNSAxNTQuMSAxMTMuNiAyMS4xIDE1LjQgNTYuNyA0Ny44IDkyLjIgNDcuNiAzNS43LjMgNzItMzIuOCA5Mi4zLTQ3LjYgMTAyLTc0LjEgMTMxLjYtOTYuMyAxNTQtMTEzLjd6TTI1NiAzMjBjMjMuMi40IDU2LjYtMjkuMiA3My40LTQxLjQgMTMyLjctOTYuMyAxNDIuOC0xMDQuNyAxNzMuNC0xMjguNyA1LjgtNC41IDkuMi0xMS41IDkuMi0xOC45di0xOWMwLTI2LjUtMjEuNS00OC00OC00OEg0OEMyMS41IDY0IDAgODUuNSAwIDExMnYxOWMwIDcuNCAzLjQgMTQuMyA5LjIgMTguOSAzMC42IDIzLjkgNDAuNyAzMi40IDE3My40IDEyOC43IDE2LjggMTIuMiA1MC4yIDQxLjggNzMuNCA0MS40eiIgc3Ryb2tlPSIjMDAwIiBzdHlsZT0iZmlsbDogcmdiKDAsIDAsIDApOyBzdHJva2U6IHJnYigwLCAwLCAwKTsiLz48L3N2Zz4=') !important}.stk-124bb67 li{padding-inline-start:4px !important;margin-inline:0 auto !important}.stk-124bb67 ul li{list-style-image:url('data:image\/svg+xml;base64,PHN2ZyB4bWxucz0iaHR0cDovL3d3dy53My5vcmcvMjAwMC9zdmciIHZpZXdCb3g9IjAgMCAxOTAgMTkwIiBzdHlsZT0iZmlsbDogIzAwMCAhaW1wb3J0YW50OyBjb2xvcjogIzAwMCAhaW1wb3J0YW50O3RyYW5zZm9ybTogcm90YXRlKGRlZykgIWltcG9ydGFudDsiPjxwb2x5Z29uIHBvaW50cz0iMTczLjgsMjguNCA2MC40LDE0MS44IDE1LjcsOTcuMiA1LjEsMTA3LjggNjAuNCwxNjMgMTg0LjQsMzkgMTczLjgsMjguNCIgZmlsbD0iIzAwMCIgc3Ryb2tlPSIjMDAwIiBzdHlsZT0iZmlsbDogcmdiKDAsIDAsIDApOyBzdHJva2U6IHJnYigwLCAwLCAwKTsiLz48L3N2Zz4=') !important}.stk-124bb67 li::marker{font-size:2em !important}@media screen and (max-width:1023px){.stk-124bb67 ul li,.stk-124bb67 ol li{font-size:16px !important}}<\/style><ul><li>(86) 99404-0248<\/li><li>(86) 99414-3792<\/li><li>gerenciadelotacaodgp@gmail.com<\/li><\/ul><\/div>\n\n\n\n<div class=\"wp-block-stackable-text stk-block-text stk-block stk-9892d87\" data-block-id=\"9892d87\"><p class=\"stk-block-text__text\">Contamos com a colabora\u00e7\u00e3o de todos para mantermos nossos dados sempre atualizados e nossos processos cada vez mais eficientes.<\/p><\/div>\n\n\n\n<p><a rel=\"noreferrer noopener\" href=\"https:\/\/portal.pi.gov.br\/emgerpi\/wp-content\/uploads\/sites\/90\/2026\/03\/doepi_191_2024.pdf\" target=\"_blank\"><strong>DOE\/PI n\u00ba 191\/2024<\/strong><\/a><\/p>\n\n\n\n<p><\/p>\n","protected":false},"excerpt":{"rendered":"<p>Acesse ao formul\u00e1rio com o question\u00e1rio para preenchimento das informa\u00e7\u00f5es cadastrais: Formul\u00e1rio A atualiza\u00e7\u00e3o cadastral \u00e9 um processo fundamental para garantir que as informa\u00e7\u00f5es dos empregados estejam sempre corretas e [&hellip;]<\/p>\n","protected":false},"author":1832,"featured_media":0,"parent":0,"menu_order":0,"comment_status":"closed","ping_status":"closed","template":"","meta":[],"featured_image_urls":{"full":"","thumbnail":"","medium":"","medium_large":"","large":"","sgg-420":"","sgg-540":"","sgg-780":"","1536x1536":"","2048x2048":"","homepage-slider":"","homepage-slider-small":"","page-top":"","page-small":"","loop-main":"","thumb-gallery-widget":""},"post_excerpt_stackable":"<p>Acesse ao formul\u00e1rio com o question\u00e1rio para preenchimento das informa\u00e7\u00f5es cadastrais: Formul\u00e1rio A atualiza\u00e7\u00e3o cadastral \u00e9 um processo fundamental para garantir que as informa\u00e7\u00f5es dos empregados estejam sempre corretas e atualizadas nos sistemas institucionais. Esse procedimento contribui diretamente para a seguran\u00e7a dos dados, a efici\u00eancia da gest\u00e3o de pessoas e a regularidade de registros funcionais. Conforme estabelecido em Decreto publicado no Di\u00e1rio Oficial do Estado do Piau\u00ed, a atualiza\u00e7\u00e3o cadastral deve ser realizada anualmente, tendo como refer\u00eancia o m\u00eas de anivers\u00e1rio de cada empregado. \u00c9 essencial que todos cumpram esse prazo, evitando inconsist\u00eancias cadastrais e poss\u00edveis impactos em processos administrativos.&hellip;<\/p>\n","category_list":"","author_info":{"name":"ETIPI","url":"https:\/\/portal.pi.gov.br\/emgerpi\/author\/pallomagualter\/"},"comments_num":"0 coment\u00e1rio","featured_image_urls_v2":{"full":"","thumbnail":"","medium":"","medium_large":"","large":"","sgg-420":"","sgg-540":"","sgg-780":"","1536x1536":"","2048x2048":"","homepage-slider":"","homepage-slider-small":"","page-top":"","page-small":"","loop-main":"","thumb-gallery-widget":""},"post_excerpt_stackable_v2":"<p>Acesse ao formul\u00e1rio com o question\u00e1rio para preenchimento das informa\u00e7\u00f5es cadastrais: Formul\u00e1rio A atualiza\u00e7\u00e3o cadastral \u00e9 um processo fundamental para garantir que as informa\u00e7\u00f5es dos empregados estejam sempre corretas e atualizadas nos sistemas institucionais. Esse procedimento contribui diretamente para a seguran\u00e7a dos dados, a efici\u00eancia da gest\u00e3o de pessoas e a regularidade de registros funcionais. Conforme estabelecido em Decreto publicado no Di\u00e1rio Oficial do Estado do Piau\u00ed, a atualiza\u00e7\u00e3o cadastral deve ser realizada anualmente, tendo como refer\u00eancia o m\u00eas de anivers\u00e1rio de cada empregado. \u00c9 essencial que todos cumpram esse prazo, evitando inconsist\u00eancias cadastrais e poss\u00edveis impactos em processos administrativos.&hellip;<\/p>\n","category_list_v2":"","author_info_v2":{"name":"ETIPI","url":"https:\/\/portal.pi.gov.br\/emgerpi\/author\/pallomagualter\/"},"comments_num_v2":"0 coment\u00e1rio","_links":{"self":[{"href":"https:\/\/portal.pi.gov.br\/emgerpi\/wp-json\/wp\/v2\/pages\/3715"}],"collection":[{"href":"https:\/\/portal.pi.gov.br\/emgerpi\/wp-json\/wp\/v2\/pages"}],"about":[{"href":"https:\/\/portal.pi.gov.br\/emgerpi\/wp-json\/wp\/v2\/types\/page"}],"author":[{"embeddable":true,"href":"https:\/\/portal.pi.gov.br\/emgerpi\/wp-json\/wp\/v2\/users\/1832"}],"replies":[{"embeddable":true,"href":"https:\/\/portal.pi.gov.br\/emgerpi\/wp-json\/wp\/v2\/comments?post=3715"}],"version-history":[{"count":18,"href":"https:\/\/portal.pi.gov.br\/emgerpi\/wp-json\/wp\/v2\/pages\/3715\/revisions"}],"predecessor-version":[{"id":3748,"href":"https:\/\/portal.pi.gov.br\/emgerpi\/wp-json\/wp\/v2\/pages\/3715\/revisions\/3748"}],"wp:attachment":[{"href":"https:\/\/portal.pi.gov.br\/emgerpi\/wp-json\/wp\/v2\/media?parent=3715"}],"curies":[{"name":"wp","href":"https:\/\/api.w.org\/{rel}","templated":true}]}}