{"id":935,"date":"2023-12-07T10:40:39","date_gmt":"2023-12-07T13:40:39","guid":{"rendered":"https:\/\/portal.pi.gov.br\/emgerpi\/?page_id=935"},"modified":"2024-01-11T11:41:32","modified_gmt":"2024-01-11T14:41:32","slug":"licitacoes","status":"publish","type":"page","link":"https:\/\/portal.pi.gov.br\/emgerpi\/licitacoes\/","title":{"rendered":"Atas de Registro de Pre\u00e7o"},"content":{"rendered":"<script type=\"text\/x-handlebars-template\"        id=\"wpfd-template-table-categories-29\">    <div class=\"wpfd-categories\">{{#if category}}{{#with category}}{{#if parent}}<a class=\"catlink backcategory\" href=\"#\" data-idcat=\"{{parent}}\">                        <i class=\"zmdi zmdi-chevron-left\"><\/i><span>Voltar<\/span><\/a>{{\/if}}{{\/with}}{{\/if}}<\/div><\/script><script type=\"text\/x-handlebars-template\" id=\"wpfd-template-table-29\">    {{#if files}}    {{#each files}}    <tr class=\"file\" data-id=\"{{ID}}\" data-catid=\"{{catid}}\">    <td class=\"file_title\"><a class=\"wpfd_downloadlink\" href=\"{{linkdownload}}\" title=\"{{post_title}}\"><span class=\"extcol\">{{#if file_custom_icon}}<span class=\"icon-custom\"><img src=\"{{file_custom_icon}}\"><\/span>{{else}}<span class=\"ext ext-{{ext}}\"><\/span>{{\/if}}<\/span>{{{crop_title}}}<\/a><\/td><td class=\"file_desc\">{{{description}}}<\/td><td class=\"file_size\">{{bytesToSize size}}<\/td><td class=\"file_created\">{{created}}<\/td>                    <td class=\"col-download\">                <a class=\"downloadlink wpfd_downloadlink\"  href=\"{{linkdownload}}\" style=\"background-color:#033b85;color:#ffffff;\">Baixar<i class=\"zmdi zmdi-cloud-download wpfd-download\"><\/i><\/a>{{#if openpdflink}}<a class=\"openlink wpfdlightbox wpfd_previewlink\" href=\"{{openpdflink}}\" target=\"\">Visualizar                            <i class=\"zmdi zmdi-filter-center-focus wpfd-preview\"><\/i>                        <\/a>{{else}}{{#if viewerlink}}<a                            href=\"{{viewerlink}}\"                            class=\"openlink wpfdlightbox wpfd_previewlink\"                            target=\"\"                            data-id=\"{{ID}}\"                            data-catid=\"{{catid}}\"                            data-file-type=\"{{ext}}\">Visualizar<i class=\"zmdi zmdi-filter-center-focus wpfd-preview\"><\/i>                        <\/a>{{\/if}}{{\/if}}            <\/td>            <\/tr>    {{\/each}}    {{\/if}}<\/script><div class=\"wpfd-content wpfd-content-table wpfd-content-multi colstyle\" data-category=\"29\"><input type=\"hidden\" id=\"current_category_29\" value=\"29\" \/>                    <input type=\"hidden\" id=\"current_category_slug_29\" value=\"atas-de-registro-de-preco\" \/>                    <input type=\"hidden\" id=\"current_ordering_29\" value=\"created_time\" \/>                    <input type=\"hidden\" id=\"current_ordering_direction_29\" value=\"desc\" \/><div class=\"wpfd-container\">        <div class=\"wpfd-open-tree\"><\/div>    <div class=\"wpfd-container-table \">        <div class=\"wpfd-categories\"><\/div>        <table class=\"wpfd-table wpfd-table-bordered wpfd-table-striped mediaTable\">            <thead>            <tr>                <th class=\"essential persist file_title\">T\u00edtulo<\/th><th class=\"optional file_desc\">Descri\u00e7\u00e3o<\/th><th class=\"optional file_size\">Tamanho<\/th><th class=\"optional file_created\">Data de Publica\u00e7\u00e3o<\/th><th class=\"essential file_download\">Baixar<\/th>            <\/tr>            <\/thead>            <tbody>                            <tr class=\"file\" data-id=\"2723\"                    data-catid=\"29\">                    <td class=\"file_title\"><a class=\"wpfd_downloadlink\" href=\"https:\/\/portal.pi.gov.br\/emgerpi\/download\/29\/atas-de-registro-de-preco\/2723\/publicacao_da_resolucao_01_2025.pdf\" title=\"Publicacao_da_Resolucao_01_2025\"><span class=\"extcol\">                                <span class=\"ext ext-pdf\"><\/span>                                Publicacao_da_Resolucao_01_2025                            <\/span><\/a><\/td><td class=\"file_desc\"><\/td><td class=\"file_size\">960.93 KB<\/td><td class=\"file_created\">18-02-2025<\/td>                                            <td class=\"col-download\">                            <a class=\"downloadlink wpfd_downloadlink\"  href=\"https:\/\/portal.pi.gov.br\/emgerpi\/download\/29\/atas-de-registro-de-preco\/2723\/publicacao_da_resolucao_01_2025.pdf\" style=\"background-color:#033b85;color:#ffffff;\">Baixar<i class=\"zmdi zmdi-cloud-download wpfd-download\"><\/i><\/a><a                            href=\"https:\/\/docs.google.com\/viewer?url=https%3A%2F%2Fportal.pi.gov.br%2Femgerpi%2Fwp-admin%2Fadmin-ajax.php%3Fjuwpfisadmin%3Dfalse%26action%3Dwpfd%26task%3Dfile.download%26wpfd_category_id%3D29%26wpfd_file_id%3D2723%26token%3D%26preview%3D1&#038;embedded=true\"                            class=\"openlink wpfdlightbox wpfd_previewlink\"                            target=\"\"                            data-id=\"2723\"                            data-catid=\"29\"                            data-file-type=\"pdf\">Visualizar<i class=\"zmdi zmdi-filter-center-focus wpfd-preview\"><\/i>                        <\/a>                        <\/td>                                    <\/tr>                            <tr class=\"file\" data-id=\"1708\"                    data-catid=\"29\">                    <td class=\"file_title\"><a class=\"wpfd_downloadlink\" href=\"https:\/\/portal.pi.gov.br\/emgerpi\/download\/29\/atas-de-registro-de-preco\/1708\/extrato-da-ata-de-registro-de-precos-no-01-2024.pdf\" title=\"EXTRATO DA ATA DE REGISTRO DE PRE\u00c7OS N\u00ba 01\/2024\"><span class=\"extcol\">                                <span class=\"ext ext-pdf\"><\/span>                                EXTRATO DA ATA DE REGISTRO DE PRE\u00c7OS N\u00ba 01\/2024                            <\/span><\/a><\/td><td class=\"file_desc\">PREGAO ELETR\u00d4NICO RELAN\u00c7AMENTO SRP N\u00ba 02\/2023 \u2013 EMGERPI (Aquisi\u00e7\u00e3o de Ar-Condicionado).<\/td><td class=\"file_size\">1.56 MB<\/td><td class=\"file_created\">28-02-2024<\/td>                                            <td class=\"col-download\">                            <a class=\"downloadlink wpfd_downloadlink\"  href=\"https:\/\/portal.pi.gov.br\/emgerpi\/download\/29\/atas-de-registro-de-preco\/1708\/extrato-da-ata-de-registro-de-precos-no-01-2024.pdf\" style=\"background-color:#033b85;color:#ffffff;\">Baixar<i class=\"zmdi zmdi-cloud-download wpfd-download\"><\/i><\/a><a                            href=\"https:\/\/docs.google.com\/viewer?url=https%3A%2F%2Fportal.pi.gov.br%2Femgerpi%2Fwp-admin%2Fadmin-ajax.php%3Fjuwpfisadmin%3Dfalse%26action%3Dwpfd%26task%3Dfile.download%26wpfd_category_id%3D29%26wpfd_file_id%3D1708%26token%3D%26preview%3D1&#038;embedded=true\"                            class=\"openlink wpfdlightbox wpfd_previewlink\"                            target=\"\"                            data-id=\"1708\"                            data-catid=\"29\"                            data-file-type=\"pdf\">Visualizar<i class=\"zmdi zmdi-filter-center-focus wpfd-preview\"><\/i>                        <\/a>                        <\/td>                                    <\/tr>                            <tr class=\"file\" data-id=\"1694\"                    data-catid=\"29\">                    <td class=\"file_title\"><a class=\"wpfd_downloadlink\" href=\"https:\/\/portal.pi.gov.br\/emgerpi\/download\/29\/atas-de-registro-de-preco\/1694\/extrato-da-ata-de-registro-de-precos-no-01-2023-publicacao-doe-pi.pdf\" title=\"Extrato da Ata de Registro de Pre\u00e7os n\u00ba 01\/2023-Publica\u00e7\u00e3o DOE PI\"><span class=\"extcol\">                                <span class=\"ext ext-pdf\"><\/span>                                Extrato da Ata de Registro de Pre\u00e7os n\u00ba 01\/2023-Publica\u00e7\u00e3o DOE PI                            <\/span><\/a><\/td><td class=\"file_desc\">ARP N\u00b0 01\/2023 - EMGERPI (PE SRP N\u00ba 01\/2023)<\/td><td class=\"file_size\">34.26 KB<\/td><td class=\"file_created\">03-05-2023<\/td>                                            <td class=\"col-download\">                            <a class=\"downloadlink wpfd_downloadlink\"  href=\"https:\/\/portal.pi.gov.br\/emgerpi\/download\/29\/atas-de-registro-de-preco\/1694\/extrato-da-ata-de-registro-de-precos-no-01-2023-publicacao-doe-pi.pdf\" style=\"background-color:#033b85;color:#ffffff;\">Baixar<i class=\"zmdi zmdi-cloud-download wpfd-download\"><\/i><\/a><a                            href=\"https:\/\/docs.google.com\/viewer?url=https%3A%2F%2Fportal.pi.gov.br%2Femgerpi%2Fwp-admin%2Fadmin-ajax.php%3Fjuwpfisadmin%3Dfalse%26action%3Dwpfd%26task%3Dfile.download%26wpfd_category_id%3D29%26wpfd_file_id%3D1694%26token%3D%26preview%3D1&#038;embedded=true\"                            class=\"openlink wpfdlightbox wpfd_previewlink\"                            target=\"\"                            data-id=\"1694\"                            data-catid=\"29\"                            data-file-type=\"pdf\">Visualizar<i class=\"zmdi zmdi-filter-center-focus wpfd-preview\"><\/i>                        <\/a>                        <\/td>                                    <\/tr>                            <tr class=\"file\" data-id=\"1685\"                    data-catid=\"29\">                    <td class=\"file_title\"><a class=\"wpfd_downloadlink\" href=\"https:\/\/portal.pi.gov.br\/emgerpi\/download\/29\/atas-de-registro-de-preco\/1685\/extrato-de-registro-de-precos-no-09-2022-publicacao-doe-pi.pdf\" title=\"Extrato de Registro de Pre\u00e7os n\u00ba 09\/2022 - Publica\u00e7\u00e3o DOE - PI\"><span class=\"extcol\">                                <span class=\"ext ext-pdf\"><\/span>                                Extrato de Registro de Pre\u00e7os n\u00ba 09\/2022 - Publica\u00e7\u00e3o DOE - PI                            <\/span><\/a><\/td><td class=\"file_desc\">ARP N\u00b0 09\/2022 - EMGERPI (PE SRP N\u00ba 06\/2022)<\/td><td class=\"file_size\">103.52 KB<\/td><td class=\"file_created\">12-12-2022<\/td>                                            <td class=\"col-download\">                            <a class=\"downloadlink wpfd_downloadlink\"  href=\"https:\/\/portal.pi.gov.br\/emgerpi\/download\/29\/atas-de-registro-de-preco\/1685\/extrato-de-registro-de-precos-no-09-2022-publicacao-doe-pi.pdf\" style=\"background-color:#033b85;color:#ffffff;\">Baixar<i class=\"zmdi zmdi-cloud-download wpfd-download\"><\/i><\/a><a                            href=\"https:\/\/docs.google.com\/viewer?url=https%3A%2F%2Fportal.pi.gov.br%2Femgerpi%2Fwp-admin%2Fadmin-ajax.php%3Fjuwpfisadmin%3Dfalse%26action%3Dwpfd%26task%3Dfile.download%26wpfd_category_id%3D29%26wpfd_file_id%3D1685%26token%3D%26preview%3D1&#038;embedded=true\"                            class=\"openlink wpfdlightbox wpfd_previewlink\"                            target=\"\"                            data-id=\"1685\"                            data-catid=\"29\"                            data-file-type=\"pdf\">Visualizar<i class=\"zmdi zmdi-filter-center-focus wpfd-preview\"><\/i>                        <\/a>                        <\/td>                                    <\/tr>                            <tr class=\"file\" data-id=\"1660\"                    data-catid=\"29\">                    <td class=\"file_title\"><a class=\"wpfd_downloadlink\" href=\"https:\/\/portal.pi.gov.br\/emgerpi\/download\/29\/atas-de-registro-de-preco\/1660\/extrato-de-registro-de-precos-no-08-2022-publicacao-doe-pi.pdf\" title=\"Extrato de Registro de Pre\u00e7os n\u00ba 08\/2022 - Publica\u00e7\u00e3o DOE - PI\"><span class=\"extcol\">                                <span class=\"ext ext-pdf\"><\/span>                                Extrato de Registro de Pre\u00e7os n\u00ba 08\/2022 - Publica\u00e7\u00e3o DOE - PI                            <\/span><\/a><\/td><td class=\"file_desc\">ARP N\u00b0 08\/2022 - EMGERPI (PE SRP N\u00ba 04\/2022)<\/td><td class=\"file_size\">85.13 KB<\/td><td class=\"file_created\">23-06-2022<\/td>                                            <td class=\"col-download\">                            <a class=\"downloadlink wpfd_downloadlink\"  href=\"https:\/\/portal.pi.gov.br\/emgerpi\/download\/29\/atas-de-registro-de-preco\/1660\/extrato-de-registro-de-precos-no-08-2022-publicacao-doe-pi.pdf\" style=\"background-color:#033b85;color:#ffffff;\">Baixar<i class=\"zmdi zmdi-cloud-download wpfd-download\"><\/i><\/a><a                            href=\"https:\/\/docs.google.com\/viewer?url=https%3A%2F%2Fportal.pi.gov.br%2Femgerpi%2Fwp-admin%2Fadmin-ajax.php%3Fjuwpfisadmin%3Dfalse%26action%3Dwpfd%26task%3Dfile.download%26wpfd_category_id%3D29%26wpfd_file_id%3D1660%26token%3D%26preview%3D1&#038;embedded=true\"                            class=\"openlink wpfdlightbox wpfd_previewlink\"                            target=\"\"                            data-id=\"1660\"                            data-catid=\"29\"                            data-file-type=\"pdf\">Visualizar<i class=\"zmdi zmdi-filter-center-focus wpfd-preview\"><\/i>                        <\/a>                        <\/td>                                    <\/tr>                            <tr class=\"file\" data-id=\"1659\"                    data-catid=\"29\">                    <td class=\"file_title\"><a class=\"wpfd_downloadlink\" href=\"https:\/\/portal.pi.gov.br\/emgerpi\/download\/29\/atas-de-registro-de-preco\/1659\/extrato-de-registro-de-precos-no-08-2022.pdf\" title=\"Extrato de Registro de Pre\u00e7os n\u00ba 08\/2022\"><span class=\"extcol\">                                <span class=\"ext ext-pdf\"><\/span>                                Extrato de Registro de Pre\u00e7os n\u00ba 08\/2022                            <\/span><\/a><\/td><td class=\"file_desc\">ARP N\u00b0 08\/2022 - EMGERPI (PE SRP N\u00ba 04\/2022)<\/td><td class=\"file_size\">94.81 KB<\/td><td class=\"file_created\">21-06-2022<\/td>                                            <td class=\"col-download\">                            <a class=\"downloadlink wpfd_downloadlink\"  href=\"https:\/\/portal.pi.gov.br\/emgerpi\/download\/29\/atas-de-registro-de-preco\/1659\/extrato-de-registro-de-precos-no-08-2022.pdf\" style=\"background-color:#033b85;color:#ffffff;\">Baixar<i class=\"zmdi zmdi-cloud-download wpfd-download\"><\/i><\/a><a                            href=\"https:\/\/docs.google.com\/viewer?url=https%3A%2F%2Fportal.pi.gov.br%2Femgerpi%2Fwp-admin%2Fadmin-ajax.php%3Fjuwpfisadmin%3Dfalse%26action%3Dwpfd%26task%3Dfile.download%26wpfd_category_id%3D29%26wpfd_file_id%3D1659%26token%3D%26preview%3D1&#038;embedded=true\"                            class=\"openlink wpfdlightbox wpfd_previewlink\"                            target=\"\"                            data-id=\"1659\"                            data-catid=\"29\"                            data-file-type=\"pdf\">Visualizar<i class=\"zmdi zmdi-filter-center-focus wpfd-preview\"><\/i>                        <\/a>                        <\/td>                                    <\/tr>                            <tr class=\"file\" data-id=\"1646\"                    data-catid=\"29\">                    <td class=\"file_title\"><a class=\"wpfd_downloadlink\" href=\"https:\/\/portal.pi.gov.br\/emgerpi\/download\/29\/atas-de-registro-de-preco\/1646\/termo-aditivo-no-01-2022-arp-no-03-2022-emgerpi-terceirizados.pdf\" title=\"Termo Aditivo n\u00ba 01\/2022 - ARP n\u00ba 03\/2022 EMGERPI (Terceirizados)\"><span class=\"extcol\">                                <span class=\"ext ext-pdf\"><\/span>                                Termo Aditivo n\u00ba 01\/2022 - ARP n\u00ba 03\/2022 EMGERPI (Terceirizados)                            <\/span><\/a><\/td><td class=\"file_desc\">Publica\u00e7\u00e3o DOE\/PI n\u00ba 88, de 9 de maio de 2022<\/td><td class=\"file_size\">100.12 KB<\/td><td class=\"file_created\">09-05-2022<\/td>                                            <td class=\"col-download\">                            <a class=\"downloadlink wpfd_downloadlink\"  href=\"https:\/\/portal.pi.gov.br\/emgerpi\/download\/29\/atas-de-registro-de-preco\/1646\/termo-aditivo-no-01-2022-arp-no-03-2022-emgerpi-terceirizados.pdf\" style=\"background-color:#033b85;color:#ffffff;\">Baixar<i class=\"zmdi zmdi-cloud-download wpfd-download\"><\/i><\/a><a                            href=\"https:\/\/docs.google.com\/viewer?url=https%3A%2F%2Fportal.pi.gov.br%2Femgerpi%2Fwp-admin%2Fadmin-ajax.php%3Fjuwpfisadmin%3Dfalse%26action%3Dwpfd%26task%3Dfile.download%26wpfd_category_id%3D29%26wpfd_file_id%3D1646%26token%3D%26preview%3D1&#038;embedded=true\"                            class=\"openlink wpfdlightbox wpfd_previewlink\"                            target=\"\"                            data-id=\"1646\"                            data-catid=\"29\"                            data-file-type=\"pdf\">Visualizar<i class=\"zmdi zmdi-filter-center-focus wpfd-preview\"><\/i>                        <\/a>                        <\/td>                                    <\/tr>                            <tr class=\"file\" data-id=\"1647\"                    data-catid=\"29\">                    <td class=\"file_title\"><a class=\"wpfd_downloadlink\" href=\"https:\/\/portal.pi.gov.br\/emgerpi\/download\/29\/atas-de-registro-de-preco\/1647\/termo-aditivo-no-01-2022-terceirizados.pdf\" title=\"TERMO ADITIVO N\u00ba 01\/2022 (Terceirizados)\"><span class=\"extcol\">                                <span class=\"ext ext-pdf\"><\/span>                                TERMO ADITIVO N\u00ba 01\/2022 (Terceirizados)                            <\/span><\/a><\/td><td class=\"file_desc\">Refeferente \u00e0 ATA DE REGISTRO DE PRE\u00c7OS N\u00ba 03\/2022<\/td><td class=\"file_size\">7.10 MB<\/td><td class=\"file_created\">06-05-2022<\/td>                                            <td class=\"col-download\">                            <a class=\"downloadlink wpfd_downloadlink\"  href=\"https:\/\/portal.pi.gov.br\/emgerpi\/download\/29\/atas-de-registro-de-preco\/1647\/termo-aditivo-no-01-2022-terceirizados.pdf\" style=\"background-color:#033b85;color:#ffffff;\">Baixar<i class=\"zmdi zmdi-cloud-download wpfd-download\"><\/i><\/a><a                            href=\"https:\/\/docs.google.com\/viewer?url=https%3A%2F%2Fportal.pi.gov.br%2Femgerpi%2Fwp-admin%2Fadmin-ajax.php%3Fjuwpfisadmin%3Dfalse%26action%3Dwpfd%26task%3Dfile.download%26wpfd_category_id%3D29%26wpfd_file_id%3D1647%26token%3D%26preview%3D1&#038;embedded=true\"                            class=\"openlink wpfdlightbox wpfd_previewlink\"                            target=\"\"                            data-id=\"1647\"                            data-catid=\"29\"                            data-file-type=\"pdf\">Visualizar<i class=\"zmdi zmdi-filter-center-focus wpfd-preview\"><\/i>                        <\/a>                        <\/td>                                    <\/tr>                            <tr class=\"file\" data-id=\"1645\"                    data-catid=\"29\">                    <td class=\"file_title\"><a class=\"wpfd_downloadlink\" href=\"https:\/\/portal.pi.gov.br\/emgerpi\/download\/29\/atas-de-registro-de-preco\/1645\/ato-no-7-de-03-de-maio-de-2022-terceirizados.pdf\" title=\"ATO N\u00ba 7, DE 03 DE MAIO DE 2022 (Terceirizados)\"><span class=\"extcol\">                                <span class=\"ext ext-pdf\"><\/span>                                ATO N\u00ba 7, DE 03 DE MAIO DE 2022 (Terceirizados)                            <\/span><\/a><\/td><td class=\"file_desc\">TERMO DE CANCELAMENTO PARCIAL DA ATA DE REGISTRO DE PRE\u00c7OS N\u00ba 03\/2022 - EMGERPI<\/td><td class=\"file_size\">155.96 KB<\/td><td class=\"file_created\">03-05-2022<\/td>                                            <td class=\"col-download\">                            <a class=\"downloadlink wpfd_downloadlink\"  href=\"https:\/\/portal.pi.gov.br\/emgerpi\/download\/29\/atas-de-registro-de-preco\/1645\/ato-no-7-de-03-de-maio-de-2022-terceirizados.pdf\" style=\"background-color:#033b85;color:#ffffff;\">Baixar<i class=\"zmdi zmdi-cloud-download wpfd-download\"><\/i><\/a><a                            href=\"https:\/\/docs.google.com\/viewer?url=https%3A%2F%2Fportal.pi.gov.br%2Femgerpi%2Fwp-admin%2Fadmin-ajax.php%3Fjuwpfisadmin%3Dfalse%26action%3Dwpfd%26task%3Dfile.download%26wpfd_category_id%3D29%26wpfd_file_id%3D1645%26token%3D%26preview%3D1&#038;embedded=true\"                            class=\"openlink wpfdlightbox wpfd_previewlink\"                            target=\"\"                            data-id=\"1645\"                            data-catid=\"29\"                            data-file-type=\"pdf\">Visualizar<i class=\"zmdi zmdi-filter-center-focus wpfd-preview\"><\/i>                        <\/a>                        <\/td>                                    <\/tr>                            <tr class=\"file\" data-id=\"1644\"                    data-catid=\"29\">                    <td class=\"file_title\"><a class=\"wpfd_downloadlink\" href=\"https:\/\/portal.pi.gov.br\/emgerpi\/download\/29\/atas-de-registro-de-preco\/1644\/termo-de-cancelamento-parcial-da-arp-no-03-2022-terceirizados.pdf\" title=\"TERMO DE CANCELAMENTO PARCIAL DA ARP n\u00ba 03\/2022 (Terceirizados)\"><span class=\"extcol\">                                <span class=\"ext ext-pdf\"><\/span>                                TERMO DE CANCELAMENTO PARCIAL DA ARP n\u00ba 03\/2022 (Terceirizados)                            <\/span><\/a><\/td><td class=\"file_desc\">Publica\u00e7\u00e3o no DOEPI n\u00ba 83, DE 03\/05\/2022 - ATO N\u00ba 7, DE 03 DE MAIO DE 2022<\/td><td class=\"file_size\">98.47 KB<\/td><td class=\"file_created\">03-05-2022<\/td>                                            <td class=\"col-download\">                            <a class=\"downloadlink wpfd_downloadlink\"  href=\"https:\/\/portal.pi.gov.br\/emgerpi\/download\/29\/atas-de-registro-de-preco\/1644\/termo-de-cancelamento-parcial-da-arp-no-03-2022-terceirizados.pdf\" style=\"background-color:#033b85;color:#ffffff;\">Baixar<i class=\"zmdi zmdi-cloud-download wpfd-download\"><\/i><\/a><a                            href=\"https:\/\/docs.google.com\/viewer?url=https%3A%2F%2Fportal.pi.gov.br%2Femgerpi%2Fwp-admin%2Fadmin-ajax.php%3Fjuwpfisadmin%3Dfalse%26action%3Dwpfd%26task%3Dfile.download%26wpfd_category_id%3D29%26wpfd_file_id%3D1644%26token%3D%26preview%3D1&#038;embedded=true\"                            class=\"openlink wpfdlightbox wpfd_previewlink\"                            target=\"\"                            data-id=\"1644\"                            data-catid=\"29\"                            data-file-type=\"pdf\">Visualizar<i class=\"zmdi zmdi-filter-center-focus wpfd-preview\"><\/i>                        <\/a>                        <\/td>                                    <\/tr>                        <\/tbody>        <\/table>            <\/div><\/div><\/div><div class='wpfd-pagination'>\n\t<span class='page-numbers current'>1<\/span>\n<a class='page-numbers' data-page='2' data-sourcecat='29'>2<\/a>\n<a class='next page-numbers' data-page='2' data-sourcecat='29'>Pr\u00f3ximo &raquo;<\/a>\n<\/div>\n\n\n\n\n<p class=\"has-text-align-center\"> <span style=\"color: #e35004;\" class=\"stk-highlight\"><strong><a rel=\"noreferrer noopener\" href=\"http:\/\/www.emgerpi.pi.gov.br\/licitacoes.php\" target=\"_blank\">Clique aqui<\/a><\/strong> para ver outros arquivos de Licita\u00e7\u00f5es no site anterior! <\/span><\/p>\n","protected":false},"excerpt":{"rendered":"<p>Clique aqui para ver outros arquivos de Licita\u00e7\u00f5es no site anterior!<\/p>\n","protected":false},"author":1,"featured_media":0,"parent":0,"menu_order":0,"comment_status":"closed","ping_status":"closed","template":"template-fullwidth.php","meta":[],"featured_image_urls":{"full":"","thumbnail":"","medium":"","medium_large":"","large":"","sgg-420":"","sgg-540":"","sgg-780":"","1536x1536":"","2048x2048":"","homepage-slider":"","homepage-slider-small":"","page-top":"","page-small":"","loop-main":"","thumb-gallery-widget":""},"post_excerpt_stackable":"<p>T\u00edtuloDescri\u00e7\u00e3oTamanhoData de Publica\u00e7\u00e3oBaixar Publicacao_da_Resolucao_01_2025 960.93 KB18-02-2025 BaixarVisualizar EXTRATO DA ATA DE REGISTRO DE PRE\u00c7OS N\u00ba 01\/2024 PREGAO ELETR\u00d4NICO RELAN\u00c7AMENTO SRP N\u00ba 02\/2023 \u2013 EMGERPI (Aquisi\u00e7\u00e3o de Ar-Condicionado).1.56 MB28-02-2024 BaixarVisualizar Extrato da Ata de Registro de Pre\u00e7os n\u00ba 01\/2023-Publica\u00e7\u00e3o DOE PI ARP N\u00b0 01\/2023 &#8211; EMGERPI (PE SRP N\u00ba 01\/2023)34.26 KB03-05-2023 BaixarVisualizar Extrato de Registro de Pre\u00e7os n\u00ba 09\/2022 &#8211; Publica\u00e7\u00e3o DOE &#8211; PI ARP N\u00b0 09\/2022 &#8211; EMGERPI (PE SRP N\u00ba 06\/2022)103.52 KB12-12-2022 BaixarVisualizar Extrato de Registro de Pre\u00e7os n\u00ba 08\/2022 &#8211; Publica\u00e7\u00e3o DOE &#8211; PI ARP N\u00b0 08\/2022 &#8211; EMGERPI (PE SRP N\u00ba 04\/2022)85.13 KB23-06-2022 BaixarVisualizar Extrato de Registro&hellip;<\/p>\n","category_list":"","author_info":{"name":"admin","url":"https:\/\/portal.pi.gov.br\/emgerpi\/author\/admin\/"},"comments_num":"0 coment\u00e1rio","featured_image_urls_v2":{"full":"","thumbnail":"","medium":"","medium_large":"","large":"","sgg-420":"","sgg-540":"","sgg-780":"","1536x1536":"","2048x2048":"","homepage-slider":"","homepage-slider-small":"","page-top":"","page-small":"","loop-main":"","thumb-gallery-widget":""},"post_excerpt_stackable_v2":"<p>T\u00edtuloDescri\u00e7\u00e3oTamanhoData de Publica\u00e7\u00e3oBaixar Publicacao_da_Resolucao_01_2025 960.93 KB18-02-2025 BaixarVisualizar EXTRATO DA ATA DE REGISTRO DE PRE\u00c7OS N\u00ba 01\/2024 PREGAO ELETR\u00d4NICO RELAN\u00c7AMENTO SRP N\u00ba 02\/2023 \u2013 EMGERPI (Aquisi\u00e7\u00e3o de Ar-Condicionado).1.56 MB28-02-2024 BaixarVisualizar Extrato da Ata de Registro de Pre\u00e7os n\u00ba 01\/2023-Publica\u00e7\u00e3o DOE PI ARP N\u00b0 01\/2023 &#8211; EMGERPI (PE SRP N\u00ba 01\/2023)34.26 KB03-05-2023 BaixarVisualizar Extrato de Registro de Pre\u00e7os n\u00ba 09\/2022 &#8211; Publica\u00e7\u00e3o DOE &#8211; PI ARP N\u00b0 09\/2022 &#8211; EMGERPI (PE SRP N\u00ba 06\/2022)103.52 KB12-12-2022 BaixarVisualizar Extrato de Registro de Pre\u00e7os n\u00ba 08\/2022 &#8211; Publica\u00e7\u00e3o DOE &#8211; PI ARP N\u00b0 08\/2022 &#8211; EMGERPI (PE SRP N\u00ba 04\/2022)85.13 KB23-06-2022 BaixarVisualizar Extrato de Registro&hellip;<\/p>\n","category_list_v2":"","author_info_v2":{"name":"admin","url":"https:\/\/portal.pi.gov.br\/emgerpi\/author\/admin\/"},"comments_num_v2":"0 coment\u00e1rio","_links":{"self":[{"href":"https:\/\/portal.pi.gov.br\/emgerpi\/wp-json\/wp\/v2\/pages\/935"}],"collection":[{"href":"https:\/\/portal.pi.gov.br\/emgerpi\/wp-json\/wp\/v2\/pages"}],"about":[{"href":"https:\/\/portal.pi.gov.br\/emgerpi\/wp-json\/wp\/v2\/types\/page"}],"author":[{"embeddable":true,"href":"https:\/\/portal.pi.gov.br\/emgerpi\/wp-json\/wp\/v2\/users\/1"}],"replies":[{"embeddable":true,"href":"https:\/\/portal.pi.gov.br\/emgerpi\/wp-json\/wp\/v2\/comments?post=935"}],"version-history":[{"count":7,"href":"https:\/\/portal.pi.gov.br\/emgerpi\/wp-json\/wp\/v2\/pages\/935\/revisions"}],"predecessor-version":[{"id":1175,"href":"https:\/\/portal.pi.gov.br\/emgerpi\/wp-json\/wp\/v2\/pages\/935\/revisions\/1175"}],"wp:attachment":[{"href":"https:\/\/portal.pi.gov.br\/emgerpi\/wp-json\/wp\/v2\/media?parent=935"}],"curies":[{"name":"wp","href":"https:\/\/api.w.org\/{rel}","templated":true}]}}