{"id":949,"date":"2023-12-07T10:44:46","date_gmt":"2023-12-07T13:44:46","guid":{"rendered":"https:\/\/portal.pi.gov.br\/emgerpi\/?page_id=949"},"modified":"2025-07-11T11:33:35","modified_gmt":"2025-07-11T14:33:35","slug":"diretoria","status":"publish","type":"page","link":"https:\/\/portal.pi.gov.br\/emgerpi\/diretoria\/","title":{"rendered":". Diretoria"},"content":{"rendered":"\n<p class=\"has-text-align-left\"><strong>A Empresa de Gest\u00e3o de Recursos do Piau\u00ed S.A. (EMGERPI),<\/strong> criada atrav\u00e9s da Lei Complementar n\u00ba 83, de 12 de abril de 2007, \u00e9 uma sociedade de economia mista, vinculada \u00e0 Secretaria de Estado da Administra\u00e7\u00e3o do Piau\u00ed (SEAD).&nbsp; A empresa tem como objetivo gerir recursos humanos e patrimoniais, al\u00e9m de promover a capacita\u00e7\u00e3o do seu corpo funcional, contribuindo para o desenvolvimento do Estado do Piau\u00ed.<\/p>\n\n\n\n<p class=\"has-text-align-left\">De acordo com o <strong>Estatuto Socia<\/strong>l, consolidado pela Assembleia Geral Extraordin\u00e1ria, realizada no dia 04 de julho de 2019, entre outros objetivos da Emgerpi est\u00e3o: capacitar, aperfei\u00e7oar, absorver, redistribuir e ceder pessoal para \u00f3rg\u00e3os e entidades da Administra\u00e7\u00e3o P\u00fablica Estadual, objetivando otimizar a utiliza\u00e7\u00e3o e o gerenciamento de recursos humanos do Poder P\u00fablico Estadual e garantir-lhes a produtividade no exerc\u00edcio de suas atividades.<\/p>\n\n\n<div class=\"wp-block-image\">\n<figure class=\"aligncenter size-large is-resized\"><img decoding=\"async\" loading=\"lazy\" src=\"https:\/\/portal.pi.gov.br\/emgerpi\/wp-content\/uploads\/sites\/90\/2025\/07\/WhatsApp-Image-2025-07-11-at-11.28.38-956x1024.jpeg\" alt=\"\" class=\"wp-image-3271\" width=\"347\" height=\"371\" srcset=\"https:\/\/portal.pi.gov.br\/emgerpi\/wp-content\/uploads\/sites\/90\/2025\/07\/WhatsApp-Image-2025-07-11-at-11.28.38-956x1024.jpeg 956w, https:\/\/portal.pi.gov.br\/emgerpi\/wp-content\/uploads\/sites\/90\/2025\/07\/WhatsApp-Image-2025-07-11-at-11.28.38-280x300.jpeg 280w, https:\/\/portal.pi.gov.br\/emgerpi\/wp-content\/uploads\/sites\/90\/2025\/07\/WhatsApp-Image-2025-07-11-at-11.28.38-768x823.jpeg 768w, https:\/\/portal.pi.gov.br\/emgerpi\/wp-content\/uploads\/sites\/90\/2025\/07\/WhatsApp-Image-2025-07-11-at-11.28.38-392x420.jpeg 392w, https:\/\/portal.pi.gov.br\/emgerpi\/wp-content\/uploads\/sites\/90\/2025\/07\/WhatsApp-Image-2025-07-11-at-11.28.38-504x540.jpeg 504w, https:\/\/portal.pi.gov.br\/emgerpi\/wp-content\/uploads\/sites\/90\/2025\/07\/WhatsApp-Image-2025-07-11-at-11.28.38-728x780.jpeg 728w, https:\/\/portal.pi.gov.br\/emgerpi\/wp-content\/uploads\/sites\/90\/2025\/07\/WhatsApp-Image-2025-07-11-at-11.28.38-1433x1536.jpeg 1433w, https:\/\/portal.pi.gov.br\/emgerpi\/wp-content\/uploads\/sites\/90\/2025\/07\/WhatsApp-Image-2025-07-11-at-11.28.38-947x1015.jpeg 947w, https:\/\/portal.pi.gov.br\/emgerpi\/wp-content\/uploads\/sites\/90\/2025\/07\/WhatsApp-Image-2025-07-11-at-11.28.38-624x669.jpeg 624w, https:\/\/portal.pi.gov.br\/emgerpi\/wp-content\/uploads\/sites\/90\/2025\/07\/WhatsApp-Image-2025-07-11-at-11.28.38.jpeg 1493w\" sizes=\"(max-width: 347px) 100vw, 347px\" \/><\/figure><\/div>\n\n\n<p class=\"has-text-align-center\"><strong>Diretor-Presidente:&nbsp;Ant\u00f4nio Torres da Paz<\/strong><\/p>\n\n\n\n<p>Compete ao <strong>Diretor Presidente (DP)<\/strong>: representar a Emgerpi, ativa e passivamente. Dirigir, supervisionar, coordenar, inspecionar e controlar todas as atividades dos diferentes setores. Coordenar as atividades dos membros da Diretoria Executiva. Cumprir e fazer cumprir o presente Estatuto, as decis\u00f5es da Assembleia Geral, do Conselho de Administra\u00e7\u00e3o, da Diretoria e do Conselho Fiscal. Convocar a Assembleia Geral de Acionistas e Conselho de Administra\u00e7\u00e3o e o Conselho Fiscal. Convocar as reuni\u00f5es da Diretoria Executiva e usar o direito de veto sobre as delibera\u00e7\u00f5es da Diretoria, submetendo a decis\u00e3o \u00e0 aprecia\u00e7\u00e3o do Conselho de Administra\u00e7\u00e3o, que tomar\u00e1 a decis\u00e3o final. Prover os cargos em comiss\u00e3o, observando o quadro de pessoal e a legisla\u00e7\u00e3o pertinente, bem como admitir, lotar, promover, transferir, punir e dispensar empregados, constituir comiss\u00f5es ou grupos de trabalho, proceder \u00e0 dispensa e designa\u00e7\u00e3o para ocupa\u00e7\u00e3o de cargo em comiss\u00e3o. Prestar aos \u00f3rg\u00e3os competentes, nas esferas Federal, Estadual e Municipal, informa\u00e7\u00f5es de natureza t\u00e9cnica, econ\u00f4mico-financeira ou qualquer outra, que venha a ser solicitada. Orientar e supervisionar a gest\u00e3o administrativa e financeira da empresa. Fazer publicar o Relat\u00f3rio Anual de Administra\u00e7\u00e3o e realizar procedimentos de liquida\u00e7\u00e3o de empresas, etc.<\/p>\n\n\n<div class=\"wp-block-image\">\n<figure class=\"aligncenter size-full is-resized\"><img decoding=\"async\" loading=\"lazy\" src=\"https:\/\/portal.pi.gov.br\/emgerpi\/wp-content\/uploads\/sites\/90\/2025\/04\/WhatsApp-Image-2025-04-15-at-10.03.41.jpeg\" alt=\"\" class=\"wp-image-2883\" width=\"364\" height=\"473\" srcset=\"https:\/\/portal.pi.gov.br\/emgerpi\/wp-content\/uploads\/sites\/90\/2025\/04\/WhatsApp-Image-2025-04-15-at-10.03.41.jpeg 592w, https:\/\/portal.pi.gov.br\/emgerpi\/wp-content\/uploads\/sites\/90\/2025\/04\/WhatsApp-Image-2025-04-15-at-10.03.41-231x300.jpeg 231w, https:\/\/portal.pi.gov.br\/emgerpi\/wp-content\/uploads\/sites\/90\/2025\/04\/WhatsApp-Image-2025-04-15-at-10.03.41-323x420.jpeg 323w, https:\/\/portal.pi.gov.br\/emgerpi\/wp-content\/uploads\/sites\/90\/2025\/04\/WhatsApp-Image-2025-04-15-at-10.03.41-416x540.jpeg 416w\" sizes=\"(max-width: 364px) 100vw, 364px\" \/><\/figure><\/div>\n\n\n<p class=\"has-text-align-center\"><strong>Diretora Administrativa, Financeira e Cont\u00e1bil:&nbsp;Helyomara Roberta<\/strong><\/p>\n\n\n\n<p>Compete a<strong> Diretoria Administrativa, Financeira e Cont\u00e1bil (DAFC): <\/strong>realizar o controle do fluxo de recursos da empresa. Praticar, em conjunto com o Diretor Presidente, os atos de movimenta\u00e7\u00e3o financeira e representa\u00e7\u00e3o da sociedade. Manter articula\u00e7\u00e3o com a Secretaria de Estado da Fazenda \u2013 Sefaz. Apresentar \u00e0 Diretoria, ao final de cada exerc\u00edcio, o relat\u00f3rio das atividades operacionais, bem como o plano de trabalho para o exerc\u00edcio subsequente. Acompanhar as a\u00e7\u00f5es de elabora\u00e7\u00e3o das declara\u00e7\u00f5es fiscais da empresa, zelando para que tais obriga\u00e7\u00f5es sejam cumpridas nos prazos legais. Promover as reten\u00e7\u00f5es dos tributos de qualquer natureza, a cargo da empresa. Realizar o cadastramento dos bens m\u00f3veis e im\u00f3veis da Emgerpi. Promover junto aos empregados e usu\u00e1rios a racionalidade e efici\u00eancia na utiliza\u00e7\u00e3o dos bens m\u00f3veis e im\u00f3veis da empresa, bem como o uso racional dos materiais e insumos. Promover a aquisi\u00e7\u00e3o de bens, equipamentos e o suprimento dos setores da Emgerpi. Observar as recomenda\u00e7\u00f5es emanadas dos \u00f3rg\u00e3os de controle interno e externo. Supervisionar a elabora\u00e7\u00e3o das demonstra\u00e7\u00f5es cont\u00e1beis e dos relat\u00f3rios gerenciais, que fazem parte dos processos de presta\u00e7\u00e3o de contas ao TCE. Elaborar relat\u00f3rios gerenciais, planilhas e gr\u00e1ficos que demonstrem a situa\u00e7\u00e3o patrimonial, econ\u00f4mico-financeira e compromissos da empresa, apresentando \u00e0 Diretoria, para avalia\u00e7\u00e3o e tomada de decis\u00e3o, etc.<\/p>\n\n\n\n<p><\/p>\n\n\n<div class=\"wp-block-image\">\n<figure class=\"aligncenter size-full is-resized\"><img decoding=\"async\" loading=\"lazy\" src=\"https:\/\/portal.pi.gov.br\/emgerpi\/wp-content\/uploads\/sites\/90\/2024\/03\/WhatsApp-Image-2024-03-21-at-09.42.07-1.jpeg\" alt=\"\" class=\"wp-image-1851\" width=\"397\" height=\"329\" srcset=\"https:\/\/portal.pi.gov.br\/emgerpi\/wp-content\/uploads\/sites\/90\/2024\/03\/WhatsApp-Image-2024-03-21-at-09.42.07-1.jpeg 803w, https:\/\/portal.pi.gov.br\/emgerpi\/wp-content\/uploads\/sites\/90\/2024\/03\/WhatsApp-Image-2024-03-21-at-09.42.07-1-300x248.jpeg 300w, https:\/\/portal.pi.gov.br\/emgerpi\/wp-content\/uploads\/sites\/90\/2024\/03\/WhatsApp-Image-2024-03-21-at-09.42.07-1-768x636.jpeg 768w, https:\/\/portal.pi.gov.br\/emgerpi\/wp-content\/uploads\/sites\/90\/2024\/03\/WhatsApp-Image-2024-03-21-at-09.42.07-1-420x348.jpeg 420w, https:\/\/portal.pi.gov.br\/emgerpi\/wp-content\/uploads\/sites\/90\/2024\/03\/WhatsApp-Image-2024-03-21-at-09.42.07-1-540x447.jpeg 540w, https:\/\/portal.pi.gov.br\/emgerpi\/wp-content\/uploads\/sites\/90\/2024\/03\/WhatsApp-Image-2024-03-21-at-09.42.07-1-780x646.jpeg 780w, https:\/\/portal.pi.gov.br\/emgerpi\/wp-content\/uploads\/sites\/90\/2024\/03\/WhatsApp-Image-2024-03-21-at-09.42.07-1-624x517.jpeg 624w\" sizes=\"(max-width: 397px) 100vw, 397px\" \/><\/figure><\/div>\n\n\n<p class=\"has-text-align-center\"><strong>Diretora de Gest\u00e3o de Pessoas: Silvana Saraiva das Neves<\/strong><\/p>\n\n\n\n<p>Compete a <strong>Diretoria de Gest\u00e3o de Pessoas (DGP): <\/strong>orientar e dirimir d\u00favidas quanto a aplica\u00e7\u00e3o da legisla\u00e7\u00e3o relativa \u00e0 administra\u00e7\u00e3o de recursos humanos. Participar das reuni\u00f5es da Diretoria Executiva, concorrendo para a defini\u00e7\u00e3o de pol\u00edticas a serem seguidas pela sociedade e relatando os assuntos da sua \u00e1rea. Subsidiar a Assessoria Jur\u00eddica com o fornecimento de informa\u00e7\u00f5es t\u00e9cnicas e f\u00e1ticas necess\u00e1rias \u00e0 elabora\u00e7\u00e3o da defesa da empresa em mat\u00e9rias relacionadas \u00e0 administra\u00e7\u00e3o de pessoal. Propor medidas referentes \u00e0 aten\u00e7\u00e3o \u00e0 sa\u00fade ocupacional e seguran\u00e7a do trabalho. Gerenciar benef\u00edcios e aux\u00edlios aos empregados da Empresa. Gerenciar as atividades de movimenta\u00e7\u00e3o dos empregados, para \u00f3rg\u00e3os do estado. Gerenciar o processo de capacita\u00e7\u00e3o dos empregados da empresa. Desenvolver estudos relacionados com a estrutura organizacional da Empresa, fluxos de trabalho e manualiza\u00e7\u00e3o de procedimentos. Manter articula\u00e7\u00e3o permanente com a Sead e com a Empresa de Tecnologia da Informa\u00e7\u00e3o do Piau\u00ed (Etipi), para realiza\u00e7\u00e3o dos comandos e acertos no processamento da folha de pagamento da Emgerpi. Providenciar os comandos dos encargos sociais, na forma da legisla\u00e7\u00e3o do e-Social. Manter o diretor-presidente informado sobre a execu\u00e7\u00e3o da pol\u00edtica de pessoal da empresa. Realizar outras atividades compat\u00edveis com a finalidade da Diretoria, etc.<\/p>\n\n\n\n<p><\/p>\n\n\n\n<p><strong>Assessoria de Comunica\u00e7\u00e3o: Adriana Carvalho \/ Ranilza Pires<\/strong><\/p>\n\n\n\n<p><strong>Presidente do Conselho de Administra\u00e7\u00e3o da Emgerpi:&nbsp;Thyago Jos\u00e9 Pereira Janu\u00e1rio<\/strong><\/p>\n","protected":false},"excerpt":{"rendered":"<p>A Empresa de Gest\u00e3o de Recursos do Piau\u00ed S.A. (EMGERPI), criada atrav\u00e9s da Lei Complementar n\u00ba 83, de 12 de abril de 2007, \u00e9 uma sociedade de economia mista, vinculada [&hellip;]<\/p>\n","protected":false},"author":1,"featured_media":0,"parent":0,"menu_order":0,"comment_status":"closed","ping_status":"closed","template":"template-fullwidth.php","meta":[],"featured_image_urls":{"full":"","thumbnail":"","medium":"","medium_large":"","large":"","sgg-420":"","sgg-540":"","sgg-780":"","1536x1536":"","2048x2048":"","homepage-slider":"","homepage-slider-small":"","page-top":"","page-small":"","loop-main":"","thumb-gallery-widget":""},"post_excerpt_stackable":"<p>A Empresa de Gest\u00e3o de Recursos do Piau\u00ed S.A. (EMGERPI), criada atrav\u00e9s da Lei Complementar n\u00ba 83, de 12 de abril de 2007, \u00e9 uma sociedade de economia mista, vinculada \u00e0 Secretaria de Estado da Administra\u00e7\u00e3o do Piau\u00ed (SEAD).&nbsp; A empresa tem como objetivo gerir recursos humanos e patrimoniais, al\u00e9m de promover a capacita\u00e7\u00e3o do seu corpo funcional, contribuindo para o desenvolvimento do Estado do Piau\u00ed. De acordo com o Estatuto Social, consolidado pela Assembleia Geral Extraordin\u00e1ria, realizada no dia 04 de julho de 2019, entre outros objetivos da Emgerpi est\u00e3o: capacitar, aperfei\u00e7oar, absorver, redistribuir e ceder pessoal para \u00f3rg\u00e3os&hellip;<\/p>\n","category_list":"","author_info":{"name":"admin","url":"https:\/\/portal.pi.gov.br\/emgerpi\/author\/admin\/"},"comments_num":"0 coment\u00e1rio","featured_image_urls_v2":{"full":"","thumbnail":"","medium":"","medium_large":"","large":"","sgg-420":"","sgg-540":"","sgg-780":"","1536x1536":"","2048x2048":"","homepage-slider":"","homepage-slider-small":"","page-top":"","page-small":"","loop-main":"","thumb-gallery-widget":""},"post_excerpt_stackable_v2":"<p>A Empresa de Gest\u00e3o de Recursos do Piau\u00ed S.A. (EMGERPI), criada atrav\u00e9s da Lei Complementar n\u00ba 83, de 12 de abril de 2007, \u00e9 uma sociedade de economia mista, vinculada \u00e0 Secretaria de Estado da Administra\u00e7\u00e3o do Piau\u00ed (SEAD).&nbsp; A empresa tem como objetivo gerir recursos humanos e patrimoniais, al\u00e9m de promover a capacita\u00e7\u00e3o do seu corpo funcional, contribuindo para o desenvolvimento do Estado do Piau\u00ed. De acordo com o Estatuto Social, consolidado pela Assembleia Geral Extraordin\u00e1ria, realizada no dia 04 de julho de 2019, entre outros objetivos da Emgerpi est\u00e3o: capacitar, aperfei\u00e7oar, absorver, redistribuir e ceder pessoal para \u00f3rg\u00e3os&hellip;<\/p>\n","category_list_v2":"","author_info_v2":{"name":"admin","url":"https:\/\/portal.pi.gov.br\/emgerpi\/author\/admin\/"},"comments_num_v2":"0 coment\u00e1rio","_links":{"self":[{"href":"https:\/\/portal.pi.gov.br\/emgerpi\/wp-json\/wp\/v2\/pages\/949"}],"collection":[{"href":"https:\/\/portal.pi.gov.br\/emgerpi\/wp-json\/wp\/v2\/pages"}],"about":[{"href":"https:\/\/portal.pi.gov.br\/emgerpi\/wp-json\/wp\/v2\/types\/page"}],"author":[{"embeddable":true,"href":"https:\/\/portal.pi.gov.br\/emgerpi\/wp-json\/wp\/v2\/users\/1"}],"replies":[{"embeddable":true,"href":"https:\/\/portal.pi.gov.br\/emgerpi\/wp-json\/wp\/v2\/comments?post=949"}],"version-history":[{"count":28,"href":"https:\/\/portal.pi.gov.br\/emgerpi\/wp-json\/wp\/v2\/pages\/949\/revisions"}],"predecessor-version":[{"id":3273,"href":"https:\/\/portal.pi.gov.br\/emgerpi\/wp-json\/wp\/v2\/pages\/949\/revisions\/3273"}],"wp:attachment":[{"href":"https:\/\/portal.pi.gov.br\/emgerpi\/wp-json\/wp\/v2\/media?parent=949"}],"curies":[{"name":"wp","href":"https:\/\/api.w.org\/{rel}","templated":true}]}}