{"id":953,"date":"2023-12-07T10:46:58","date_gmt":"2023-12-07T13:46:58","guid":{"rendered":"https:\/\/portal.pi.gov.br\/emgerpi\/?page_id=953"},"modified":"2024-03-14T12:57:44","modified_gmt":"2024-03-14T15:57:44","slug":"lgpd","status":"publish","type":"page","link":"https:\/\/portal.pi.gov.br\/emgerpi\/lgpd\/","title":{"rendered":". LGPD"},"content":{"rendered":"\n<p><strong>Privacidade e Prote\u00e7\u00e3o de Dados<\/strong><\/p>\n\n\n\n<p>A Lei Geral de Prote\u00e7\u00e3o de Dados (LGPD), n\u00ba. 13.709 de 14 de agosto de 2018, entrou em vigor no Brasil com o objetivo de garantir a privacidade e a seguran\u00e7a das informa\u00e7\u00f5es pessoais dos cidad\u00e3os. A Emgerpi est\u00e1 comprometida em cumprir rigorosamente os princ\u00edpios e diretrizes estabelecidos pela LGPD para proteger os dados de nossos parceiros e colaboradores. Implementamos medidas robustas de seguran\u00e7a de dados e procedimentos para garantir que todas as informa\u00e7\u00f5es pessoais que tratamos sejam protegidas de acordo com a lei.\u00a0<\/p>\n\n\n\n<ul>\n<li><strong>O que \u00e9 a LGPD?<\/strong><\/li>\n<\/ul>\n\n\n\n<p>A LGPD \u00e9 uma legisla\u00e7\u00e3o que regula o tratamento de dados pessoais por organiza\u00e7\u00f5es p\u00fablicas e privadas. Ela estabelece regras claras sobre como as informa\u00e7\u00f5es pessoais devem ser coletadas, armazenadas, processadas e protegidas. Essas medidas visam garantir a privacidade e a seguran\u00e7a dos indiv\u00edduos em rela\u00e7\u00e3o aos seus dados pessoais.&nbsp;<\/p>\n\n\n\n<p>Autoridade Nacional de Prote\u00e7\u00e3o de Dados<\/p>\n\n\n\n<p><a href=\"https:\/\/www.gov.br\/anpd\/pt-br\">https:\/\/www.gov.br\/anpd\/pt-br<\/a><\/p>\n\n\n\n<ul>\n<li><strong>Lei Geral de Prote\u00e7\u00e3o de Dados<\/strong><\/li>\n<\/ul>\n\n\n\n<p><a href=\"https:\/\/www.gov.br\/governodigital\/pt-br\/lgpd-pagina-do-cidadao\/o-que-e-a-lgpd\">https:\/\/www.gov.br\/governodigital\/pt-br\/lgpd-pagina-do-cidadao\/o-que-e-a-lgpd<\/a><\/p>\n\n\n\n<ul>\n<li><strong>Encarregado de dados&nbsp;<\/strong><\/li>\n<\/ul>\n\n\n\n<p>O Encarregado de Dados \u00e9 respons\u00e1vel por garantir a conformidade com a LGPD e zelar pela prote\u00e7\u00e3o de dados.<\/p>\n\n\n\n<p>Encarregado de dados: Almeida e Bandeira Advogados e Associados<\/p>\n\n\n\n<p>E-mail:&nbsp;<a href=\"mailto:dpo.emgerpi@abadvogado.com.br\">dpo.emgerpi@abadvogado.com.br<\/a><\/p>\n\n\n\n<p>A Emgerpi est\u00e1 \u00e0 disposi\u00e7\u00e3o para ajudar e responder a todas as perguntas sobre a LGPD e nossas pr\u00e1ticas de prote\u00e7\u00e3o de dados.<\/p>\n","protected":false},"excerpt":{"rendered":"<p>Privacidade e Prote\u00e7\u00e3o de Dados A Lei Geral de Prote\u00e7\u00e3o de Dados (LGPD), n\u00ba. 13.709 de 14 de agosto de 2018, entrou em vigor no Brasil com o objetivo de [&hellip;]<\/p>\n","protected":false},"author":1,"featured_media":0,"parent":0,"menu_order":0,"comment_status":"closed","ping_status":"closed","template":"template-fullwidth.php","meta":[],"featured_image_urls":{"full":"","thumbnail":"","medium":"","medium_large":"","large":"","sgg-420":"","sgg-540":"","sgg-780":"","1536x1536":"","2048x2048":"","homepage-slider":"","homepage-slider-small":"","page-top":"","page-small":"","loop-main":"","thumb-gallery-widget":""},"post_excerpt_stackable":"<p>Privacidade e Prote\u00e7\u00e3o de Dados A Lei Geral de Prote\u00e7\u00e3o de Dados (LGPD), n\u00ba. 13.709 de 14 de agosto de 2018, entrou em vigor no Brasil com o objetivo de garantir a privacidade e a seguran\u00e7a das informa\u00e7\u00f5es pessoais dos cidad\u00e3os. A Emgerpi est\u00e1 comprometida em cumprir rigorosamente os princ\u00edpios e diretrizes estabelecidos pela LGPD para proteger os dados de nossos parceiros e colaboradores. Implementamos medidas robustas de seguran\u00e7a de dados e procedimentos para garantir que todas as informa\u00e7\u00f5es pessoais que tratamos sejam protegidas de acordo com a lei.\u00a0 O que \u00e9 a LGPD? A LGPD \u00e9 uma legisla\u00e7\u00e3o que&hellip;<\/p>\n","category_list":"","author_info":{"name":"admin","url":"https:\/\/portal.pi.gov.br\/emgerpi\/author\/admin\/"},"comments_num":"0 coment\u00e1rio","featured_image_urls_v2":{"full":"","thumbnail":"","medium":"","medium_large":"","large":"","sgg-420":"","sgg-540":"","sgg-780":"","1536x1536":"","2048x2048":"","homepage-slider":"","homepage-slider-small":"","page-top":"","page-small":"","loop-main":"","thumb-gallery-widget":""},"post_excerpt_stackable_v2":"<p>Privacidade e Prote\u00e7\u00e3o de Dados A Lei Geral de Prote\u00e7\u00e3o de Dados (LGPD), n\u00ba. 13.709 de 14 de agosto de 2018, entrou em vigor no Brasil com o objetivo de garantir a privacidade e a seguran\u00e7a das informa\u00e7\u00f5es pessoais dos cidad\u00e3os. A Emgerpi est\u00e1 comprometida em cumprir rigorosamente os princ\u00edpios e diretrizes estabelecidos pela LGPD para proteger os dados de nossos parceiros e colaboradores. Implementamos medidas robustas de seguran\u00e7a de dados e procedimentos para garantir que todas as informa\u00e7\u00f5es pessoais que tratamos sejam protegidas de acordo com a lei.\u00a0 O que \u00e9 a LGPD? A LGPD \u00e9 uma legisla\u00e7\u00e3o que&hellip;<\/p>\n","category_list_v2":"","author_info_v2":{"name":"admin","url":"https:\/\/portal.pi.gov.br\/emgerpi\/author\/admin\/"},"comments_num_v2":"0 coment\u00e1rio","_links":{"self":[{"href":"https:\/\/portal.pi.gov.br\/emgerpi\/wp-json\/wp\/v2\/pages\/953"}],"collection":[{"href":"https:\/\/portal.pi.gov.br\/emgerpi\/wp-json\/wp\/v2\/pages"}],"about":[{"href":"https:\/\/portal.pi.gov.br\/emgerpi\/wp-json\/wp\/v2\/types\/page"}],"author":[{"embeddable":true,"href":"https:\/\/portal.pi.gov.br\/emgerpi\/wp-json\/wp\/v2\/users\/1"}],"replies":[{"embeddable":true,"href":"https:\/\/portal.pi.gov.br\/emgerpi\/wp-json\/wp\/v2\/comments?post=953"}],"version-history":[{"count":5,"href":"https:\/\/portal.pi.gov.br\/emgerpi\/wp-json\/wp\/v2\/pages\/953\/revisions"}],"predecessor-version":[{"id":1814,"href":"https:\/\/portal.pi.gov.br\/emgerpi\/wp-json\/wp\/v2\/pages\/953\/revisions\/1814"}],"wp:attachment":[{"href":"https:\/\/portal.pi.gov.br\/emgerpi\/wp-json\/wp\/v2\/media?parent=953"}],"curies":[{"name":"wp","href":"https:\/\/api.w.org\/{rel}","templated":true}]}}