{"id":943,"date":"2024-09-10T09:44:58","date_gmt":"2024-09-10T12:44:58","guid":{"rendered":"https:\/\/portal.pi.gov.br\/iaspi\/?page_id=943"},"modified":"2025-02-14T10:02:50","modified_gmt":"2025-02-14T13:02:50","slug":"palavra-da-direcao","status":"publish","type":"page","link":"https:\/\/portal.pi.gov.br\/iaspi\/palavra-da-direcao\/","title":{"rendered":"Palavra da Dire\u00e7\u00e3o"},"content":{"rendered":"\n<p>O trabalho de gerir o maior plano de sa\u00fade do Estado \u00e9 desafiador, mas tamb\u00e9m muito gratificante. Entregar sa\u00fade de qualidade e a pre\u00e7o acess\u00edvel a milhares de usu\u00e1rios exige muito di\u00e1logo, transpar\u00eancia, conhecimento t\u00e9cnico e o apoio de uma equipe disposta a aceitar desafios.<\/p>\n\n\n\n<p><br>\u00c9 necess\u00e1rio trabalhar com responsabilidade e compromisso para fazer mais com os recursos dispon\u00edveis, mantendo a qualidade do atendimento e a sustentabilidade do plano, al\u00e9m de buscar oferecer novas tecnologias e servi\u00e7os.<br>Usu\u00e1rios do Iaspi Sa\u00fade\/Plamta e seus dependentes t\u00eam o melhor custo\/benef\u00edcio em plano de sa\u00fade, um plano que chega a ser 70% mais barato que um plano privado. Na sa\u00fade suplementar os desafios s\u00e3o constantes e a gest\u00e3o est\u00e1 atenta e pronta a buscar solu\u00e7\u00f5es, com inova\u00e7\u00e3o e criatividade.<\/p>\n\n\n\n<p><br>Com o apoio do governador do Estado, Rafael Fonteles, assumimos a gest\u00e3o do Instituto, consciente desta miss\u00e3o, com metas de trabalho espec\u00edficas e muita disposi\u00e7\u00e3o para venc\u00ea-los.<\/p>\n\n\n\n<p><br>Manter o equil\u00edbrio financeiro do Instituto, sabendo dos custos sempre crescentes na sa\u00fade e a necessidade de inclus\u00e3o de novas tecnologias e tratamentos, \u00e9 um dos nossos maiores desafios. Temos ainda a necessidade de investir em tecnologia, uma vez que a transforma\u00e7\u00e3o digital \u00e9 essencial para agilizar, facilitar e tornar mais efetivo o acesso do usu\u00e1rio ao atendimento.<br>Diante deste cen\u00e1rio, a gest\u00e3o trabalha para o fortalecimento do Instituto, buscando novas formas de financiamento, objetivando otimizar as despesas de modo a assegurar a qualidade da assist\u00eancia \u00e0 sa\u00fade dos servidores e seus dependentes.<br>Uma das frentes \u00e9 a expans\u00e3o da rede credenciada, sempre de forma respons\u00e1vel, incluindo especialidades m\u00e9dicas onde houver demanda reprimida, abrindo Chamamento P\u00fablico para \u00e1reas como Psiquiatria, Reumatologia, Endocrinologia, Neurologia, al\u00e9m de avan\u00e7ar em \u00e1reas como Neuropediatria e Geriatria.<\/p>\n\n\n\n<p><br>Temos consci\u00eancia de que j\u00e1 fizemos muito, e que ainda h\u00e1 muito a fazer, mas nosso objetivo \u00e9 continuar contribuindo para o crescimento e fortalecimento do Instituto, promovendo de forma mais eficaz o bem estar e a sa\u00fade dos servidores do Estado.<br>Contamos para isso com o apoio e o respaldo do governador Rafael Fonteles e, em especial, a colabora\u00e7\u00e3o de nossos servidores, que ao longo de nossa gest\u00e3o t\u00eam se mostrado dedicados, dando sua contribui\u00e7\u00e3o para o crescimento do nosso Instituto.<\/p>\n","protected":false},"excerpt":{"rendered":"<p>O trabalho de gerir o maior plano de sa\u00fade do Estado \u00e9 desafiador, mas tamb\u00e9m muito gratificante. Entregar sa\u00fade de qualidade e a pre\u00e7o acess\u00edvel a milhares de usu\u00e1rios exige [&hellip;]<\/p>\n","protected":false},"author":1,"featured_media":0,"parent":0,"menu_order":0,"comment_status":"closed","ping_status":"closed","template":"template-fullwidth.php","meta":[],"featured_image_urls":{"full":"","thumbnail":"","medium":"","medium_large":"","large":"","sgg-420":"","sgg-540":"","sgg-780":"","1536x1536":"","2048x2048":"","homepage-slider":"","homepage-slider-small":"","page-top":"","page-small":"","loop-main":"","thumb-gallery-widget":""},"post_excerpt_stackable":"<p>O trabalho de gerir o maior plano de sa\u00fade do Estado \u00e9 desafiador, mas tamb\u00e9m muito gratificante. Entregar sa\u00fade de qualidade e a pre\u00e7o acess\u00edvel a milhares de usu\u00e1rios exige muito di\u00e1logo, transpar\u00eancia, conhecimento t\u00e9cnico e o apoio de uma equipe disposta a aceitar desafios. \u00c9 necess\u00e1rio trabalhar com responsabilidade e compromisso para fazer mais com os recursos dispon\u00edveis, mantendo a qualidade do atendimento e a sustentabilidade do plano, al\u00e9m de buscar oferecer novas tecnologias e servi\u00e7os.Usu\u00e1rios do Iaspi Sa\u00fade\/Plamta e seus dependentes t\u00eam o melhor custo\/benef\u00edcio em plano de sa\u00fade, um plano que chega a ser 70% mais barato&hellip;<\/p>\n","category_list":"","author_info":{"name":"admin","url":"https:\/\/portal.pi.gov.br\/iaspi\/author\/admin\/"},"comments_num":"0 coment\u00e1rio","featured_image_urls_v2":{"full":"","thumbnail":"","medium":"","medium_large":"","large":"","sgg-420":"","sgg-540":"","sgg-780":"","1536x1536":"","2048x2048":"","homepage-slider":"","homepage-slider-small":"","page-top":"","page-small":"","loop-main":"","thumb-gallery-widget":""},"post_excerpt_stackable_v2":"<p>O trabalho de gerir o maior plano de sa\u00fade do Estado \u00e9 desafiador, mas tamb\u00e9m muito gratificante. Entregar sa\u00fade de qualidade e a pre\u00e7o acess\u00edvel a milhares de usu\u00e1rios exige muito di\u00e1logo, transpar\u00eancia, conhecimento t\u00e9cnico e o apoio de uma equipe disposta a aceitar desafios. \u00c9 necess\u00e1rio trabalhar com responsabilidade e compromisso para fazer mais com os recursos dispon\u00edveis, mantendo a qualidade do atendimento e a sustentabilidade do plano, al\u00e9m de buscar oferecer novas tecnologias e servi\u00e7os.Usu\u00e1rios do Iaspi Sa\u00fade\/Plamta e seus dependentes t\u00eam o melhor custo\/benef\u00edcio em plano de sa\u00fade, um plano que chega a ser 70% mais barato&hellip;<\/p>\n","category_list_v2":"","author_info_v2":{"name":"admin","url":"https:\/\/portal.pi.gov.br\/iaspi\/author\/admin\/"},"comments_num_v2":"0 coment\u00e1rio","_links":{"self":[{"href":"https:\/\/portal.pi.gov.br\/iaspi\/wp-json\/wp\/v2\/pages\/943"}],"collection":[{"href":"https:\/\/portal.pi.gov.br\/iaspi\/wp-json\/wp\/v2\/pages"}],"about":[{"href":"https:\/\/portal.pi.gov.br\/iaspi\/wp-json\/wp\/v2\/types\/page"}],"author":[{"embeddable":true,"href":"https:\/\/portal.pi.gov.br\/iaspi\/wp-json\/wp\/v2\/users\/1"}],"replies":[{"embeddable":true,"href":"https:\/\/portal.pi.gov.br\/iaspi\/wp-json\/wp\/v2\/comments?post=943"}],"version-history":[{"count":3,"href":"https:\/\/portal.pi.gov.br\/iaspi\/wp-json\/wp\/v2\/pages\/943\/revisions"}],"predecessor-version":[{"id":1094,"href":"https:\/\/portal.pi.gov.br\/iaspi\/wp-json\/wp\/v2\/pages\/943\/revisions\/1094"}],"wp:attachment":[{"href":"https:\/\/portal.pi.gov.br\/iaspi\/wp-json\/wp\/v2\/media?parent=943"}],"curies":[{"name":"wp","href":"https:\/\/api.w.org\/{rel}","templated":true}]}}