{"id":945,"date":"2024-09-10T09:45:15","date_gmt":"2024-09-10T12:45:15","guid":{"rendered":"https:\/\/portal.pi.gov.br\/iaspi\/?page_id=945"},"modified":"2024-09-10T11:33:51","modified_gmt":"2024-09-10T14:33:51","slug":"missao","status":"publish","type":"page","link":"https:\/\/portal.pi.gov.br\/iaspi\/missao\/","title":{"rendered":"Miss\u00e3o"},"content":{"rendered":"\n<p>Promover o bem estar e a sa\u00fade, garantir a prote\u00e7\u00e3o \u00e0 vida dos servidores p\u00fablicos do Estado do Piau\u00ed e de suas fam\u00edlias.<\/p>\n","protected":false},"excerpt":{"rendered":"<p>Promover o bem estar e a sa\u00fade, garantir a prote\u00e7\u00e3o \u00e0 vida dos servidores p\u00fablicos do Estado do Piau\u00ed e de suas fam\u00edlias.<\/p>\n","protected":false},"author":1,"featured_media":0,"parent":0,"menu_order":0,"comment_status":"closed","ping_status":"closed","template":"template-fullwidth.php","meta":[],"featured_image_urls":{"full":"","thumbnail":"","medium":"","medium_large":"","large":"","sgg-420":"","sgg-540":"","sgg-780":"","1536x1536":"","2048x2048":"","homepage-slider":"","homepage-slider-small":"","page-top":"","page-small":"","loop-main":"","thumb-gallery-widget":""},"post_excerpt_stackable":"<p>Promover o bem estar e a sa\u00fade, garantir a prote\u00e7\u00e3o \u00e0 vida dos servidores p\u00fablicos do Estado do Piau\u00ed e de suas fam\u00edlias.<\/p>\n","category_list":"","author_info":{"name":"admin","url":"https:\/\/portal.pi.gov.br\/iaspi\/author\/admin\/"},"comments_num":"0 coment\u00e1rio","featured_image_urls_v2":{"full":"","thumbnail":"","medium":"","medium_large":"","large":"","sgg-420":"","sgg-540":"","sgg-780":"","1536x1536":"","2048x2048":"","homepage-slider":"","homepage-slider-small":"","page-top":"","page-small":"","loop-main":"","thumb-gallery-widget":""},"post_excerpt_stackable_v2":"<p>Promover o bem estar e a sa\u00fade, garantir a prote\u00e7\u00e3o \u00e0 vida dos servidores p\u00fablicos do Estado do Piau\u00ed e de suas fam\u00edlias.<\/p>\n","category_list_v2":"","author_info_v2":{"name":"admin","url":"https:\/\/portal.pi.gov.br\/iaspi\/author\/admin\/"},"comments_num_v2":"0 coment\u00e1rio","_links":{"self":[{"href":"https:\/\/portal.pi.gov.br\/iaspi\/wp-json\/wp\/v2\/pages\/945"}],"collection":[{"href":"https:\/\/portal.pi.gov.br\/iaspi\/wp-json\/wp\/v2\/pages"}],"about":[{"href":"https:\/\/portal.pi.gov.br\/iaspi\/wp-json\/wp\/v2\/types\/page"}],"author":[{"embeddable":true,"href":"https:\/\/portal.pi.gov.br\/iaspi\/wp-json\/wp\/v2\/users\/1"}],"replies":[{"embeddable":true,"href":"https:\/\/portal.pi.gov.br\/iaspi\/wp-json\/wp\/v2\/comments?post=945"}],"version-history":[{"count":2,"href":"https:\/\/portal.pi.gov.br\/iaspi\/wp-json\/wp\/v2\/pages\/945\/revisions"}],"predecessor-version":[{"id":1007,"href":"https:\/\/portal.pi.gov.br\/iaspi\/wp-json\/wp\/v2\/pages\/945\/revisions\/1007"}],"wp:attachment":[{"href":"https:\/\/portal.pi.gov.br\/iaspi\/wp-json\/wp\/v2\/media?parent=945"}],"curies":[{"name":"wp","href":"https:\/\/api.w.org\/{rel}","templated":true}]}}