{"id":951,"date":"2024-09-10T09:46:09","date_gmt":"2024-09-10T12:46:09","guid":{"rendered":"https:\/\/portal.pi.gov.br\/iaspi\/?page_id=951"},"modified":"2025-03-11T10:49:26","modified_gmt":"2025-03-11T13:49:26","slug":"conselho-de-saude","status":"publish","type":"page","link":"https:\/\/portal.pi.gov.br\/iaspi\/conselho-de-saude\/","title":{"rendered":"Conselho Fiscal Deliberativo do Iaspi"},"content":{"rendered":"\n<p><strong>Conselho Fiscal Deliberativo do Iaspi (Decreto n\u00ba 23.389, de 21 de Outubro de 2024).<\/strong><\/p>\n\n\n\n<p>O Conselho Fiscal Deliberativo do Instituto de Assist\u00eancia \u00e0 Sa\u00fade dos Servidores P\u00fablicos do Estado do Piau\u00ed \u00e9 \u00f3rg\u00e3o permanente de fiscaliza\u00e7\u00e3o financeira, cont\u00e1bil, atuarial e patrimonial e de delibera\u00e7\u00e3o do IASPI.<\/p>\n\n\n\n<p>O Conselho Fiscal Deliberativo do IASPI \u00e9 composto por um colegiado com 11 (onze) membros titulares com seus respectivos suplentes e ter\u00e1 a seguinte composi\u00e7\u00e3o:<\/p>\n\n\n\n<p>&nbsp;I &#8211; Diretor-Geral do IASPI, que o presidir\u00e1;<\/p>\n\n\n\n<p>II &#8211; 5 (cinco) membros titulares, e suplentes, indicados e nomeados pelo Governador do Estado do Piau\u00ed;<\/p>\n\n\n\n<p>III &#8211; 5 (cinco) membros titulares representantes dos servidores p\u00fablicos civis e militares, ativos ou inativos, e pensionistas, bem como dos empregados das empresas p\u00fablicas e sociedades de economia mista do Estado do Piau\u00ed e seus dependentes, eleitos pelos titulares do IASPI Sa\u00fade e PLAMTA.<\/p>\n\n\n\n<p><strong>Composi\u00e7\u00e3o do Conselho Fiscal Deliberativo do Iaspi<\/strong><\/p>\n\n\n\n<p>Presidente:<\/p>\n\n\n\n<ul>\n<li>Dra. Daniele Amorim Aita<\/li>\n<\/ul>\n\n\n\n<p><\/p>\n\n\n\n<p>Membros titulares representantes do Governo do Estado:<\/p>\n\n\n\n<ul>\n<li>Adriana Silva de Oliveira Lopes;<\/li>\n\n\n\n<li>Aline Moraes dos Passos;<\/li>\n\n\n\n<li>\u00c9ric Damasceno Barroso;<\/li>\n\n\n\n<li>Jaciara Torres Pacheco Probo;<\/li>\n\n\n\n<li>Kerlya Costa Carvalho.<\/li>\n<\/ul>\n\n\n\n<p><\/p>\n\n\n\n<p>Membros titulares representantes dos servidores p\u00fablicos civis e militares, ativos ou inativos, e pensionistas, bem como dos empregados das empresas p\u00fablicas e sociedades de economia mista do Estado do Piau\u00ed e seus dependentes:<\/p>\n\n\n\n<ul>\n<li>Daniel Magalh\u00e3es Chaves \u2013 Sinspesa;<\/li>\n\n\n\n<li>Filomena Cristina Ferreira Lima \u2013 Sinte;<\/li>\n\n\n\n<li>Geane do Nascimento Sousa \u2013 Sindespi;<\/li>\n\n\n\n<li>Raimundo Bispo Pereira \u2013 Sindsculpi;<\/li>\n\n\n\n<li>Rivaldo Vaz Vercoze \u2013 Sinseplan;<\/li>\n<\/ul>\n","protected":false},"excerpt":{"rendered":"<p>Conselho Fiscal Deliberativo do Iaspi (Decreto n\u00ba 23.389, de 21 de Outubro de 2024). O Conselho Fiscal Deliberativo do Instituto de Assist\u00eancia \u00e0 Sa\u00fade dos Servidores P\u00fablicos do Estado do [&hellip;]<\/p>\n","protected":false},"author":1,"featured_media":0,"parent":0,"menu_order":0,"comment_status":"closed","ping_status":"closed","template":"template-fullwidth.php","meta":[],"featured_image_urls":{"full":"","thumbnail":"","medium":"","medium_large":"","large":"","sgg-420":"","sgg-540":"","sgg-780":"","1536x1536":"","2048x2048":"","homepage-slider":"","homepage-slider-small":"","page-top":"","page-small":"","loop-main":"","thumb-gallery-widget":""},"post_excerpt_stackable":"<p>Conselho Fiscal Deliberativo do Iaspi (Decreto n\u00ba 23.389, de 21 de Outubro de 2024). O Conselho Fiscal Deliberativo do Instituto de Assist\u00eancia \u00e0 Sa\u00fade dos Servidores P\u00fablicos do Estado do Piau\u00ed \u00e9 \u00f3rg\u00e3o permanente de fiscaliza\u00e7\u00e3o financeira, cont\u00e1bil, atuarial e patrimonial e de delibera\u00e7\u00e3o do IASPI. O Conselho Fiscal Deliberativo do IASPI \u00e9 composto por um colegiado com 11 (onze) membros titulares com seus respectivos suplentes e ter\u00e1 a seguinte composi\u00e7\u00e3o: &nbsp;I &#8211; Diretor-Geral do IASPI, que o presidir\u00e1; II &#8211; 5 (cinco) membros titulares, e suplentes, indicados e nomeados pelo Governador do Estado do Piau\u00ed; III &#8211; 5 (cinco)&hellip;<\/p>\n","category_list":"","author_info":{"name":"admin","url":"https:\/\/portal.pi.gov.br\/iaspi\/author\/admin\/"},"comments_num":"0 coment\u00e1rio","featured_image_urls_v2":{"full":"","thumbnail":"","medium":"","medium_large":"","large":"","sgg-420":"","sgg-540":"","sgg-780":"","1536x1536":"","2048x2048":"","homepage-slider":"","homepage-slider-small":"","page-top":"","page-small":"","loop-main":"","thumb-gallery-widget":""},"post_excerpt_stackable_v2":"<p>Conselho Fiscal Deliberativo do Iaspi (Decreto n\u00ba 23.389, de 21 de Outubro de 2024). O Conselho Fiscal Deliberativo do Instituto de Assist\u00eancia \u00e0 Sa\u00fade dos Servidores P\u00fablicos do Estado do Piau\u00ed \u00e9 \u00f3rg\u00e3o permanente de fiscaliza\u00e7\u00e3o financeira, cont\u00e1bil, atuarial e patrimonial e de delibera\u00e7\u00e3o do IASPI. O Conselho Fiscal Deliberativo do IASPI \u00e9 composto por um colegiado com 11 (onze) membros titulares com seus respectivos suplentes e ter\u00e1 a seguinte composi\u00e7\u00e3o: &nbsp;I &#8211; Diretor-Geral do IASPI, que o presidir\u00e1; II &#8211; 5 (cinco) membros titulares, e suplentes, indicados e nomeados pelo Governador do Estado do Piau\u00ed; III &#8211; 5 (cinco)&hellip;<\/p>\n","category_list_v2":"","author_info_v2":{"name":"admin","url":"https:\/\/portal.pi.gov.br\/iaspi\/author\/admin\/"},"comments_num_v2":"0 coment\u00e1rio","_links":{"self":[{"href":"https:\/\/portal.pi.gov.br\/iaspi\/wp-json\/wp\/v2\/pages\/951"}],"collection":[{"href":"https:\/\/portal.pi.gov.br\/iaspi\/wp-json\/wp\/v2\/pages"}],"about":[{"href":"https:\/\/portal.pi.gov.br\/iaspi\/wp-json\/wp\/v2\/types\/page"}],"author":[{"embeddable":true,"href":"https:\/\/portal.pi.gov.br\/iaspi\/wp-json\/wp\/v2\/users\/1"}],"replies":[{"embeddable":true,"href":"https:\/\/portal.pi.gov.br\/iaspi\/wp-json\/wp\/v2\/comments?post=951"}],"version-history":[{"count":5,"href":"https:\/\/portal.pi.gov.br\/iaspi\/wp-json\/wp\/v2\/pages\/951\/revisions"}],"predecessor-version":[{"id":1123,"href":"https:\/\/portal.pi.gov.br\/iaspi\/wp-json\/wp\/v2\/pages\/951\/revisions\/1123"}],"wp:attachment":[{"href":"https:\/\/portal.pi.gov.br\/iaspi\/wp-json\/wp\/v2\/media?parent=951"}],"curies":[{"name":"wp","href":"https:\/\/api.w.org\/{rel}","templated":true}]}}