{"id":967,"date":"2024-09-10T09:56:12","date_gmt":"2024-09-10T12:56:12","guid":{"rendered":"https:\/\/portal.pi.gov.br\/iaspi\/?page_id=967"},"modified":"2025-02-13T10:56:37","modified_gmt":"2025-02-13T13:56:37","slug":"documentos-protocolo","status":"publish","type":"page","link":"https:\/\/portal.pi.gov.br\/iaspi\/documentos-protocolo\/","title":{"rendered":"Documentos Protocolo"},"content":{"rendered":"<script type=\"text\/x-handlebars-template\"        id=\"wpfd-template-table-categories-33\">    <div class=\"wpfd-categories\">{{#if category}}{{#with category}}{{#if parent}}<a class=\"catlink backcategory\" href=\"#\" data-idcat=\"{{parent}}\">                        <i class=\"zmdi zmdi-chevron-left\"><\/i><span>Voltar<\/span><\/a>{{\/if}}{{\/with}}{{\/if}}<\/div><\/script><script type=\"text\/x-handlebars-template\" id=\"wpfd-template-table-33\">    {{#if files}}    {{#each files}}    <tr class=\"file\" data-id=\"{{ID}}\" data-catid=\"{{catid}}\">    <td class=\"file_title\"><a class=\"wpfd_downloadlink\" href=\"{{linkdownload}}\" title=\"{{post_title}}\"><span class=\"extcol\">{{#if file_custom_icon}}<span class=\"icon-custom\"><img src=\"{{file_custom_icon}}\"><\/span>{{else}}<span class=\"ext ext-{{ext}}\"><\/span>{{\/if}}<\/span>{{{crop_title}}}<\/a><\/td><td class=\"file_size\">{{bytesToSize size}}<\/td><td class=\"file_created\">{{created}}<\/td>                    <td class=\"col-download\">                <a class=\"downloadlink wpfd_downloadlink\"  href=\"{{linkdownload}}\" style=\"background-color:#033b85;color:#ffffff;\">Baixar<i class=\"zmdi zmdi-cloud-download wpfd-download\"><\/i><\/a>{{#if openpdflink}}<a class=\"openlink wpfdlightbox wpfd_previewlink\" href=\"{{openpdflink}}\" target=\"\">Visualizar                            <i class=\"zmdi zmdi-filter-center-focus wpfd-preview\"><\/i>                        <\/a>{{else}}{{#if viewerlink}}<a                            href=\"{{viewerlink}}\"                            class=\"openlink wpfdlightbox wpfd_previewlink\"                            target=\"\"                            data-id=\"{{ID}}\"                            data-catid=\"{{catid}}\"                            data-file-type=\"{{ext}}\">Visualizar<i class=\"zmdi zmdi-filter-center-focus wpfd-preview\"><\/i>                        <\/a>{{\/if}}{{\/if}}            <\/td>            <\/tr>    {{\/each}}    {{\/if}}<\/script><div class=\"wpfd-content wpfd-content-table wpfd-content-multi colstyle\" data-category=\"33\"><input type=\"hidden\" id=\"current_category_33\" value=\"33\" \/>                    <input type=\"hidden\" id=\"current_category_slug_33\" value=\"docs-protocolo\" \/>                    <input type=\"hidden\" id=\"current_ordering_33\" value=\"created_time\" \/>                    <input type=\"hidden\" id=\"current_ordering_direction_33\" value=\"desc\" \/><div class=\"wpfd-container\">        <div class=\"wpfd-open-tree\"><\/div>    <div class=\"wpfd-container-table \">        <div class=\"wpfd-categories\"><\/div>        <table class=\"wpfd-table wpfd-table-bordered wpfd-table-striped mediaTable\">            <thead>            <tr>                <th class=\"essential persist file_title\">T\u00edtulo<\/th><th class=\"optional file_size\">Tamanho<\/th><th class=\"optional file_created\">Data de Publica\u00e7\u00e3o<\/th><th class=\"essential file_download\">Baixar<\/th>            <\/tr>            <\/thead>            <tbody>                            <tr class=\"file\" data-id=\"1939\"                    data-catid=\"33\">                    <td class=\"file_title\"><a class=\"wpfd_downloadlink\" href=\"https:\/\/portal.pi.gov.br\/iaspi\/download\/33\/docs-protocolo\/1939\/requerimento.pdf\" title=\"Requerimento\"><span class=\"extcol\">                                <span class=\"ext ext-pdf\"><\/span>                                Requerimento                            <\/span><\/a><\/td><td class=\"file_size\">423.10 KB<\/td><td class=\"file_created\">20-04-2026<\/td>                                            <td class=\"col-download\">                            <a class=\"downloadlink wpfd_downloadlink\"  href=\"https:\/\/portal.pi.gov.br\/iaspi\/download\/33\/docs-protocolo\/1939\/requerimento.pdf\" style=\"background-color:#033b85;color:#ffffff;\">Baixar<i class=\"zmdi zmdi-cloud-download wpfd-download\"><\/i><\/a><a                            href=\"https:\/\/docs.google.com\/viewer?url=https%3A%2F%2Fportal.pi.gov.br%2Fiaspi%2Fwp-admin%2Fadmin-ajax.php%3Fjuwpfisadmin%3Dfalse%26action%3Dwpfd%26task%3Dfile.download%26wpfd_category_id%3D33%26wpfd_file_id%3D1939%26token%3D%26preview%3D1&#038;embedded=true\"                            class=\"openlink wpfdlightbox wpfd_previewlink\"                            target=\"\"                            data-id=\"1939\"                            data-catid=\"33\"                            data-file-type=\"pdf\">Visualizar<i class=\"zmdi zmdi-filter-center-focus wpfd-preview\"><\/i>                        <\/a>                        <\/td>                                    <\/tr>                            <tr class=\"file\" data-id=\"1083\"                    data-catid=\"33\">                    <td class=\"file_title\"><a class=\"wpfd_downloadlink\" href=\"https:\/\/portal.pi.gov.br\/iaspi\/download\/33\/docs-protocolo\/1083\/solicitacao-de-pensionista-para-continuar-no-iapep-saude-eou-plamta.pdf\" title=\"Solicita\u00e7\u00e3o de pensionista para continuar no Iapep Sa\u00fade eou Plamta\"><span class=\"extcol\">                                <span class=\"ext ext-pdf\"><\/span>                                Solicita\u00e7\u00e3o de pensionista para continuar no Iapep Sa\u00fade eou Plamta                            <\/span><\/a><\/td><td class=\"file_size\">180.91 KB<\/td><td class=\"file_created\">14-02-2025<\/td>                                            <td class=\"col-download\">                            <a class=\"downloadlink wpfd_downloadlink\"  href=\"https:\/\/portal.pi.gov.br\/iaspi\/download\/33\/docs-protocolo\/1083\/solicitacao-de-pensionista-para-continuar-no-iapep-saude-eou-plamta.pdf\" style=\"background-color:#033b85;color:#ffffff;\">Baixar<i class=\"zmdi zmdi-cloud-download wpfd-download\"><\/i><\/a><a                            href=\"https:\/\/docs.google.com\/viewer?url=https%3A%2F%2Fportal.pi.gov.br%2Fiaspi%2Fwp-admin%2Fadmin-ajax.php%3Fjuwpfisadmin%3Dfalse%26action%3Dwpfd%26task%3Dfile.download%26wpfd_category_id%3D33%26wpfd_file_id%3D1083%26token%3D%26preview%3D1&#038;embedded=true\"                            class=\"openlink wpfdlightbox wpfd_previewlink\"                            target=\"\"                            data-id=\"1083\"                            data-catid=\"33\"                            data-file-type=\"pdf\">Visualizar<i class=\"zmdi zmdi-filter-center-focus wpfd-preview\"><\/i>                        <\/a>                        <\/td>                                    <\/tr>                            <tr class=\"file\" data-id=\"1082\"                    data-catid=\"33\">                    <td class=\"file_title\"><a class=\"wpfd_downloadlink\" href=\"https:\/\/portal.pi.gov.br\/iaspi\/download\/33\/docs-protocolo\/1082\/solicitacao-de-pensionista-saque-de-pasep.pdf\" title=\"Solicita\u00e7\u00e3o de pensionista - saque de PASEP\"><span class=\"extcol\">                                <span class=\"ext ext-pdf\"><\/span>                                Solicita\u00e7\u00e3o de pensionista - saque de PASEP                            <\/span><\/a><\/td><td class=\"file_size\">162.33 KB<\/td><td class=\"file_created\">14-02-2025<\/td>                                            <td class=\"col-download\">                            <a class=\"downloadlink wpfd_downloadlink\"  href=\"https:\/\/portal.pi.gov.br\/iaspi\/download\/33\/docs-protocolo\/1082\/solicitacao-de-pensionista-saque-de-pasep.pdf\" style=\"background-color:#033b85;color:#ffffff;\">Baixar<i class=\"zmdi zmdi-cloud-download wpfd-download\"><\/i><\/a><a                            href=\"https:\/\/docs.google.com\/viewer?url=https%3A%2F%2Fportal.pi.gov.br%2Fiaspi%2Fwp-admin%2Fadmin-ajax.php%3Fjuwpfisadmin%3Dfalse%26action%3Dwpfd%26task%3Dfile.download%26wpfd_category_id%3D33%26wpfd_file_id%3D1082%26token%3D%26preview%3D1&#038;embedded=true\"                            class=\"openlink wpfdlightbox wpfd_previewlink\"                            target=\"\"                            data-id=\"1082\"                            data-catid=\"33\"                            data-file-type=\"pdf\">Visualizar<i class=\"zmdi zmdi-filter-center-focus wpfd-preview\"><\/i>                        <\/a>                        <\/td>                                    <\/tr>                            <tr class=\"file\" data-id=\"1080\"                    data-catid=\"33\">                    <td class=\"file_title\"><a class=\"wpfd_downloadlink\" href=\"https:\/\/portal.pi.gov.br\/iaspi\/download\/33\/docs-protocolo\/1080\/solicitacao-de-pensao-por-obito.pdf\" title=\"Solicita\u00e7\u00e3o de pens\u00e3o por \u00f3bito\"><span class=\"extcol\">                                <span class=\"ext ext-pdf\"><\/span>                                Solicita\u00e7\u00e3o de pens\u00e3o por \u00f3bito                            <\/span><\/a><\/td><td class=\"file_size\">175.31 KB<\/td><td class=\"file_created\">14-02-2025<\/td>                                            <td class=\"col-download\">                            <a class=\"downloadlink wpfd_downloadlink\"  href=\"https:\/\/portal.pi.gov.br\/iaspi\/download\/33\/docs-protocolo\/1080\/solicitacao-de-pensao-por-obito.pdf\" style=\"background-color:#033b85;color:#ffffff;\">Baixar<i class=\"zmdi zmdi-cloud-download wpfd-download\"><\/i><\/a><a                            href=\"https:\/\/docs.google.com\/viewer?url=https%3A%2F%2Fportal.pi.gov.br%2Fiaspi%2Fwp-admin%2Fadmin-ajax.php%3Fjuwpfisadmin%3Dfalse%26action%3Dwpfd%26task%3Dfile.download%26wpfd_category_id%3D33%26wpfd_file_id%3D1080%26token%3D%26preview%3D1&#038;embedded=true\"                            class=\"openlink wpfdlightbox wpfd_previewlink\"                            target=\"\"                            data-id=\"1080\"                            data-catid=\"33\"                            data-file-type=\"pdf\">Visualizar<i class=\"zmdi zmdi-filter-center-focus wpfd-preview\"><\/i>                        <\/a>                        <\/td>                                    <\/tr>                            <tr class=\"file\" data-id=\"1079\"                    data-catid=\"33\">                    <td class=\"file_title\"><a class=\"wpfd_downloadlink\" href=\"https:\/\/portal.pi.gov.br\/iaspi\/download\/33\/docs-protocolo\/1079\/declaracao-para-inclusao-de-filho-menoruniversitario-no-iapep-saude.pdf\" title=\"Declara\u00e7\u00e3o para inclus\u00e3o de filho menoruniversit\u00e1rio no Iapep Sa\u00fade\"><span class=\"extcol\">                                <span class=\"ext ext-pdf\"><\/span>                                Declara\u00e7\u00e3o para inclus\u00e3o de filho menoruniversit\u00e1rio no Iapep Sa\u00fade                            <\/span><\/a><\/td><td class=\"file_size\">173.11 KB<\/td><td class=\"file_created\">14-02-2025<\/td>                                            <td class=\"col-download\">                            <a class=\"downloadlink wpfd_downloadlink\"  href=\"https:\/\/portal.pi.gov.br\/iaspi\/download\/33\/docs-protocolo\/1079\/declaracao-para-inclusao-de-filho-menoruniversitario-no-iapep-saude.pdf\" style=\"background-color:#033b85;color:#ffffff;\">Baixar<i class=\"zmdi zmdi-cloud-download wpfd-download\"><\/i><\/a><a                            href=\"https:\/\/docs.google.com\/viewer?url=https%3A%2F%2Fportal.pi.gov.br%2Fiaspi%2Fwp-admin%2Fadmin-ajax.php%3Fjuwpfisadmin%3Dfalse%26action%3Dwpfd%26task%3Dfile.download%26wpfd_category_id%3D33%26wpfd_file_id%3D1079%26token%3D%26preview%3D1&#038;embedded=true\"                            class=\"openlink wpfdlightbox wpfd_previewlink\"                            target=\"\"                            data-id=\"1079\"                            data-catid=\"33\"                            data-file-type=\"pdf\">Visualizar<i class=\"zmdi zmdi-filter-center-focus wpfd-preview\"><\/i>                        <\/a>                        <\/td>                                    <\/tr>                            <tr class=\"file\" data-id=\"1078\"                    data-catid=\"33\">                    <td class=\"file_title\"><a class=\"wpfd_downloadlink\" href=\"https:\/\/portal.pi.gov.br\/iaspi\/download\/33\/docs-protocolo\/1078\/declaracao-de-servidor-solteiro-sem-dependentes.pdf\" title=\"Declara\u00e7\u00e3o de servidor solteiro sem dependentes\"><span class=\"extcol\">                                <span class=\"ext ext-pdf\"><\/span>                                Declara\u00e7\u00e3o de servidor solteiro sem dependentes                            <\/span><\/a><\/td><td class=\"file_size\">121.21 KB<\/td><td class=\"file_created\">14-02-2025<\/td>                                            <td class=\"col-download\">                            <a class=\"downloadlink wpfd_downloadlink\"  href=\"https:\/\/portal.pi.gov.br\/iaspi\/download\/33\/docs-protocolo\/1078\/declaracao-de-servidor-solteiro-sem-dependentes.pdf\" style=\"background-color:#033b85;color:#ffffff;\">Baixar<i class=\"zmdi zmdi-cloud-download wpfd-download\"><\/i><\/a><a                            href=\"https:\/\/docs.google.com\/viewer?url=https%3A%2F%2Fportal.pi.gov.br%2Fiaspi%2Fwp-admin%2Fadmin-ajax.php%3Fjuwpfisadmin%3Dfalse%26action%3Dwpfd%26task%3Dfile.download%26wpfd_category_id%3D33%26wpfd_file_id%3D1078%26token%3D%26preview%3D1&#038;embedded=true\"                            class=\"openlink wpfdlightbox wpfd_previewlink\"                            target=\"\"                            data-id=\"1078\"                            data-catid=\"33\"                            data-file-type=\"pdf\">Visualizar<i class=\"zmdi zmdi-filter-center-focus wpfd-preview\"><\/i>                        <\/a>                        <\/td>                                    <\/tr>                            <tr class=\"file\" data-id=\"1077\"                    data-catid=\"33\">                    <td class=\"file_title\"><a class=\"wpfd_downloadlink\" href=\"https:\/\/portal.pi.gov.br\/iaspi\/download\/33\/docs-protocolo\/1077\/decl-para-inclusao-de-filho-maior-de-21-anos-no-iapep-saude-suplem.pdf\" title=\"Decl. para inclus\u00e3o de filho maior de 21 anos no Iapep Sa\u00fade Suplem.\"><span class=\"extcol\">                                <span class=\"ext ext-pdf\"><\/span>                                Decl. para inclus\u00e3o de filho maior de 21 anos no Iapep Sa\u00fade Suplem.                            <\/span><\/a><\/td><td class=\"file_size\">114.51 KB<\/td><td class=\"file_created\">14-02-2025<\/td>                                            <td class=\"col-download\">                            <a class=\"downloadlink wpfd_downloadlink\"  href=\"https:\/\/portal.pi.gov.br\/iaspi\/download\/33\/docs-protocolo\/1077\/decl-para-inclusao-de-filho-maior-de-21-anos-no-iapep-saude-suplem.pdf\" style=\"background-color:#033b85;color:#ffffff;\">Baixar<i class=\"zmdi zmdi-cloud-download wpfd-download\"><\/i><\/a><a                            href=\"https:\/\/docs.google.com\/viewer?url=https%3A%2F%2Fportal.pi.gov.br%2Fiaspi%2Fwp-admin%2Fadmin-ajax.php%3Fjuwpfisadmin%3Dfalse%26action%3Dwpfd%26task%3Dfile.download%26wpfd_category_id%3D33%26wpfd_file_id%3D1077%26token%3D%26preview%3D1&#038;embedded=true\"                            class=\"openlink wpfdlightbox wpfd_previewlink\"                            target=\"\"                            data-id=\"1077\"                            data-catid=\"33\"                            data-file-type=\"pdf\">Visualizar<i class=\"zmdi zmdi-filter-center-focus wpfd-preview\"><\/i>                        <\/a>                        <\/td>                                    <\/tr>                            <tr class=\"file\" data-id=\"1075\"                    data-catid=\"33\">                    <td class=\"file_title\"><a class=\"wpfd_downloadlink\" href=\"https:\/\/portal.pi.gov.br\/iaspi\/download\/33\/docs-protocolo\/1075\/guia-de-solicitacao-de-internacao-plamta.pdf\" title=\"Guia de solicita\u00e7\u00e3o de interna\u00e7\u00e3o PLAMTA\"><span class=\"extcol\">                                <span class=\"ext ext-pdf\"><\/span>                                Guia de solicita\u00e7\u00e3o de interna\u00e7\u00e3o PLAMTA                            <\/span><\/a><\/td><td class=\"file_size\">473.36 KB<\/td><td class=\"file_created\">14-02-2025<\/td>                                            <td class=\"col-download\">                            <a class=\"downloadlink wpfd_downloadlink\"  href=\"https:\/\/portal.pi.gov.br\/iaspi\/download\/33\/docs-protocolo\/1075\/guia-de-solicitacao-de-internacao-plamta.pdf\" style=\"background-color:#033b85;color:#ffffff;\">Baixar<i class=\"zmdi zmdi-cloud-download wpfd-download\"><\/i><\/a><a                            href=\"https:\/\/docs.google.com\/viewer?url=https%3A%2F%2Fportal.pi.gov.br%2Fiaspi%2Fwp-admin%2Fadmin-ajax.php%3Fjuwpfisadmin%3Dfalse%26action%3Dwpfd%26task%3Dfile.download%26wpfd_category_id%3D33%26wpfd_file_id%3D1075%26token%3D%26preview%3D1&#038;embedded=true\"                            class=\"openlink wpfdlightbox wpfd_previewlink\"                            target=\"\"                            data-id=\"1075\"                            data-catid=\"33\"                            data-file-type=\"pdf\">Visualizar<i class=\"zmdi zmdi-filter-center-focus wpfd-preview\"><\/i>                        <\/a>                        <\/td>                                    <\/tr>                        <\/tbody>        <\/table>            <\/div><\/div><\/div>\n","protected":false},"excerpt":{"rendered":"","protected":false},"author":1,"featured_media":0,"parent":0,"menu_order":0,"comment_status":"closed","ping_status":"closed","template":"template-fullwidth.php","meta":[],"featured_image_urls":{"full":"","thumbnail":"","medium":"","medium_large":"","large":"","sgg-420":"","sgg-540":"","sgg-780":"","1536x1536":"","2048x2048":"","homepage-slider":"","homepage-slider-small":"","page-top":"","page-small":"","loop-main":"","thumb-gallery-widget":""},"post_excerpt_stackable":"<p>T\u00edtuloTamanhoData de Publica\u00e7\u00e3oBaixar Requerimento 423.10 KB20-04-2026 BaixarVisualizar Solicita\u00e7\u00e3o de pensionista para continuar no Iapep Sa\u00fade eou Plamta 180.91 KB14-02-2025 BaixarVisualizar Solicita\u00e7\u00e3o de pensionista &#8211; saque de PASEP 162.33 KB14-02-2025 BaixarVisualizar Solicita\u00e7\u00e3o de pens\u00e3o por \u00f3bito 175.31 KB14-02-2025 BaixarVisualizar Declara\u00e7\u00e3o para inclus\u00e3o de filho menoruniversit\u00e1rio no Iapep Sa\u00fade 173.11 KB14-02-2025 BaixarVisualizar Declara\u00e7\u00e3o de servidor solteiro sem dependentes 121.21 KB14-02-2025 BaixarVisualizar Decl. para inclus\u00e3o de filho maior de 21 anos no Iapep Sa\u00fade Suplem. 114.51 KB14-02-2025 BaixarVisualizar Guia de solicita\u00e7\u00e3o de interna\u00e7\u00e3o PLAMTA 473.36 KB14-02-2025 BaixarVisualizar<\/p>\n","category_list":"","author_info":{"name":"admin","url":"https:\/\/portal.pi.gov.br\/iaspi\/author\/admin\/"},"comments_num":"0 coment\u00e1rio","featured_image_urls_v2":{"full":"","thumbnail":"","medium":"","medium_large":"","large":"","sgg-420":"","sgg-540":"","sgg-780":"","1536x1536":"","2048x2048":"","homepage-slider":"","homepage-slider-small":"","page-top":"","page-small":"","loop-main":"","thumb-gallery-widget":""},"post_excerpt_stackable_v2":"<p>T\u00edtuloTamanhoData de Publica\u00e7\u00e3oBaixar Requerimento 423.10 KB20-04-2026 BaixarVisualizar Solicita\u00e7\u00e3o de pensionista para continuar no Iapep Sa\u00fade eou Plamta 180.91 KB14-02-2025 BaixarVisualizar Solicita\u00e7\u00e3o de pensionista &#8211; saque de PASEP 162.33 KB14-02-2025 BaixarVisualizar Solicita\u00e7\u00e3o de pens\u00e3o por \u00f3bito 175.31 KB14-02-2025 BaixarVisualizar Declara\u00e7\u00e3o para inclus\u00e3o de filho menoruniversit\u00e1rio no Iapep Sa\u00fade 173.11 KB14-02-2025 BaixarVisualizar Declara\u00e7\u00e3o de servidor solteiro sem dependentes 121.21 KB14-02-2025 BaixarVisualizar Decl. para inclus\u00e3o de filho maior de 21 anos no Iapep Sa\u00fade Suplem. 114.51 KB14-02-2025 BaixarVisualizar Guia de solicita\u00e7\u00e3o de interna\u00e7\u00e3o PLAMTA 473.36 KB14-02-2025 BaixarVisualizar<\/p>\n","category_list_v2":"","author_info_v2":{"name":"admin","url":"https:\/\/portal.pi.gov.br\/iaspi\/author\/admin\/"},"comments_num_v2":"0 coment\u00e1rio","_links":{"self":[{"href":"https:\/\/portal.pi.gov.br\/iaspi\/wp-json\/wp\/v2\/pages\/967"}],"collection":[{"href":"https:\/\/portal.pi.gov.br\/iaspi\/wp-json\/wp\/v2\/pages"}],"about":[{"href":"https:\/\/portal.pi.gov.br\/iaspi\/wp-json\/wp\/v2\/types\/page"}],"author":[{"embeddable":true,"href":"https:\/\/portal.pi.gov.br\/iaspi\/wp-json\/wp\/v2\/users\/1"}],"replies":[{"embeddable":true,"href":"https:\/\/portal.pi.gov.br\/iaspi\/wp-json\/wp\/v2\/comments?post=967"}],"version-history":[{"count":2,"href":"https:\/\/portal.pi.gov.br\/iaspi\/wp-json\/wp\/v2\/pages\/967\/revisions"}],"predecessor-version":[{"id":1068,"href":"https:\/\/portal.pi.gov.br\/iaspi\/wp-json\/wp\/v2\/pages\/967\/revisions\/1068"}],"wp:attachment":[{"href":"https:\/\/portal.pi.gov.br\/iaspi\/wp-json\/wp\/v2\/media?parent=967"}],"curies":[{"name":"wp","href":"https:\/\/api.w.org\/{rel}","templated":true}]}}