{"id":2861,"date":"2023-04-20T23:39:05","date_gmt":"2023-04-21T02:39:05","guid":{"rendered":"https:\/\/portal.pi.gov.br\/interpi2\/?page_id=2861"},"modified":"2023-04-20T23:39:05","modified_gmt":"2023-04-21T02:39:05","slug":"conheca-o-trello-capitulo-2","status":"publish","type":"page","link":"https:\/\/portal.pi.gov.br\/interpi\/conheca-o-trello-capitulo-2\/","title":{"rendered":"Conhe\u00e7a o Trello &#8211; CAP\u00cdTULO 2"},"content":{"rendered":"\n<div class=\"wp-block-stackable-columns alignwide stk-block-columns stk-block stk-5a87daa\" data-block-id=\"5a87daa\"><style>.stk-5a87daa-column{--stk-column-gap:64px !important}<\/style><div class=\"stk-row stk-inner-blocks stk-block-content stk-content-align stk-5a87daa-column alignwide\">\n<div class=\"wp-block-stackable-column stk-block-column stk-block-column--v2 stk-column stk-block stk-db54db1\" data-block-id=\"db54db1\"><style>@media screen and (min-width:768px){.stk-db54db1{flex:1 1 calc(40% - var(--stk-column-gap,0px) * 1 \/ 2 ) !important}}.stk-db54db1-container{background-color:#f6f6f6 !important}.stk-db54db1-container:before{background-color:#f6f6f6 !important}.stk-db54db1-container{box-shadow:none !important}<\/style><div class=\"stk-column-wrapper stk-block-column__content stk-container stk-db54db1-container stk-hover-parent\"><div class=\"stk-block-content stk-inner-blocks stk-db54db1-inner-blocks\">\n<p><a href=\"https:\/\/portal.pi.gov.br\/interpi2\/conheca-o-trello\/\" data-type=\"page\" data-id=\"2852\">1 Aprenda no\u00e7\u00f5es b\u00e1sicas do quadro do Trello<\/a><\/p>\n\n\n\n<p><a href=\"https:\/\/portal.pi.gov.br\/interpi2\/conheca-o-trello-capitulo-2\/\" data-type=\"page\" data-id=\"2861\">2 Crie seu primeiro projeto<\/a><\/p>\n\n\n\n<nav class=\"wp-block-stackable-table-of-contents stk-block-table-of-contents stk-block stk-2670d6e\" data-block-id=\"2670d6e\"><ul class=\"stk-table-of-contents__table\"><li><a href=\"#crie-o-primeiro-projeto-no-trello\">Crie o primeiro projeto no Trello<\/a><\/li><li><a href=\"#crie-um-quadro\">Crie um quadro<\/a><\/li><li><a href=\"#personalize-o-seu-quadro\">Personalize o seu quadro<\/a><\/li><li><a href=\"#comece-a-colaborar\">Comece a colaborar<\/a><ul><li><a href=\"#definir-permissoes-de-membros\">Definir permiss\u00f5es de membros<\/a><\/li><\/ul><\/li><li><a href=\"#crie-um-fluxo-de-trabalho\">Crie um fluxo de trabalho<\/a><\/li><li><a href=\"#adicione-tarefas-e-afazeres\">Adicione tarefas e afazeres<\/a><ul><li><a href=\"#seja-especifico-no-verso-do-cartao\">Seja espec\u00edfico no verso do cart\u00e3o<\/a><\/li><\/ul><\/li><\/ul><\/nav>\n\n\n\n<p><a href=\"https:\/\/portal.pi.gov.br\/interpi2\/conheca-o-trello-capitulo-3\/\" data-type=\"page\" data-id=\"2865\">3 Integre seu time ao Trello<\/a><\/p>\n\n\n\n<p><a href=\"https:\/\/portal.pi.gov.br\/interpi2\/2867-2\/\" data-type=\"page\" data-id=\"2867\">4 Integra\u00e7\u00e3o do Trello com outros aplicativos<\/a><\/p>\n\n\n\n<p><a href=\"https:\/\/portal.pi.gov.br\/interpi2\/conheca-o-trello-capitulo-7\/\" data-type=\"page\" data-id=\"2871\">5 Automatize qualquer coisa no Trello<\/a><\/p>\n\n\n\n<p><a href=\"https:\/\/portal.pi.gov.br\/interpi2\/conheca-o-trello-capitulo-8\/\" data-type=\"page\" data-id=\"2873\">6 Definir permiss\u00f5es e controles de administrador<\/a><\/p>\n\n\n\n<p><a href=\"https:\/\/portal.pi.gov.br\/interpi2\/conheca-o-trello-capitulo-9\/\" data-type=\"page\" data-id=\"2875\">7 Aprenda as principais dicas e truques do Trello<\/a><\/p>\n\n\n\n<p><a href=\"https:\/\/portal.pi.gov.br\/interpi2\/tutorial-passo-a-passo-trell\">8 V\u00eddeos Passo a Passo \u2013 TRELLO &amp; <strong>Baixe o aplicativo do Trello e realize a\u00e7\u00f5es em qualquer lugar<\/strong><\/a><\/p>\n\n\n\n<p><a href=\"https:\/\/portal.pi.gov.br\/interpi2\/dicas-e-extensoes-com-trello\/\">9 Dicas de Automa\u00e7\u00f5es e Extens\u00f5es<\/a><\/p>\n<\/div><\/div><\/div>\n\n\n\n<div class=\"wp-block-stackable-column stk-block-column stk-block-column--v2 stk-column stk-block stk-f78cea1\" data-block-id=\"f78cea1\"><style>@media screen and (min-width:768px){.stk-f78cea1{flex:1 1 calc(60% - var(--stk-column-gap,0px) * 1 \/ 2 ) !important}}.stk-f78cea1 .stk-block-column__content{display:flex !important}.stk-f78cea1-inner-blocks{justify-content:center !important}.stk-f78cea1 .stk-block-column__content{flex-direction:column !important}<\/style><div class=\"stk-column-wrapper stk-block-column__content stk-container stk-f78cea1-container stk--no-background stk--no-padding\"><div class=\"stk-block-content stk-inner-blocks stk-f78cea1-inner-blocks\">\n<h5 class=\"wp-block-heading\" id=\"capitulo-2\">CAP\u00cdTULO 2<\/h5>\n\n\n\n<h1 class=\"wp-block-heading\" id=\"crie-seu-primeiro-projeto\">Crie seu primeiro projeto<\/h1>\n\n\n\n<p>O Trello \u00e9 flex\u00edvel e r\u00e1pido o bastante para gerenciar projetos de qualquer tamanho do in\u00edcio ao fim. Saiba como criar seu primeiro quadro e comece a fazer o trabalho avan\u00e7ar.<\/p>\n\n\n\n<h3 class=\"wp-block-heading\" id=\"crie-o-primeiro-projeto-no-trello\">Crie o primeiro projeto no Trello<\/h3>\n\n\n\n<p>Assim como em qualquer projeto, voc\u00ea precisa gerenciar muitas informa\u00e7\u00f5es, monitorar o status das tarefas e inserir as partes interessadas certas em cada fase do projeto. O objetivo \u00e9 avan\u00e7ar em um ritmo est\u00e1vel e garantir a entrega dentro do prazo e do or\u00e7amento \u2014 tudo com um sorriso no rosto.<\/p>\n\n\n\n<p>O Trello pode ajudar em cada etapa do processo. Agora que voc\u00ea j\u00e1 sabe o b\u00e1sico para configurar um quadro do Trello, \u00e9 hora de iniciar seu primeiro projeto.<\/p>\n\n\n\n<h5 class=\"wp-block-heading\" id=\"visao-geral-da-secao\">VIS\u00c3O GERAL DA SE\u00c7\u00c3O<\/h5>\n\n\n\n<p>Nesta se\u00e7\u00e3o voc\u00ea vai aprender:<\/p>\n\n\n\n<ul>\n<li>Crie um quadro<\/li>\n\n\n\n<li>Personalize o seu quadro<\/li>\n\n\n\n<li>Comece a colaborar<\/li>\n\n\n\n<li>Crie um fluxo de trabalho<\/li>\n\n\n\n<li>Adicione tarefas e afazeres<\/li>\n<\/ul>\n\n\n\n<h2 class=\"wp-block-heading\" id=\"crie-um-quadro\">Crie um quadro<\/h2>\n\n\n\n<p>Estruturar um projeto com todos os membros da equipe, as ideias, as tarefas e as datas de entrega e ainda otimizar tudo para a colabora\u00e7\u00e3o da equipe, pode ser uma tarefa exaustiva. Por sorte, voc\u00ea pode recome\u00e7ar com um quadro do Trello, onde \u00e9 poss\u00edvel organizar tudo para atender \u00e0s suas necessidades e ser bem-sucedido.<\/p>\n\n\n\n<figure class=\"wp-block-image\"><img decoding=\"async\" src=\"https:\/\/images.ctfassets.net\/rz1oowkt5gyp\/6YcVMO3b0rGr7ykFuCjHtb\/0a56edd1c69bedd15a15f466df2140da\/ch2_02.png?w=540\" alt=\"Imagem que mostra como criar um novo quadro em uma \u00e1rea de trabalho do Trello\" \/><\/figure>\n\n\n\n<ul>\n<li>Na aba \u00c1rea de trabalho do time, clique em &#8220;Criar quadro&#8221; ou no bot\u00e3o de mais (+) no cabe\u00e7alho do Trello \u00e0 esquerda do seu nome e selecione &#8220;Criar Quadro&#8221;.<\/li>\n\n\n\n<li>D\u00ea um nome ao quadro para representar o trabalho, desde organizar um evento ou administrar um blog at\u00e9 monitorar leads de vendas ou lan\u00e7ar um novo produto.<\/li>\n<\/ul>\n\n\n\n<figure class=\"wp-block-image\"><img decoding=\"async\" src=\"https:\/\/images.ctfassets.net\/rz1oowkt5gyp\/5T5DTd0odooCJxisfBKDOX\/9c01e827f0cd469d624c141023cddb04\/ch2_03.png?w=540\" alt=\"Imagem que mostra como selecionar as configura\u00e7\u00f5es de privacidade de um quadro do Trello\" \/><\/figure>\n\n\n\n<p>Os dados e as informa\u00e7\u00f5es do projeto s\u00e3o os ativos mais valiosos. Quando voc\u00ea cria um novo quadro do Trello, tem op\u00e7\u00f5es para ajustar as configura\u00e7\u00f5es de privacidade.<\/p>\n\n\n\n<ul>\n<li>Quando voc\u00ea cria um quadro, a configura\u00e7\u00e3o padr\u00e3o \u00e9 &#8220;Vis\u00edvel \u00e0 \u00e1rea de trabalho&#8221;, que significa que qualquer membro dessa \u00c1rea de trabalho pode visualizar, entrar e editar cart\u00f5es.<\/li>\n\n\n\n<li>Se voc\u00ea alterar as configura\u00e7\u00f5es para&nbsp;<strong>Privado<\/strong>&nbsp;, apenas os membros desse quadro espec\u00edfico v\u00e3o ter permiss\u00e3o para visualizar. Durante o trabalho em um projeto mais restrito que outros membros do time n\u00e3o podem acessar, \u00e9 comum alterar o padr\u00e3o para Privado. Essa op\u00e7\u00e3o \u00e9 \u00f3tima para quadros individuais, quadros de afazeres pessoais ou quadros compartilhados com clientes.<\/li>\n\n\n\n<li>Os quadros&nbsp;<strong>p\u00fablicos<\/strong>&nbsp;podem ser vistos por qualquer pessoa que tenha o link. Esses quadros s\u00e3o listados por mecanismos de pesquisa, como o Google, ou seja, todas as informa\u00e7\u00f5es que eles cont\u00eam podem ser acessadas por qualquer pessoa na Internet. Essa configura\u00e7\u00e3o pode ser usada em um projeto p\u00fablico ou em um plano de a\u00e7\u00e3o de um produto que seja aberto a feedback p\u00fablico. Assim como outras configura\u00e7\u00f5es do quadro, a escolha de quem pode comentar, adicionar ou remover membros, editar e entrar no quadro pode ser feita em n\u00edveis granulares.<\/li>\n<\/ul>\n\n\n\n<p>Para saber mais sobre quadros p\u00fablicos e privados, clique&nbsp;<a href=\"https:\/\/blog.trello.com\/how-to-transform-trello-workflow-privacy-settings\" target=\"_blank\" rel=\"noreferrer noopener\">aqui<\/a>.<\/p>\n\n\n\n<h2 class=\"wp-block-heading\" id=\"personalize-o-seu-quadro\">Personalize o seu quadro<\/h2>\n\n\n\n<p>N\u00e3o existem fluxos de trabalho iguais, ent\u00e3o por que n\u00e3o dar uma apar\u00eancia \u00fanica a cada quadro? Em nome da divers\u00e3o e da flexibilidade, deixamos que voc\u00ea personalize o plano de fundo do seu quadro para refletir a personalidade pr\u00f3pria do seu time.<\/p>\n\n\n\n<figure class=\"wp-block-image\"><img decoding=\"async\" src=\"https:\/\/images.ctfassets.net\/rz1oowkt5gyp\/b5sT1I0fv9kpm5Z1TxUKk\/f851dd5384e683b5f28d9dbed5090d87\/ch2_04.png?w=540\" alt=\"Imagem que mostra como personalizar as imagens em um quadro do Trello\" \/><\/figure>\n\n\n\n<p>Selecione uma das cores b\u00e1sicas, carregue uma imagem pessoal* ou escolha uma imagem na extensa biblioteca de fotos do&nbsp;Unsplash\u2019s, com op\u00e7\u00f5es bonitas e exclusivas para o plano de fundo dos quadros. Voc\u00ea pode alterar a qualquer momento o plano de fundo de um quadro no menu.<\/p>\n\n\n\n<h2 class=\"wp-block-heading\" id=\"comece-a-colaborar\">Comece a colaborar<\/h2>\n\n\n\n<p>Para membros do time que s\u00e3o respons\u00e1veis por um projeto ou aqueles que s\u00f3 acessam de vez em quando para conferir as atualiza\u00e7\u00f5es de status, garantir a sintonia entre eles resulta em uma experi\u00eancia de colabora\u00e7\u00e3o melhor no projeto.<\/p>\n\n\n\n<p>Convide membros para o quadro para que eles possam receber atribui\u00e7\u00f5es de tarefas e colaborar no quadro.<\/p>\n\n\n\n<figure class=\"wp-block-image\"><img decoding=\"async\" src=\"https:\/\/images.ctfassets.net\/rz1oowkt5gyp\/1BgUtnkTxBVVoUfX3Jqdc8\/42a53221b4eb257a590516e69f3b77df\/ch2_05.png?w=540\" alt=\"Imagem que mostra como convidar membros para um quadro do Trello\" \/><\/figure>\n\n\n\n<ol>\n<li>Na parte superior do quadro, clique em &#8220;Convidar&#8221; e selecione o membro do time para adicionar ao quadro, ou convide membros usando o endere\u00e7o de e-mail ou o nome.<\/li>\n\n\n\n<li>Na parte inferior do menu Convidar, obtenha o link de convite f\u00e1cil para compartilhar o quadro. Solte o link especial no canal do Slack ou envie por e-mail para partes interessadas externas para que elas comecem a colaborar. Para melhorar ainda mais, baixe o c\u00f3digo QR para convidar as pessoas para o quadro.<\/li>\n<\/ol>\n\n\n\n<h3 class=\"wp-block-heading\" id=\"definir-permissoes-de-membros\">Definir permiss\u00f5es de membros<\/h3>\n\n\n\n<p>Configure as permiss\u00f5es dos membros para definir fun\u00e7\u00f5es com transpar\u00eancia. As permiss\u00f5es dos membros proporcionam um controle granular para conceder o acesso certo \u00e0 pessoa certa. Domine as configura\u00e7\u00f5es de usu\u00e1rio abaixo para garantir que as informa\u00e7\u00f5es certas sejam controladas pelas pessoas certas:<\/p>\n\n\n\n<p><strong>Normal:<\/strong>&nbsp;pode visualizar e editar cart\u00f5es, al\u00e9m de editar algumas permiss\u00f5es do quadro, dependendo de quais configura\u00e7\u00f5es voc\u00ea juntar. Boa para membros da \u00e1rea de trabalho que est\u00e3o trabalhando ativamente em um projeto.<\/p>\n\n\n\n<p><strong>Administrador:<\/strong>&nbsp;pode visualizar e editar cart\u00f5es, remover membros e alterar todas as configura\u00e7\u00f5es do quadro. Boa para l\u00edderes ou gerentes de projeto que t\u00eam controle total sobre ele.<\/p>\n\n\n\n<p><strong>Observador*:<\/strong>&nbsp;pode acessar o conte\u00fado exibido em um quadro. Apesar de o observador n\u00e3o poder editar cart\u00f5es, voc\u00ea pode permitir que ele comente, reaja com emojis e tenha um n\u00edvel de participa\u00e7\u00e3o no quadro definido por voc\u00ea. Bom para quadros usados para informar pessoas como clientes, gerentes, terceiros, etc<\/p>\n\n\n\n<figure class=\"wp-block-image\"><img decoding=\"async\" src=\"https:\/\/images.ctfassets.net\/rz1oowkt5gyp\/4Cfyod12STIZPlgXxcHzEz\/6641d0b060957a09add7f09b954fd08f\/chap3-onboardteam-members_permissions-workspace.png?w=540\" alt=\"Imagem que mostra a defini\u00e7\u00e3o de permiss\u00f5es dos membros em um quadro do Trello\" \/><\/figure>\n\n\n\n<h2 class=\"wp-block-heading\" id=\"crie-um-fluxo-de-trabalho\">Crie um fluxo de trabalho<\/h2>\n\n\n\n<p>As listas no Trello ajudam a organizar seus cart\u00f5es por status. Elas podem representar coisas diferentes, como uma cole\u00e7\u00e3o de ideias ou tarefas dentro de um projeto maior. Por\u00e9m, seja para Kanban b\u00e1sico, pipeline de vendas, calend\u00e1rio de marketing ou gerenciamento de um projeto robusto, o mais importante \u00e9 estabelecer um fluxo de trabalho para a forma com que seu time trabalha.<\/p>\n\n\n\n<figure class=\"wp-block-image\"><img decoding=\"async\" src=\"https:\/\/images.ctfassets.net\/rz1oowkt5gyp\/2cOyllZzMqOgncBLIGTICZ\/6eb874a0dded9a19440d0c55f9a63536\/ch2_06.png?w=540\" alt=\"Imagem que mostra como criar listas em um quadro do Trello\" \/><\/figure>\n\n\n\n<ol>\n<li>Clique em &#8220;Adicionar lista&#8221; para criar a primeira lista no quadro e insira o t\u00edtulo que represente o est\u00e1gio ou as informa\u00e7\u00f5es que ela vai conter. Os nomes das listas podem ser simples como etapas, por exemplo, &#8220;Pendente&#8221;, &#8220;Em andamento&#8221; e &#8220;Conclu\u00eddo&#8221;, ou mais detalhados, se necess\u00e1rio para o trabalho que voc\u00ea estiver realizando. Um lembrete: o Trello pode ser bastante personalizado de acordo com necessidades espec\u00edficas, ent\u00e3o d\u00ea o nome que quiser \u00e0s listas!<\/li>\n\n\n\n<li>Adicione quantas listas forem necess\u00e1rias ao quadro para criar o fluxo de trabalho.<\/li>\n<\/ol>\n\n\n\n<h2 class=\"wp-block-heading\" id=\"adicione-tarefas-e-afazeres\">Adicione tarefas e afazeres<\/h2>\n\n\n\n<p>Como unidades fundamentais de um quadro, os cart\u00f5es s\u00e3o usados para representar tarefas e ideias. Eles podem ser usados para algo que precisa ser feito, como um ticket de atendimento ao cliente, um novo design, uma postagem do blog ou uma quest\u00e3o relacionada ao projeto que voc\u00ea precise se lembrar.<\/p>\n\n\n\n<p>Voc\u00ea pode personalizar os cart\u00f5es para que guardem diversas informa\u00e7\u00f5es \u00fateis clicando neles. Arraste e solte cart\u00f5es nas listas para exibir o progresso. N\u00e3o h\u00e1 limite para o n\u00famero de cart\u00f5es que voc\u00ea pode adicionar a um quadro.<\/p>\n\n\n\n<figure class=\"wp-block-image\"><img decoding=\"async\" src=\"https:\/\/images.ctfassets.net\/rz1oowkt5gyp\/2STHuMuEJljoTmnHGOjWAB\/35bdfe3e3e3b338eb523c8ad92cc2228\/ch2_07.png?w=540\" alt=\"Imagem que mostra como adicionar cart\u00f5es a um quadro do Trello\" \/><\/figure>\n\n\n\n<ol>\n<li>Adicione cart\u00f5es para cada tarefa que precisa ser conclu\u00edda clicando em &#8220;Adicionar um cart\u00e3o&#8221; na primeira lista. Crie t\u00edtulos curtos para os cart\u00f5es, facilitando a identifica\u00e7\u00e3o e a visualiza\u00e7\u00e3o do status de cada um deles no quadro.<\/li>\n\n\n\n<li>Assim que todos entenderem bem o que precisa ser feito, clique nos cart\u00f5es para adicionar mais informa\u00e7\u00f5es, como:<\/li>\n<\/ol>\n\n\n\n<ul>\n<li>descri\u00e7\u00f5es<\/li>\n\n\n\n<li>Datas de entrega<\/li>\n\n\n\n<li>Membros<\/li>\n\n\n\n<li>Checklists<\/li>\n\n\n\n<li>Anexos<\/li>\n\n\n\n<li>Coment\u00e1rios<\/li>\n<\/ul>\n\n\n\n<h3 class=\"wp-block-heading\" id=\"seja-especifico-no-verso-do-cartao\">Seja espec\u00edfico no verso do cart\u00e3o<\/h3>\n\n\n\n<p>Como j\u00e1 foi dito, voc\u00ea pode expandir um cart\u00e3o para acessar e adicionar mais informa\u00e7\u00f5es clicando nele. Este \u00e9 o &#8220;verso do cart\u00e3o&#8221;. Aqui voc\u00ea pode ser mais espec\u00edfico nas informa\u00e7\u00f5es.<\/p>\n\n\n\n<figure class=\"wp-block-image\"><img decoding=\"async\" src=\"https:\/\/images.ctfassets.net\/rz1oowkt5gyp\/28B113yjpmku2fCVAyHWAV\/2c1d6dd54a4bf2e23f6d527eb39235b4\/ch2_08.png?w=540\" alt=\"Visualiza\u00e7\u00e3o do verso de um cart\u00e3o do Trello\" \/><\/figure>\n\n\n\n<p>Vale a pena conhecer tr\u00eas se\u00e7\u00f5es principais:<\/p>\n\n\n\n<p><strong>A. Descri\u00e7\u00f5es de cart\u00f5es:<\/strong>&nbsp;quando o time se comunica todos os dias, voc\u00ea precisa entender o contexto e contribuir. Com as informa\u00e7\u00f5es certas, \u00e9 poss\u00edvel iniciar a comunica\u00e7\u00e3o e evitar falhas de comunica\u00e7\u00e3o relacionadas ao projeto. Para membros que n\u00e3o gerenciam o quadro todos os dias, mas precisam entrar com frequ\u00eancia, esse recurso pode ser muito \u00fatil.<\/p>\n\n\n\n<p>No campo de descri\u00e7\u00e3o, voc\u00ea pode adicionar informa\u00e7\u00f5es mais espec\u00edficas sobre o cart\u00e3o, como links para sites ou instru\u00e7\u00f5es passo a passo. Para adicionar informa\u00e7\u00f5es ao cart\u00e3o, clique em &#8220;Editar a descri\u00e7\u00e3o&#8221; na parte superior do verso do cart\u00e3o. Voc\u00ea pode at\u00e9 formatar o texto com a Marca\u00e7\u00e3o.<\/p>\n\n\n\n<p><strong>B. Adicionar:<\/strong>&nbsp;A se\u00e7\u00e3o \u201cAdicionar\u201d oferece mais ferramentas para o verso de um cart\u00e3o.<\/p>\n\n\n\n<ul>\n<li>Adicione membros aos cart\u00f5es para delegar tarefas a pessoas e ver com facilidade quem est\u00e1 fazendo cada tarefa e o que ainda precisa ser feito.<\/li>\n\n\n\n<li>Adicione checklists em cart\u00f5es que exigem subtarefas ou t\u00eam v\u00e1rias etapas para garantir que nada passe despercebido. Voc\u00ea pode at\u00e9 copiar os checklists de outros cart\u00f5es no quadro. Para aumentar a clareza e a responsabilidade, delegue membros e adicione datas de entrega aos itens do checklist com Checklists avan\u00e7ados, dispon\u00edveis para assinantes&nbsp;Standard&nbsp;e&nbsp;Premium.<\/li>\n\n\n\n<li>Adicione uma data aos cart\u00f5es para acompanhar os prazos. Assim, os membros do cart\u00e3o v\u00e3o receber uma notifica\u00e7\u00e3o 24 horas antes do prazo de entrega. No menu de data, selecione datas de in\u00edcio e de entrega para acompanhar projetos e tarefas. Quando as tarefas forem finalizadas, as datas v\u00e3o ser marcadas como conclu\u00eddas.<\/li>\n\n\n\n<li>Adicione Anexos do computador e de v\u00e1rios servi\u00e7os de armazenamento em nuvem, como Dropbox, Google Drive, Box e OneDrive.<\/li>\n\n\n\n<li>Capa: deixe o quadro superorganizado e com um visual agrad\u00e1vel. Ao adicionar capas e cores aos cart\u00f5es, voc\u00ea ganha contexto visual e a capacidade de inserir mais informa\u00e7\u00f5es e textos explicativos. As imagens anexadas ao cart\u00e3o podem ser exibidas como capas em tamanho real. Al\u00e9m disso, tamb\u00e9m \u00e9 poss\u00edvel alterar a cor de um cart\u00e3o.<\/li>\n<\/ul>\n\n\n\n<h5 class=\"wp-block-heading\" id=\"dica-profissional\">DICA PROFISSIONAL<\/h5>\n\n\n\n<p>Defina lembretes em um n\u00edvel detalhado escolhendo especificamente quando quer ser lembrado de uma data de entrega.<\/p>\n\n\n\n<p><strong>C. Coment\u00e1rios e atividades:<\/strong>&nbsp;coment\u00e1rios podem ser adicionados aos cart\u00f5es para comunica\u00e7\u00e3o e colabora\u00e7\u00e3o com os membros do time, como dar feedback ou fazer atualiza\u00e7\u00f5es. Mencione um membro do quadro ou do time usando @ em um coment\u00e1rio para que ele receba uma notifica\u00e7\u00e3o no Trello. O feed de atividades \u00e9 um cronograma com todos os coment\u00e1rios e as a\u00e7\u00f5es de um cart\u00e3o.<\/p>\n\n\n\n<figure class=\"wp-block-image\"><img decoding=\"async\" src=\"https:\/\/images.ctfassets.net\/rz1oowkt5gyp\/1cu7oWtxIeVq0CWLAZOcke\/5cb5af00f3aa1a8f35f412c48e09f2d9\/ch2_01.png?w=540\" alt=\"Visualiza\u00e7\u00e3o de um quadro do Trello\" \/><\/figure>\n\n\n\n<p>Agora voc\u00ea pode ver como o Trello mant\u00e9m todos em sintonia com todas as informa\u00e7\u00f5es em um s\u00f3 lugar. Voc\u00ea est\u00e1 pronto para&nbsp;garantir o sucesso do time todo!<\/p>\n\n\n\n<p>*Este \u00e9 um recurso pago<\/p>\n<\/div><\/div><\/div>\n<\/div><\/div>\n\n\n\n<div class=\"wp-block-group is-content-justification-space-between is-nowrap is-layout-flex wp-container-1\">\n<div class=\"wp-block-stackable-button-group stk-block-button-group stk-block stk-bf21a54\" data-block-id=\"bf21a54\"><div class=\"stk-row stk-inner-blocks stk-block-content stk-button-group\">\n<div class=\"wp-block-stackable-button stk-block-button stk-block stk-523c6e5\" data-block-id=\"523c6e5\"><a class=\"stk-link stk-button stk--hover-effect-darken\" href=\"https:\/\/portal.pi.gov.br\/interpi2\/conheca-o-trello\/\"><span class=\"stk-button__inner-text\">&lt;&lt; Cap\u00edtulo anterior<\/span><\/a><\/div>\n<\/div><\/div>\n\n\n\n<div class=\"wp-block-stackable-button-group stk-block-button-group stk-block stk-90dbe82\" data-block-id=\"90dbe82\"><div class=\"stk-row stk-inner-blocks stk-block-content stk-button-group\">\n<div class=\"wp-block-stackable-button stk-block-button stk-block stk-7953d10\" data-block-id=\"7953d10\"><a class=\"stk-link stk-button stk--hover-effect-darken\" href=\"https:\/\/portal.pi.gov.br\/interpi2\/conheca-o-trello-capitulo-3\/\"><span class=\"stk-button__inner-text\">Pr\u00f3ximo cap\u00edtulo &gt;&gt;<\/span><\/a><\/div>\n<\/div><\/div>\n<\/div>\n","protected":false},"excerpt":{"rendered":"<p>1 Aprenda no\u00e7\u00f5es b\u00e1sicas do quadro do Trello 2 Crie seu primeiro projeto Crie o primeiro projeto no Trello Crie um quadro Personalize o seu quadro Comece a colaborar Definir [&hellip;]<\/p>\n","protected":false},"author":1,"featured_media":0,"parent":0,"menu_order":0,"comment_status":"closed","ping_status":"closed","template":"template-fullwidth.php","meta":[],"featured_image_urls":{"full":"","thumbnail":"","medium":"","medium_large":"","large":"","sgg-420":"","sgg-540":"","sgg-780":"","1536x1536":"","2048x2048":"","homepage-slider":"","homepage-slider-small":"","page-top":"","page-small":"","loop-main":"","thumb-gallery-widget":""},"post_excerpt_stackable":"<p>1 Aprenda no\u00e7\u00f5es b\u00e1sicas do quadro do Trello 2 Crie seu primeiro projeto Crie o primeiro projeto no TrelloCrie um quadroPersonalize o seu quadroComece a colaborarDefinir permiss\u00f5es de membrosCrie um fluxo de trabalhoAdicione tarefas e afazeresSeja espec\u00edfico no verso do cart\u00e3o 3 Integre seu time ao Trello 4 Integra\u00e7\u00e3o do Trello com outros aplicativos 5 Automatize qualquer coisa no Trello 6 Definir permiss\u00f5es e controles de administrador 7 Aprenda as principais dicas e truques do Trello 8 V\u00eddeos Passo a Passo \u2013 TRELLO &amp; Baixe o aplicativo do Trello e realize a\u00e7\u00f5es em qualquer lugar 9 Dicas de Automa\u00e7\u00f5es e&hellip;<\/p>\n","category_list":"","author_info":{"name":"admin","url":"https:\/\/portal.pi.gov.br\/interpi\/author\/admin\/"},"comments_num":"0 coment\u00e1rio","featured_image_urls_v2":{"full":"","thumbnail":"","medium":"","medium_large":"","large":"","sgg-420":"","sgg-540":"","sgg-780":"","1536x1536":"","2048x2048":"","homepage-slider":"","homepage-slider-small":"","page-top":"","page-small":"","loop-main":"","thumb-gallery-widget":""},"post_excerpt_stackable_v2":"<p>1 Aprenda no\u00e7\u00f5es b\u00e1sicas do quadro do Trello 2 Crie seu primeiro projeto Crie o primeiro projeto no TrelloCrie um quadroPersonalize o seu quadroComece a colaborarDefinir permiss\u00f5es de membrosCrie um fluxo de trabalhoAdicione tarefas e afazeresSeja espec\u00edfico no verso do cart\u00e3o 3 Integre seu time ao Trello 4 Integra\u00e7\u00e3o do Trello com outros aplicativos 5 Automatize qualquer coisa no Trello 6 Definir permiss\u00f5es e controles de administrador 7 Aprenda as principais dicas e truques do Trello 8 V\u00eddeos Passo a Passo \u2013 TRELLO &amp; Baixe o aplicativo do Trello e realize a\u00e7\u00f5es em qualquer lugar 9 Dicas de Automa\u00e7\u00f5es e&hellip;<\/p>\n","category_list_v2":"","author_info_v2":{"name":"admin","url":"https:\/\/portal.pi.gov.br\/interpi\/author\/admin\/"},"comments_num_v2":"0 coment\u00e1rio","_links":{"self":[{"href":"https:\/\/portal.pi.gov.br\/interpi\/wp-json\/wp\/v2\/pages\/2861"}],"collection":[{"href":"https:\/\/portal.pi.gov.br\/interpi\/wp-json\/wp\/v2\/pages"}],"about":[{"href":"https:\/\/portal.pi.gov.br\/interpi\/wp-json\/wp\/v2\/types\/page"}],"author":[{"embeddable":true,"href":"https:\/\/portal.pi.gov.br\/interpi\/wp-json\/wp\/v2\/users\/1"}],"replies":[{"embeddable":true,"href":"https:\/\/portal.pi.gov.br\/interpi\/wp-json\/wp\/v2\/comments?post=2861"}],"version-history":[{"count":0,"href":"https:\/\/portal.pi.gov.br\/interpi\/wp-json\/wp\/v2\/pages\/2861\/revisions"}],"wp:attachment":[{"href":"https:\/\/portal.pi.gov.br\/interpi\/wp-json\/wp\/v2\/media?parent=2861"}],"curies":[{"name":"wp","href":"https:\/\/api.w.org\/{rel}","templated":true}]}}