{"id":3099,"date":"2023-05-02T18:39:45","date_gmt":"2023-05-02T21:39:45","guid":{"rendered":"https:\/\/portal.pi.gov.br\/interpi2\/?page_id=3099"},"modified":"2023-05-02T18:39:45","modified_gmt":"2023-05-02T21:39:45","slug":"integracao-do-trello-com-zapier","status":"publish","type":"page","link":"https:\/\/portal.pi.gov.br\/interpi\/integracao-do-trello-com-zapier\/","title":{"rendered":"Integra\u00e7\u00e3o do Trello com Zapier"},"content":{"rendered":"\n<p>INTERPI &#8211; TRELLO &#8211; DO B-A-BA AO AVAN\u00c7ADO<\/p>\n\n\n\n<p>O Zapier \u00e9 uma ferramenta de automatiza\u00e7\u00e3o. Ele&nbsp;conecta diversos servi\u00e7os entre si para executar tarefas e intera\u00e7\u00f5es por voc\u00ea. A intera\u00e7\u00e3o \u00e9 feita atrav\u00e9s de workflows. Que basicamente indica que ele \u00e9 iniciado por um evento (trigger).<\/p>\n\n\n<div class=\"wp-block-image\">\n<figure class=\"aligncenter size-full\"><img decoding=\"async\" src=\"https:\/\/portal.pi.gov.br\/interpi2\/wp-content\/uploads\/sites\/85\/2023\/05\/image-6.png\" alt=\"\" class=\"wp-image-3106\" \/><\/figure><\/div>\n\n\n<p>Configura\u00e7\u00e3o do Power-Up do Zapier<br><\/p>\n\n\n<div class=\"wp-block-image\">\n<figure class=\"aligncenter size-full\"><img decoding=\"async\" src=\"https:\/\/portal.pi.gov.br\/interpi2\/wp-content\/uploads\/sites\/85\/2023\/05\/image-7.png\" alt=\"\" class=\"wp-image-3107\" \/><\/figure><\/div>\n\n\n<p><br>Para ativar sua automa\u00e7\u00e3o de tarefas atrav\u00e9s do Power-Up do Zapier&nbsp;v\u00e1 at\u00e9 o seu quadro do trello, clique em menu, depois clique em \u201cPower-Ups\u201d e encontre o Zapier na lista de Power-Ups. \u00c9 uma lista em ordem alfab\u00e9tica e o nome que voc\u00ea deve encontrar \u00e9 \u201cAutomate by Zapier\u201d.<\/p>\n\n\n\n<figure class=\"wp-block-image size-full\"><img decoding=\"async\" src=\"https:\/\/portal.pi.gov.br\/interpi2\/wp-content\/uploads\/sites\/85\/2023\/05\/image-8.png\" alt=\"\" class=\"wp-image-3108\" \/><\/figure>\n\n\n\n<p>Na pr\u00e1tica: Um exemplo de como o Zapier pode ser usado no processo de gest\u00e3o de leads e integra com trrello.<\/p>\n\n\n\n<h2 class=\"wp-block-heading\">Passo 1: Criar uma planilha no Planilhas Google.<\/h2>\n\n\n\n<figure class=\"wp-block-image size-full\"><img decoding=\"async\" src=\"https:\/\/portal.pi.gov.br\/interpi2\/wp-content\/uploads\/sites\/85\/2023\/05\/image-9.png\" alt=\"\" class=\"wp-image-3109\" \/><\/figure>\n\n\n\n<h2 class=\"wp-block-heading\"><strong>Passo 2: Criar um Zap que come\u00e7a com planilha<\/strong> no Planilhas Google.<\/h2>\n\n\n\n<p>Voc\u00ea vai usar o Zapier para puxar as informa\u00e7\u00f5es que voc\u00ea coletou no Typeform para poder depois pass\u00e1-las para o RD Station.<\/p>\n\n\n\n<p>Para isso, voc\u00ea precisa primeiro entrar no&nbsp;<a href=\"https:\/\/zapier.com\/\">https:\/\/zapier.com<\/a>&nbsp;e&nbsp;<strong>criar um novo Zap,&nbsp;<\/strong>clicando no bot\u00e3o laranja<strong>.<\/strong><\/p>\n\n\n\n<figure class=\"wp-block-image size-full\"><img decoding=\"async\" src=\"https:\/\/portal.pi.gov.br\/interpi2\/wp-content\/uploads\/sites\/85\/2023\/05\/image-10.png\" alt=\"\" class=\"wp-image-3110\" \/><\/figure>\n\n\n\n<p>A primeira a\u00e7\u00e3o do seu Zap, ser\u00e1 na tela inicial j\u00e1 ter\u00e1 alguns exemplos j\u00e1 recomendados para voc\u00ea. No entanto j\u00e1 sabemos quer iremos nos conectar com o Google Planilhas. Para isso, digite \u201cGoogle Sheets\u201d na busca de apps.<\/p>\n\n\n\n<figure class=\"wp-block-image size-full\"><img decoding=\"async\" src=\"https:\/\/portal.pi.gov.br\/interpi2\/wp-content\/uploads\/sites\/85\/2023\/05\/image-11.png\" alt=\"\" class=\"wp-image-3111\" \/><\/figure>\n\n\n\n<h3 class=\"wp-block-heading\"><strong>Passo 4: Passando seus leads para o RD Station<\/strong><\/h3>\n\n\n\n<p>Seguindo a cria\u00e7\u00e3o do seu Zap, voc\u00ea vai clicar no bot\u00e3o de \u201c+\u201d para&nbsp;<strong>adicionar uma nova a\u00e7\u00e3o.<\/strong><\/p>\n\n\n\n<figure class=\"wp-block-image size-full\"><img decoding=\"async\" src=\"https:\/\/portal.pi.gov.br\/interpi2\/wp-content\/uploads\/sites\/85\/2023\/05\/image-12.png\" alt=\"\" class=\"wp-image-3112\" \/><\/figure>\n\n\n\n<h3 class=\"wp-block-heading\"><strong>Passo 5: Escolhendo quais informa\u00e7\u00f5es passar para o RD Station<\/strong><\/h3>\n\n\n\n<p>As informa\u00e7\u00f5es de&nbsp;<strong>email&nbsp;<\/strong>e um&nbsp;<strong>identificador de convers\u00e3o&nbsp;<\/strong>s\u00e3o obrigat\u00f3rias para que a RD Station identifique o que voc\u00ea est\u00e1 querendo passar.<\/p>\n\n\n\n<figure class=\"wp-block-image size-full\"><img decoding=\"async\" src=\"https:\/\/portal.pi.gov.br\/interpi2\/wp-content\/uploads\/sites\/85\/2023\/05\/image-13.png\" alt=\"\" class=\"wp-image-3113\" \/><\/figure>\n\n\n\n<figure class=\"wp-block-image size-full\"><img decoding=\"async\" src=\"https:\/\/portal.pi.gov.br\/interpi2\/wp-content\/uploads\/sites\/85\/2023\/05\/image-14.png\" alt=\"\" class=\"wp-image-3114\" \/><\/figure>\n\n\n\n<figure class=\"wp-block-image size-full\"><img decoding=\"async\" src=\"https:\/\/portal.pi.gov.br\/interpi2\/wp-content\/uploads\/sites\/85\/2023\/05\/image-15.png\" alt=\"\" class=\"wp-image-3115\" \/><\/figure>\n\n\n\n<figure class=\"wp-block-image size-full\"><img decoding=\"async\" src=\"https:\/\/portal.pi.gov.br\/interpi2\/wp-content\/uploads\/sites\/85\/2023\/05\/image-16.png\" alt=\"\" class=\"wp-image-3116\" \/><\/figure>\n\n\n\n<p>Boa sorte e bons Zaps!<\/p>\n","protected":false},"excerpt":{"rendered":"<p>INTERPI &#8211; TRELLO &#8211; DO B-A-BA AO AVAN\u00c7ADO O Zapier \u00e9 uma ferramenta de automatiza\u00e7\u00e3o. Ele&nbsp;conecta diversos servi\u00e7os entre si para executar tarefas e intera\u00e7\u00f5es por voc\u00ea. A intera\u00e7\u00e3o \u00e9 [&hellip;]<\/p>\n","protected":false},"author":1,"featured_media":0,"parent":0,"menu_order":0,"comment_status":"closed","ping_status":"closed","template":"template-fullwidth.php","meta":[],"featured_image_urls":{"full":"","thumbnail":"","medium":"","medium_large":"","large":"","sgg-420":"","sgg-540":"","sgg-780":"","1536x1536":"","2048x2048":"","homepage-slider":"","homepage-slider-small":"","page-top":"","page-small":"","loop-main":"","thumb-gallery-widget":""},"post_excerpt_stackable":"<p>INTERPI &#8211; TRELLO &#8211; DO B-A-BA AO AVAN\u00c7ADO O Zapier \u00e9 uma ferramenta de automatiza\u00e7\u00e3o. Ele&nbsp;conecta diversos servi\u00e7os entre si para executar tarefas e intera\u00e7\u00f5es por voc\u00ea. A intera\u00e7\u00e3o \u00e9 feita atrav\u00e9s de workflows. Que basicamente indica que ele \u00e9 iniciado por um evento (trigger). Configura\u00e7\u00e3o do Power-Up do Zapier Para ativar sua automa\u00e7\u00e3o de tarefas atrav\u00e9s do Power-Up do Zapier&nbsp;v\u00e1 at\u00e9 o seu quadro do trello, clique em menu, depois clique em \u201cPower-Ups\u201d e encontre o Zapier na lista de Power-Ups. \u00c9 uma lista em ordem alfab\u00e9tica e o nome que voc\u00ea deve encontrar \u00e9 \u201cAutomate by Zapier\u201d. Na&hellip;<\/p>\n","category_list":"","author_info":{"name":"admin","url":"https:\/\/portal.pi.gov.br\/interpi\/author\/admin\/"},"comments_num":"0 coment\u00e1rio","featured_image_urls_v2":{"full":"","thumbnail":"","medium":"","medium_large":"","large":"","sgg-420":"","sgg-540":"","sgg-780":"","1536x1536":"","2048x2048":"","homepage-slider":"","homepage-slider-small":"","page-top":"","page-small":"","loop-main":"","thumb-gallery-widget":""},"post_excerpt_stackable_v2":"<p>INTERPI &#8211; TRELLO &#8211; DO B-A-BA AO AVAN\u00c7ADO O Zapier \u00e9 uma ferramenta de automatiza\u00e7\u00e3o. Ele&nbsp;conecta diversos servi\u00e7os entre si para executar tarefas e intera\u00e7\u00f5es por voc\u00ea. A intera\u00e7\u00e3o \u00e9 feita atrav\u00e9s de workflows. Que basicamente indica que ele \u00e9 iniciado por um evento (trigger). Configura\u00e7\u00e3o do Power-Up do Zapier Para ativar sua automa\u00e7\u00e3o de tarefas atrav\u00e9s do Power-Up do Zapier&nbsp;v\u00e1 at\u00e9 o seu quadro do trello, clique em menu, depois clique em \u201cPower-Ups\u201d e encontre o Zapier na lista de Power-Ups. \u00c9 uma lista em ordem alfab\u00e9tica e o nome que voc\u00ea deve encontrar \u00e9 \u201cAutomate by Zapier\u201d. Na&hellip;<\/p>\n","category_list_v2":"","author_info_v2":{"name":"admin","url":"https:\/\/portal.pi.gov.br\/interpi\/author\/admin\/"},"comments_num_v2":"0 coment\u00e1rio","_links":{"self":[{"href":"https:\/\/portal.pi.gov.br\/interpi\/wp-json\/wp\/v2\/pages\/3099"}],"collection":[{"href":"https:\/\/portal.pi.gov.br\/interpi\/wp-json\/wp\/v2\/pages"}],"about":[{"href":"https:\/\/portal.pi.gov.br\/interpi\/wp-json\/wp\/v2\/types\/page"}],"author":[{"embeddable":true,"href":"https:\/\/portal.pi.gov.br\/interpi\/wp-json\/wp\/v2\/users\/1"}],"replies":[{"embeddable":true,"href":"https:\/\/portal.pi.gov.br\/interpi\/wp-json\/wp\/v2\/comments?post=3099"}],"version-history":[{"count":0,"href":"https:\/\/portal.pi.gov.br\/interpi\/wp-json\/wp\/v2\/pages\/3099\/revisions"}],"wp:attachment":[{"href":"https:\/\/portal.pi.gov.br\/interpi\/wp-json\/wp\/v2\/media?parent=3099"}],"curies":[{"name":"wp","href":"https:\/\/api.w.org\/{rel}","templated":true}]}}