{"id":3137,"date":"2023-05-02T19:01:14","date_gmt":"2023-05-02T22:01:14","guid":{"rendered":"https:\/\/portal.pi.gov.br\/interpi2\/?page_id=3137"},"modified":"2023-05-02T19:01:14","modified_gmt":"2023-05-02T22:01:14","slug":"dicas-e-extensoes-com-trello","status":"publish","type":"page","link":"https:\/\/portal.pi.gov.br\/interpi\/dicas-e-extensoes-com-trello\/","title":{"rendered":"Dicas Automa\u00e7\u00f5es e Extens\u00f5es com Trello"},"content":{"rendered":"\n<div class=\"wp-block-stackable-columns stk-block-columns stk-block stk-bbeb852\" data-block-id=\"bbeb852\"><div class=\"stk-row stk-inner-blocks stk-block-content stk-content-align stk-bbeb852-column\">\n<div class=\"wp-block-stackable-column stk-block-column stk-block-column--v2 stk-column stk-block stk-9cc85f4\" data-block-id=\"9cc85f4\"><div class=\"stk-column-wrapper stk-block-column__content stk-container stk-9cc85f4-container stk--no-background stk--no-padding\"><div class=\"stk-block-content stk-inner-blocks stk-9cc85f4-inner-blocks\">\n<figure class=\"wp-block-image size-large is-resized\"><a href=\"https:\/\/portal.pi.gov.br\/interpi2\/power-ups-google-agenda\/\" target=\"_blank\" rel=\"noreferrer noopener\"><img decoding=\"async\" loading=\"lazy\" src=\"https:\/\/portal.pi.gov.br\/interpi2\/wp-content\/uploads\/sites\/85\/2023\/05\/google-agenda-1024x486.png\" alt=\"\" class=\"wp-image-3156\" width=\"256\" height=\"122\" \/><\/a><\/figure>\n<\/div><\/div><\/div>\n\n\n\n<div class=\"wp-block-stackable-column stk-block-column stk-block-column--v2 stk-column stk-block stk-e6a9d6a\" data-block-id=\"e6a9d6a\"><div class=\"stk-column-wrapper stk-block-column__content stk-container stk-e6a9d6a-container stk--no-background stk--no-padding\"><div class=\"stk-block-content stk-inner-blocks stk-e6a9d6a-inner-blocks\">\n<figure class=\"wp-block-image size-large is-resized\"><a href=\"https:\/\/portal.pi.gov.br\/interpi2\/power-ups-rastrear\/\" target=\"_blank\" rel=\"noreferrer noopener\"><img decoding=\"async\" loading=\"lazy\" src=\"https:\/\/portal.pi.gov.br\/interpi2\/wp-content\/uploads\/sites\/85\/2023\/05\/rastrear-1024x486.png\" alt=\"\" class=\"wp-image-3157\" width=\"256\" height=\"122\" \/><\/a><\/figure>\n<\/div><\/div><\/div>\n<\/div><\/div>\n\n\n\n<div class=\"wp-block-stackable-columns stk-block-columns stk-block stk-d647b23\" data-block-id=\"d647b23\"><div class=\"stk-row stk-inner-blocks stk-block-content stk-content-align stk-d647b23-column\">\n<div class=\"wp-block-stackable-column stk-block-column stk-block-column--v2 stk-column stk-block stk-d9d0f3a\" data-block-id=\"d9d0f3a\"><div class=\"stk-column-wrapper stk-block-column__content stk-container stk-d9d0f3a-container stk--no-background stk--no-padding\"><div class=\"stk-block-content stk-inner-blocks stk-d9d0f3a-inner-blocks\">\n<figure class=\"wp-block-image size-large is-resized\"><a href=\"https:\/\/portal.pi.gov.br\/interpi2\/extensao-trello-no-sei\/\" target=\"_blank\" rel=\"noreferrer noopener\"><img decoding=\"async\" loading=\"lazy\" src=\"https:\/\/portal.pi.gov.br\/interpi2\/wp-content\/uploads\/sites\/85\/2023\/05\/SEI-TRELLO-1-1024x486.png\" alt=\"\" class=\"wp-image-3158\" width=\"256\" height=\"122\" \/><\/a><\/figure>\n<\/div><\/div><\/div>\n\n\n\n<div class=\"wp-block-stackable-column stk-block-column stk-block-column--v2 stk-column stk-block stk-f742169\" data-block-id=\"f742169\"><div class=\"stk-column-wrapper stk-block-column__content stk-container stk-f742169-container stk--no-background stk--no-padding\"><div class=\"stk-block-content stk-inner-blocks stk-f742169-inner-blocks\">\n<figure class=\"wp-block-image size-large is-resized\"><a href=\"https:\/\/portal.pi.gov.br\/interpi2\/integracao-do-trello-com-zapier\/\" target=\"_blank\" rel=\"noreferrer noopener\"><img decoding=\"async\" loading=\"lazy\" src=\"https:\/\/portal.pi.gov.br\/interpi2\/wp-content\/uploads\/sites\/85\/2023\/05\/zapier-1024x486.png\" alt=\"\" class=\"wp-image-3159\" width=\"256\" height=\"122\" \/><\/a><\/figure>\n<\/div><\/div><\/div>\n<\/div><\/div>\n\n\n\n<div class=\"wp-block-stackable-columns stk-block-columns stk-block stk-ffef0cd\" data-block-id=\"ffef0cd\"><div class=\"stk-row stk-inner-blocks stk-block-content stk-content-align stk-ffef0cd-column\">\n<div class=\"wp-block-stackable-column stk-block-column stk-block-column--v2 stk-column stk-block stk-8cc1da0\" data-block-id=\"8cc1da0\"><div class=\"stk-column-wrapper stk-block-column__content stk-container stk-8cc1da0-container stk--no-background stk--no-padding\"><div class=\"stk-block-content stk-inner-blocks stk-8cc1da0-inner-blocks\">\n<figure class=\"wp-block-image size-large is-resized\"><a href=\"https:\/\/portal.pi.gov.br\/interpi2\/trello-automacao\/\" target=\"_blank\" rel=\"noreferrer noopener\"><img decoding=\"async\" loading=\"lazy\" src=\"https:\/\/portal.pi.gov.br\/interpi2\/wp-content\/uploads\/sites\/85\/2023\/05\/AUTOMACAO-2-1024x486.png\" alt=\"\" class=\"wp-image-3161\" width=\"256\" height=\"122\" \/><\/a><\/figure>\n<\/div><\/div><\/div>\n\n\n\n<div class=\"wp-block-stackable-column stk-block-column stk-block-column--v2 stk-column stk-block stk-e12c166\" data-block-id=\"e12c166\"><div class=\"stk-column-wrapper stk-block-column__content stk-container stk-e12c166-container stk--no-background stk--no-padding\"><div class=\"stk-block-content stk-inner-blocks stk-e12c166-inner-blocks\">\n<figure class=\"wp-block-image size-large is-resized\"><a href=\"https:\/\/portal.pi.gov.br\/interpi2\/atalhos-de-teclado-do-trello\/\" target=\"_blank\" rel=\"noreferrer noopener\"><img decoding=\"async\" loading=\"lazy\" src=\"https:\/\/portal.pi.gov.br\/interpi2\/wp-content\/uploads\/sites\/85\/2023\/05\/ATALHO-TECKALADO-1024x486.png\" alt=\"\" class=\"wp-image-3163\" width=\"256\" height=\"122\" \/><\/a><\/figure>\n<\/div><\/div><\/div>\n<\/div><\/div>\n","protected":false},"excerpt":{"rendered":"","protected":false},"author":1,"featured_media":0,"parent":0,"menu_order":0,"comment_status":"closed","ping_status":"closed","template":"template-fullwidth.php","meta":[],"featured_image_urls":{"full":"","thumbnail":"","medium":"","medium_large":"","large":"","sgg-420":"","sgg-540":"","sgg-780":"","1536x1536":"","2048x2048":"","homepage-slider":"","homepage-slider-small":"","page-top":"","page-small":"","loop-main":"","thumb-gallery-widget":""},"post_excerpt_stackable":"","category_list":"","author_info":{"name":"admin","url":"https:\/\/portal.pi.gov.br\/interpi\/author\/admin\/"},"comments_num":"0 coment\u00e1rio","featured_image_urls_v2":{"full":"","thumbnail":"","medium":"","medium_large":"","large":"","sgg-420":"","sgg-540":"","sgg-780":"","1536x1536":"","2048x2048":"","homepage-slider":"","homepage-slider-small":"","page-top":"","page-small":"","loop-main":"","thumb-gallery-widget":""},"post_excerpt_stackable_v2":"","category_list_v2":"","author_info_v2":{"name":"admin","url":"https:\/\/portal.pi.gov.br\/interpi\/author\/admin\/"},"comments_num_v2":"0 coment\u00e1rio","_links":{"self":[{"href":"https:\/\/portal.pi.gov.br\/interpi\/wp-json\/wp\/v2\/pages\/3137"}],"collection":[{"href":"https:\/\/portal.pi.gov.br\/interpi\/wp-json\/wp\/v2\/pages"}],"about":[{"href":"https:\/\/portal.pi.gov.br\/interpi\/wp-json\/wp\/v2\/types\/page"}],"author":[{"embeddable":true,"href":"https:\/\/portal.pi.gov.br\/interpi\/wp-json\/wp\/v2\/users\/1"}],"replies":[{"embeddable":true,"href":"https:\/\/portal.pi.gov.br\/interpi\/wp-json\/wp\/v2\/comments?post=3137"}],"version-history":[{"count":0,"href":"https:\/\/portal.pi.gov.br\/interpi\/wp-json\/wp\/v2\/pages\/3137\/revisions"}],"wp:attachment":[{"href":"https:\/\/portal.pi.gov.br\/interpi\/wp-json\/wp\/v2\/media?parent=3137"}],"curies":[{"name":"wp","href":"https:\/\/api.w.org\/{rel}","templated":true}]}}