{"id":1083,"date":"2024-05-29T09:37:37","date_gmt":"2024-05-29T12:37:37","guid":{"rendered":"https:\/\/portal.pi.gov.br\/iaepi\/?page_id=1083"},"modified":"2024-05-29T09:37:38","modified_gmt":"2024-05-29T12:37:38","slug":"contratos","status":"publish","type":"page","link":"https:\/\/portal.pi.gov.br\/isbpi\/contratos\/","title":{"rendered":"Contratos"},"content":{"rendered":"\n<p><strong>29 de maio de 2024<\/strong><\/p>\n\n\n\n<p>TERMO DE CONTRATO N\u00ba 05\/2024 QUE CELEBRAM ENTRE SI, DE UM LADO, COMO CONTRATANTE, O ESTADO DO PIAU\u00cd, POR INTERM\u00c9DIO DO INSTITUTO DE \u00c1GUAS E ESGOTOS DO PIAU\u00cd, E DO OUTRO, COMO CONTRATADA, A EMPRESA LU DISTRIBUIDORA, CNPJ 22.879.212\/0001-23.<\/p>\n\n\n\n<div class=\"wp-block-file\"><a id=\"wp-block-file--media-a693976b-14b2-46f3-81c7-a762c9e4a73f\" href=\"https:\/\/portal.pi.gov.br\/iaepi\/wp-content\/uploads\/sites\/64\/2024\/05\/CONTRATO-05-2024-MATERIAL-DE-LIMPEZA.php_.pdf\">CONTRATO-05-2024-MATERIAL-DE-LIMPEZA.php_<\/a><a href=\"https:\/\/portal.pi.gov.br\/iaepi\/wp-content\/uploads\/sites\/64\/2024\/05\/CONTRATO-05-2024-MATERIAL-DE-LIMPEZA.php_.pdf\" class=\"wp-block-file__button wp-element-button\" download aria-describedby=\"wp-block-file--media-a693976b-14b2-46f3-81c7-a762c9e4a73f\">Baixar<\/a><\/div>\n\n\n\n<div class=\"wp-block-stackable-divider stk-block-divider stk-block stk-9fa0e32 is-style-bar\" data-block-id=\"9fa0e32\"><hr class=\"stk-block-divider__hr\" \/><\/div>\n\n\n\n<p><strong>25 de abril de 2024<\/strong><\/p>\n\n\n\n<p>CONTRATA\u00c7\u00c3O DE EMPRESA PARA IMPLANTA\u00c7\u00c3O DE SISTEMA DE ABASTECIMENTO DE \u00c1GUA NAS LOCALIDADES JUREMA, BATATA, BAIXIO, JUAZEIR\u00c3O, P\u00c9 DO MORRO, CURRAL VELHO E MUCAMBO, NA ZONA RURAL DO MUNIC\u00cdPIO DE PADRE MARCOS \u2013 PI, <strong>N\u00ba 08\/2024<\/strong>, QUE ENTRE SI CELEBRAM, DE UM LADO, COMO CONTRATANTE, O ESTADO DO PIAU\u00cd POR INTERM\u00c9DIO DO INSTITUTO DE \u00c1GUAS E ESGOTOS DO PIAU\u00cd E DO OUTRO, COMO CONTRATADA A EMPRESA: SINDY CONSTRU\u00c7\u00d5ES.<\/p>\n\n\n\n<div class=\"wp-block-file\"><a id=\"wp-block-file--media-9c7ef8a7-a8f2-48c3-ba5b-b956c597ca7b\" href=\"https:\/\/portal.pi.gov.br\/iaepi\/wp-content\/uploads\/sites\/64\/2024\/04\/Contrato_n__08_2024.pdf\">Contrato_n__08_2024<\/a><a href=\"https:\/\/portal.pi.gov.br\/iaepi\/wp-content\/uploads\/sites\/64\/2024\/04\/Contrato_n__08_2024.pdf\" class=\"wp-block-file__button wp-element-button\" download aria-describedby=\"wp-block-file--media-9c7ef8a7-a8f2-48c3-ba5b-b956c597ca7b\">Baixar<\/a><\/div>\n\n\n\n<div class=\"wp-block-stackable-divider stk-block-divider stk-block stk-ff88562 is-style-bar\" data-block-id=\"ff88562\"><hr class=\"stk-block-divider__hr\" \/><\/div>\n\n\n\n<p><strong>25 de abril de 2024<\/strong><\/p>\n\n\n\n<p>TERMO DE CONTRATO <strong>N\u00ba 07\/2024<\/strong> QUE CELEBRAM ENTRE SI, DE UM LADO, COMO CONTRATANTE, O ESTADO DO PIAU\u00cd, POR INTERM\u00c9DIO DO INSTITUTO DE \u00c1GUAS E ESGOTOS DO PIAU\u00cd, E DO OUTRO, COMO CONTRATADA, A EMPRESA S\u00c3O JER\u00d4NIMO GR\u00c1FICA E SERVI\u00c7OS ME.<\/p>\n\n\n\n<div class=\"wp-block-file\"><a id=\"wp-block-file--media-63daf111-2091-45fe-a7be-af15f098700b\" href=\"https:\/\/portal.pi.gov.br\/iaepi\/wp-content\/uploads\/sites\/64\/2024\/04\/CONTRATO_N_07_2024___PLACAS_PUBLICIDADE_1.pdf\">CONTRATO_N_07_2024___PLACAS_PUBLICIDADE_1<\/a><a href=\"https:\/\/portal.pi.gov.br\/iaepi\/wp-content\/uploads\/sites\/64\/2024\/04\/CONTRATO_N_07_2024___PLACAS_PUBLICIDADE_1.pdf\" class=\"wp-block-file__button wp-element-button\" download aria-describedby=\"wp-block-file--media-63daf111-2091-45fe-a7be-af15f098700b\">Baixar<\/a><\/div>\n\n\n\n<div class=\"wp-block-stackable-divider stk-block-divider stk-block stk-98b1351 is-style-bar\" data-block-id=\"98b1351\"><hr class=\"stk-block-divider__hr\" \/><\/div>\n\n\n\n<p><strong>25 de abril de 2024<\/strong><\/p>\n\n\n\n<p>CONTRATA\u00c7\u00c3O DE EMPRESA PARA FINS DE FORNECIMENTO DE A\u00c7\u00daCAR E CAF\u00c9, <strong>N\u00ba 06\/24<\/strong>, REALIZADO ATRAV\u00c9S DE CONTRATA\u00c7\u00c3O DIRETA POR DISPENSA DE LICITA\u00c7\u00c3O.<\/p>\n\n\n\n<div class=\"wp-block-file\"><a id=\"wp-block-file--media-e8de7f85-2dec-4c40-8cf1-aed3c2d7885e\" href=\"https:\/\/portal.pi.gov.br\/iaepi\/wp-content\/uploads\/sites\/64\/2024\/04\/CONTRATO_N__06_2024_CAFE_E_ACUCAR.pdf\">CONTRATO_N__06_2024_CAFE_E_ACUCAR<\/a><a href=\"https:\/\/portal.pi.gov.br\/iaepi\/wp-content\/uploads\/sites\/64\/2024\/04\/CONTRATO_N__06_2024_CAFE_E_ACUCAR.pdf\" class=\"wp-block-file__button wp-element-button\" download aria-describedby=\"wp-block-file--media-e8de7f85-2dec-4c40-8cf1-aed3c2d7885e\">Baixar<\/a><\/div>\n\n\n\n<div class=\"wp-block-stackable-divider stk-block-divider stk-block stk-a302340 is-style-bar\" data-block-id=\"a302340\"><hr class=\"stk-block-divider__hr\" \/><\/div>\n\n\n\n<p><strong>25 de abril de 2024<\/strong><\/p>\n\n\n\n<p>CONTRATA\u00c7\u00c3O DE EMPRESA PARA SERVI\u00c7OS DE INSTALA\u00c7\u00c3O DE CISTERNAS EM PLACAS DE CONCRETO, CAPACIDADE 16 MIL LITROS, NA ZONA RURAL DO MUNIC\u00cdPIO DE SIM\u00d5ES &#8211; PI, <strong>N\u00ba 04\/2024<\/strong>, QUE ENTRE SI CELEBRAM, DE UM LADO, COMO CONTRATANTE, O ESTADO DO PIAU\u00cd POR INTERM\u00c9DIO DO INSTITUTO DE \u00c1GUAS E ESGOTOS DO PIAUI E DO OUTRO, COMO CONTRATADA A EMPRESA: POWERTECH SERVICE E CONSULTORIA LTDA<\/p>\n\n\n\n<div class=\"wp-block-file\"><a id=\"wp-block-file--media-8efd07b2-c4ce-4d35-b716-3a58c3eb9f49\" href=\"https:\/\/portal.pi.gov.br\/iaepi\/wp-content\/uploads\/sites\/64\/2024\/04\/Contrato_n__04_2024_1.pdf\">Contrato_n__04_2024_1<\/a><a href=\"https:\/\/portal.pi.gov.br\/iaepi\/wp-content\/uploads\/sites\/64\/2024\/04\/Contrato_n__04_2024_1.pdf\" class=\"wp-block-file__button wp-element-button\" download aria-describedby=\"wp-block-file--media-8efd07b2-c4ce-4d35-b716-3a58c3eb9f49\">Baixar<\/a><\/div>\n\n\n\n<div class=\"wp-block-stackable-divider stk-block-divider stk-block stk-77abc78 is-style-bar\" data-block-id=\"77abc78\"><hr class=\"stk-block-divider__hr\" \/><\/div>\n\n\n\n<p><strong>8 de mar\u00e7o de 2024<\/strong><\/p>\n\n\n\n<p>TERMO DE CONTRATO DE AQUISI\u00c7\u00c3O DE BENS <strong>N\u00ba 03\/2024<\/strong> QUE CELEBRAM ENTRE SI, DE UM LADO, COMO CONTRATANTE, O ESTADO DO PIAU\u00cd, POR INTERM\u00c9DIO DO INSTITUTO DE \u00c1GUAS E ESGOTOS DO PIAU\u00cd, E DO OUTRO, COMO CONTRATADA, A EMPRESA ET DISTRIBUIDORA LTDA.<br>PROCESSO: 00226.000118\/2023-98<\/p>\n\n\n\n<div class=\"wp-block-file\"><a id=\"wp-block-file--media-7f93642b-0cbc-4937-adee-3aa93b612b78\" href=\"https:\/\/portal.pi.gov.br\/iaepi\/wp-content\/uploads\/sites\/64\/2024\/03\/CONTRATO_N_03_2024_ET_DISTRIBUIDORA.pdf\">CONTRATO_N_03_2024_ET_DISTRIBUIDORA<\/a><a href=\"https:\/\/portal.pi.gov.br\/iaepi\/wp-content\/uploads\/sites\/64\/2024\/03\/CONTRATO_N_03_2024_ET_DISTRIBUIDORA.pdf\" class=\"wp-block-file__button wp-element-button\" download aria-describedby=\"wp-block-file--media-7f93642b-0cbc-4937-adee-3aa93b612b78\">Baixar<\/a><\/div>\n\n\n\n<div class=\"wp-block-stackable-divider stk-block-divider stk-block stk-2a5ecd5 is-style-bar\" data-block-id=\"2a5ecd5\"><hr class=\"stk-block-divider__hr\" \/><\/div>\n\n\n\n<p><strong>8 de mar\u00e7o de 2024<\/strong><br>TERMO DE CONTRATO N\u00ba <strong>02\/2024<\/strong> QUE CELEBRAM ENTRE SI, DE UM LADO, COMO CONTRATANTE, O ESTADO DO PIAU\u00cd, POR INTERM\u00c9DIO DO INSTITUTO DE \u00c1GUAS E ESGOTOS DO ESTADO DO PIAU\u00cd &#8211; IAEPI, E DO OUTRO, COMO CONTRATADA, A EMPRESA REALJET INFORM\u00c1TICA COM\u00c9RCIO E SERVICOS LTDA.<br>PROCESSO: 00226.000101\/2023-31<\/p>\n\n\n\n<div class=\"wp-block-file\"><a id=\"wp-block-file--media-32a1a5cd-a125-413d-9a41-d74874a43a7b\" href=\"https:\/\/portal.pi.gov.br\/iaepi\/wp-content\/uploads\/sites\/64\/2024\/03\/CONTRATO_N_02_2024_REAL_JET_.pdf\">CONTRATO_N_02_2024_REAL_JET_<\/a><a href=\"https:\/\/portal.pi.gov.br\/iaepi\/wp-content\/uploads\/sites\/64\/2024\/03\/CONTRATO_N_02_2024_REAL_JET_.pdf\" class=\"wp-block-file__button wp-element-button\" download aria-describedby=\"wp-block-file--media-32a1a5cd-a125-413d-9a41-d74874a43a7b\">Baixar<\/a><\/div>\n\n\n\n<div class=\"wp-block-stackable-divider stk-block-divider stk-block stk-7154ffb is-style-bar\" data-block-id=\"7154ffb\"><style>.stk-7154ffb{margin-bottom:23px !important}<\/style><hr class=\"stk-block-divider__hr\" \/><\/div>\n\n\n\n<p><strong>8 de mar\u00e7o de 2024<\/strong><br>TERMO DE CONTRATO DE PRESTA\u00c7\u00c3O DE SERVI\u00c7OS <strong>N\u00ba 01\/2024<\/strong> QUE CELEBRAM ENTRE SI, DE UM LADO, COMO CONTRATANTE, O ESTADO DO PIAU\u00cd, POR INTERM\u00c9DIO DO INSTITUTO DE \u00c1GUAS E ESGOTOS DO ESTADO DO PIAU\u00cd &#8211; IAEPI, E DO OUTRO, COMO CONTRATADA, A EMPRESA CONCRETIZAR SERVI\u00c7OS DE MANUTEN\u00c7\u00c3O E LIMPEZA LTDA. <br>PROCESSO:  00226.000128\/2023-23<\/p>\n\n\n\n<div class=\"wp-block-file\"><a id=\"wp-block-file--media-494329a8-d1be-4f14-9fa6-890dfd8ea792\" href=\"https:\/\/portal.pi.gov.br\/iaepi\/contratos\/contrato_n_01_2024_concretizar\/\">CONTRATO_N_01_2024_CONCRETIZAR<\/a><a href=\"https:\/\/portal.pi.gov.br\/iaepi\/wp-content\/uploads\/sites\/64\/2024\/03\/CONTRATO_N_01_2024_CONCRETIZAR.pdf\" class=\"wp-block-file__button wp-element-button\" download aria-describedby=\"wp-block-file--media-494329a8-d1be-4f14-9fa6-890dfd8ea792\">Baixar<\/a><\/div>\n\n\n\n<div class=\"wp-block-stackable-divider stk-block-divider stk-block stk-81b228e is-style-bar\" data-block-id=\"81b228e\"><hr class=\"stk-block-divider__hr\" \/><\/div>\n\n\n\n<p><strong>25 de mar\u00e7o de 2024<\/strong><\/p>\n\n\n\n<p>PRIMEIRO TERMO ADITIVO AO CONTRATO N\u00ba 01\/2023, QUE CELEBRAM ENTRE SI, DE UM LADO, COMO CONTRATANTE, O ESTADO DO PIAU\u00cd, POR INTERM\u00c9DIO DO INSTITUTO DE \u00c1GUAS E ESGOSTOS DO PIAU\u00cd, E DO OUTRO, COMO CONTRATADA, A EMPRESA RFC CARVALHO LTDA.<\/p>\n\n\n\n<div class=\"wp-block-file\"><a id=\"wp-block-file--media-74a7b312-3c4a-4744-906d-07f2941020a8\" href=\"https:\/\/portal.pi.gov.br\/iaepi\/wp-content\/uploads\/sites\/64\/2024\/03\/Primeiro_Termo_Aditivo_ao_Contrato_001.2023.pdf\">Primeiro_Termo_Aditivo_ao_Contrato_001.2023<\/a><a href=\"https:\/\/portal.pi.gov.br\/iaepi\/wp-content\/uploads\/sites\/64\/2024\/03\/Primeiro_Termo_Aditivo_ao_Contrato_001.2023.pdf\" class=\"wp-block-file__button wp-element-button\" download aria-describedby=\"wp-block-file--media-74a7b312-3c4a-4744-906d-07f2941020a8\">Baixar<\/a><\/div>\n\n\n\n<p><strong>25 de mar\u00e7o de 2024<\/strong><\/p>\n\n\n\n<p>TERCEIRO TERMO ADITIVO AO CONTRATO N\u00ba 13\/2022, QUE CELEBRAM ENTRE SI, DE UM LADO, COMO CONTRATANTE, O ESTADO DO PIAU\u00cd, POR INTERM\u00c9DIO DO INSTITUTO DE \u00c1GUAS E ESGOTOS DO PIAU\u00cd, E DO OUTRO, COMO CONTRATADA, A EMPRESA SERVFAZ SERVI\u00c7OS DE M\u00c3O DE OBRA LTDA.<\/p>\n\n\n\n<div class=\"wp-block-file\"><a id=\"wp-block-file--media-3574d65a-df53-426f-abda-fe74707cade1\" href=\"https:\/\/portal.pi.gov.br\/iaepi\/wp-content\/uploads\/sites\/64\/2024\/03\/TERCEIRO_TERMO_ADITIVO_AO_CONTRATO_N__13_22__1_.pdf_assinado.pdf\">TERCEIRO_TERMO_ADITIVO_AO_CONTRATO_N__13_22__1_.pdf_assinado<\/a><a href=\"https:\/\/portal.pi.gov.br\/iaepi\/wp-content\/uploads\/sites\/64\/2024\/03\/TERCEIRO_TERMO_ADITIVO_AO_CONTRATO_N__13_22__1_.pdf_assinado.pdf\" class=\"wp-block-file__button wp-element-button\" download aria-describedby=\"wp-block-file--media-3574d65a-df53-426f-abda-fe74707cade1\">Baixar<\/a><\/div>\n","protected":false},"excerpt":{"rendered":"<p>29 de maio de 2024 TERMO DE CONTRATO N\u00ba 05\/2024 QUE CELEBRAM ENTRE SI, DE UM LADO, COMO CONTRATANTE, O ESTADO DO PIAU\u00cd, POR INTERM\u00c9DIO DO INSTITUTO DE \u00c1GUAS E [&hellip;]<\/p>\n","protected":false},"author":1,"featured_media":0,"parent":0,"menu_order":0,"comment_status":"closed","ping_status":"closed","template":"template-fullwidth.php","meta":[],"featured_image_urls":{"full":"","thumbnail":"","medium":"","medium_large":"","large":"","sgg-420":"","sgg-540":"","sgg-780":"","1536x1536":"","2048x2048":"","homepage-slider":"","homepage-slider-small":"","page-top":"","page-small":"","loop-main":"","thumb-gallery-widget":""},"post_excerpt_stackable":"<p>29 de maio de 2024 TERMO DE CONTRATO N\u00ba 05\/2024 QUE CELEBRAM ENTRE SI, DE UM LADO, COMO CONTRATANTE, O ESTADO DO PIAU\u00cd, POR INTERM\u00c9DIO DO INSTITUTO DE \u00c1GUAS E ESGOTOS DO PIAU\u00cd, E DO OUTRO, COMO CONTRATADA, A EMPRESA LU DISTRIBUIDORA, CNPJ 22.879.212\/0001-23. CONTRATO-05-2024-MATERIAL-DE-LIMPEZA.php_Baixar 25 de abril de 2024 CONTRATA\u00c7\u00c3O DE EMPRESA PARA IMPLANTA\u00c7\u00c3O DE SISTEMA DE ABASTECIMENTO DE \u00c1GUA NAS LOCALIDADES JUREMA, BATATA, BAIXIO, JUAZEIR\u00c3O, P\u00c9 DO MORRO, CURRAL VELHO E MUCAMBO, NA ZONA RURAL DO MUNIC\u00cdPIO DE PADRE MARCOS \u2013 PI, N\u00ba 08\/2024, QUE ENTRE SI CELEBRAM, DE UM LADO, COMO CONTRATANTE, O ESTADO DO PIAU\u00cd POR&hellip;<\/p>\n","category_list":"","author_info":{"name":"admin","url":"https:\/\/portal.pi.gov.br\/isbpi\/author\/admin\/"},"comments_num":"0 coment\u00e1rio","featured_image_urls_v2":{"full":"","thumbnail":"","medium":"","medium_large":"","large":"","sgg-420":"","sgg-540":"","sgg-780":"","1536x1536":"","2048x2048":"","homepage-slider":"","homepage-slider-small":"","page-top":"","page-small":"","loop-main":"","thumb-gallery-widget":""},"post_excerpt_stackable_v2":"<p>29 de maio de 2024 TERMO DE CONTRATO N\u00ba 05\/2024 QUE CELEBRAM ENTRE SI, DE UM LADO, COMO CONTRATANTE, O ESTADO DO PIAU\u00cd, POR INTERM\u00c9DIO DO INSTITUTO DE \u00c1GUAS E ESGOTOS DO PIAU\u00cd, E DO OUTRO, COMO CONTRATADA, A EMPRESA LU DISTRIBUIDORA, CNPJ 22.879.212\/0001-23. CONTRATO-05-2024-MATERIAL-DE-LIMPEZA.php_Baixar 25 de abril de 2024 CONTRATA\u00c7\u00c3O DE EMPRESA PARA IMPLANTA\u00c7\u00c3O DE SISTEMA DE ABASTECIMENTO DE \u00c1GUA NAS LOCALIDADES JUREMA, BATATA, BAIXIO, JUAZEIR\u00c3O, P\u00c9 DO MORRO, CURRAL VELHO E MUCAMBO, NA ZONA RURAL DO MUNIC\u00cdPIO DE PADRE MARCOS \u2013 PI, N\u00ba 08\/2024, QUE ENTRE SI CELEBRAM, DE UM LADO, COMO CONTRATANTE, O ESTADO DO PIAU\u00cd POR&hellip;<\/p>\n","category_list_v2":"","author_info_v2":{"name":"admin","url":"https:\/\/portal.pi.gov.br\/isbpi\/author\/admin\/"},"comments_num_v2":"0 coment\u00e1rio","_links":{"self":[{"href":"https:\/\/portal.pi.gov.br\/isbpi\/wp-json\/wp\/v2\/pages\/1083"}],"collection":[{"href":"https:\/\/portal.pi.gov.br\/isbpi\/wp-json\/wp\/v2\/pages"}],"about":[{"href":"https:\/\/portal.pi.gov.br\/isbpi\/wp-json\/wp\/v2\/types\/page"}],"author":[{"embeddable":true,"href":"https:\/\/portal.pi.gov.br\/isbpi\/wp-json\/wp\/v2\/users\/1"}],"replies":[{"embeddable":true,"href":"https:\/\/portal.pi.gov.br\/isbpi\/wp-json\/wp\/v2\/comments?post=1083"}],"version-history":[{"count":14,"href":"https:\/\/portal.pi.gov.br\/isbpi\/wp-json\/wp\/v2\/pages\/1083\/revisions"}],"predecessor-version":[{"id":1544,"href":"https:\/\/portal.pi.gov.br\/isbpi\/wp-json\/wp\/v2\/pages\/1083\/revisions\/1544"}],"wp:attachment":[{"href":"https:\/\/portal.pi.gov.br\/isbpi\/wp-json\/wp\/v2\/media?parent=1083"}],"curies":[{"name":"wp","href":"https:\/\/api.w.org\/{rel}","templated":true}]}}