{"id":1088,"date":"2026-04-15T12:42:23","date_gmt":"2026-04-15T15:42:23","guid":{"rendered":"https:\/\/portal.pi.gov.br\/iaepi\/?page_id=1088"},"modified":"2026-04-15T12:42:24","modified_gmt":"2026-04-15T15:42:24","slug":"avisos","status":"publish","type":"page","link":"https:\/\/portal.pi.gov.br\/isbpi\/avisos\/","title":{"rendered":"Avisos"},"content":{"rendered":"\n<h2 class=\"wp-block-heading\">Publicado neste Portal no dia 15 de abril de 2026<\/h2>\n\n\n\n<p>Processo:<strong> 00226.000114\/2026-52<\/strong><\/p>\n\n\n\n<p>OBJETO: <strong><strong>RECUPERA\u00c7\u00c3O DE ESTRADAS VICINAIS NA ZONA RURAL DO MUNIC\u00cdPIO DE PAU D\u2019ARCO DO PIAU\u00cd \u2013 PI<\/strong>.<\/strong><\/p>\n\n\n\n<p><\/p>\n\n\n\n<figure class=\"wp-block-table\"><table class=\"has-fixed-layout\"><tbody><tr><td>Projeto B\u00e1sico &#8211; anexo em PDF &#8211; SEI n\u00ba\u00a0<a rel=\"noreferrer noopener\" href=\"https:\/\/sei.pi.gov.br\/sei\/controlador.php?acao=protocolo_visualizar&amp;id_protocolo=25486709&amp;id_procedimento_atual=25261891&amp;infra_sistema=100000100&amp;infra_unidade_atual=110009195&amp;infra_hash=9632cf4436600ab5ae5be4872edf641468ffcd9eb2cb800ecc64d9fc149afa749ceaaaa13bb9d374d188aeac3410fcd03f37e0b580aa44bc656811285cdb4dfa45b8a7f60718ca756fd2e7dd7959f47cf011dc3874fd8ede40a31e43074b3df7\" target=\"_blank\">0022975395<\/a>;<\/td><td><a href=\"https:\/\/portal.pi.gov.br\/isbpi\/wp-content\/uploads\/sites\/64\/2026\/04\/1.-PROJETO_BASICO_PAU_D_ARCO.pdf\">1.-PROJETO_BASICO_PAU_D_ARCO<\/a><\/td><\/tr><tr><td>Planilha Or\u00e7ament\u00e1ria &#8211; SEI n\u00ba\u00a0<a rel=\"noreferrer noopener\" href=\"https:\/\/sei.pi.gov.br\/sei\/controlador.php?acao=protocolo_visualizar&amp;id_protocolo=25486896&amp;id_procedimento_atual=25261891&amp;infra_sistema=100000100&amp;infra_unidade_atual=110009195&amp;infra_hash=6c6a00c84a4479549521302ce0eb071782a891cbf57000401d906df02d9ffbe69ceaaaa13bb9d374d188aeac3410fcd03f37e0b580aa44bc656811285cdb4dfa45b8a7f60718ca756fd2e7dd7959f47cf011dc3874fd8ede40a31e43074b3df7\" target=\"_blank\">0022975569<\/a>;<\/td><td><a href=\"https:\/\/portal.pi.gov.br\/isbpi\/wp-content\/uploads\/sites\/64\/2026\/04\/2.-PLANILHAS_ORCAMENTARIAS.pdf\">2.-PLANILHAS_ORCAMENTARIAS<\/a><\/td><\/tr><tr><td>Cronograma F\u00edsico-Financeiro &#8211; SEI n\u00ba\u00a0<a rel=\"noreferrer noopener\" href=\"https:\/\/sei.pi.gov.br\/sei\/controlador.php?acao=protocolo_visualizar&amp;id_protocolo=25487058&amp;id_procedimento_atual=25261891&amp;infra_sistema=100000100&amp;infra_unidade_atual=110009195&amp;infra_hash=9f0f4c24e3fc14941a17d84513fcf870527392135d20a690225be5ed91e5d2889ceaaaa13bb9d374d188aeac3410fcd03f37e0b580aa44bc656811285cdb4dfa45b8a7f60718ca756fd2e7dd7959f47cf011dc3874fd8ede40a31e43074b3df7\" target=\"_blank\">0022975714<\/a>;<\/td><td><a href=\"https:\/\/portal.pi.gov.br\/isbpi\/wp-content\/uploads\/sites\/64\/2026\/04\/3.-cronograma_estrada.pdf\">3.-cronograma_estrada<\/a><\/td><\/tr><tr><td>Anota\u00e7\u00e3o de Responsabilidade T\u00e9cnica ART &#8211; SEI n\u00ba\u00a0<a rel=\"noreferrer noopener\" href=\"https:\/\/sei.pi.gov.br\/sei\/controlador.php?acao=protocolo_visualizar&amp;id_protocolo=25396193&amp;id_procedimento_atual=25261891&amp;infra_sistema=100000100&amp;infra_unidade_atual=110009195&amp;infra_hash=3e88890c26d67c56e2211a44b42b0a63a9be88588668992fa5983b63b8480bc99ceaaaa13bb9d374d188aeac3410fcd03f37e0b580aa44bc656811285cdb4dfa45b8a7f60718ca756fd2e7dd7959f47cf011dc3874fd8ede40a31e43074b3df7\" target=\"_blank\">0022891996<\/a>;<\/td><td><a href=\"https:\/\/portal.pi.gov.br\/isbpi\/wp-content\/uploads\/sites\/64\/2026\/04\/4.-Art__16_.pdf\">4.-Art__16_<\/a><\/td><\/tr><tr><td>Aprova\u00e7\u00e3o do Projeto B\u00e1sico pelo Gestor M\u00e1ximo do \u00d3rg\u00e3o &#8211; SEI n\u00ba\u00a0<a rel=\"noreferrer noopener\" href=\"https:\/\/sei.pi.gov.br\/sei\/controlador.php?acao=protocolo_visualizar&amp;id_protocolo=26132154&amp;id_procedimento_atual=25261891&amp;infra_sistema=100000100&amp;infra_unidade_atual=110009195&amp;infra_hash=486832848e12bf4b6f6cf8142dd7c42eb8f24751a7ce1fa6c91b1ac3b90f96cc9ceaaaa13bb9d374d188aeac3410fcd03f37e0b580aa44bc656811285cdb4dfa45b8a7f60718ca756fd2e7dd7959f47cf011dc3874fd8ede40a31e43074b3df7\" target=\"_blank\">0023566652<\/a>;<\/td><td><a href=\"https:\/\/portal.pi.gov.br\/isbpi\/wp-content\/uploads\/sites\/64\/2026\/04\/5.-Aprovacao.pdf\">5.-Aprovacao<\/a><\/td><\/tr><tr><td>Autoriza\u00e7\u00e3o do Gestor para contrata\u00e7\u00e3o de Empresa &#8211; SEI n\u00ba\u00a0<a rel=\"noreferrer noopener\" href=\"https:\/\/sei.pi.gov.br\/sei\/controlador.php?acao=protocolo_visualizar&amp;id_protocolo=26131086&amp;id_procedimento_atual=25261891&amp;infra_sistema=100000100&amp;infra_unidade_atual=110009195&amp;infra_hash=81cd076889a127de9cf4772feb71f568fc59db8f5cb398248fa61e5a6f0710ae9ceaaaa13bb9d374d188aeac3410fcd03f37e0b580aa44bc656811285cdb4dfa45b8a7f60718ca756fd2e7dd7959f47cf011dc3874fd8ede40a31e43074b3df7\" target=\"_blank\">0023565666<\/a>;<\/td><td><a href=\"https:\/\/portal.pi.gov.br\/isbpi\/wp-content\/uploads\/sites\/64\/2026\/04\/6.-Autorizacao.pdf\">6.-Autorizacao<\/a><\/td><\/tr><tr><td>Requisitos T\u00e9cnicos para Habilita\u00e7\u00e3o e Qualifica\u00e7\u00e3o T\u00e9cnica &#8211; SEI n\u00ba\u00a0<a rel=\"noreferrer noopener\" href=\"https:\/\/sei.pi.gov.br\/sei\/controlador.php?acao=protocolo_visualizar&amp;id_protocolo=25488070&amp;id_procedimento_atual=25261891&amp;infra_sistema=100000100&amp;infra_unidade_atual=110009195&amp;infra_hash=c2af71eea83a23d581350a462e9b309d4d9b0bcf9ca0a4c25db893ab017758879ceaaaa13bb9d374d188aeac3410fcd03f37e0b580aa44bc656811285cdb4dfa45b8a7f60718ca756fd2e7dd7959f47cf011dc3874fd8ede40a31e43074b3df7\" target=\"_blank\">0022976626<\/a>;<\/td><td><a href=\"https:\/\/portal.pi.gov.br\/isbpi\/wp-content\/uploads\/sites\/64\/2026\/04\/7.-Qualificacao-tecnica.pdf\">7.-Qualificacao-tecnica<\/a><\/td><\/tr><tr><td>Requisitos para Habilita\u00e7\u00e3o Jur\u00eddica do fornecedor &#8211; SEI n\u00ba\u00a0<a rel=\"noreferrer noopener\" href=\"https:\/\/sei.pi.gov.br\/sei\/controlador.php?acao=protocolo_visualizar&amp;id_protocolo=26131017&amp;id_procedimento_atual=25261891&amp;infra_sistema=100000100&amp;infra_unidade_atual=110009195&amp;infra_hash=61e98acccc2fd9ac300f9583b8403659463bdd3d1d7ed9413ceee052345d5f339ceaaaa13bb9d374d188aeac3410fcd03f37e0b580aa44bc656811285cdb4dfa45b8a7f60718ca756fd2e7dd7959f47cf011dc3874fd8ede40a31e43074b3df7\" target=\"_blank\">0023565602<\/a>;<\/td><td><a href=\"https:\/\/portal.pi.gov.br\/isbpi\/wp-content\/uploads\/sites\/64\/2026\/04\/8.-Habilitacao-juridica.pdf\">8.-Habilitacao-juridica<\/a><\/td><\/tr><\/tbody><\/table><figcaption class=\"wp-element-caption\">.<\/figcaption><\/figure>\n\n\n\n<p>&#8220;Com base no Art.75, VIII da lei 14.133\/21, fica aberto prazo para manifesta\u00e7\u00e3o de interesse das empresa capacitadas \u00e0 atender a demanda objeto deste processo at\u00e9 13:30h do dia\u00a0<strong>20\/04\/2026<\/strong>, com entrega da documenta\u00e7\u00e3o de habilita\u00e7\u00e3o at\u00e9 18:00h\u00a0do dia\u00a0<strong>20\/04\/2026<\/strong>.&#8221;<\/p>\n\n\n\n<p>E-mail: <strong>gabinete@isbpi.pi.gov.br<\/strong><\/p>\n\n\n\n<div class=\"wp-block-stackable-divider stk-block-divider stk-block stk-a99b3f8 is-style-bar\" data-block-id=\"a99b3f8\"><style>.stk-a99b3f8 hr.stk-block-divider__hr{background:#335482 !important}<\/style><hr class=\"stk-block-divider__hr\" \/><\/div>\n\n\n\n<div class=\"wp-block-stackable-divider stk-block-divider stk-block stk-3477180\" data-block-id=\"3477180\"><hr class=\"stk-block-divider__hr\" \/><\/div>\n\n\n\n<p><strong>TERMO DE COOPERA\u00c7\u00c3O T\u00c9CNICA<\/strong><\/p>\n\n\n\n<p>Celebra\u00e7\u00e3o do <strong>TERMO DE COOPERA\u00c7\u00c3O<\/strong>, mediante as cl\u00e1usulas e condi\u00e7\u00f5es, com amparo nos arts. 23, 30, V e 241 da Constitui\u00e7\u00e3o Federal de 1998, art 184 da Lei Federal 14.133\/21, Instru\u00e7\u00e3o Normativa SEPLAN\/SEFAZ\/CGE N\u00ba.001\/2009, para atender Instru\u00e7\u00e3o Normativa CGE N\u00ba. 01\/2013.<\/p>\n\n\n\n<div class=\"wp-block-file\"><a id=\"wp-block-file--media-28796e3b-6365-4828-beb2-139cef225b74\" href=\"https:\/\/portal.pi.gov.br\/isbpi\/wp-content\/uploads\/sites\/64\/2024\/10\/TERMO-DE-COOPERACAO-TECNICA.docx\">TERMO-DE-COOPERACAO-TECNICA<\/a><a href=\"https:\/\/portal.pi.gov.br\/isbpi\/wp-content\/uploads\/sites\/64\/2024\/10\/TERMO-DE-COOPERACAO-TECNICA.docx\" class=\"wp-block-file__button wp-element-button\" download aria-describedby=\"wp-block-file--media-28796e3b-6365-4828-beb2-139cef225b74\">Baixar<\/a><\/div>\n\n\n\n<div class=\"wp-block-stackable-divider stk-block-divider stk-block stk-f1f0f20\" data-block-id=\"f1f0f20\"><hr class=\"stk-block-divider__hr\" \/><\/div>\n\n\n\n<div class=\"wp-block-stackable-divider stk-block-divider stk-block stk-6ed8c16 is-style-bar\" data-block-id=\"6ed8c16\"><style>.stk-6ed8c16 hr.stk-block-divider__hr{background:#335482 !important}<\/style><hr class=\"stk-block-divider__hr\" \/><\/div>\n\n\n\n<p>.<\/p>\n\n\n\n<p>.<\/p>\n","protected":false},"excerpt":{"rendered":"<p>Publicado neste Portal no dia 15 de abril de 2026 Processo: 00226.000114\/2026-52 OBJETO: RECUPERA\u00c7\u00c3O DE ESTRADAS VICINAIS NA ZONA RURAL DO MUNIC\u00cdPIO DE PAU D\u2019ARCO DO PIAU\u00cd \u2013 PI. Projeto [&hellip;]<\/p>\n","protected":false},"author":1,"featured_media":0,"parent":0,"menu_order":0,"comment_status":"closed","ping_status":"closed","template":"template-fullwidth.php","meta":[],"featured_image_urls":{"full":"","thumbnail":"","medium":"","medium_large":"","large":"","sgg-420":"","sgg-540":"","sgg-780":"","1536x1536":"","2048x2048":"","homepage-slider":"","homepage-slider-small":"","page-top":"","page-small":"","loop-main":"","thumb-gallery-widget":""},"post_excerpt_stackable":"<p>Publicado neste Portal no dia 15 de abril de 2026 Processo: 00226.000114\/2026-52 OBJETO: RECUPERA\u00c7\u00c3O DE ESTRADAS VICINAIS NA ZONA RURAL DO MUNIC\u00cdPIO DE PAU D\u2019ARCO DO PIAU\u00cd \u2013 PI. Projeto B\u00e1sico &#8211; anexo em PDF &#8211; SEI n\u00ba\u00a00022975395;1.-PROJETO_BASICO_PAU_D_ARCOPlanilha Or\u00e7ament\u00e1ria &#8211; SEI n\u00ba\u00a00022975569;2.-PLANILHAS_ORCAMENTARIASCronograma F\u00edsico-Financeiro &#8211; SEI n\u00ba\u00a00022975714;3.-cronograma_estradaAnota\u00e7\u00e3o de Responsabilidade T\u00e9cnica ART &#8211; SEI n\u00ba\u00a00022891996;4.-Art__16_Aprova\u00e7\u00e3o do Projeto B\u00e1sico pelo Gestor M\u00e1ximo do \u00d3rg\u00e3o &#8211; SEI n\u00ba\u00a00023566652;5.-AprovacaoAutoriza\u00e7\u00e3o do Gestor para contrata\u00e7\u00e3o de Empresa &#8211; SEI n\u00ba\u00a00023565666;6.-AutorizacaoRequisitos T\u00e9cnicos para Habilita\u00e7\u00e3o e Qualifica\u00e7\u00e3o T\u00e9cnica &#8211; SEI n\u00ba\u00a00022976626;7.-Qualificacao-tecnicaRequisitos para Habilita\u00e7\u00e3o Jur\u00eddica do fornecedor &#8211; SEI n\u00ba\u00a00023565602;8.-Habilitacao-juridica. &#8220;Com base no Art.75, VIII da lei 14.133\/21, fica aberto&hellip;<\/p>\n","category_list":"","author_info":{"name":"admin","url":"https:\/\/portal.pi.gov.br\/isbpi\/author\/admin\/"},"comments_num":"0 coment\u00e1rio","featured_image_urls_v2":{"full":"","thumbnail":"","medium":"","medium_large":"","large":"","sgg-420":"","sgg-540":"","sgg-780":"","1536x1536":"","2048x2048":"","homepage-slider":"","homepage-slider-small":"","page-top":"","page-small":"","loop-main":"","thumb-gallery-widget":""},"post_excerpt_stackable_v2":"<p>Publicado neste Portal no dia 15 de abril de 2026 Processo: 00226.000114\/2026-52 OBJETO: RECUPERA\u00c7\u00c3O DE ESTRADAS VICINAIS NA ZONA RURAL DO MUNIC\u00cdPIO DE PAU D\u2019ARCO DO PIAU\u00cd \u2013 PI. Projeto B\u00e1sico &#8211; anexo em PDF &#8211; SEI n\u00ba\u00a00022975395;1.-PROJETO_BASICO_PAU_D_ARCOPlanilha Or\u00e7ament\u00e1ria &#8211; SEI n\u00ba\u00a00022975569;2.-PLANILHAS_ORCAMENTARIASCronograma F\u00edsico-Financeiro &#8211; SEI n\u00ba\u00a00022975714;3.-cronograma_estradaAnota\u00e7\u00e3o de Responsabilidade T\u00e9cnica ART &#8211; SEI n\u00ba\u00a00022891996;4.-Art__16_Aprova\u00e7\u00e3o do Projeto B\u00e1sico pelo Gestor M\u00e1ximo do \u00d3rg\u00e3o &#8211; SEI n\u00ba\u00a00023566652;5.-AprovacaoAutoriza\u00e7\u00e3o do Gestor para contrata\u00e7\u00e3o de Empresa &#8211; SEI n\u00ba\u00a00023565666;6.-AutorizacaoRequisitos T\u00e9cnicos para Habilita\u00e7\u00e3o e Qualifica\u00e7\u00e3o T\u00e9cnica &#8211; SEI n\u00ba\u00a00022976626;7.-Qualificacao-tecnicaRequisitos para Habilita\u00e7\u00e3o Jur\u00eddica do fornecedor &#8211; SEI n\u00ba\u00a00023565602;8.-Habilitacao-juridica. &#8220;Com base no Art.75, VIII da lei 14.133\/21, fica aberto&hellip;<\/p>\n","category_list_v2":"","author_info_v2":{"name":"admin","url":"https:\/\/portal.pi.gov.br\/isbpi\/author\/admin\/"},"comments_num_v2":"0 coment\u00e1rio","_links":{"self":[{"href":"https:\/\/portal.pi.gov.br\/isbpi\/wp-json\/wp\/v2\/pages\/1088"}],"collection":[{"href":"https:\/\/portal.pi.gov.br\/isbpi\/wp-json\/wp\/v2\/pages"}],"about":[{"href":"https:\/\/portal.pi.gov.br\/isbpi\/wp-json\/wp\/v2\/types\/page"}],"author":[{"embeddable":true,"href":"https:\/\/portal.pi.gov.br\/isbpi\/wp-json\/wp\/v2\/users\/1"}],"replies":[{"embeddable":true,"href":"https:\/\/portal.pi.gov.br\/isbpi\/wp-json\/wp\/v2\/comments?post=1088"}],"version-history":[{"count":234,"href":"https:\/\/portal.pi.gov.br\/isbpi\/wp-json\/wp\/v2\/pages\/1088\/revisions"}],"predecessor-version":[{"id":2805,"href":"https:\/\/portal.pi.gov.br\/isbpi\/wp-json\/wp\/v2\/pages\/1088\/revisions\/2805"}],"wp:attachment":[{"href":"https:\/\/portal.pi.gov.br\/isbpi\/wp-json\/wp\/v2\/media?parent=1088"}],"curies":[{"name":"wp","href":"https:\/\/api.w.org\/{rel}","templated":true}]}}