{"id":1132,"date":"2026-04-13T13:06:45","date_gmt":"2026-04-13T16:06:45","guid":{"rendered":"https:\/\/portal.pi.gov.br\/iaepi\/?page_id=1132"},"modified":"2026-04-13T13:06:46","modified_gmt":"2026-04-13T16:06:46","slug":"licitacao","status":"publish","type":"page","link":"https:\/\/portal.pi.gov.br\/isbpi\/licitacao\/","title":{"rendered":"Licita\u00e7\u00e3o"},"content":{"rendered":"\n<h2 class=\"wp-block-heading\">Publicado neste Portal no dia 13 de abril de 2026<\/h2>\n\n\n\n<p>Processo:<strong> 00226.000336\/2023-22<\/strong><\/p>\n\n\n\n<p>OBJETO: <strong>Concorr\u00eancia Eletr\u00f4nica.<\/strong><\/p>\n\n\n\n<figure class=\"wp-block-table\"><table><tbody><tr><td colspan=\"2\"><strong>AVISO DE LICITA\u00c7\u00c3O CONCORRENCIA 01\/2026<\/strong><\/td><\/tr><tr><td><strong>N\u00ba DO PROCESSO SEI<\/strong><\/td><td>00226000.336\/2023-22<strong><\/strong><\/td><\/tr><tr><td><strong>MODALIDADE DE LICITA\u00c7\u00c3O<\/strong><\/td><td><strong>CONCORR\u00caNCIA<\/strong><\/td><\/tr><tr><td><strong>TIPO DE LICITA\u00c7\u00c3O<\/strong><\/td><td><strong>MENOR PRE\u00c7O<\/strong><\/td><\/tr><tr><td><strong>LICITANTE:<\/strong><\/td><td>SECRETARIA DO SANEAMENTO B\u00c1SICO DO PIAU\u00cd \u2013 SESB-PI <strong>CNPJ: <\/strong>22.057.819\/0001-28<strong><\/strong><\/td><\/tr><tr><td><strong>OBJETO DA LICITA\u00c7\u00c3O<\/strong><\/td><td><strong>OBJETO: IMPLANTA\u00c7\u00c3O DO SISTEMA DE ABASTECIMENTO DE \u00c1GUA NA LOCALIDADE BURITI GRANDE, NA ZONA RURAL DO MUNIC\u00cdPIO DE COIVARAS-PI.<\/strong> <strong><\/strong> <strong>&nbsp;<\/strong><\/td><\/tr><tr><td><strong>LOCAL EM QUE OS INTERESSADOS PODER\u00c3O TER ACESSO AO TEXTO INTEGRAL DO EDITAL<\/strong><\/td><td>Av. Presidente Kennedy, 280, S\u00e3o Crist\u00f3v\u00e3o, das 07h30min \u00e0s 13h30min, em Teresina \u2013 PI, CEP 64.052-335. <strong><\/strong><\/td><\/tr><tr><td><strong>DATA DE IN\u00cdCIO DE RECEBIMENTO DAS PROPOSTAS<\/strong><\/td><td><strong>14\/04\/2026, \u00c0S 09:00 (hor\u00e1rio de Bras\u00edlia)<\/strong><\/td><\/tr><tr><td><strong>DATA FIM DE RECEBIMENTO DE PROPOSTAS<\/strong><\/td><td><strong>26\/05\/2026, \u00c0S 09:30 (hor\u00e1rio de Bras\u00edlia)<\/strong><\/td><\/tr><tr><td><strong>VALOR GLOBAL ESTIMADO<\/strong><\/td><td><strong>&nbsp;<\/strong>R$ 290.247.95(vinte e nove milh\u00f5es e vinte e quatro mil e setecentos e noventa e cinco reais)<strong><\/strong><\/td><\/tr><tr><td><strong>DOTA\u00c7\u00c3O OR\u00c7AMENT\u00c1RIA<\/strong><\/td><td><strong>\u00d3RG\u00c3O OR\u00c7AMENT\u00c1RIO: 45; UNIDADE OR\u00c7AMENT\u00c1RIA 45203; PROGRAMA DE TRABALHO: 17.512.0105.6094.<\/strong><\/td><\/tr><tr><td><strong>FONTE DE RECURSOS<\/strong><\/td><td>754 &#8211; Recursos de Opera\u00e7\u00f5es de Cr\u00e9dito<strong><\/strong><\/td><\/tr><tr><td><strong>NATUREZA DA DESPESA<\/strong><\/td><td><strong>449051<\/strong><\/td><\/tr><\/tbody><\/table><\/figure>\n\n\n\n<p><strong>Edital:<\/strong><\/p>\n\n\n\n<div class=\"wp-block-file\"><a id=\"wp-block-file--media-561af10b-21c7-4bec-99d0-ff186e4119e6\" href=\"https:\/\/portal.pi.gov.br\/isbpi\/wp-content\/uploads\/sites\/64\/2026\/04\/Edital_Concorrencia_Eletronica_Coivaras.pdf\">Edital_Concorrencia_Eletronica_Coivaras<\/a><\/div>\n\n\n\n<div class=\"wp-block-stackable-divider stk-block-divider stk-block stk-7fa239f\" data-block-id=\"7fa239f\"><hr class=\"stk-block-divider__hr\" \/><\/div>\n\n\n\n<div class=\"wp-block-stackable-divider stk-block-divider stk-block stk-e6602e2 is-style-bar\" data-block-id=\"e6602e2\"><style>.stk-e6602e2 hr.stk-block-divider__hr{background:#2d4b8a !important;border-radius:calc(5px \/ 2) !important;height:5px !important;width:100% !important}<\/style><hr class=\"stk-block-divider__hr\" \/><\/div>\n\n\n\n<h2 class=\"wp-block-heading\">Publicado neste Portal no dia 30 de mar\u00e7o de 2026<\/h2>\n\n\n\n<p>Processo: <strong><strong>00226.000090\/2026-31<\/strong><\/strong><\/p>\n\n\n\n<figure class=\"wp-block-table\"><table><tbody><tr><td colspan=\"2\"><strong>AVISO DE LICITA\u00c7\u00c3O CONCORRENCIA 02\/2026<\/strong><\/td><\/tr><tr><td><strong>N\u00ba DO PROCESSO SEI<\/strong><\/td><td><strong>00226.000090\/2026-31<\/strong><\/td><\/tr><tr><td><strong>MODALIDADE DE LICITA\u00c7\u00c3O<\/strong><\/td><td><strong>CONCORR\u00caNCIA<\/strong><\/td><\/tr><tr><td><strong>TIPO DE LICITA\u00c7\u00c3O<\/strong><\/td><td><strong>MENOR PRE\u00c7O<\/strong><\/td><\/tr><tr><td><strong>LICITANTE:<\/strong><\/td><td>SECRETARIA DO SANEAMENTO B\u00c1SICO &#8211; SESB-PI <strong>CNPJ: <\/strong>22.057.819\/0001-28<strong><\/strong><\/td><\/tr><tr><td><strong>OBJETO DA LICITA\u00c7\u00c3O<\/strong><\/td><td><strong>OBJETO: <\/strong><strong>IMPLANTA\u00c7\u00c3O DO SISTEMA DE ABASTECIMENTO DE \u00c1GUA NA LOCALIDADE LAGOA DO PIRIPIRI, NA ZONA RURAL DO MUNIC\u00cdPIO DE JOS\u00c9 DE FREITAS-PI.<\/strong><strong><\/strong> <strong>&nbsp;<\/strong><\/td><\/tr><tr><td><strong>LOCAL EM QUE OS INTERESSADOS PODER\u00c3O TER ACESSO AO TEXTO INTEGRAL DO EDITAL<\/strong><\/td><td>Av. Presidente Kennedy, 280, S\u00e3o Crist\u00f3v\u00e3o, das 07h30min \u00e0s 13h30min, em Teresina \u2013 PI, CEP 64.052-335.<strong><\/strong><\/td><\/tr><tr><td><strong>DATA DE IN\u00cdCIO DE RECEBIMENTO DAS PROPOSTAS<\/strong><\/td><td><strong>31\/03\/2026, \u00c0S 9:00 (hor\u00e1rio de Bras\u00edlia)<\/strong><\/td><\/tr><tr><td><strong>DATA FIM DE RECEBIMENTO DE PROPOSTAS<\/strong><\/td><td><strong>12\/05\/2026, \u00c0S 9:00 (Hor\u00e1rio de Bras\u00edlia)<\/strong><\/td><\/tr><tr><td><strong>VALOR GLOBAL ESTIMADO<\/strong><\/td><td><strong>R$ 727.981,13 (setecentos e vinte e sete mil, novecentos e oitenta e um reais e treze centavos).<\/strong><\/td><\/tr><tr><td><strong>DOTA\u00c7\u00c3O OR\u00c7AMENT\u00c1RIA<\/strong><\/td><td><strong>\u00d3RG\u00c3O OR\u00c7AMENT\u00c1RIO: 45; UNIDADE OR\u00c7AMENT\u00c1RIA 45203; PROGRAMA DE TRABALHO: 17.512.0105.6094.<\/strong><\/td><\/tr><tr><td><strong>FONTE DE RECURSOS<\/strong><\/td><td><strong>700 &#8211; OUTRAS TRANSFER\u00caNCIAS DE CONV\u00caNIOS OU INSTRUMENTOS CONG\u00caNERES DA UNI\u00c3O<\/strong><\/td><\/tr><tr><td><strong>NATUREZA DA DESPESA<\/strong><\/td><td><strong>449051<\/strong><\/td><\/tr><\/tbody><\/table><\/figure>\n\n\n\n<p>Edital: <\/p>\n\n\n\n<div class=\"wp-block-file\"><a id=\"wp-block-file--media-f8c5b793-a308-4359-9b77-e9e2cc963da0\" href=\"https:\/\/portal.pi.gov.br\/isbpi\/wp-content\/uploads\/sites\/64\/2026\/03\/Edital_JF_Completo1_00226.000090-2026-31.pdf\">Edital_JF_Completo1_00226.000090-2026-31<\/a><\/div>\n\n\n\n<div class=\"wp-block-stackable-divider stk-block-divider stk-block stk-1bba818\" data-block-id=\"1bba818\"><hr class=\"stk-block-divider__hr\" \/><\/div>\n\n\n\n<div class=\"wp-block-stackable-divider stk-block-divider stk-block stk-7208fd8 is-style-bar\" data-block-id=\"7208fd8\"><style>.stk-7208fd8 hr.stk-block-divider__hr{background:#2d4b8a !important;border-radius:calc(5px \/ 2) !important;height:5px !important;width:100% !important}<\/style><hr class=\"stk-block-divider__hr\" \/><\/div>\n\n\n\n<h2 class=\"wp-block-heading\">Publicado neste Portal no dia 30 de mar\u00e7o de 2026<\/h2>\n\n\n\n<p>Processo: <strong><strong><strong>00226.000089\/2026-15<\/strong><\/strong><\/strong><\/p>\n\n\n\n<figure class=\"wp-block-table\"><table><tbody><tr><td colspan=\"2\"><strong>AVISO DE LICITA\u00c7\u00c3O CONCORRENCIA 03\/2026<\/strong><\/td><\/tr><tr><td><strong>N\u00ba DO PROCESSO SEI<\/strong><\/td><td>00226000.089\/2026-15<strong><\/strong><\/td><\/tr><tr><td><strong>MODALIDADE DE LICITA\u00c7\u00c3O<\/strong><\/td><td><strong>CONCORR\u00caNCIA<\/strong><\/td><\/tr><tr><td><strong>TIPO DE LICITA\u00c7\u00c3O<\/strong><\/td><td><strong>MENOR PRE\u00c7O<\/strong><\/td><\/tr><tr><td><strong>LICITANTE:<\/strong><\/td><td>SECRETARIA DO SANEAMENTO B\u00c1SICO DO PIAU\u00cd \u2013 SESB-PI <strong>CNPJ: <\/strong>22.057.819\/0001-28<strong><\/strong><\/td><\/tr><tr><td><strong>OBJETO DA LICITA\u00c7\u00c3O<\/strong><\/td><td><strong>OBJETO: IMPLANTA\u00c7\u00c3O DO SISTEMA DE ABASTECIMENTO DE \u00c1GUA NA LOCALIDADE DE DIVIN\u00d3POLIS, NA ZONA RURAL DO MUNIC\u00cdPIO DE UNI\u00c3O-PI.<\/strong><strong><\/strong> <strong>&nbsp;<\/strong><\/td><\/tr><tr><td><strong>LOCAL EM QUE OS INTERESSADOS PODER\u00c3O TER ACESSO AO TEXTO INTEGRAL DO EDITAL<\/strong><\/td><td>Av. Presidente Kennedy, 280, S\u00e3o Crist\u00f3v\u00e3o, das 07h30min \u00e0s 13h30min, em Teresina \u2013 PI, CEP 64.052-335. <strong><\/strong><\/td><\/tr><tr><td><strong>DATA DE IN\u00cdCIO DE RECEBIMENTO DAS PROPOSTAS<\/strong><\/td><td><strong>31\/03\/2026, \u00c0S 09:30 (hor\u00e1rio de Bras\u00edlia)<\/strong><\/td><\/tr><tr><td><strong>DATA FIM DE RECEBIMENTO DE PROPOSTAS<\/strong><\/td><td><strong>12\/05\/2026, \u00c0S 09:30 (hor\u00e1rio de Bras\u00edlia)<\/strong><\/td><\/tr><tr><td><strong>VALOR GLOBAL ESTIMADO<\/strong><\/td><td>R$ 552.018,87 (QUINHENTOS E CINQUENTA E DOIS MIL DEZOITO REAIS E OITENTA E SETE CENTAVOS)<strong><\/strong><\/td><\/tr><tr><td><strong>DOTA\u00c7\u00c3O OR\u00c7AMENT\u00c1RIA<\/strong><\/td><td><strong>\u00d3RG\u00c3O OR\u00c7AMENT\u00c1RIO: 45; UNIDADE OR\u00c7AMENT\u00c1RIA 45203; PROGRAMA DE TRABALHO: 17.512.0105.6094.<\/strong><\/td><\/tr><tr><td><strong>FONTE DE RECURSOS<\/strong><\/td><td>700 &#8211; OUTRAS TRANSFER\u00caNCIAS DE CONV\u00caNIOS OU INSTRUMENTOS CONG\u00caNERES DA UNI\u00c3O<strong><\/strong><\/td><\/tr><tr><td><strong>NATUREZA DA DESPESA<\/strong><\/td><td><strong>449051<\/strong><\/td><\/tr><\/tbody><\/table><\/figure>\n\n\n\n<p>Edital:<\/p>\n\n\n\n<div class=\"wp-block-file\"><a id=\"wp-block-file--media-284c0e63-c15c-480d-aab7-b208c426cb22\" href=\"https:\/\/portal.pi.gov.br\/isbpi\/wp-content\/uploads\/sites\/64\/2026\/03\/Edital_Uniao___Completo1_00226.000089-2026-15.pdf\">Edital_Uniao___Completo1_00226.000089-2026-15<\/a><\/div>\n\n\n\n<div class=\"wp-block-stackable-divider stk-block-divider stk-block stk-3a983dd\" data-block-id=\"3a983dd\"><hr class=\"stk-block-divider__hr\" \/><\/div>\n\n\n\n<div class=\"wp-block-stackable-divider stk-block-divider stk-block stk-9c5973d is-style-bar\" data-block-id=\"9c5973d\"><style>.stk-9c5973d hr.stk-block-divider__hr{background:#2d4b8a !important;border-radius:calc(5px \/ 2) !important;height:5px !important;width:100% !important}<\/style><hr class=\"stk-block-divider__hr\" \/><\/div>\n\n\n\n<h2 class=\"wp-block-heading\">Publicado neste Portal no dia 30 de mar\u00e7o de 2026<\/h2>\n\n\n\n<p>Processo: <strong>00226.000072\/2026-50<\/strong><\/p>\n\n\n\n<figure class=\"wp-block-table\"><table><tbody><tr><td colspan=\"2\"><strong>AVISO DE LICITA\u00c7\u00c3O CONCORRENCIA 04\/2026<\/strong><\/td><\/tr><tr><td><strong>N\u00ba DO PROCESSO SEI<\/strong><\/td><td>00226000.072\/2026-50<strong><\/strong><\/td><\/tr><tr><td><strong>MODALIDADE DE LICITA\u00c7\u00c3O<\/strong><\/td><td><strong>CONCORR\u00caNCIA<\/strong><\/td><\/tr><tr><td><strong>TIPO DE LICITA\u00c7\u00c3O<\/strong><\/td><td><strong>MENOR PRE\u00c7O<\/strong><\/td><\/tr><tr><td><strong>LICITANTE:<\/strong><\/td><td>SECRETARIA DO SANEAMENTO B\u00c1SICO DO PIAU\u00cd \u2013 SESB-PI <strong>CNPJ: <\/strong>22.057.819\/0001-28<strong><\/strong><\/td><\/tr><tr><td><strong>OBJETO DA LICITA\u00c7\u00c3O<\/strong><\/td><td><strong>OBJETO: <\/strong><strong>IMPLANTA\u00c7\u00c3O DE SISTEMA DE ABASTECIMENTO DE \u00c1GUA NAS LOCALIDADES ASSENTAMENTO 8 DE MAR\u00c7O, EL SHADAY, \u00c1RVORES VERDES, S\u00c3O RAIMUNDO, COROAT\u00c1, LADEIRA DE TERRA, MORRO DO PAPAGAIO E ASSENTAMENTO NOVO SANTO ANT\u00d4NIO NA ZONA RURAL DO MUNIC\u00cdPIO DE TERESINA \u2013 PI <\/strong><strong><\/strong><\/td><\/tr><tr><td><strong>LOCAL EM QUE OS INTERESSADOS PODER\u00c3O TER ACESSO AO TEXTO INTEGRAL DO EDITAL<\/strong><\/td><td>Av. Presidente Kennedy, 280, S\u00e3o Crist\u00f3v\u00e3o, das 07h30min \u00e0s 13h30min, em Teresina \u2013 PI, CEP 64.052-335. <strong><\/strong><\/td><\/tr><tr><td><strong>DATA DE IN\u00cdCIO DE RECEBIMENTO DAS PROPOSTAS<\/strong><\/td><td><strong>31\/03\/2026, \u00c0S 10:00 (hor\u00e1rio de Bras\u00edlia)<\/strong><\/td><\/tr><tr><td><strong>DATA FIM DE RECEBIMENTO DE PROPOSTAS<\/strong><\/td><td><strong>12\/05\/2026, \u00c0S 10:00 (hor\u00e1rio de Bras\u00edlia)<\/strong><\/td><\/tr><tr><td><strong>VALOR GLOBAL ESTIMADO<\/strong><\/td><td>R$ 3.740.000,00 (TR\u00caS MI LH\u00d5ES SETECENTOS E QUARENTA MIL REAIS)<strong><\/strong><\/td><\/tr><tr><td><strong>DOTA\u00c7\u00c3O OR\u00c7AMENT\u00c1RIA<\/strong><\/td><td><strong>\u00d3RG\u00c3O OR\u00c7AMENT\u00c1RIO: 45; UNIDADE OR\u00c7AMENT\u00c1RIA 45203; PROGRAMA DE TRABALHO: 17.512.0105.6094.<\/strong><\/td><\/tr><tr><td><strong>FONTE DE RECURSOS<\/strong><\/td><td>700 &#8211; OUTRAS TRANSFER\u00caNCIAS DE CONV\u00caNIOS OU INSTRUMENTOS CONG\u00caNERES DA UNI\u00c3O<strong><\/strong><\/td><\/tr><tr><td><strong>NATUREZA DA DESPESA<\/strong><\/td><td><strong>449051<\/strong><\/td><\/tr><\/tbody><\/table><\/figure>\n\n\n\n<p>Edital:<\/p>\n\n\n\n<div class=\"wp-block-file\"><a id=\"wp-block-file--media-f8f1d1d8-81e0-4680-b2c1-f5aef8701b40\" href=\"https:\/\/portal.pi.gov.br\/isbpi\/wp-content\/uploads\/sites\/64\/2026\/03\/Edital_Teresina_Completo1_00226.000072-2026-50.pdf\">Edital_Teresina_Completo1_00226.000072-2026-50<\/a><\/div>\n\n\n\n<div class=\"wp-block-stackable-divider stk-block-divider stk-block stk-2264982\" data-block-id=\"2264982\"><hr class=\"stk-block-divider__hr\" \/><\/div>\n\n\n\n<div class=\"wp-block-stackable-divider stk-block-divider stk-block stk-f4d0b8c is-style-bar\" data-block-id=\"f4d0b8c\"><style>.stk-f4d0b8c hr.stk-block-divider__hr{background:#2d4b8a !important;border-radius:calc(5px \/ 2) !important;height:5px !important;width:100% !important}<\/style><hr class=\"stk-block-divider__hr\" \/><\/div>\n","protected":false},"excerpt":{"rendered":"<p>Publicado neste Portal no dia 13 de abril de 2026 Processo: 00226.000336\/2023-22 OBJETO: Concorr\u00eancia Eletr\u00f4nica. AVISO DE LICITA\u00c7\u00c3O CONCORRENCIA 01\/2026 N\u00ba DO PROCESSO SEI 00226000.336\/2023-22 MODALIDADE DE LICITA\u00c7\u00c3O CONCORR\u00caNCIA TIPO [&hellip;]<\/p>\n","protected":false},"author":1,"featured_media":0,"parent":0,"menu_order":0,"comment_status":"closed","ping_status":"closed","template":"template-fullwidth.php","meta":[],"featured_image_urls":{"full":"","thumbnail":"","medium":"","medium_large":"","large":"","sgg-420":"","sgg-540":"","sgg-780":"","1536x1536":"","2048x2048":"","homepage-slider":"","homepage-slider-small":"","page-top":"","page-small":"","loop-main":"","thumb-gallery-widget":""},"post_excerpt_stackable":"<p>Publicado neste Portal no dia 13 de abril de 2026 Processo: 00226.000336\/2023-22 OBJETO: Concorr\u00eancia Eletr\u00f4nica. AVISO DE LICITA\u00c7\u00c3O CONCORRENCIA 01\/2026N\u00ba DO PROCESSO SEI00226000.336\/2023-22MODALIDADE DE LICITA\u00c7\u00c3OCONCORR\u00caNCIATIPO DE LICITA\u00c7\u00c3OMENOR PRE\u00c7OLICITANTE:SECRETARIA DO SANEAMENTO B\u00c1SICO DO PIAU\u00cd \u2013 SESB-PI CNPJ: 22.057.819\/0001-28OBJETO DA LICITA\u00c7\u00c3OOBJETO: IMPLANTA\u00c7\u00c3O DO SISTEMA DE ABASTECIMENTO DE \u00c1GUA NA LOCALIDADE BURITI GRANDE, NA ZONA RURAL DO MUNIC\u00cdPIO DE COIVARAS-PI. &nbsp;LOCAL EM QUE OS INTERESSADOS PODER\u00c3O TER ACESSO AO TEXTO INTEGRAL DO EDITALAv. Presidente Kennedy, 280, S\u00e3o Crist\u00f3v\u00e3o, das 07h30min \u00e0s 13h30min, em Teresina \u2013 PI, CEP 64.052-335. DATA DE IN\u00cdCIO DE RECEBIMENTO DAS PROPOSTAS14\/04\/2026, \u00c0S 09:00 (hor\u00e1rio de Bras\u00edlia)DATA FIM DE RECEBIMENTO&hellip;<\/p>\n","category_list":"","author_info":{"name":"admin","url":"https:\/\/portal.pi.gov.br\/isbpi\/author\/admin\/"},"comments_num":"0 coment\u00e1rio","featured_image_urls_v2":{"full":"","thumbnail":"","medium":"","medium_large":"","large":"","sgg-420":"","sgg-540":"","sgg-780":"","1536x1536":"","2048x2048":"","homepage-slider":"","homepage-slider-small":"","page-top":"","page-small":"","loop-main":"","thumb-gallery-widget":""},"post_excerpt_stackable_v2":"<p>Publicado neste Portal no dia 13 de abril de 2026 Processo: 00226.000336\/2023-22 OBJETO: Concorr\u00eancia Eletr\u00f4nica. AVISO DE LICITA\u00c7\u00c3O CONCORRENCIA 01\/2026N\u00ba DO PROCESSO SEI00226000.336\/2023-22MODALIDADE DE LICITA\u00c7\u00c3OCONCORR\u00caNCIATIPO DE LICITA\u00c7\u00c3OMENOR PRE\u00c7OLICITANTE:SECRETARIA DO SANEAMENTO B\u00c1SICO DO PIAU\u00cd \u2013 SESB-PI CNPJ: 22.057.819\/0001-28OBJETO DA LICITA\u00c7\u00c3OOBJETO: IMPLANTA\u00c7\u00c3O DO SISTEMA DE ABASTECIMENTO DE \u00c1GUA NA LOCALIDADE BURITI GRANDE, NA ZONA RURAL DO MUNIC\u00cdPIO DE COIVARAS-PI. &nbsp;LOCAL EM QUE OS INTERESSADOS PODER\u00c3O TER ACESSO AO TEXTO INTEGRAL DO EDITALAv. Presidente Kennedy, 280, S\u00e3o Crist\u00f3v\u00e3o, das 07h30min \u00e0s 13h30min, em Teresina \u2013 PI, CEP 64.052-335. DATA DE IN\u00cdCIO DE RECEBIMENTO DAS PROPOSTAS14\/04\/2026, \u00c0S 09:00 (hor\u00e1rio de Bras\u00edlia)DATA FIM DE RECEBIMENTO&hellip;<\/p>\n","category_list_v2":"","author_info_v2":{"name":"admin","url":"https:\/\/portal.pi.gov.br\/isbpi\/author\/admin\/"},"comments_num_v2":"0 coment\u00e1rio","_links":{"self":[{"href":"https:\/\/portal.pi.gov.br\/isbpi\/wp-json\/wp\/v2\/pages\/1132"}],"collection":[{"href":"https:\/\/portal.pi.gov.br\/isbpi\/wp-json\/wp\/v2\/pages"}],"about":[{"href":"https:\/\/portal.pi.gov.br\/isbpi\/wp-json\/wp\/v2\/types\/page"}],"author":[{"embeddable":true,"href":"https:\/\/portal.pi.gov.br\/isbpi\/wp-json\/wp\/v2\/users\/1"}],"replies":[{"embeddable":true,"href":"https:\/\/portal.pi.gov.br\/isbpi\/wp-json\/wp\/v2\/comments?post=1132"}],"version-history":[{"count":36,"href":"https:\/\/portal.pi.gov.br\/isbpi\/wp-json\/wp\/v2\/pages\/1132\/revisions"}],"predecessor-version":[{"id":2792,"href":"https:\/\/portal.pi.gov.br\/isbpi\/wp-json\/wp\/v2\/pages\/1132\/revisions\/2792"}],"wp:attachment":[{"href":"https:\/\/portal.pi.gov.br\/isbpi\/wp-json\/wp\/v2\/media?parent=1132"}],"curies":[{"name":"wp","href":"https:\/\/api.w.org\/{rel}","templated":true}]}}