{"id":1260,"date":"2025-03-14T12:54:31","date_gmt":"2025-03-14T15:54:31","guid":{"rendered":"https:\/\/portal.pi.gov.br\/iaepi\/?page_id=1260"},"modified":"2026-02-26T10:08:03","modified_gmt":"2026-02-26T13:08:03","slug":"gestao-consolidada","status":"publish","type":"page","link":"https:\/\/portal.pi.gov.br\/isbpi\/gestao-consolidada\/","title":{"rendered":"Gest\u00e3o Consolidada"},"content":{"rendered":"\n<p><strong>RELAT\u00d3RIO DO ANO DE 2025<\/strong><\/p>\n\n\n\n<div class=\"wp-block-file\"><object class=\"wp-block-file__embed\" data=\"https:\/\/portal.pi.gov.br\/isbpi\/wp-content\/uploads\/sites\/64\/2026\/02\/RELATORIO-GESTAO-2025-1-1.pdf\" type=\"application\/pdf\" style=\"width:100%;height:600px\" aria-label=\"Incorporado de RELATORIO-GESTAO-2025-1-1.\"><\/object><a id=\"wp-block-file--media-0d1addff-96ab-4d13-98f4-0985d53afd57\" href=\"https:\/\/portal.pi.gov.br\/isbpi\/wp-content\/uploads\/sites\/64\/2026\/02\/RELATORIO-GESTAO-2025-1-1.pdf\">RELATORIO-GESTAO-2025-1-1<\/a><a href=\"https:\/\/portal.pi.gov.br\/isbpi\/wp-content\/uploads\/sites\/64\/2026\/02\/RELATORIO-GESTAO-2025-1-1.pdf\" class=\"wp-block-file__button wp-element-button\" download aria-describedby=\"wp-block-file--media-0d1addff-96ab-4d13-98f4-0985d53afd57\">Baixar<\/a><\/div>\n\n\n\n<div class=\"wp-block-stackable-divider stk-block-divider stk-block stk-724891a is-style-bar\" data-block-id=\"724891a\"><style>.stk-724891a hr.stk-block-divider__hr{background:#0041a8 !important;border-radius:calc(10px \/ 2) !important;height:10px !important;width:90% !important}<\/style><hr class=\"stk-block-divider__hr\" \/><\/div>\n\n\n\n<p><strong><a href=\"https:\/\/portal.pi.gov.br\/isbpi\/gestao-consolidada-2024\/\">RELAT\u00d3RIO DE GEST\u00c3O CONSOLIDADA 2024<\/a><\/strong><\/p>\n\n\n\n<p><\/p>\n\n\n\n<p><a href=\"https:\/\/portal.pi.gov.br\/isbpi\/gestao-consolidada-2023\/\"><strong>RELAT\u00d3RIO DE GEST\u00c3O CONSOLIDADA 2023<\/strong><\/a><\/p>\n\n\n\n<p><\/p>\n\n\n\n<p><strong><a href=\"https:\/\/portal.pi.gov.br\/isbpi\/gestao-consolidada-2022\/\">RELAT\u00d3RIO DE GEST\u00c3O CONSOLIDADA 2022<\/a><\/strong><\/p>\n\n\n\n<p><\/p>\n","protected":false},"excerpt":{"rendered":"<p>RELAT\u00d3RIO DO ANO DE 2025 RELAT\u00d3RIO DE GEST\u00c3O CONSOLIDADA 2024 RELAT\u00d3RIO DE GEST\u00c3O CONSOLIDADA 2023 RELAT\u00d3RIO DE GEST\u00c3O CONSOLIDADA 2022<\/p>\n","protected":false},"author":1,"featured_media":0,"parent":0,"menu_order":0,"comment_status":"closed","ping_status":"closed","template":"template-fullwidth.php","meta":[],"featured_image_urls":{"full":"","thumbnail":"","medium":"","medium_large":"","large":"","sgg-420":"","sgg-540":"","sgg-780":"","1536x1536":"","2048x2048":"","homepage-slider":"","homepage-slider-small":"","page-top":"","page-small":"","loop-main":"","thumb-gallery-widget":""},"post_excerpt_stackable":"<p>RELAT\u00d3RIO DO ANO DE 2025 RELATORIO-GESTAO-2025-1-1Baixar RELAT\u00d3RIO DE GEST\u00c3O CONSOLIDADA 2024 RELAT\u00d3RIO DE GEST\u00c3O CONSOLIDADA 2023 RELAT\u00d3RIO DE GEST\u00c3O CONSOLIDADA 2022<\/p>\n","category_list":"","author_info":{"name":"admin","url":"https:\/\/portal.pi.gov.br\/isbpi\/author\/admin\/"},"comments_num":"0 coment\u00e1rio","featured_image_urls_v2":{"full":"","thumbnail":"","medium":"","medium_large":"","large":"","sgg-420":"","sgg-540":"","sgg-780":"","1536x1536":"","2048x2048":"","homepage-slider":"","homepage-slider-small":"","page-top":"","page-small":"","loop-main":"","thumb-gallery-widget":""},"post_excerpt_stackable_v2":"<p>RELAT\u00d3RIO DO ANO DE 2025 RELATORIO-GESTAO-2025-1-1Baixar RELAT\u00d3RIO DE GEST\u00c3O CONSOLIDADA 2024 RELAT\u00d3RIO DE GEST\u00c3O CONSOLIDADA 2023 RELAT\u00d3RIO DE GEST\u00c3O CONSOLIDADA 2022<\/p>\n","category_list_v2":"","author_info_v2":{"name":"admin","url":"https:\/\/portal.pi.gov.br\/isbpi\/author\/admin\/"},"comments_num_v2":"0 coment\u00e1rio","_links":{"self":[{"href":"https:\/\/portal.pi.gov.br\/isbpi\/wp-json\/wp\/v2\/pages\/1260"}],"collection":[{"href":"https:\/\/portal.pi.gov.br\/isbpi\/wp-json\/wp\/v2\/pages"}],"about":[{"href":"https:\/\/portal.pi.gov.br\/isbpi\/wp-json\/wp\/v2\/types\/page"}],"author":[{"embeddable":true,"href":"https:\/\/portal.pi.gov.br\/isbpi\/wp-json\/wp\/v2\/users\/1"}],"replies":[{"embeddable":true,"href":"https:\/\/portal.pi.gov.br\/isbpi\/wp-json\/wp\/v2\/comments?post=1260"}],"version-history":[{"count":17,"href":"https:\/\/portal.pi.gov.br\/isbpi\/wp-json\/wp\/v2\/pages\/1260\/revisions"}],"predecessor-version":[{"id":2636,"href":"https:\/\/portal.pi.gov.br\/isbpi\/wp-json\/wp\/v2\/pages\/1260\/revisions\/2636"}],"wp:attachment":[{"href":"https:\/\/portal.pi.gov.br\/isbpi\/wp-json\/wp\/v2\/media?parent=1260"}],"curies":[{"name":"wp","href":"https:\/\/api.w.org\/{rel}","templated":true}]}}