{"id":1552,"date":"2024-06-07T10:31:06","date_gmt":"2024-06-07T13:31:06","guid":{"rendered":"https:\/\/portal.pi.gov.br\/iaepi\/?page_id=1552"},"modified":"2025-02-24T09:31:39","modified_gmt":"2025-02-24T12:31:39","slug":"altos","status":"publish","type":"page","link":"https:\/\/portal.pi.gov.br\/isbpi\/agua\/altos\/","title":{"rendered":"Altos"},"content":{"rendered":"\n<p><strong>Sistema de Abastecimento d&#8217;\u00e1gua no munic\u00edpio de Altos, nas localidades Barreiros, Marac\u00e1, Pau-d&#8217;arco, S\u00e3o Joaquim, Tamburil e \u00c1gua-Boa, beneficiando 80 (oitenta) fam\u00edlias. Contrato 05\/2020.<\/strong><\/p>\n\n\n<div class=\"wp-block-image\">\n<figure class=\"aligncenter size-full\"><img decoding=\"async\" loading=\"lazy\" width=\"2560\" height=\"1644\" src=\"https:\/\/portal.pi.gov.br\/iaepi\/wp-content\/uploads\/sites\/64\/2024\/06\/FOTOS001-scaled.jpg\" alt=\"\" class=\"wp-image-1558\" srcset=\"https:\/\/portal.pi.gov.br\/isbpi\/wp-content\/uploads\/sites\/64\/2024\/06\/FOTOS001-scaled.jpg 2560w, https:\/\/portal.pi.gov.br\/isbpi\/wp-content\/uploads\/sites\/64\/2024\/06\/FOTOS001-300x193.jpg 300w, https:\/\/portal.pi.gov.br\/isbpi\/wp-content\/uploads\/sites\/64\/2024\/06\/FOTOS001-1024x658.jpg 1024w, https:\/\/portal.pi.gov.br\/isbpi\/wp-content\/uploads\/sites\/64\/2024\/06\/FOTOS001-768x493.jpg 768w, https:\/\/portal.pi.gov.br\/isbpi\/wp-content\/uploads\/sites\/64\/2024\/06\/FOTOS001-420x270.jpg 420w, https:\/\/portal.pi.gov.br\/isbpi\/wp-content\/uploads\/sites\/64\/2024\/06\/FOTOS001-540x347.jpg 540w, https:\/\/portal.pi.gov.br\/isbpi\/wp-content\/uploads\/sites\/64\/2024\/06\/FOTOS001-780x501.jpg 780w, https:\/\/portal.pi.gov.br\/isbpi\/wp-content\/uploads\/sites\/64\/2024\/06\/FOTOS001-1536x987.jpg 1536w, https:\/\/portal.pi.gov.br\/isbpi\/wp-content\/uploads\/sites\/64\/2024\/06\/FOTOS001-2048x1316.jpg 2048w, https:\/\/portal.pi.gov.br\/isbpi\/wp-content\/uploads\/sites\/64\/2024\/06\/FOTOS001-947x608.jpg 947w, https:\/\/portal.pi.gov.br\/isbpi\/wp-content\/uploads\/sites\/64\/2024\/06\/FOTOS001-624x401.jpg 624w\" sizes=\"(max-width: 2560px) 100vw, 2560px\" \/><\/figure><\/div>\n\n\n<p>FICHA T\u00c9CNICA DA OBRA:<\/p>\n\n\n\n<div class=\"wp-block-file\"><a id=\"wp-block-file--media-6d642909-c0d4-4506-a2f6-ddfe7be69894\" href=\"https:\/\/portal.pi.gov.br\/iaepi\/wp-content\/uploads\/sites\/64\/2024\/06\/FT-ALTOS.pdf\">FT-ALTOS<\/a><a href=\"https:\/\/portal.pi.gov.br\/iaepi\/wp-content\/uploads\/sites\/64\/2024\/06\/FT-ALTOS.pdf\" class=\"wp-block-file__button wp-element-button\" download aria-describedby=\"wp-block-file--media-6d642909-c0d4-4506-a2f6-ddfe7be69894\">Baixar<\/a><\/div>\n\n\n\n<div class=\"wp-block-stackable-divider stk-block-divider stk-block stk-5441e2e is-style-bar\" data-block-id=\"5441e2e\"><style>.stk-5441e2e hr.stk-block-divider__hr{background:#364f8f !important;border-radius:calc(5px \/ 2) !important;height:5px !important;width:100% !important}<\/style><hr class=\"stk-block-divider__hr\" \/><\/div>\n\n\n\n<p><a href=\"https:\/\/portal.pi.gov.br\/isbpi\/agua\/\">&lt; VOLTAR<\/a><\/p>\n\n\n\n<p><\/p>\n","protected":false},"excerpt":{"rendered":"<p>Sistema de Abastecimento d&#8217;\u00e1gua no munic\u00edpio de Altos, nas localidades Barreiros, Marac\u00e1, Pau-d&#8217;arco, S\u00e3o Joaquim, Tamburil e \u00c1gua-Boa, beneficiando 80 (oitenta) fam\u00edlias. Contrato 05\/2020. FICHA T\u00c9CNICA DA OBRA: &lt; VOLTAR<\/p>\n","protected":false},"author":1728,"featured_media":0,"parent":1499,"menu_order":0,"comment_status":"closed","ping_status":"closed","template":"","meta":[],"featured_image_urls":{"full":"","thumbnail":"","medium":"","medium_large":"","large":"","sgg-420":"","sgg-540":"","sgg-780":"","1536x1536":"","2048x2048":"","homepage-slider":"","homepage-slider-small":"","page-top":"","page-small":"","loop-main":"","thumb-gallery-widget":""},"post_excerpt_stackable":"<p>Sistema de Abastecimento d&#8217;\u00e1gua no munic\u00edpio de Altos, nas localidades Barreiros, Marac\u00e1, Pau-d&#8217;arco, S\u00e3o Joaquim, Tamburil e \u00c1gua-Boa, beneficiando 80 (oitenta) fam\u00edlias. Contrato 05\/2020. FICHA T\u00c9CNICA DA OBRA: FT-ALTOSBaixar &lt; VOLTAR<\/p>\n","category_list":"","author_info":{"name":"amenhotep","url":"https:\/\/portal.pi.gov.br\/isbpi\/author\/amenhotep\/"},"comments_num":"0 coment\u00e1rio","featured_image_urls_v2":{"full":"","thumbnail":"","medium":"","medium_large":"","large":"","sgg-420":"","sgg-540":"","sgg-780":"","1536x1536":"","2048x2048":"","homepage-slider":"","homepage-slider-small":"","page-top":"","page-small":"","loop-main":"","thumb-gallery-widget":""},"post_excerpt_stackable_v2":"<p>Sistema de Abastecimento d&#8217;\u00e1gua no munic\u00edpio de Altos, nas localidades Barreiros, Marac\u00e1, Pau-d&#8217;arco, S\u00e3o Joaquim, Tamburil e \u00c1gua-Boa, beneficiando 80 (oitenta) fam\u00edlias. Contrato 05\/2020. FICHA T\u00c9CNICA DA OBRA: FT-ALTOSBaixar &lt; VOLTAR<\/p>\n","category_list_v2":"","author_info_v2":{"name":"amenhotep","url":"https:\/\/portal.pi.gov.br\/isbpi\/author\/amenhotep\/"},"comments_num_v2":"0 coment\u00e1rio","_links":{"self":[{"href":"https:\/\/portal.pi.gov.br\/isbpi\/wp-json\/wp\/v2\/pages\/1552"}],"collection":[{"href":"https:\/\/portal.pi.gov.br\/isbpi\/wp-json\/wp\/v2\/pages"}],"about":[{"href":"https:\/\/portal.pi.gov.br\/isbpi\/wp-json\/wp\/v2\/types\/page"}],"author":[{"embeddable":true,"href":"https:\/\/portal.pi.gov.br\/isbpi\/wp-json\/wp\/v2\/users\/1728"}],"replies":[{"embeddable":true,"href":"https:\/\/portal.pi.gov.br\/isbpi\/wp-json\/wp\/v2\/comments?post=1552"}],"version-history":[{"count":6,"href":"https:\/\/portal.pi.gov.br\/isbpi\/wp-json\/wp\/v2\/pages\/1552\/revisions"}],"predecessor-version":[{"id":2060,"href":"https:\/\/portal.pi.gov.br\/isbpi\/wp-json\/wp\/v2\/pages\/1552\/revisions\/2060"}],"up":[{"embeddable":true,"href":"https:\/\/portal.pi.gov.br\/isbpi\/wp-json\/wp\/v2\/pages\/1499"}],"wp:attachment":[{"href":"https:\/\/portal.pi.gov.br\/isbpi\/wp-json\/wp\/v2\/media?parent=1552"}],"curies":[{"name":"wp","href":"https:\/\/api.w.org\/{rel}","templated":true}]}}