{"id":2631,"date":"2026-02-26T10:04:03","date_gmt":"2026-02-26T13:04:03","guid":{"rendered":"https:\/\/portal.pi.gov.br\/isbpi\/?page_id=2631"},"modified":"2026-02-26T10:05:03","modified_gmt":"2026-02-26T13:05:03","slug":"gestao-consolidada-2024","status":"publish","type":"page","link":"https:\/\/portal.pi.gov.br\/isbpi\/gestao-consolidada-2024\/","title":{"rendered":"Gest\u00e3o Consolidada 2024"},"content":{"rendered":"\n<p><strong>RELAT\u00d3RIO DO ANO DE 2024<\/strong><\/p>\n\n\n\n<div class=\"wp-block-file\"><object class=\"wp-block-file__embed\" data=\"https:\/\/portal.pi.gov.br\/isbpi\/wp-content\/uploads\/sites\/64\/2025\/03\/RELATORIO-GESTAO-ISBPI-2024.pdf\" type=\"application\/pdf\" style=\"width:100%;height:551px\" aria-label=\"Incorporado de RELATORIO-GESTAO-ISBPI-2024.\"><\/object><a id=\"wp-block-file--media-6fffe01f-c2ee-4825-8c6c-6d61e0fa9ae2\" href=\"https:\/\/portal.pi.gov.br\/isbpi\/wp-content\/uploads\/sites\/64\/2025\/03\/RELATORIO-GESTAO-ISBPI-2024.pdf\">RELATORIO-GESTAO-ISBPI-2024<\/a><a href=\"https:\/\/portal.pi.gov.br\/isbpi\/wp-content\/uploads\/sites\/64\/2025\/03\/RELATORIO-GESTAO-ISBPI-2024.pdf\" class=\"wp-block-file__button wp-element-button\" download aria-describedby=\"wp-block-file--media-6fffe01f-c2ee-4825-8c6c-6d61e0fa9ae2\">Baixar<\/a><\/div>\n\n\n\n<p><\/p>\n\n\n\n<div class=\"wp-block-stackable-divider stk-block-divider stk-block stk-724891a is-style-bar\" data-block-id=\"724891a\"><style>.stk-724891a hr.stk-block-divider__hr{background:#0041a8 !important;border-radius:calc(10px \/ 2) !important;height:10px !important;width:90% !important}<\/style><hr class=\"stk-block-divider__hr\" \/><\/div>\n\n\n\n<p><a href=\"https:\/\/portal.pi.gov.br\/isbpi\/gestao-consolidada-2023\/\"><strong>RELAT\u00d3RIO DE GEST\u00c3O CONSOLIDADA 2023<\/strong><\/a><\/p>\n\n\n\n<p><\/p>\n\n\n\n<p><strong><a href=\"https:\/\/portal.pi.gov.br\/isbpi\/gestao-consolidada-2022\/\">RELAT\u00d3RIO DE GEST\u00c3O CONSOLIDADA 2022<\/a><\/strong><\/p>\n\n\n\n<p><\/p>\n","protected":false},"excerpt":{"rendered":"<p>RELAT\u00d3RIO DO ANO DE 2024 RELAT\u00d3RIO DE GEST\u00c3O CONSOLIDADA 2023 RELAT\u00d3RIO DE GEST\u00c3O CONSOLIDADA 2022<\/p>\n","protected":false},"author":1728,"featured_media":0,"parent":0,"menu_order":0,"comment_status":"closed","ping_status":"closed","template":"","meta":[],"featured_image_urls":{"full":"","thumbnail":"","medium":"","medium_large":"","large":"","sgg-420":"","sgg-540":"","sgg-780":"","1536x1536":"","2048x2048":"","homepage-slider":"","homepage-slider-small":"","page-top":"","page-small":"","loop-main":"","thumb-gallery-widget":""},"post_excerpt_stackable":"<p>RELAT\u00d3RIO DO ANO DE 2024 RELATORIO-GESTAO-ISBPI-2024Baixar RELAT\u00d3RIO DE GEST\u00c3O CONSOLIDADA 2023 RELAT\u00d3RIO DE GEST\u00c3O CONSOLIDADA 2022<\/p>\n","category_list":"","author_info":{"name":"amenhotep","url":"https:\/\/portal.pi.gov.br\/isbpi\/author\/amenhotep\/"},"comments_num":"0 coment\u00e1rio","featured_image_urls_v2":{"full":"","thumbnail":"","medium":"","medium_large":"","large":"","sgg-420":"","sgg-540":"","sgg-780":"","1536x1536":"","2048x2048":"","homepage-slider":"","homepage-slider-small":"","page-top":"","page-small":"","loop-main":"","thumb-gallery-widget":""},"post_excerpt_stackable_v2":"<p>RELAT\u00d3RIO DO ANO DE 2024 RELATORIO-GESTAO-ISBPI-2024Baixar RELAT\u00d3RIO DE GEST\u00c3O CONSOLIDADA 2023 RELAT\u00d3RIO DE GEST\u00c3O CONSOLIDADA 2022<\/p>\n","category_list_v2":"","author_info_v2":{"name":"amenhotep","url":"https:\/\/portal.pi.gov.br\/isbpi\/author\/amenhotep\/"},"comments_num_v2":"0 coment\u00e1rio","_links":{"self":[{"href":"https:\/\/portal.pi.gov.br\/isbpi\/wp-json\/wp\/v2\/pages\/2631"}],"collection":[{"href":"https:\/\/portal.pi.gov.br\/isbpi\/wp-json\/wp\/v2\/pages"}],"about":[{"href":"https:\/\/portal.pi.gov.br\/isbpi\/wp-json\/wp\/v2\/types\/page"}],"author":[{"embeddable":true,"href":"https:\/\/portal.pi.gov.br\/isbpi\/wp-json\/wp\/v2\/users\/1728"}],"replies":[{"embeddable":true,"href":"https:\/\/portal.pi.gov.br\/isbpi\/wp-json\/wp\/v2\/comments?post=2631"}],"version-history":[{"count":2,"href":"https:\/\/portal.pi.gov.br\/isbpi\/wp-json\/wp\/v2\/pages\/2631\/revisions"}],"predecessor-version":[{"id":2633,"href":"https:\/\/portal.pi.gov.br\/isbpi\/wp-json\/wp\/v2\/pages\/2631\/revisions\/2633"}],"wp:attachment":[{"href":"https:\/\/portal.pi.gov.br\/isbpi\/wp-json\/wp\/v2\/media?parent=2631"}],"curies":[{"name":"wp","href":"https:\/\/api.w.org\/{rel}","templated":true}]}}