{"id":914,"date":"2024-07-12T12:04:25","date_gmt":"2024-07-12T15:04:25","guid":{"rendered":"https:\/\/portal.pi.gov.br\/iaepi\/?page_id=914"},"modified":"2024-07-12T12:04:26","modified_gmt":"2024-07-12T15:04:26","slug":"apresentacao","status":"publish","type":"page","link":"https:\/\/portal.pi.gov.br\/isbpi\/apresentacao\/","title":{"rendered":"Apresenta\u00e7\u00e3o"},"content":{"rendered":"\n<p><strong>O que \u00e9 o Instituto de Saneamento B\u00e1sico do Piau\u00ed<\/strong><\/p>\n\n\n\n<p>O Instituto de Saneamento B\u00e1sico do Piau\u00ed, autarquia estadual, vinculada \u00e0 Secretaria das Cidades, dotada de personalidade jur\u00eddica de direito p\u00fablico, com patrim\u00f4nio pr\u00f3prio, sede e foro na Capital do Estado, prazo de dura\u00e7\u00e3o indeterminado, com a finalidade de formular a pol\u00edtica de saneamento b\u00e1sico, assegurando a prote\u00e7\u00e3o da sa\u00fade da popula\u00e7\u00e3o e a salubridade do meio ambiente urbano e rural, executando e implantando os servi\u00e7os, a infraestrutura e as instala\u00e7\u00f5es operacionais.<\/p>\n\n\n\n<p>\u00c9 compet\u00eancia do Instituto:<\/p>\n\n\n\n<ol>\n<li>Promover a implementa\u00e7\u00e3o de planos, programas e projetos de investimento, estudos t\u00e9cnicos de interesse regional, compatibilizando-os com os interesses do Estado e dos munic\u00edpios integrantes dos territ\u00f3rios de desenvolvimento;<\/li>\n\n\n\n<li>Realizar a articula\u00e7\u00e3o entre institui\u00e7\u00f5es p\u00fablicas e privadas, nacionais e internacionais, objetivando a capta\u00e7\u00e3o de recursos de investimento ou financiamento para o desenvolvimento dos territ\u00f3rios;<\/li>\n\n\n\n<li>Ordenar o uso e a ocupa\u00e7\u00e3o do solo de modo a contribuir para o devido provimento das atividades ou servi\u00e7os cuja realiza\u00e7\u00e3o por parte de um Munic\u00edpio, isoladamente, seja invi\u00e1vel ou cause impacto nos outros Munic\u00edpios integrantes dos territ\u00f3rios;<\/li>\n\n\n\n<li>Induzir a forma\u00e7\u00e3o sustent\u00e1vel dos territ\u00f3rios, gerando uma melhor distribui\u00e7\u00e3o daoferta de bens e servi\u00e7os p\u00fablicos e privados;<\/li>\n\n\n\n<li>Desenvolver a infraestrutura e promover a diminui\u00e7\u00e3o das desigualdades entreterrit\u00f3rios;<\/li>\n\n\n\n<li>Formular e implementar solu\u00e7\u00f5es intermodais de mobilidade e acessibilidade, em parceria com os sistemas de transporte municipais, estadual e federal.<\/li>\n<\/ol>\n\n\n\n<p>O Diretor Geral, Dr. Magno Pires, exercer\u00e1 as fun\u00e7\u00f5es executivas do Instituto de Saneamento B\u00e1sico do Piau\u00ed, cabendo-lhe, nessa qualidade, o comando hier\u00e1rquico sobre o pessoal e o servi\u00e7o e, ainda:<\/p>\n\n\n\n<ol>\n<li>emitir pareceres quanto a projetos hidrossanit\u00e1rios de edifica\u00e7\u00f5es que exijam interface com o Instituto de Saneamento B\u00e1sico do Piau\u00ed;<\/li>\n\n\n\n<li>planejar a gest\u00e3o de recursos h\u00eddricos e do meio ambiente nas \u00e1reas de atua\u00e7\u00e3o do Instituto de Saneamento B\u00e1sico do Piau\u00ed, com o objetivo da preserva\u00e7\u00e3o e conserva\u00e7\u00e3o dos mesmos;<\/li>\n\n\n\n<li>gerenciar as pol\u00edticas de administra\u00e7\u00e3o de pessoal, recursos humanos, suprimento, transporte e servi\u00e7os gerais do Instituto de Saneamento B\u00e1sico do Piau\u00ed;<\/li>\n\n\n\n<li>promover e coordenar as atividades pertinentes ao sistema de documenta\u00e7\u00e3o e registro de protocolo do Instituto de Saneamento B\u00e1sico do Piau\u00ed, promovendo a autua\u00e7\u00e3o, tramita\u00e7\u00e3o e distribui\u00e7\u00e3o de documentos, em conformidade com os procedimentos t\u00e9cnicos de gest\u00e3o adotados pelo Estado do Piau\u00ed;<\/li>\n\n\n\n<li>adotar medidas que garantam a disponibilidade, promo\u00e7\u00e3o e a melhor utiliza\u00e7\u00e3o dos recursos financeiros com vistas aos planos de expans\u00e3o e funcionamento do Instituto de Saneamento B\u00e1sico do Piau\u00ed.<\/li>\n<\/ol>\n","protected":false},"excerpt":{"rendered":"<p>O que \u00e9 o Instituto de Saneamento B\u00e1sico do Piau\u00ed O Instituto de Saneamento B\u00e1sico do Piau\u00ed, autarquia estadual, vinculada \u00e0 Secretaria das Cidades, dotada de personalidade jur\u00eddica de direito [&hellip;]<\/p>\n","protected":false},"author":1,"featured_media":0,"parent":0,"menu_order":0,"comment_status":"closed","ping_status":"closed","template":"template-fullwidth.php","meta":[],"featured_image_urls":{"full":"","thumbnail":"","medium":"","medium_large":"","large":"","sgg-420":"","sgg-540":"","sgg-780":"","1536x1536":"","2048x2048":"","homepage-slider":"","homepage-slider-small":"","page-top":"","page-small":"","loop-main":"","thumb-gallery-widget":""},"post_excerpt_stackable":"<p>O que \u00e9 o Instituto de Saneamento B\u00e1sico do Piau\u00ed O Instituto de Saneamento B\u00e1sico do Piau\u00ed, autarquia estadual, vinculada \u00e0 Secretaria das Cidades, dotada de personalidade jur\u00eddica de direito p\u00fablico, com patrim\u00f4nio pr\u00f3prio, sede e foro na Capital do Estado, prazo de dura\u00e7\u00e3o indeterminado, com a finalidade de formular a pol\u00edtica de saneamento b\u00e1sico, assegurando a prote\u00e7\u00e3o da sa\u00fade da popula\u00e7\u00e3o e a salubridade do meio ambiente urbano e rural, executando e implantando os servi\u00e7os, a infraestrutura e as instala\u00e7\u00f5es operacionais. \u00c9 compet\u00eancia do Instituto: Promover a implementa\u00e7\u00e3o de planos, programas e projetos de investimento, estudos t\u00e9cnicos de interesse&hellip;<\/p>\n","category_list":"","author_info":{"name":"admin","url":"https:\/\/portal.pi.gov.br\/isbpi\/author\/admin\/"},"comments_num":"0 coment\u00e1rio","featured_image_urls_v2":{"full":"","thumbnail":"","medium":"","medium_large":"","large":"","sgg-420":"","sgg-540":"","sgg-780":"","1536x1536":"","2048x2048":"","homepage-slider":"","homepage-slider-small":"","page-top":"","page-small":"","loop-main":"","thumb-gallery-widget":""},"post_excerpt_stackable_v2":"<p>O que \u00e9 o Instituto de Saneamento B\u00e1sico do Piau\u00ed O Instituto de Saneamento B\u00e1sico do Piau\u00ed, autarquia estadual, vinculada \u00e0 Secretaria das Cidades, dotada de personalidade jur\u00eddica de direito p\u00fablico, com patrim\u00f4nio pr\u00f3prio, sede e foro na Capital do Estado, prazo de dura\u00e7\u00e3o indeterminado, com a finalidade de formular a pol\u00edtica de saneamento b\u00e1sico, assegurando a prote\u00e7\u00e3o da sa\u00fade da popula\u00e7\u00e3o e a salubridade do meio ambiente urbano e rural, executando e implantando os servi\u00e7os, a infraestrutura e as instala\u00e7\u00f5es operacionais. \u00c9 compet\u00eancia do Instituto: Promover a implementa\u00e7\u00e3o de planos, programas e projetos de investimento, estudos t\u00e9cnicos de interesse&hellip;<\/p>\n","category_list_v2":"","author_info_v2":{"name":"admin","url":"https:\/\/portal.pi.gov.br\/isbpi\/author\/admin\/"},"comments_num_v2":"0 coment\u00e1rio","_links":{"self":[{"href":"https:\/\/portal.pi.gov.br\/isbpi\/wp-json\/wp\/v2\/pages\/914"}],"collection":[{"href":"https:\/\/portal.pi.gov.br\/isbpi\/wp-json\/wp\/v2\/pages"}],"about":[{"href":"https:\/\/portal.pi.gov.br\/isbpi\/wp-json\/wp\/v2\/types\/page"}],"author":[{"embeddable":true,"href":"https:\/\/portal.pi.gov.br\/isbpi\/wp-json\/wp\/v2\/users\/1"}],"replies":[{"embeddable":true,"href":"https:\/\/portal.pi.gov.br\/isbpi\/wp-json\/wp\/v2\/comments?post=914"}],"version-history":[{"count":2,"href":"https:\/\/portal.pi.gov.br\/isbpi\/wp-json\/wp\/v2\/pages\/914\/revisions"}],"predecessor-version":[{"id":1737,"href":"https:\/\/portal.pi.gov.br\/isbpi\/wp-json\/wp\/v2\/pages\/914\/revisions\/1737"}],"wp:attachment":[{"href":"https:\/\/portal.pi.gov.br\/isbpi\/wp-json\/wp\/v2\/media?parent=914"}],"curies":[{"name":"wp","href":"https:\/\/api.w.org\/{rel}","templated":true}]}}