{"id":917,"date":"2023-03-13T12:12:09","date_gmt":"2023-03-13T15:12:09","guid":{"rendered":"https:\/\/portal.pi.gov.br\/iaepi\/?page_id=917"},"modified":"2023-04-04T12:20:54","modified_gmt":"2023-04-04T15:20:54","slug":"perfil-do-diretor-geral","status":"publish","type":"page","link":"https:\/\/portal.pi.gov.br\/isbpi\/perfil-do-diretor-geral\/","title":{"rendered":"Perfil do Diretor Geral"},"content":{"rendered":"\n<p>Dr. Magno Pires.<\/p>\n\n\n\n<p>Um Breve curr\u00edculo&#8230;<\/p>\n\n\n<div class=\"wp-block-image\">\n<figure class=\"alignright size-full\"><img decoding=\"async\" loading=\"lazy\" width=\"180\" height=\"180\" src=\"https:\/\/portal.pi.gov.br\/iaepi\/wp-content\/uploads\/sites\/64\/2023\/04\/magnopires.jpg\" alt=\"\" class=\"wp-image-984\" srcset=\"https:\/\/portal.pi.gov.br\/isbpi\/wp-content\/uploads\/sites\/64\/2023\/04\/magnopires.jpg 180w, https:\/\/portal.pi.gov.br\/isbpi\/wp-content\/uploads\/sites\/64\/2023\/04\/magnopires-150x150.jpg 150w\" sizes=\"(max-width: 180px) 100vw, 180px\" \/><\/figure><\/div>\n\n\n<p>Advogado, jornalista e escritor, nascido no munic\u00edpio de Batalha (PI), no dia 27-12-1942. Filho de Magno Pires Alves e Maria do Rego Lajes Alves. Bacharel em Direito pela tradicional Faculdade da Universidade de Pernambuco e em Administra\u00e7\u00e3o de Empresas pela Faculdade de Olinda. Foi membro do Servi\u00e7o Jur\u00eddico da Uni\u00e3o, servindo na Consultoria Jur\u00eddica do Minist\u00e9rio das Comunica\u00e7\u00f5es. Em 2017, foi Secret\u00e1rio Municipal de Desenvolvimento Econ\u00f4mico, Assist\u00eancia Social e do Trabalho \u2013 SEMDES de Timon \u2013 MA. Membro efetivo da Academia de Letras e Jornalismo do Estado do Piau\u00ed. Foi secret\u00e1rio de Administra\u00e7\u00e3o do Governo do Estado (1998). Jornalista e articulista nos principais jornais de Recife. Pertence \u00e0 Academia Piauiense de Letras e \u00e0 Academia de Letras do Vale do Long\u00e1. Atualmente \u00e9 Diretor Geral do Instituto de \u00c1guas do Piau\u00ed \u2013 IAEPI.<\/p>\n\n\n\n<p><strong>. Instaram do gestor:<\/strong> https:\/\/www.instagram.com\/magnopiresalvesfilho<br>.<strong> Facebook do gestor:<\/strong> https:\/\/www.facebook.com\/magnopiresalves<br><strong>. Twitter do gestor:<\/strong> https:\/\/twitter.com\/magnopiresalves<\/p>\n","protected":false},"excerpt":{"rendered":"<p>Dr. Magno Pires. Um Breve curr\u00edculo&#8230; Advogado, jornalista e escritor, nascido no munic\u00edpio de Batalha (PI), no dia 27-12-1942. Filho de Magno Pires Alves e Maria do Rego Lajes Alves. [&hellip;]<\/p>\n","protected":false},"author":1,"featured_media":0,"parent":0,"menu_order":0,"comment_status":"closed","ping_status":"closed","template":"template-fullwidth.php","meta":[],"featured_image_urls":{"full":"","thumbnail":"","medium":"","medium_large":"","large":"","sgg-420":"","sgg-540":"","sgg-780":"","1536x1536":"","2048x2048":"","homepage-slider":"","homepage-slider-small":"","page-top":"","page-small":"","loop-main":"","thumb-gallery-widget":""},"post_excerpt_stackable":"<p>Dr. Magno Pires. Um Breve curr\u00edculo&#8230; Advogado, jornalista e escritor, nascido no munic\u00edpio de Batalha (PI), no dia 27-12-1942. Filho de Magno Pires Alves e Maria do Rego Lajes Alves. Bacharel em Direito pela tradicional Faculdade da Universidade de Pernambuco e em Administra\u00e7\u00e3o de Empresas pela Faculdade de Olinda. Foi membro do Servi\u00e7o Jur\u00eddico da Uni\u00e3o, servindo na Consultoria Jur\u00eddica do Minist\u00e9rio das Comunica\u00e7\u00f5es. Em 2017, foi Secret\u00e1rio Municipal de Desenvolvimento Econ\u00f4mico, Assist\u00eancia Social e do Trabalho \u2013 SEMDES de Timon \u2013 MA. Membro efetivo da Academia de Letras e Jornalismo do Estado do Piau\u00ed. Foi secret\u00e1rio de Administra\u00e7\u00e3o do&hellip;<\/p>\n","category_list":"","author_info":{"name":"admin","url":"https:\/\/portal.pi.gov.br\/isbpi\/author\/admin\/"},"comments_num":"0 coment\u00e1rio","featured_image_urls_v2":{"full":"","thumbnail":"","medium":"","medium_large":"","large":"","sgg-420":"","sgg-540":"","sgg-780":"","1536x1536":"","2048x2048":"","homepage-slider":"","homepage-slider-small":"","page-top":"","page-small":"","loop-main":"","thumb-gallery-widget":""},"post_excerpt_stackable_v2":"<p>Dr. Magno Pires. Um Breve curr\u00edculo&#8230; Advogado, jornalista e escritor, nascido no munic\u00edpio de Batalha (PI), no dia 27-12-1942. Filho de Magno Pires Alves e Maria do Rego Lajes Alves. Bacharel em Direito pela tradicional Faculdade da Universidade de Pernambuco e em Administra\u00e7\u00e3o de Empresas pela Faculdade de Olinda. Foi membro do Servi\u00e7o Jur\u00eddico da Uni\u00e3o, servindo na Consultoria Jur\u00eddica do Minist\u00e9rio das Comunica\u00e7\u00f5es. Em 2017, foi Secret\u00e1rio Municipal de Desenvolvimento Econ\u00f4mico, Assist\u00eancia Social e do Trabalho \u2013 SEMDES de Timon \u2013 MA. Membro efetivo da Academia de Letras e Jornalismo do Estado do Piau\u00ed. Foi secret\u00e1rio de Administra\u00e7\u00e3o do&hellip;<\/p>\n","category_list_v2":"","author_info_v2":{"name":"admin","url":"https:\/\/portal.pi.gov.br\/isbpi\/author\/admin\/"},"comments_num_v2":"0 coment\u00e1rio","_links":{"self":[{"href":"https:\/\/portal.pi.gov.br\/isbpi\/wp-json\/wp\/v2\/pages\/917"}],"collection":[{"href":"https:\/\/portal.pi.gov.br\/isbpi\/wp-json\/wp\/v2\/pages"}],"about":[{"href":"https:\/\/portal.pi.gov.br\/isbpi\/wp-json\/wp\/v2\/types\/page"}],"author":[{"embeddable":true,"href":"https:\/\/portal.pi.gov.br\/isbpi\/wp-json\/wp\/v2\/users\/1"}],"replies":[{"embeddable":true,"href":"https:\/\/portal.pi.gov.br\/isbpi\/wp-json\/wp\/v2\/comments?post=917"}],"version-history":[{"count":2,"href":"https:\/\/portal.pi.gov.br\/isbpi\/wp-json\/wp\/v2\/pages\/917\/revisions"}],"predecessor-version":[{"id":985,"href":"https:\/\/portal.pi.gov.br\/isbpi\/wp-json\/wp\/v2\/pages\/917\/revisions\/985"}],"wp:attachment":[{"href":"https:\/\/portal.pi.gov.br\/isbpi\/wp-json\/wp\/v2\/media?parent=917"}],"curies":[{"name":"wp","href":"https:\/\/api.w.org\/{rel}","templated":true}]}}