{"id":1002,"date":"2022-02-08T09:33:11","date_gmt":"2022-02-08T12:33:11","guid":{"rendered":"https:\/\/portal.pi.gov.br\/jucepi\/?page_id=1002"},"modified":"2024-01-30T12:56:30","modified_gmt":"2024-01-30T15:56:30","slug":"atas-sessao-plenaria","status":"publish","type":"page","link":"https:\/\/portal.pi.gov.br\/jucepi\/atas-sessao-plenaria\/","title":{"rendered":"Atas Sess\u00e3o Plen\u00e1ria"},"content":{"rendered":"<script type=\"text\/x-handlebars-template\"        id=\"wpfd-template-table-categories-32\">    <div class=\"wpfd-categories\">{{#if category}}{{#with category}}{{#if parent}}<a class=\"catlink backcategory\" href=\"#\" data-idcat=\"{{parent}}\">                        <i class=\"zmdi zmdi-chevron-left\"><\/i><span>Voltar<\/span><\/a>{{\/if}}{{\/with}}{{\/if}}<\/div><\/script><script type=\"text\/x-handlebars-template\" id=\"wpfd-template-table-32\">    {{#if files}}    {{#each files}}    <tr class=\"file\" data-id=\"{{ID}}\" data-catid=\"{{catid}}\">    <td class=\"file_title\"><a class=\"wpfd_downloadlink\" href=\"{{linkdownload}}\" title=\"{{post_title}}\"><span class=\"extcol\">{{#if file_custom_icon}}<span class=\"icon-custom\"><img src=\"{{file_custom_icon}}\"><\/span>{{else}}<span class=\"ext ext-{{ext}}\"><\/span>{{\/if}}<\/span>{{{crop_title}}}<\/a><\/td><td class=\"file_size\">{{bytesToSize size}}<\/td><td class=\"file_created\">{{created}}<\/td>                    <td class=\"col-download\">                <a class=\"downloadlink wpfd_downloadlink\"  href=\"{{linkdownload}}\" style=\"background-color:#76bc58;color:#ffffff;\">Baixar<i class=\"zmdi zmdi-cloud-download wpfd-download\"><\/i><\/a>{{#if openpdflink}}<a class=\"openlink wpfdlightbox wpfd_previewlink\" href=\"{{openpdflink}}\" target=\"\">Visualizar                            <i class=\"zmdi zmdi-filter-center-focus wpfd-preview\"><\/i>                        <\/a>{{else}}{{#if viewerlink}}<a                            href=\"{{viewerlink}}\"                            class=\"openlink wpfdlightbox wpfd_previewlink\"                            target=\"\"                            data-id=\"{{ID}}\"                            data-catid=\"{{catid}}\"                            data-file-type=\"{{ext}}\">Visualizar<i class=\"zmdi zmdi-filter-center-focus wpfd-preview\"><\/i>                        <\/a>{{\/if}}{{\/if}}            <\/td>            <\/tr>    {{\/each}}    {{\/if}}<\/script><div class=\"wpfd-content wpfd-content-table wpfd-content-multi colstyle\" data-category=\"32\"><input type=\"hidden\" id=\"current_category_32\" value=\"32\" \/>                    <input type=\"hidden\" id=\"current_category_slug_32\" value=\"atas-sessao-plenaria\" \/>                    <input type=\"hidden\" id=\"current_ordering_32\" value=\"created_time\" \/>                    <input type=\"hidden\" id=\"current_ordering_direction_32\" value=\"desc\" \/><div class=\"wpfd-container\">        <div class=\"wpfd-open-tree\"><\/div>    <div class=\"wpfd-container-table \">        <div class=\"wpfd-categories\"><\/div>        <table class=\"wpfd-table wpfd-table-bordered wpfd-table-striped mediaTable\">            <thead>            <tr>                <th class=\"essential persist file_title\">T\u00edtulo<\/th><th class=\"optional file_size\">Tamanho<\/th><th class=\"optional file_created\">Data de Publica\u00e7\u00e3o<\/th><th class=\"essential file_download\">Baixar<\/th>            <\/tr>            <\/thead>            <tbody>                            <tr class=\"file\" data-id=\"3228\"                    data-catid=\"32\">                    <td class=\"file_title\"><a class=\"wpfd_downloadlink\" href=\"https:\/\/portal.pi.gov.br\/jucepi\/download\/32\/atas-sessao-plenaria\/3228\/atas-sessoes-plenarias-de-fevereiro-de-2026.pdf\" title=\"Atas  Sess\u00f5es Plen\u00e1rias de Fevereiro de 2026\"><span class=\"extcol\">                                <span class=\"ext ext-pdf\"><\/span>                                Atas  Sess\u00f5es Plen\u00e1rias de Fevereiro de 2026                            <\/span><\/a><\/td><td class=\"file_size\">196.90 KB<\/td><td class=\"file_created\">02-03-2026<\/td>                                            <td class=\"col-download\">                            <a class=\"downloadlink wpfd_downloadlink\"  href=\"https:\/\/portal.pi.gov.br\/jucepi\/download\/32\/atas-sessao-plenaria\/3228\/atas-sessoes-plenarias-de-fevereiro-de-2026.pdf\" style=\"background-color:#76bc58;color:#ffffff;\">Baixar<i class=\"zmdi zmdi-cloud-download wpfd-download\"><\/i><\/a><a                            href=\"https:\/\/docs.google.com\/viewer?url=https%3A%2F%2Fportal.pi.gov.br%2Fjucepi%2Fwp-admin%2Fadmin-ajax.php%3Fjuwpfisadmin%3Dfalse%26action%3Dwpfd%26task%3Dfile.download%26wpfd_category_id%3D32%26wpfd_file_id%3D3228%26token%3D%26preview%3D1&#038;embedded=true\"                            class=\"openlink wpfdlightbox wpfd_previewlink\"                            target=\"\"                            data-id=\"3228\"                            data-catid=\"32\"                            data-file-type=\"pdf\">Visualizar<i class=\"zmdi zmdi-filter-center-focus wpfd-preview\"><\/i>                        <\/a>                        <\/td>                                    <\/tr>                            <tr class=\"file\" data-id=\"3079\"                    data-catid=\"32\">                    <td class=\"file_title\"><a class=\"wpfd_downloadlink\" href=\"https:\/\/portal.pi.gov.br\/jucepi\/download\/32\/atas-sessao-plenaria\/3079\/atas-sessoes-plenarias-de-janeiro-de-2026.pdf\" title=\"Atas Sess\u00f5es Plen\u00e1rias de Janeiro de 2026\"><span class=\"extcol\">                                <span class=\"ext ext-pdf\"><\/span>                                Atas Sess\u00f5es Plen\u00e1rias de Janeiro de 2026                            <\/span><\/a><\/td><td class=\"file_size\">197.50 KB<\/td><td class=\"file_created\">27-01-2026<\/td>                                            <td class=\"col-download\">                            <a class=\"downloadlink wpfd_downloadlink\"  href=\"https:\/\/portal.pi.gov.br\/jucepi\/download\/32\/atas-sessao-plenaria\/3079\/atas-sessoes-plenarias-de-janeiro-de-2026.pdf\" style=\"background-color:#76bc58;color:#ffffff;\">Baixar<i class=\"zmdi zmdi-cloud-download wpfd-download\"><\/i><\/a><a                            href=\"https:\/\/docs.google.com\/viewer?url=https%3A%2F%2Fportal.pi.gov.br%2Fjucepi%2Fwp-admin%2Fadmin-ajax.php%3Fjuwpfisadmin%3Dfalse%26action%3Dwpfd%26task%3Dfile.download%26wpfd_category_id%3D32%26wpfd_file_id%3D3079%26token%3D%26preview%3D1&#038;embedded=true\"                            class=\"openlink wpfdlightbox wpfd_previewlink\"                            target=\"\"                            data-id=\"3079\"                            data-catid=\"32\"                            data-file-type=\"pdf\">Visualizar<i class=\"zmdi zmdi-filter-center-focus wpfd-preview\"><\/i>                        <\/a>                        <\/td>                                    <\/tr>                            <tr class=\"file\" data-id=\"3069\"                    data-catid=\"32\">                    <td class=\"file_title\"><a class=\"wpfd_downloadlink\" href=\"https:\/\/portal.pi.gov.br\/jucepi\/download\/32\/atas-sessao-plenaria\/3069\/atas-sessoes-plenarias-de-dezembro-de-2025.pdf\" title=\"Atas Sess\u00f5es Plen\u00e1rias de Dezembro de 2025\"><span class=\"extcol\">                                <span class=\"ext ext-pdf\"><\/span>                                Atas Sess\u00f5es Plen\u00e1rias de Dezembro de 2025                            <\/span><\/a><\/td><td class=\"file_size\">298.54 KB<\/td><td class=\"file_created\">27-01-2026<\/td>                                            <td class=\"col-download\">                            <a class=\"downloadlink wpfd_downloadlink\"  href=\"https:\/\/portal.pi.gov.br\/jucepi\/download\/32\/atas-sessao-plenaria\/3069\/atas-sessoes-plenarias-de-dezembro-de-2025.pdf\" style=\"background-color:#76bc58;color:#ffffff;\">Baixar<i class=\"zmdi zmdi-cloud-download wpfd-download\"><\/i><\/a><a                            href=\"https:\/\/docs.google.com\/viewer?url=https%3A%2F%2Fportal.pi.gov.br%2Fjucepi%2Fwp-admin%2Fadmin-ajax.php%3Fjuwpfisadmin%3Dfalse%26action%3Dwpfd%26task%3Dfile.download%26wpfd_category_id%3D32%26wpfd_file_id%3D3069%26token%3D%26preview%3D1&#038;embedded=true\"                            class=\"openlink wpfdlightbox wpfd_previewlink\"                            target=\"\"                            data-id=\"3069\"                            data-catid=\"32\"                            data-file-type=\"pdf\">Visualizar<i class=\"zmdi zmdi-filter-center-focus wpfd-preview\"><\/i>                        <\/a>                        <\/td>                                    <\/tr>                            <tr class=\"file\" data-id=\"2923\"                    data-catid=\"32\">                    <td class=\"file_title\"><a class=\"wpfd_downloadlink\" href=\"https:\/\/portal.pi.gov.br\/jucepi\/download\/32\/atas-sessao-plenaria\/2923\/atas-sessoes-plenarias-de-novembro-de-2025.pdf\" title=\"Atas Sess\u00f5es Plen\u00e1rias de Novembro de 2025\"><span class=\"extcol\">                                <span class=\"ext ext-pdf\"><\/span>                                Atas Sess\u00f5es Plen\u00e1rias de Novembro de 2025                            <\/span><\/a><\/td><td class=\"file_size\">245.53 KB<\/td><td class=\"file_created\">09-12-2025<\/td>                                            <td class=\"col-download\">                            <a class=\"downloadlink wpfd_downloadlink\"  href=\"https:\/\/portal.pi.gov.br\/jucepi\/download\/32\/atas-sessao-plenaria\/2923\/atas-sessoes-plenarias-de-novembro-de-2025.pdf\" style=\"background-color:#76bc58;color:#ffffff;\">Baixar<i class=\"zmdi zmdi-cloud-download wpfd-download\"><\/i><\/a><a                            href=\"https:\/\/docs.google.com\/viewer?url=https%3A%2F%2Fportal.pi.gov.br%2Fjucepi%2Fwp-admin%2Fadmin-ajax.php%3Fjuwpfisadmin%3Dfalse%26action%3Dwpfd%26task%3Dfile.download%26wpfd_category_id%3D32%26wpfd_file_id%3D2923%26token%3D%26preview%3D1&#038;embedded=true\"                            class=\"openlink wpfdlightbox wpfd_previewlink\"                            target=\"\"                            data-id=\"2923\"                            data-catid=\"32\"                            data-file-type=\"pdf\">Visualizar<i class=\"zmdi zmdi-filter-center-focus wpfd-preview\"><\/i>                        <\/a>                        <\/td>                                    <\/tr>                            <tr class=\"file\" data-id=\"2887\"                    data-catid=\"32\">                    <td class=\"file_title\"><a class=\"wpfd_downloadlink\" href=\"https:\/\/portal.pi.gov.br\/jucepi\/download\/32\/atas-sessao-plenaria\/2887\/atas-sessoes-plenarias-de-outubro-de-2025.pdf\" title=\"Atas Sess\u00f5es Plen\u00e1rias de Outubro de 2025\"><span class=\"extcol\">                                <span class=\"ext ext-pdf\"><\/span>                                Atas Sess\u00f5es Plen\u00e1rias de Outubro de 2025                            <\/span><\/a><\/td><td class=\"file_size\">197.15 KB<\/td><td class=\"file_created\">04-11-2025<\/td>                                            <td class=\"col-download\">                            <a class=\"downloadlink wpfd_downloadlink\"  href=\"https:\/\/portal.pi.gov.br\/jucepi\/download\/32\/atas-sessao-plenaria\/2887\/atas-sessoes-plenarias-de-outubro-de-2025.pdf\" style=\"background-color:#76bc58;color:#ffffff;\">Baixar<i class=\"zmdi zmdi-cloud-download wpfd-download\"><\/i><\/a><a                            href=\"https:\/\/docs.google.com\/viewer?url=https%3A%2F%2Fportal.pi.gov.br%2Fjucepi%2Fwp-admin%2Fadmin-ajax.php%3Fjuwpfisadmin%3Dfalse%26action%3Dwpfd%26task%3Dfile.download%26wpfd_category_id%3D32%26wpfd_file_id%3D2887%26token%3D%26preview%3D1&#038;embedded=true\"                            class=\"openlink wpfdlightbox wpfd_previewlink\"                            target=\"\"                            data-id=\"2887\"                            data-catid=\"32\"                            data-file-type=\"pdf\">Visualizar<i class=\"zmdi zmdi-filter-center-focus wpfd-preview\"><\/i>                        <\/a>                        <\/td>                                    <\/tr>                            <tr class=\"file\" data-id=\"2840\"                    data-catid=\"32\">                    <td class=\"file_title\"><a class=\"wpfd_downloadlink\" href=\"https:\/\/portal.pi.gov.br\/jucepi\/download\/32\/atas-sessao-plenaria\/2840\/atas-sessoes-plenarias-de-setembro-de-2025.pdf\" title=\"Atas Sess\u00f5es Plen\u00e1rias de Setembro de 2025\"><span class=\"extcol\">                                <span class=\"ext ext-pdf\"><\/span>                                Atas Sess\u00f5es Plen\u00e1rias de Setembro de 2025                            <\/span><\/a><\/td><td class=\"file_size\">248.53 KB<\/td><td class=\"file_created\">01-10-2025<\/td>                                            <td class=\"col-download\">                            <a class=\"downloadlink wpfd_downloadlink\"  href=\"https:\/\/portal.pi.gov.br\/jucepi\/download\/32\/atas-sessao-plenaria\/2840\/atas-sessoes-plenarias-de-setembro-de-2025.pdf\" style=\"background-color:#76bc58;color:#ffffff;\">Baixar<i class=\"zmdi zmdi-cloud-download wpfd-download\"><\/i><\/a><a                            href=\"https:\/\/docs.google.com\/viewer?url=https%3A%2F%2Fportal.pi.gov.br%2Fjucepi%2Fwp-admin%2Fadmin-ajax.php%3Fjuwpfisadmin%3Dfalse%26action%3Dwpfd%26task%3Dfile.download%26wpfd_category_id%3D32%26wpfd_file_id%3D2840%26token%3D%26preview%3D1&#038;embedded=true\"                            class=\"openlink wpfdlightbox wpfd_previewlink\"                            target=\"\"                            data-id=\"2840\"                            data-catid=\"32\"                            data-file-type=\"pdf\">Visualizar<i class=\"zmdi zmdi-filter-center-focus wpfd-preview\"><\/i>                        <\/a>                        <\/td>                                    <\/tr>                            <tr class=\"file\" data-id=\"2831\"                    data-catid=\"32\">                    <td class=\"file_title\"><a class=\"wpfd_downloadlink\" href=\"https:\/\/portal.pi.gov.br\/jucepi\/download\/32\/atas-sessao-plenaria\/2831\/atas-sessoes-plenarias-de-agosto-de-2025.pdf\" title=\"Atas Sess\u00f5es Plen\u00e1rias de Agosto de 2025\"><span class=\"extcol\">                                <span class=\"ext ext-pdf\"><\/span>                                Atas Sess\u00f5es Plen\u00e1rias de Agosto de 2025                            <\/span><\/a><\/td><td class=\"file_size\">197.81 KB<\/td><td class=\"file_created\">16-09-2025<\/td>                                            <td class=\"col-download\">                            <a class=\"downloadlink wpfd_downloadlink\"  href=\"https:\/\/portal.pi.gov.br\/jucepi\/download\/32\/atas-sessao-plenaria\/2831\/atas-sessoes-plenarias-de-agosto-de-2025.pdf\" style=\"background-color:#76bc58;color:#ffffff;\">Baixar<i class=\"zmdi zmdi-cloud-download wpfd-download\"><\/i><\/a><a                            href=\"https:\/\/docs.google.com\/viewer?url=https%3A%2F%2Fportal.pi.gov.br%2Fjucepi%2Fwp-admin%2Fadmin-ajax.php%3Fjuwpfisadmin%3Dfalse%26action%3Dwpfd%26task%3Dfile.download%26wpfd_category_id%3D32%26wpfd_file_id%3D2831%26token%3D%26preview%3D1&#038;embedded=true\"                            class=\"openlink wpfdlightbox wpfd_previewlink\"                            target=\"\"                            data-id=\"2831\"                            data-catid=\"32\"                            data-file-type=\"pdf\">Visualizar<i class=\"zmdi zmdi-filter-center-focus wpfd-preview\"><\/i>                        <\/a>                        <\/td>                                    <\/tr>                            <tr class=\"file\" data-id=\"2776\"                    data-catid=\"32\">                    <td class=\"file_title\"><a class=\"wpfd_downloadlink\" href=\"https:\/\/portal.pi.gov.br\/jucepi\/download\/32\/atas-sessao-plenaria\/2776\/atas-sessoes-plenarias-de-julho-de-2025.pdf\" title=\"Atas  Sess\u00f5es Plen\u00e1rias de Julho de 2025\"><span class=\"extcol\">                                <span class=\"ext ext-pdf\"><\/span>                                Atas  Sess\u00f5es Plen\u00e1rias de Julho de 2025                            <\/span><\/a><\/td><td class=\"file_size\">193.41 KB<\/td><td class=\"file_created\">29-07-2025<\/td>                                            <td class=\"col-download\">                            <a class=\"downloadlink wpfd_downloadlink\"  href=\"https:\/\/portal.pi.gov.br\/jucepi\/download\/32\/atas-sessao-plenaria\/2776\/atas-sessoes-plenarias-de-julho-de-2025.pdf\" style=\"background-color:#76bc58;color:#ffffff;\">Baixar<i class=\"zmdi zmdi-cloud-download wpfd-download\"><\/i><\/a><a                            href=\"https:\/\/docs.google.com\/viewer?url=https%3A%2F%2Fportal.pi.gov.br%2Fjucepi%2Fwp-admin%2Fadmin-ajax.php%3Fjuwpfisadmin%3Dfalse%26action%3Dwpfd%26task%3Dfile.download%26wpfd_category_id%3D32%26wpfd_file_id%3D2776%26token%3D%26preview%3D1&#038;embedded=true\"                            class=\"openlink wpfdlightbox wpfd_previewlink\"                            target=\"\"                            data-id=\"2776\"                            data-catid=\"32\"                            data-file-type=\"pdf\">Visualizar<i class=\"zmdi zmdi-filter-center-focus wpfd-preview\"><\/i>                        <\/a>                        <\/td>                                    <\/tr>                            <tr class=\"file\" data-id=\"2735\"                    data-catid=\"32\">                    <td class=\"file_title\"><a class=\"wpfd_downloadlink\" href=\"https:\/\/portal.pi.gov.br\/jucepi\/download\/32\/atas-sessao-plenaria\/2735\/atas-sessoes-plenarias-de-junho-de-2025.pdf\" title=\"Atas Sess\u00f5es Plen\u00e1rias de Junho de 2025\"><span class=\"extcol\">                                <span class=\"ext ext-pdf\"><\/span>                                Atas Sess\u00f5es Plen\u00e1rias de Junho de 2025                            <\/span><\/a><\/td><td class=\"file_size\">584.64 KB<\/td><td class=\"file_created\">01-07-2025<\/td>                                            <td class=\"col-download\">                            <a class=\"downloadlink wpfd_downloadlink\"  href=\"https:\/\/portal.pi.gov.br\/jucepi\/download\/32\/atas-sessao-plenaria\/2735\/atas-sessoes-plenarias-de-junho-de-2025.pdf\" style=\"background-color:#76bc58;color:#ffffff;\">Baixar<i class=\"zmdi zmdi-cloud-download wpfd-download\"><\/i><\/a><a                            href=\"https:\/\/docs.google.com\/viewer?url=https%3A%2F%2Fportal.pi.gov.br%2Fjucepi%2Fwp-admin%2Fadmin-ajax.php%3Fjuwpfisadmin%3Dfalse%26action%3Dwpfd%26task%3Dfile.download%26wpfd_category_id%3D32%26wpfd_file_id%3D2735%26token%3D%26preview%3D1&#038;embedded=true\"                            class=\"openlink wpfdlightbox wpfd_previewlink\"                            target=\"\"                            data-id=\"2735\"                            data-catid=\"32\"                            data-file-type=\"pdf\">Visualizar<i class=\"zmdi zmdi-filter-center-focus wpfd-preview\"><\/i>                        <\/a>                        <\/td>                                    <\/tr>                            <tr class=\"file\" data-id=\"2582\"                    data-catid=\"32\">                    <td class=\"file_title\"><a class=\"wpfd_downloadlink\" href=\"https:\/\/portal.pi.gov.br\/jucepi\/download\/32\/atas-sessao-plenaria\/2582\/atas-sessoes-plenarias-de-marco-de-2025.pdf\" title=\"Atas Sess\u00f5es Plen\u00e1rias de Mar\u00e7o de 2025\"><span class=\"extcol\">                                <span class=\"ext ext-pdf\"><\/span>                                Atas Sess\u00f5es Plen\u00e1rias de Mar\u00e7o de 2025                            <\/span><\/a><\/td><td class=\"file_size\">1.08 MB<\/td><td class=\"file_created\">31-03-2025<\/td>                                            <td class=\"col-download\">                            <a class=\"downloadlink wpfd_downloadlink\"  href=\"https:\/\/portal.pi.gov.br\/jucepi\/download\/32\/atas-sessao-plenaria\/2582\/atas-sessoes-plenarias-de-marco-de-2025.pdf\" style=\"background-color:#76bc58;color:#ffffff;\">Baixar<i class=\"zmdi zmdi-cloud-download wpfd-download\"><\/i><\/a><a                            href=\"https:\/\/docs.google.com\/viewer?url=https%3A%2F%2Fportal.pi.gov.br%2Fjucepi%2Fwp-admin%2Fadmin-ajax.php%3Fjuwpfisadmin%3Dfalse%26action%3Dwpfd%26task%3Dfile.download%26wpfd_category_id%3D32%26wpfd_file_id%3D2582%26token%3D%26preview%3D1&#038;embedded=true\"                            class=\"openlink wpfdlightbox wpfd_previewlink\"                            target=\"\"                            data-id=\"2582\"                            data-catid=\"32\"                            data-file-type=\"pdf\">Visualizar<i class=\"zmdi zmdi-filter-center-focus wpfd-preview\"><\/i>                        <\/a>                        <\/td>                                    <\/tr>                        <\/tbody>        <\/table>            <\/div><\/div><\/div><div class='wpfd-pagination'>\n\t<span class='page-numbers current'>1<\/span>\n<a class='page-numbers' data-page='2' data-sourcecat='32'>2<\/a>\n<a class='page-numbers' data-page='3' data-sourcecat='32'>3<\/a>\n<a class='page-numbers' data-page='4' data-sourcecat='32'>4<\/a>\n<a class='next page-numbers' data-page='2' data-sourcecat='32'>Pr\u00f3ximo &raquo;<\/a>\n<\/div>\n\n\n\n\n<p><\/p>\n","protected":false},"excerpt":{"rendered":"","protected":false},"author":1,"featured_media":0,"parent":0,"menu_order":0,"comment_status":"closed","ping_status":"closed","template":"template-fullwidth.php","meta":[],"featured_image_urls":{"full":"","thumbnail":"","medium":"","medium_large":"","large":"","sgg-420":"","sgg-540":"","sgg-780":"","1536x1536":"","2048x2048":"","homepage-slider":"","homepage-slider-small":"","page-top":"","page-small":"","loop-main":"","thumb-gallery-widget":""},"post_excerpt_stackable":"<p>T\u00edtuloTamanhoData de Publica\u00e7\u00e3oBaixar Atas Sess\u00f5es Plen\u00e1rias de Fevereiro de 2026 196.90 KB02-03-2026 BaixarVisualizar Atas Sess\u00f5es Plen\u00e1rias de Janeiro de 2026 197.50 KB27-01-2026 BaixarVisualizar Atas Sess\u00f5es Plen\u00e1rias de Dezembro de 2025 298.54 KB27-01-2026 BaixarVisualizar Atas Sess\u00f5es Plen\u00e1rias de Novembro de 2025 245.53 KB09-12-2025 BaixarVisualizar Atas Sess\u00f5es Plen\u00e1rias de Outubro de 2025 197.15 KB04-11-2025 BaixarVisualizar Atas Sess\u00f5es Plen\u00e1rias de Setembro de 2025 248.53 KB01-10-2025 BaixarVisualizar Atas Sess\u00f5es Plen\u00e1rias de Agosto de 2025 197.81 KB16-09-2025 BaixarVisualizar Atas Sess\u00f5es Plen\u00e1rias de Julho de 2025 193.41 KB29-07-2025 BaixarVisualizar Atas Sess\u00f5es Plen\u00e1rias de Junho de 2025 584.64 KB01-07-2025 BaixarVisualizar Atas Sess\u00f5es Plen\u00e1rias de Mar\u00e7o de 2025&hellip;<\/p>\n","category_list":"","author_info":{"name":"admin","url":"https:\/\/portal.pi.gov.br\/jucepi\/author\/admin\/"},"comments_num":"0 coment\u00e1rio","featured_image_urls_v2":{"full":"","thumbnail":"","medium":"","medium_large":"","large":"","sgg-420":"","sgg-540":"","sgg-780":"","1536x1536":"","2048x2048":"","homepage-slider":"","homepage-slider-small":"","page-top":"","page-small":"","loop-main":"","thumb-gallery-widget":""},"post_excerpt_stackable_v2":"<p>T\u00edtuloTamanhoData de Publica\u00e7\u00e3oBaixar Atas Sess\u00f5es Plen\u00e1rias de Fevereiro de 2026 196.90 KB02-03-2026 BaixarVisualizar Atas Sess\u00f5es Plen\u00e1rias de Janeiro de 2026 197.50 KB27-01-2026 BaixarVisualizar Atas Sess\u00f5es Plen\u00e1rias de Dezembro de 2025 298.54 KB27-01-2026 BaixarVisualizar Atas Sess\u00f5es Plen\u00e1rias de Novembro de 2025 245.53 KB09-12-2025 BaixarVisualizar Atas Sess\u00f5es Plen\u00e1rias de Outubro de 2025 197.15 KB04-11-2025 BaixarVisualizar Atas Sess\u00f5es Plen\u00e1rias de Setembro de 2025 248.53 KB01-10-2025 BaixarVisualizar Atas Sess\u00f5es Plen\u00e1rias de Agosto de 2025 197.81 KB16-09-2025 BaixarVisualizar Atas Sess\u00f5es Plen\u00e1rias de Julho de 2025 193.41 KB29-07-2025 BaixarVisualizar Atas Sess\u00f5es Plen\u00e1rias de Junho de 2025 584.64 KB01-07-2025 BaixarVisualizar Atas Sess\u00f5es Plen\u00e1rias de Mar\u00e7o de 2025&hellip;<\/p>\n","category_list_v2":"","author_info_v2":{"name":"admin","url":"https:\/\/portal.pi.gov.br\/jucepi\/author\/admin\/"},"comments_num_v2":"0 coment\u00e1rio","_links":{"self":[{"href":"https:\/\/portal.pi.gov.br\/jucepi\/wp-json\/wp\/v2\/pages\/1002"}],"collection":[{"href":"https:\/\/portal.pi.gov.br\/jucepi\/wp-json\/wp\/v2\/pages"}],"about":[{"href":"https:\/\/portal.pi.gov.br\/jucepi\/wp-json\/wp\/v2\/types\/page"}],"author":[{"embeddable":true,"href":"https:\/\/portal.pi.gov.br\/jucepi\/wp-json\/wp\/v2\/users\/1"}],"replies":[{"embeddable":true,"href":"https:\/\/portal.pi.gov.br\/jucepi\/wp-json\/wp\/v2\/comments?post=1002"}],"version-history":[{"count":5,"href":"https:\/\/portal.pi.gov.br\/jucepi\/wp-json\/wp\/v2\/pages\/1002\/revisions"}],"predecessor-version":[{"id":1983,"href":"https:\/\/portal.pi.gov.br\/jucepi\/wp-json\/wp\/v2\/pages\/1002\/revisions\/1983"}],"wp:attachment":[{"href":"https:\/\/portal.pi.gov.br\/jucepi\/wp-json\/wp\/v2\/media?parent=1002"}],"curies":[{"name":"wp","href":"https:\/\/api.w.org\/{rel}","templated":true}]}}