{"id":1039,"date":"2023-02-01T09:09:54","date_gmt":"2023-02-01T12:09:54","guid":{"rendered":"https:\/\/portal.pi.gov.br\/jucepi\/?page_id=1039"},"modified":"2025-11-06T10:58:53","modified_gmt":"2025-11-06T13:58:53","slug":"quem-somos","status":"publish","type":"page","link":"https:\/\/portal.pi.gov.br\/jucepi\/quem-somos\/","title":{"rendered":"Quem somos"},"content":{"rendered":"\n<p><strong>Presidente:<\/strong><\/p>\n\n\n\n<p>Maria Alzenir Porto da Costa<\/p>\n\n\n<div class=\"wp-block-image\">\n<figure class=\"alignleft size-medium\"><img decoding=\"async\" loading=\"lazy\" width=\"300\" height=\"200\" src=\"https:\/\/portal.pi.gov.br\/jucepi\/wp-content\/uploads\/sites\/47\/2023\/03\/AZ-1-1-300x200.jpeg\" alt=\"\" class=\"wp-image-1324\" srcset=\"https:\/\/portal.pi.gov.br\/jucepi\/wp-content\/uploads\/sites\/47\/2023\/03\/AZ-1-1-300x200.jpeg 300w, https:\/\/portal.pi.gov.br\/jucepi\/wp-content\/uploads\/sites\/47\/2023\/03\/AZ-1-1-768x512.jpeg 768w, https:\/\/portal.pi.gov.br\/jucepi\/wp-content\/uploads\/sites\/47\/2023\/03\/AZ-1-1-420x280.jpeg 420w, https:\/\/portal.pi.gov.br\/jucepi\/wp-content\/uploads\/sites\/47\/2023\/03\/AZ-1-1-540x360.jpeg 540w, https:\/\/portal.pi.gov.br\/jucepi\/wp-content\/uploads\/sites\/47\/2023\/03\/AZ-1-1-780x520.jpeg 780w, https:\/\/portal.pi.gov.br\/jucepi\/wp-content\/uploads\/sites\/47\/2023\/03\/AZ-1-1-947x632.jpeg 947w, https:\/\/portal.pi.gov.br\/jucepi\/wp-content\/uploads\/sites\/47\/2023\/03\/AZ-1-1-624x416.jpeg 624w, https:\/\/portal.pi.gov.br\/jucepi\/wp-content\/uploads\/sites\/47\/2023\/03\/AZ-1-1-84x56.jpeg 84w, https:\/\/portal.pi.gov.br\/jucepi\/wp-content\/uploads\/sites\/47\/2023\/03\/AZ-1-1.jpeg 1024w\" sizes=\"(max-width: 300px) 100vw, 300px\" \/><figcaption class=\"wp-element-caption\">Alzenir Porto<\/figcaption><\/figure><\/div>\n\n\n<p class=\"has-text-align-left\">\u00c9 natural de Santa Quit\u00e9ria do Maranh\u00e3o (MA), empres\u00e1ria no ramo de servi\u00e7os e advogada. Foi chefe da Superintend\u00eancia de Transportes e Tr\u00e2nsito de Teresina (Strans) na gest\u00e3o do ex-prefeito Elmano F\u00e9rrer, de quem foi 2\u00aa suplente no Senado Federal no mandato de 2015 a 2022.<\/p>\n\n\n\n<p>Em 2015, assumiu a presid\u00eancia da Junta Comercial, sendo a primeira mulher a assumir o cargo em 130 anos da institui\u00e7\u00e3o. Foi presidente da Federa\u00e7\u00e3o Nacional das Juntas Comerciais (Fenaju) no per\u00edodo de 2021 a 2023 e vice-presidente de 2019 a 2021. <\/p>\n\n\n\n<p>No ano de 2023, Alzenir Porto foi reconduzida \u00e0 presid\u00eancia da Jucepi para mais quatro anos de gest\u00e3o. E foi eleita diretora administrativa-financeira da Fenaju para o per\u00edodo 2023\/2024.<\/p>\n\n\n\n<p>Alzenir participa do Comit\u00ea para Gest\u00e3o da Rede Nacional para Simplifica\u00e7\u00e3o do Registro e da Legaliza\u00e7\u00e3o de Empresas e Neg\u00f3cios (CGSIM); da C\u00e2mara Brasileira das Mulheres Empreendedores do Com\u00e9rcio da Confedera\u00e7\u00e3o Nacional do Com\u00e9rcio. \u00c9 conselheira da Federa\u00e7\u00e3o do Com\u00e9rcio de Bens, Servi\u00e7os e Turismo do Estado do Piau\u00ed (Fecom\u00e9rcio PI) e do Conselho de Transforma\u00e7\u00e3o Digital do Governo do Piau\u00ed.<\/p>\n\n\n\n<p><strong>Vice-presidente:<\/strong><\/p>\n\n\n\n<p>Thania Maria Linhares Baldoino<\/p>\n\n\n\n<p><strong>Secret\u00e1ria-geral:<\/strong><\/p>\n\n\n\n<p>Maria Gelzuita de Souza Leandro Melo<\/p>\n\n\n\n<p><strong>Diretora de Registro Empresarial:<\/strong><\/p>\n\n\n\n<p>Simone Gr\u00e1ss Senise<\/p>\n\n\n\n<p><strong>Diretor Financeiro:<\/strong><\/p>\n\n\n\n<p>Henrique Douglas de Azevedo Monteiro<\/p>\n\n\n\n<p><strong>Diretora Administrativa:<\/strong><\/p>\n\n\n\n<p>Andrea Mariana de Moura Lira<\/p>\n\n\n\n<p><strong>Procuradora:<\/strong><\/p>\n\n\n\n<p>Shirley F. Costa de Mendon\u00e7a<\/p>\n","protected":false},"excerpt":{"rendered":"<p>Presidente: Maria Alzenir Porto da Costa \u00c9 natural de Santa Quit\u00e9ria do Maranh\u00e3o (MA), empres\u00e1ria no ramo de servi\u00e7os e advogada. Foi chefe da Superintend\u00eancia de Transportes e Tr\u00e2nsito de [&hellip;]<\/p>\n","protected":false},"author":1711,"featured_media":0,"parent":0,"menu_order":0,"comment_status":"closed","ping_status":"closed","template":"","meta":[],"featured_image_urls":{"full":"","thumbnail":"","medium":"","medium_large":"","large":"","sgg-420":"","sgg-540":"","sgg-780":"","1536x1536":"","2048x2048":"","homepage-slider":"","homepage-slider-small":"","page-top":"","page-small":"","loop-main":"","thumb-gallery-widget":""},"post_excerpt_stackable":"<p>Presidente: Maria Alzenir Porto da Costa Alzenir Porto \u00c9 natural de Santa Quit\u00e9ria do Maranh\u00e3o (MA), empres\u00e1ria no ramo de servi\u00e7os e advogada. Foi chefe da Superintend\u00eancia de Transportes e Tr\u00e2nsito de Teresina (Strans) na gest\u00e3o do ex-prefeito Elmano F\u00e9rrer, de quem foi 2\u00aa suplente no Senado Federal no mandato de 2015 a 2022. Em 2015, assumiu a presid\u00eancia da Junta Comercial, sendo a primeira mulher a assumir o cargo em 130 anos da institui\u00e7\u00e3o. Foi presidente da Federa\u00e7\u00e3o Nacional das Juntas Comerciais (Fenaju) no per\u00edodo de 2021 a 2023 e vice-presidente de 2019 a 2021. No ano de 2023,&hellip;<\/p>\n","category_list":"","author_info":{"name":"marcosoliv","url":"https:\/\/portal.pi.gov.br\/jucepi\/author\/marcosoliv\/"},"comments_num":"0 coment\u00e1rio","featured_image_urls_v2":{"full":"","thumbnail":"","medium":"","medium_large":"","large":"","sgg-420":"","sgg-540":"","sgg-780":"","1536x1536":"","2048x2048":"","homepage-slider":"","homepage-slider-small":"","page-top":"","page-small":"","loop-main":"","thumb-gallery-widget":""},"post_excerpt_stackable_v2":"<p>Presidente: Maria Alzenir Porto da Costa Alzenir Porto \u00c9 natural de Santa Quit\u00e9ria do Maranh\u00e3o (MA), empres\u00e1ria no ramo de servi\u00e7os e advogada. Foi chefe da Superintend\u00eancia de Transportes e Tr\u00e2nsito de Teresina (Strans) na gest\u00e3o do ex-prefeito Elmano F\u00e9rrer, de quem foi 2\u00aa suplente no Senado Federal no mandato de 2015 a 2022. Em 2015, assumiu a presid\u00eancia da Junta Comercial, sendo a primeira mulher a assumir o cargo em 130 anos da institui\u00e7\u00e3o. Foi presidente da Federa\u00e7\u00e3o Nacional das Juntas Comerciais (Fenaju) no per\u00edodo de 2021 a 2023 e vice-presidente de 2019 a 2021. No ano de 2023,&hellip;<\/p>\n","category_list_v2":"","author_info_v2":{"name":"marcosoliv","url":"https:\/\/portal.pi.gov.br\/jucepi\/author\/marcosoliv\/"},"comments_num_v2":"0 coment\u00e1rio","_links":{"self":[{"href":"https:\/\/portal.pi.gov.br\/jucepi\/wp-json\/wp\/v2\/pages\/1039"}],"collection":[{"href":"https:\/\/portal.pi.gov.br\/jucepi\/wp-json\/wp\/v2\/pages"}],"about":[{"href":"https:\/\/portal.pi.gov.br\/jucepi\/wp-json\/wp\/v2\/types\/page"}],"author":[{"embeddable":true,"href":"https:\/\/portal.pi.gov.br\/jucepi\/wp-json\/wp\/v2\/users\/1711"}],"replies":[{"embeddable":true,"href":"https:\/\/portal.pi.gov.br\/jucepi\/wp-json\/wp\/v2\/comments?post=1039"}],"version-history":[{"count":15,"href":"https:\/\/portal.pi.gov.br\/jucepi\/wp-json\/wp\/v2\/pages\/1039\/revisions"}],"predecessor-version":[{"id":2893,"href":"https:\/\/portal.pi.gov.br\/jucepi\/wp-json\/wp\/v2\/pages\/1039\/revisions\/2893"}],"wp:attachment":[{"href":"https:\/\/portal.pi.gov.br\/jucepi\/wp-json\/wp\/v2\/media?parent=1039"}],"curies":[{"name":"wp","href":"https:\/\/api.w.org\/{rel}","templated":true}]}}