{"id":1041,"date":"2023-02-01T09:11:03","date_gmt":"2023-02-01T12:11:03","guid":{"rendered":"https:\/\/portal.pi.gov.br\/jucepi\/?page_id=1041"},"modified":"2024-01-31T11:17:20","modified_gmt":"2024-01-31T14:17:20","slug":"endereco-e-horario-de-atendimento","status":"publish","type":"page","link":"https:\/\/portal.pi.gov.br\/jucepi\/endereco-e-horario-de-atendimento\/","title":{"rendered":"Endere\u00e7o e hor\u00e1rio de atendimento"},"content":{"rendered":"\n<p><strong>Jucepi &#8211; Sede<\/strong><\/p>\n\n\n\n<p>Endere\u00e7o: Rua General Os\u00f3rio, 3002 &#8211; Cabral, Teresina\/PI CEP: 64000-580<\/p>\n\n\n\n<p>Telefones: (86) 3230-8800\/ 3230-8810\/ 98845-8745<\/p>\n\n\n\n<p>Hor\u00e1rio de atendimento: 07h30 \u00e0s 13h30.<\/p>\n\n\n\n<p><strong>Unidades de atendimento \u2013 interior<\/strong><\/p>\n\n\n\n<p><strong>\u00c1gua Branca<\/strong><\/p>\n\n\n\n<p>Endere\u00e7o: Sala da Cidadania. Rua Adalberto Santana, 444, Centro. \u00c1gua Branca-PI, CEP: 64.460-000. Hor\u00e1rio de atendimento: 07h30 \u00e0s 13h30.<\/p>\n\n\n\n<p><strong>Barras<\/strong><\/p>\n\n\n\n<p>Endere\u00e7o: Sala da Cidadania. Rua Taumaturgo de Azevedo, S\/N, centro. Barras-PI, CEP: 64.100.000. Hor\u00e1rio de atendimento: 07h30 \u00e0s 13h30.<\/p>\n\n\n\n<p><strong>Bom Jesus<\/strong><\/p>\n\n\n\n<p>Endere\u00e7o: Espa\u00e7o da Cidadania. Avenida Josu\u00e9 Parente, N\u00b0 90, centro. Bom Jesus, CEP: 64900-000. Hor\u00e1rio de atendimento: 07h30 \u00e0s 13h30.<\/p>\n\n\n\n<p><strong>Campo Maior<\/strong><\/p>\n\n\n\n<p>Endere\u00e7o: Espa\u00e7o Cidadania. Rua Ant\u00f4nio Bona, n\u00ba132, bairro F\u00e1tima. Campo Maior-PI, CEP: 64280-000. Hor\u00e1rio de atendimento: 07h30 \u00e0s 13h30.<\/p>\n\n\n\n<p><strong>Esperantina<\/strong><\/p>\n\n\n\n<p>Endere\u00e7o: Rua Vereador Ramos, s\/n, centro. Esperantina-PI, CEP: 64.180-000. Hor\u00e1rio de atendimento: 07h30 \u00e0s 13h30.<\/p>\n\n\n\n<p><strong>Floriano<\/strong><\/p>\n\n\n\n<p>Endere\u00e7o: Espa\u00e7o Cidadania. Av. Dr. Jos\u00e9 Ribamar Pacheco, n\u00ba 268, bairro Cancela. Floriano-PI,CEP: 64.804-335. Hor\u00e1rio de atendimento: 07h30 \u00e0s 13h30.<\/p>\n\n\n\n<p><strong>Parna\u00edba<\/strong><\/p>\n\n\n\n<p>Endere\u00e7o: Espa\u00e7o Cidadania. Pra\u00e7a da Gra\u00e7a, n\u00ba 320, centro. Parna\u00edba-PI, CEP: 64.200-970. Hor\u00e1rio de atendimento: 07h30 \u00e0s 13h30.<\/p>\n\n\n\n<p><strong>Picos<\/strong><\/p>\n\n\n\n<p>Endere\u00e7o: Espa\u00e7o Cidadania. Av. Senador Helv\u00eddio Nunes, n\u00ba 1413\/1434, bairro Jardim Natal. Picos-PI, CEP: 64.600-000. Hor\u00e1rio de atendimento: 07h30 \u00e0s 13h30.<\/p>\n\n\n\n<p><strong>Piripiri<\/strong><\/p>\n\n\n\n<p>Endere\u00e7o: Sala do Empreendedor. Rua Ant\u00f4nio Alves, n\u00ba 580, centro. Piripiri-PI, CEP: 64.260-000. Hor\u00e1rio de atendimento: 07h30 \u00e0s 13h30.<\/p>\n\n\n\n<p><strong>Oeiras<\/strong><\/p>\n\n\n\n<p>Endere\u00e7o: Espa\u00e7o Cidadania. Rua Professor Rafael Farias s\/n, bairro Cancela. Oeiras-PI, CEP: 64.500-000. Hor\u00e1rio de atendimento: 07h30 \u00e0s 13h30.<\/p>\n\n\n\n<p><strong>S\u00e3o Jo\u00e3o do Piau\u00ed<\/strong><\/p>\n\n\n\n<p>Endere\u00e7o: Rua Sabino Paulo, n\u00ba. 760, centro. S\u00e3o Jo\u00e3o do Piau\u00ed-PI, CEP: 64.760-000. Hor\u00e1rio de atendimento: 07h30 \u00e0s 13h30<\/p>\n\n\n\n<p><strong>S\u00e3o Raimundo Nonato<\/strong><\/p>\n\n\n\n<p>Endere\u00e7o: Sala da Cidadania. Rua Ger\u00f4nimo Belo, S\/N, centro. S\u00e3o Raimundo Nonato-PI, CEP: 64.770-000. Hor\u00e1rio de atendimento: 07h30 \u00e0s 13h30<\/p>\n\n\n\n<p><strong>Corrente<\/strong><\/p>\n\n\n\n<p>Endere\u00e7o: Espa\u00e7o da Cidadania. Rua 14 Milton Coelho, Nova Corrente. Corrente-PI, CEP: 64.980.000. Hor\u00e1rio de atendimento: 07h30 \u00e0s 13h30.<\/p>\n","protected":false},"excerpt":{"rendered":"<p>Jucepi &#8211; Sede Endere\u00e7o: Rua General Os\u00f3rio, 3002 &#8211; Cabral, Teresina\/PI CEP: 64000-580 Telefones: (86) 3230-8800\/ 3230-8810\/ 98845-8745 Hor\u00e1rio de atendimento: 07h30 \u00e0s 13h30. Unidades de atendimento \u2013 interior \u00c1gua [&hellip;]<\/p>\n","protected":false},"author":1711,"featured_media":0,"parent":0,"menu_order":0,"comment_status":"closed","ping_status":"closed","template":"","meta":[],"featured_image_urls":{"full":"","thumbnail":"","medium":"","medium_large":"","large":"","sgg-420":"","sgg-540":"","sgg-780":"","1536x1536":"","2048x2048":"","homepage-slider":"","homepage-slider-small":"","page-top":"","page-small":"","loop-main":"","thumb-gallery-widget":""},"post_excerpt_stackable":"<p>Jucepi &#8211; Sede Endere\u00e7o: Rua General Os\u00f3rio, 3002 &#8211; Cabral, Teresina\/PI CEP: 64000-580 Telefones: (86) 3230-8800\/ 3230-8810\/ 98845-8745 Hor\u00e1rio de atendimento: 07h30 \u00e0s 13h30. Unidades de atendimento \u2013 interior \u00c1gua Branca Endere\u00e7o: Sala da Cidadania. Rua Adalberto Santana, 444, Centro. \u00c1gua Branca-PI, CEP: 64.460-000. Hor\u00e1rio de atendimento: 07h30 \u00e0s 13h30. Barras Endere\u00e7o: Sala da Cidadania. Rua Taumaturgo de Azevedo, S\/N, centro. Barras-PI, CEP: 64.100.000. Hor\u00e1rio de atendimento: 07h30 \u00e0s 13h30. Bom Jesus Endere\u00e7o: Espa\u00e7o da Cidadania. Avenida Josu\u00e9 Parente, N\u00b0 90, centro. Bom Jesus, CEP: 64900-000. Hor\u00e1rio de atendimento: 07h30 \u00e0s 13h30. Campo Maior Endere\u00e7o: Espa\u00e7o Cidadania. Rua Ant\u00f4nio Bona,&hellip;<\/p>\n","category_list":"","author_info":{"name":"marcosoliv","url":"https:\/\/portal.pi.gov.br\/jucepi\/author\/marcosoliv\/"},"comments_num":"0 coment\u00e1rio","featured_image_urls_v2":{"full":"","thumbnail":"","medium":"","medium_large":"","large":"","sgg-420":"","sgg-540":"","sgg-780":"","1536x1536":"","2048x2048":"","homepage-slider":"","homepage-slider-small":"","page-top":"","page-small":"","loop-main":"","thumb-gallery-widget":""},"post_excerpt_stackable_v2":"<p>Jucepi &#8211; Sede Endere\u00e7o: Rua General Os\u00f3rio, 3002 &#8211; Cabral, Teresina\/PI CEP: 64000-580 Telefones: (86) 3230-8800\/ 3230-8810\/ 98845-8745 Hor\u00e1rio de atendimento: 07h30 \u00e0s 13h30. Unidades de atendimento \u2013 interior \u00c1gua Branca Endere\u00e7o: Sala da Cidadania. Rua Adalberto Santana, 444, Centro. \u00c1gua Branca-PI, CEP: 64.460-000. Hor\u00e1rio de atendimento: 07h30 \u00e0s 13h30. Barras Endere\u00e7o: Sala da Cidadania. Rua Taumaturgo de Azevedo, S\/N, centro. Barras-PI, CEP: 64.100.000. Hor\u00e1rio de atendimento: 07h30 \u00e0s 13h30. Bom Jesus Endere\u00e7o: Espa\u00e7o da Cidadania. Avenida Josu\u00e9 Parente, N\u00b0 90, centro. Bom Jesus, CEP: 64900-000. Hor\u00e1rio de atendimento: 07h30 \u00e0s 13h30. Campo Maior Endere\u00e7o: Espa\u00e7o Cidadania. Rua Ant\u00f4nio Bona,&hellip;<\/p>\n","category_list_v2":"","author_info_v2":{"name":"marcosoliv","url":"https:\/\/portal.pi.gov.br\/jucepi\/author\/marcosoliv\/"},"comments_num_v2":"0 coment\u00e1rio","_links":{"self":[{"href":"https:\/\/portal.pi.gov.br\/jucepi\/wp-json\/wp\/v2\/pages\/1041"}],"collection":[{"href":"https:\/\/portal.pi.gov.br\/jucepi\/wp-json\/wp\/v2\/pages"}],"about":[{"href":"https:\/\/portal.pi.gov.br\/jucepi\/wp-json\/wp\/v2\/types\/page"}],"author":[{"embeddable":true,"href":"https:\/\/portal.pi.gov.br\/jucepi\/wp-json\/wp\/v2\/users\/1711"}],"replies":[{"embeddable":true,"href":"https:\/\/portal.pi.gov.br\/jucepi\/wp-json\/wp\/v2\/comments?post=1041"}],"version-history":[{"count":6,"href":"https:\/\/portal.pi.gov.br\/jucepi\/wp-json\/wp\/v2\/pages\/1041\/revisions"}],"predecessor-version":[{"id":1988,"href":"https:\/\/portal.pi.gov.br\/jucepi\/wp-json\/wp\/v2\/pages\/1041\/revisions\/1988"}],"wp:attachment":[{"href":"https:\/\/portal.pi.gov.br\/jucepi\/wp-json\/wp\/v2\/media?parent=1041"}],"curies":[{"name":"wp","href":"https:\/\/api.w.org\/{rel}","templated":true}]}}