{"id":1043,"date":"2023-02-01T09:12:20","date_gmt":"2023-02-01T12:12:20","guid":{"rendered":"https:\/\/portal.pi.gov.br\/jucepi\/?page_id=1043"},"modified":"2023-10-11T09:12:25","modified_gmt":"2023-10-11T12:12:25","slug":"abertura-alteracao-e-baixa-de-empresa","status":"publish","type":"page","link":"https:\/\/portal.pi.gov.br\/jucepi\/abertura-alteracao-e-baixa-de-empresa\/","title":{"rendered":"Abertura, altera\u00e7\u00e3o e baixa de empresa"},"content":{"rendered":"\n<p><strong>Servi\u00e7o:<\/strong> solicitado exclusivamente online no site do Gov.Pi Empresas.<\/p>\n\n\n\n<p><a href=\"http:\/\/www.piauidigital.pi.gov.br\/acoes\/abertura-de-empresa\">Abertura de Empresa (piauidigital.pi.gov.br)<\/a><\/p>\n\n\n\n<p><a href=\"http:\/\/www.piauidigital.pi.gov.br\/acoes\/alteracao-de-empresa\">Altera\u00e7\u00e3o de Empresa (piauidigital.pi.gov.br)<\/a><\/p>\n\n\n\n<p><a href=\"http:\/\/www.piauidigital.pi.gov.br\/acoes\/baixa-de-empresa\">Baixa de Empresa (piauidigital.pi.gov.br)<\/a><\/p>\n\n\n\n<p><strong>Requisitos:<\/strong> certificado digital pessoa f\u00edsica A1 ou A3 ou conta gov.br n\u00edvel prata ou ouro.<\/p>\n\n\n\n<p><strong>Documentos:<\/strong> conforme a IN DREI 81\/2020.<\/p>\n\n\n\n<p><strong>Prazo:<\/strong> 2 (dois) dias \u00fateis.<\/p>\n\n\n\n<p><strong>Consulta do processo: <\/strong>dispon\u00edvel 24h.<\/p>\n\n\n\n<p><strong>Meios de comunica\u00e7\u00e3o com os usu\u00e1rios<\/strong>:<\/p>\n\n\n\n<p>No caso de processo em exig\u00eancia, o sistema notifica o usu\u00e1rio por e-mail para o cumprimento da exig\u00eancia dentro de 30 dias ap\u00f3s a notifica\u00e7\u00e3o sob pena de pagamento de nova taxa. A d\u00favida quanto \u00e0 exig\u00eancia do processo pode ser sanada no sistema. Na \u00e1rea de acompanhamento de processos, ap\u00f3s abrir a caixa \u201cvisualizar motivos da exig\u00eancia\u201d, o usu\u00e1rio ao clicar no bot\u00e3o \u201cesclarecer exig\u00eancia\u201d poder\u00e1 formular quest\u00f5es para o analista.<\/p>\n\n\n\n<p>Em caso de dificuldades t\u00e9cnicas ou de d\u00favidas quanto \u00e0 adequada utiliza\u00e7\u00e3o do sistema Gov.Pi Empresas, o usu\u00e1rio poder\u00e1 entrar em contato com o suporte por meio do Suporte da Jucepi dispon\u00edvel <a href=\"https:\/\/portal.pi.gov.br\/jucepi\/suporte-piaui-digital\/\">aqui<\/a>, enviando e-mail para <strong>jucepiresponde@gmail.com<\/strong> e tamb\u00e9m pela central telef\u00f4nica (86) 3230-8810.<\/p>\n\n\n\n<p>Para mais informa\u00e7\u00f5es, o usu\u00e1rio pode consultar a assistente virtual Cris dispon\u00edvel 24h em <a href=\"http:\/\/www.piauidigital.pi.gov.br\">www.piauidigital.pi.gov.br<\/a>.<\/p>\n","protected":false},"excerpt":{"rendered":"<p>Servi\u00e7o: solicitado exclusivamente online no site do Gov.Pi Empresas. Abertura de Empresa (piauidigital.pi.gov.br) Altera\u00e7\u00e3o de Empresa (piauidigital.pi.gov.br) Baixa de Empresa (piauidigital.pi.gov.br) Requisitos: certificado digital pessoa f\u00edsica A1 ou A3 ou [&hellip;]<\/p>\n","protected":false},"author":1711,"featured_media":0,"parent":0,"menu_order":0,"comment_status":"closed","ping_status":"closed","template":"","meta":[],"featured_image_urls":{"full":"","thumbnail":"","medium":"","medium_large":"","large":"","sgg-420":"","sgg-540":"","sgg-780":"","1536x1536":"","2048x2048":"","homepage-slider":"","homepage-slider-small":"","page-top":"","page-small":"","loop-main":"","thumb-gallery-widget":""},"post_excerpt_stackable":"<p>Servi\u00e7o: solicitado exclusivamente online no site do Gov.Pi Empresas. Abertura de Empresa (piauidigital.pi.gov.br) Altera\u00e7\u00e3o de Empresa (piauidigital.pi.gov.br) Baixa de Empresa (piauidigital.pi.gov.br) Requisitos: certificado digital pessoa f\u00edsica A1 ou A3 ou conta gov.br n\u00edvel prata ou ouro. Documentos: conforme a IN DREI 81\/2020. Prazo: 2 (dois) dias \u00fateis. Consulta do processo: dispon\u00edvel 24h. Meios de comunica\u00e7\u00e3o com os usu\u00e1rios: No caso de processo em exig\u00eancia, o sistema notifica o usu\u00e1rio por e-mail para o cumprimento da exig\u00eancia dentro de 30 dias ap\u00f3s a notifica\u00e7\u00e3o sob pena de pagamento de nova taxa. A d\u00favida quanto \u00e0 exig\u00eancia do processo pode ser sanada&hellip;<\/p>\n","category_list":"","author_info":{"name":"marcosoliv","url":"https:\/\/portal.pi.gov.br\/jucepi\/author\/marcosoliv\/"},"comments_num":"0 coment\u00e1rio","featured_image_urls_v2":{"full":"","thumbnail":"","medium":"","medium_large":"","large":"","sgg-420":"","sgg-540":"","sgg-780":"","1536x1536":"","2048x2048":"","homepage-slider":"","homepage-slider-small":"","page-top":"","page-small":"","loop-main":"","thumb-gallery-widget":""},"post_excerpt_stackable_v2":"<p>Servi\u00e7o: solicitado exclusivamente online no site do Gov.Pi Empresas. Abertura de Empresa (piauidigital.pi.gov.br) Altera\u00e7\u00e3o de Empresa (piauidigital.pi.gov.br) Baixa de Empresa (piauidigital.pi.gov.br) Requisitos: certificado digital pessoa f\u00edsica A1 ou A3 ou conta gov.br n\u00edvel prata ou ouro. Documentos: conforme a IN DREI 81\/2020. Prazo: 2 (dois) dias \u00fateis. Consulta do processo: dispon\u00edvel 24h. Meios de comunica\u00e7\u00e3o com os usu\u00e1rios: No caso de processo em exig\u00eancia, o sistema notifica o usu\u00e1rio por e-mail para o cumprimento da exig\u00eancia dentro de 30 dias ap\u00f3s a notifica\u00e7\u00e3o sob pena de pagamento de nova taxa. A d\u00favida quanto \u00e0 exig\u00eancia do processo pode ser sanada&hellip;<\/p>\n","category_list_v2":"","author_info_v2":{"name":"marcosoliv","url":"https:\/\/portal.pi.gov.br\/jucepi\/author\/marcosoliv\/"},"comments_num_v2":"0 coment\u00e1rio","_links":{"self":[{"href":"https:\/\/portal.pi.gov.br\/jucepi\/wp-json\/wp\/v2\/pages\/1043"}],"collection":[{"href":"https:\/\/portal.pi.gov.br\/jucepi\/wp-json\/wp\/v2\/pages"}],"about":[{"href":"https:\/\/portal.pi.gov.br\/jucepi\/wp-json\/wp\/v2\/types\/page"}],"author":[{"embeddable":true,"href":"https:\/\/portal.pi.gov.br\/jucepi\/wp-json\/wp\/v2\/users\/1711"}],"replies":[{"embeddable":true,"href":"https:\/\/portal.pi.gov.br\/jucepi\/wp-json\/wp\/v2\/comments?post=1043"}],"version-history":[{"count":7,"href":"https:\/\/portal.pi.gov.br\/jucepi\/wp-json\/wp\/v2\/pages\/1043\/revisions"}],"predecessor-version":[{"id":1764,"href":"https:\/\/portal.pi.gov.br\/jucepi\/wp-json\/wp\/v2\/pages\/1043\/revisions\/1764"}],"wp:attachment":[{"href":"https:\/\/portal.pi.gov.br\/jucepi\/wp-json\/wp\/v2\/media?parent=1043"}],"curies":[{"name":"wp","href":"https:\/\/api.w.org\/{rel}","templated":true}]}}