{"id":1045,"date":"2023-02-01T09:13:09","date_gmt":"2023-02-01T12:13:09","guid":{"rendered":"https:\/\/portal.pi.gov.br\/jucepi\/?page_id=1045"},"modified":"2023-10-11T09:17:26","modified_gmt":"2023-10-11T12:17:26","slug":"transformacao-alteracao-de-natureza-juridica","status":"publish","type":"page","link":"https:\/\/portal.pi.gov.br\/jucepi\/transformacao-alteracao-de-natureza-juridica\/","title":{"rendered":"Transforma\u00e7\u00e3o\/ altera\u00e7\u00e3o de natureza jur\u00eddica"},"content":{"rendered":"\n<p><strong>Servi\u00e7o:<\/strong> solicitado exclusivamente online no site do Gov.Pi Empresas.<\/p>\n\n\n\n<p><a href=\"http:\/\/www.piauidigital.pi.gov.br\/acoes\/transformacao\">Transforma\u00e7\u00e3o\/ altera\u00e7\u00e3o de natureza jur\u00eddica(piauidigital.pi.gov.br)<\/a><\/p>\n\n\n\n<p>O ato de arquivamento da mudan\u00e7a do tipo jur\u00eddico pode ser do tipo:<\/p>\n\n\n\n<p>a) altera\u00e7\u00e3o de natureza jur\u00eddica: altera o tipo jur\u00eddico, mas, permanece na mesma entidade de registro;<\/p>\n\n\n\n<p>b) convers\u00e3o da entidade de registro: al\u00e9m de alterar o tipo jur\u00eddico, muda, tamb\u00e9m, a entidade de registro.<\/p>\n\n\n\n<p>Na transforma\u00e7\u00e3o, s\u00e3o obrigat\u00f3rios outros dois eventos:<\/p>\n\n\n\n<p>a) altera\u00e7\u00e3o de nome empresarial (firma ou denomina\u00e7\u00e3o): a raz\u00e3o social pode ser impactada, visto que, de maneira geral, \u00e9 composta pelo nome de identifica\u00e7\u00e3o, \u00e1rea de atua\u00e7\u00e3o e natureza jur\u00eddica;<\/p>\n\n\n\n<p>b) altera\u00e7\u00e3o de capital e\/ou quadro societ\u00e1rio: informa\u00e7\u00f5es sobre a composi\u00e7\u00e3o para o novo tipo jur\u00eddico, n\u00e3o devendo ser informado quem n\u00e3o pertencer\u00e1 na empresa.<\/p>\n\n\n\n<p><strong>Requisitos:<\/strong>&nbsp;certificado digital pessoa f\u00edsica A1 ou A3 ou conta gov.br n\u00edvel prata ou ouro.<\/p>\n\n\n\n<p><strong>Documentos:<\/strong>&nbsp;conforme a IN DREI 81\/2020.<\/p>\n\n\n\n<p><strong>Prazo:<\/strong>&nbsp;2 (dois) dias \u00fateis.<\/p>\n\n\n\n<p><strong>Consulta do processo:\u00a0<\/strong>dispon\u00edvel 24h.<\/p>\n\n\n\n<p><strong>Meios de comunica\u00e7\u00e3o com os usu\u00e1rios<\/strong>:<\/p>\n\n\n\n<p>No caso de processo em exig\u00eancia, o sistema notifica o usu\u00e1rio por e-mail para o cumprimento da exig\u00eancia dentro de 30 dias ap\u00f3s a notifica\u00e7\u00e3o sob pena de pagamento de nova taxa. A d\u00favida quanto \u00e0 exig\u00eancia do processo pode ser sanada no sistema. Na \u00e1rea de acompanhamento de processos, ap\u00f3s abrir a caixa \u201cvisualizar motivos da exig\u00eancia\u201d, o usu\u00e1rio ao clicar no bot\u00e3o \u201cesclarecer exig\u00eancia\u201d poder\u00e1 formular quest\u00f5es para o analista.<\/p>\n\n\n\n<p>Em caso de dificuldades t\u00e9cnicas ou de d\u00favidas quanto \u00e0 adequada utiliza\u00e7\u00e3o do sistema, o usu\u00e1rio poder\u00e1 entrar em contato com o suporte por meio do suporte dispon\u00edvel\u00a0<a href=\"https:\/\/portal.pi.gov.br\/jucepi\/suporte-piaui-digital\/\">aqui<\/a>, enviando e-mail para <strong>jucepiresponde@gmail.com<\/strong> e tamb\u00e9m pela central telef\u00f4nica (86) 3230-8810.<\/p>\n\n\n\n<p>Para mais informa\u00e7\u00f5es, o usu\u00e1rio pode consultar a assistente virtual Cris dispon\u00edvel 24h em&nbsp;<a href=\"http:\/\/www.piauidigital.pi.gov.br\/\">www.piauidigital.pi.gov.br<\/a>.<\/p>\n","protected":false},"excerpt":{"rendered":"<p>Servi\u00e7o: solicitado exclusivamente online no site do Gov.Pi Empresas. Transforma\u00e7\u00e3o\/ altera\u00e7\u00e3o de natureza jur\u00eddica(piauidigital.pi.gov.br) O ato de arquivamento da mudan\u00e7a do tipo jur\u00eddico pode ser do tipo: a) altera\u00e7\u00e3o de [&hellip;]<\/p>\n","protected":false},"author":1711,"featured_media":0,"parent":0,"menu_order":0,"comment_status":"closed","ping_status":"closed","template":"","meta":[],"featured_image_urls":{"full":"","thumbnail":"","medium":"","medium_large":"","large":"","sgg-420":"","sgg-540":"","sgg-780":"","1536x1536":"","2048x2048":"","homepage-slider":"","homepage-slider-small":"","page-top":"","page-small":"","loop-main":"","thumb-gallery-widget":""},"post_excerpt_stackable":"<p>Servi\u00e7o: solicitado exclusivamente online no site do Gov.Pi Empresas. Transforma\u00e7\u00e3o\/ altera\u00e7\u00e3o de natureza jur\u00eddica(piauidigital.pi.gov.br) O ato de arquivamento da mudan\u00e7a do tipo jur\u00eddico pode ser do tipo: a) altera\u00e7\u00e3o de natureza jur\u00eddica: altera o tipo jur\u00eddico, mas, permanece na mesma entidade de registro; b) convers\u00e3o da entidade de registro: al\u00e9m de alterar o tipo jur\u00eddico, muda, tamb\u00e9m, a entidade de registro. Na transforma\u00e7\u00e3o, s\u00e3o obrigat\u00f3rios outros dois eventos: a) altera\u00e7\u00e3o de nome empresarial (firma ou denomina\u00e7\u00e3o): a raz\u00e3o social pode ser impactada, visto que, de maneira geral, \u00e9 composta pelo nome de identifica\u00e7\u00e3o, \u00e1rea de atua\u00e7\u00e3o e natureza jur\u00eddica; b)&hellip;<\/p>\n","category_list":"","author_info":{"name":"marcosoliv","url":"https:\/\/portal.pi.gov.br\/jucepi\/author\/marcosoliv\/"},"comments_num":"0 coment\u00e1rio","featured_image_urls_v2":{"full":"","thumbnail":"","medium":"","medium_large":"","large":"","sgg-420":"","sgg-540":"","sgg-780":"","1536x1536":"","2048x2048":"","homepage-slider":"","homepage-slider-small":"","page-top":"","page-small":"","loop-main":"","thumb-gallery-widget":""},"post_excerpt_stackable_v2":"<p>Servi\u00e7o: solicitado exclusivamente online no site do Gov.Pi Empresas. Transforma\u00e7\u00e3o\/ altera\u00e7\u00e3o de natureza jur\u00eddica(piauidigital.pi.gov.br) O ato de arquivamento da mudan\u00e7a do tipo jur\u00eddico pode ser do tipo: a) altera\u00e7\u00e3o de natureza jur\u00eddica: altera o tipo jur\u00eddico, mas, permanece na mesma entidade de registro; b) convers\u00e3o da entidade de registro: al\u00e9m de alterar o tipo jur\u00eddico, muda, tamb\u00e9m, a entidade de registro. Na transforma\u00e7\u00e3o, s\u00e3o obrigat\u00f3rios outros dois eventos: a) altera\u00e7\u00e3o de nome empresarial (firma ou denomina\u00e7\u00e3o): a raz\u00e3o social pode ser impactada, visto que, de maneira geral, \u00e9 composta pelo nome de identifica\u00e7\u00e3o, \u00e1rea de atua\u00e7\u00e3o e natureza jur\u00eddica; b)&hellip;<\/p>\n","category_list_v2":"","author_info_v2":{"name":"marcosoliv","url":"https:\/\/portal.pi.gov.br\/jucepi\/author\/marcosoliv\/"},"comments_num_v2":"0 coment\u00e1rio","_links":{"self":[{"href":"https:\/\/portal.pi.gov.br\/jucepi\/wp-json\/wp\/v2\/pages\/1045"}],"collection":[{"href":"https:\/\/portal.pi.gov.br\/jucepi\/wp-json\/wp\/v2\/pages"}],"about":[{"href":"https:\/\/portal.pi.gov.br\/jucepi\/wp-json\/wp\/v2\/types\/page"}],"author":[{"embeddable":true,"href":"https:\/\/portal.pi.gov.br\/jucepi\/wp-json\/wp\/v2\/users\/1711"}],"replies":[{"embeddable":true,"href":"https:\/\/portal.pi.gov.br\/jucepi\/wp-json\/wp\/v2\/comments?post=1045"}],"version-history":[{"count":6,"href":"https:\/\/portal.pi.gov.br\/jucepi\/wp-json\/wp\/v2\/pages\/1045\/revisions"}],"predecessor-version":[{"id":1767,"href":"https:\/\/portal.pi.gov.br\/jucepi\/wp-json\/wp\/v2\/pages\/1045\/revisions\/1767"}],"wp:attachment":[{"href":"https:\/\/portal.pi.gov.br\/jucepi\/wp-json\/wp\/v2\/media?parent=1045"}],"curies":[{"name":"wp","href":"https:\/\/api.w.org\/{rel}","templated":true}]}}