{"id":1047,"date":"2023-02-01T09:13:49","date_gmt":"2023-02-01T12:13:49","guid":{"rendered":"https:\/\/portal.pi.gov.br\/jucepi\/?page_id=1047"},"modified":"2023-10-11T09:10:31","modified_gmt":"2023-10-11T12:10:31","slug":"atualizacao-cadastral-de-mei","status":"publish","type":"page","link":"https:\/\/portal.pi.gov.br\/jucepi\/atualizacao-cadastral-de-mei\/","title":{"rendered":"Atualiza\u00e7\u00e3o cadastral de MEI"},"content":{"rendered":"\n<p>A atualiza\u00e7\u00e3o cadastral do Microempreendedor Individual (MEI) \u00e9 solicitada diretamente no portal Gov.Pi Empresas sem precisar enviar nenhum documento para a Jucepi.<\/p>\n\n\n\n<p>Confira abaixo as situa\u00e7\u00f5es que se aplicam a atualiza\u00e7\u00e3o cadastral do MEI:<\/p>\n\n\n\n<p><strong>Situa\u00e7\u00e3o 1: Desenquadramento<\/strong> <strong>do MEI<\/strong><\/p>\n\n\n\n<p>Passo 1: O desenquadramento do MEI \u00e9 solicitado no portal do Empreendedor. Para isso, acesse <a href=\"http:\/\/www.gov.br\/empresas-e-negocios\/pt-br\/empreendedor\">www.gov.br\/empresas-e-negocios\/pt-br\/empreendedor<\/a><\/p>\n\n\n\n<p>Passo 2: O usu\u00e1rio deve esperar a data de efeito da op\u00e7\u00e3o de desenquadramento. Ex.: Data efeito: 01\/01\/2023.<\/p>\n\n\n\n<p>Passo 3: Ap\u00f3s a data de efeito da op\u00e7\u00e3o, acesse o portal <a href=\"http:\/\/www.piauidigital.pi.gov.br\">www.piauidigital.pi.gov.br<\/a> e clique em MEI&gt; op\u00e7\u00e3o Atualizar&gt; informar CNPJ e clicar em avan\u00e7ar.<\/p>\n\n\n\n<figure class=\"wp-block-image size-full\"><img decoding=\"async\" loading=\"lazy\" width=\"871\" height=\"356\" src=\"https:\/\/portal.pi.gov.br\/jucepi\/wp-content\/uploads\/sites\/47\/2023\/03\/MEI.png\" alt=\"\" class=\"wp-image-1280\" srcset=\"https:\/\/portal.pi.gov.br\/jucepi\/wp-content\/uploads\/sites\/47\/2023\/03\/MEI.png 871w, https:\/\/portal.pi.gov.br\/jucepi\/wp-content\/uploads\/sites\/47\/2023\/03\/MEI-300x123.png 300w, https:\/\/portal.pi.gov.br\/jucepi\/wp-content\/uploads\/sites\/47\/2023\/03\/MEI-768x314.png 768w, https:\/\/portal.pi.gov.br\/jucepi\/wp-content\/uploads\/sites\/47\/2023\/03\/MEI-420x172.png 420w, https:\/\/portal.pi.gov.br\/jucepi\/wp-content\/uploads\/sites\/47\/2023\/03\/MEI-540x221.png 540w, https:\/\/portal.pi.gov.br\/jucepi\/wp-content\/uploads\/sites\/47\/2023\/03\/MEI-780x319.png 780w, https:\/\/portal.pi.gov.br\/jucepi\/wp-content\/uploads\/sites\/47\/2023\/03\/MEI-624x255.png 624w\" sizes=\"(max-width: 871px) 100vw, 871px\" \/><\/figure>\n\n\n\n<p>O usu\u00e1rio deve conferir os dados e confirmar o pedido de atualiza\u00e7\u00e3o cadastral.<\/p>\n\n\n\n<p><strong>Situa\u00e7\u00e3o 2: Cadastrar MEI no banco de dados da Jucepi<\/strong><\/p>\n\n\n\n<p>A abertura do MEI \u00e9 solicitada no portal do Empreendedor e a Jucepi recebe o cadastro pela Receita Federal. Se por algum motivo a informa\u00e7\u00e3o n\u00e3o for recebida, o usu\u00e1rio pode solicitar o cadastro no nosso banco de dados.<\/p>\n\n\n\n<p>Para isso, acesse o portal <a href=\"http:\/\/www.piauidigital.pi.gov.br\">www.piauidigital.pi.gov.br<\/a> e clique em MEI&gt; op\u00e7\u00e3o Atualizar&gt; informar CNPJ e clicar em avan\u00e7ar.<\/p>\n\n\n\n<p>O usu\u00e1rio deve conferir os dados e confirmar o pedido de atualiza\u00e7\u00e3o cadastral.<\/p>\n\n\n\n<p><strong>Situa\u00e7\u00e3o 3: Atualizar MEI no banco de dados Jucepi<\/strong><\/p>\n\n\n\n<p>A atualiza\u00e7\u00e3o do MEI \u00e9 solicitada no portal do Empreendedor e a Jucepi recebe o cadastro pela Receita Federal. Se o cadastro na Junta estiver desatualizado com rela\u00e7\u00e3o as altera\u00e7\u00f5es no portal do Empreendedor, o usu\u00e1rio pode solicitar a atualiza\u00e7\u00e3o cadastral no Gov.Pi Empresas.<\/p>\n\n\n\n<p>O usu\u00e1rio deve acessar o portal <a href=\"http:\/\/www.piauidigital.pi.gov.br\">www.piauidigital.pi.gov.br<\/a> e clicar em MEI&gt; op\u00e7\u00e3o Atualizar&gt; informar CNPJ e clicar em avan\u00e7ar.<\/p>\n\n\n\n<p>O usu\u00e1rio deve conferir os dados e confirmar o pedido de atualiza\u00e7\u00e3o cadastral.<\/p>\n","protected":false},"excerpt":{"rendered":"<p>A atualiza\u00e7\u00e3o cadastral do Microempreendedor Individual (MEI) \u00e9 solicitada diretamente no portal Gov.Pi Empresas sem precisar enviar nenhum documento para a Jucepi. Confira abaixo as situa\u00e7\u00f5es que se aplicam a [&hellip;]<\/p>\n","protected":false},"author":1711,"featured_media":0,"parent":0,"menu_order":0,"comment_status":"closed","ping_status":"closed","template":"","meta":[],"featured_image_urls":{"full":"","thumbnail":"","medium":"","medium_large":"","large":"","sgg-420":"","sgg-540":"","sgg-780":"","1536x1536":"","2048x2048":"","homepage-slider":"","homepage-slider-small":"","page-top":"","page-small":"","loop-main":"","thumb-gallery-widget":""},"post_excerpt_stackable":"<p>A atualiza\u00e7\u00e3o cadastral do Microempreendedor Individual (MEI) \u00e9 solicitada diretamente no portal Gov.Pi Empresas sem precisar enviar nenhum documento para a Jucepi. Confira abaixo as situa\u00e7\u00f5es que se aplicam a atualiza\u00e7\u00e3o cadastral do MEI: Situa\u00e7\u00e3o 1: Desenquadramento do MEI Passo 1: O desenquadramento do MEI \u00e9 solicitado no portal do Empreendedor. Para isso, acesse www.gov.br\/empresas-e-negocios\/pt-br\/empreendedor Passo 2: O usu\u00e1rio deve esperar a data de efeito da op\u00e7\u00e3o de desenquadramento. Ex.: Data efeito: 01\/01\/2023. Passo 3: Ap\u00f3s a data de efeito da op\u00e7\u00e3o, acesse o portal www.piauidigital.pi.gov.br e clique em MEI&gt; op\u00e7\u00e3o Atualizar&gt; informar CNPJ e clicar em avan\u00e7ar. O usu\u00e1rio&hellip;<\/p>\n","category_list":"","author_info":{"name":"marcosoliv","url":"https:\/\/portal.pi.gov.br\/jucepi\/author\/marcosoliv\/"},"comments_num":"0 coment\u00e1rio","featured_image_urls_v2":{"full":"","thumbnail":"","medium":"","medium_large":"","large":"","sgg-420":"","sgg-540":"","sgg-780":"","1536x1536":"","2048x2048":"","homepage-slider":"","homepage-slider-small":"","page-top":"","page-small":"","loop-main":"","thumb-gallery-widget":""},"post_excerpt_stackable_v2":"<p>A atualiza\u00e7\u00e3o cadastral do Microempreendedor Individual (MEI) \u00e9 solicitada diretamente no portal Gov.Pi Empresas sem precisar enviar nenhum documento para a Jucepi. Confira abaixo as situa\u00e7\u00f5es que se aplicam a atualiza\u00e7\u00e3o cadastral do MEI: Situa\u00e7\u00e3o 1: Desenquadramento do MEI Passo 1: O desenquadramento do MEI \u00e9 solicitado no portal do Empreendedor. Para isso, acesse www.gov.br\/empresas-e-negocios\/pt-br\/empreendedor Passo 2: O usu\u00e1rio deve esperar a data de efeito da op\u00e7\u00e3o de desenquadramento. Ex.: Data efeito: 01\/01\/2023. Passo 3: Ap\u00f3s a data de efeito da op\u00e7\u00e3o, acesse o portal www.piauidigital.pi.gov.br e clique em MEI&gt; op\u00e7\u00e3o Atualizar&gt; informar CNPJ e clicar em avan\u00e7ar. O usu\u00e1rio&hellip;<\/p>\n","category_list_v2":"","author_info_v2":{"name":"marcosoliv","url":"https:\/\/portal.pi.gov.br\/jucepi\/author\/marcosoliv\/"},"comments_num_v2":"0 coment\u00e1rio","_links":{"self":[{"href":"https:\/\/portal.pi.gov.br\/jucepi\/wp-json\/wp\/v2\/pages\/1047"}],"collection":[{"href":"https:\/\/portal.pi.gov.br\/jucepi\/wp-json\/wp\/v2\/pages"}],"about":[{"href":"https:\/\/portal.pi.gov.br\/jucepi\/wp-json\/wp\/v2\/types\/page"}],"author":[{"embeddable":true,"href":"https:\/\/portal.pi.gov.br\/jucepi\/wp-json\/wp\/v2\/users\/1711"}],"replies":[{"embeddable":true,"href":"https:\/\/portal.pi.gov.br\/jucepi\/wp-json\/wp\/v2\/comments?post=1047"}],"version-history":[{"count":6,"href":"https:\/\/portal.pi.gov.br\/jucepi\/wp-json\/wp\/v2\/pages\/1047\/revisions"}],"predecessor-version":[{"id":1761,"href":"https:\/\/portal.pi.gov.br\/jucepi\/wp-json\/wp\/v2\/pages\/1047\/revisions\/1761"}],"wp:attachment":[{"href":"https:\/\/portal.pi.gov.br\/jucepi\/wp-json\/wp\/v2\/media?parent=1047"}],"curies":[{"name":"wp","href":"https:\/\/api.w.org\/{rel}","templated":true}]}}