{"id":1053,"date":"2023-02-01T09:20:03","date_gmt":"2023-02-01T12:20:03","guid":{"rendered":"https:\/\/portal.pi.gov.br\/jucepi\/?page_id=1053"},"modified":"2023-03-16T08:42:39","modified_gmt":"2023-03-16T11:42:39","slug":"demais-servicos-da-junta-comercial","status":"publish","type":"page","link":"https:\/\/portal.pi.gov.br\/jucepi\/demais-servicos-da-junta-comercial\/","title":{"rendered":"Demais servi\u00e7os da Junta Comercial"},"content":{"rendered":"\n<p><a href=\"http:\/\/www.piauidigital.pi.gov.br\/acoes\/fusao-cisao-incorporacao\">Fus\u00e3o\/Cis\u00e3o\/ Incorpora\u00e7\u00e3o<\/a><\/p>\n\n\n\n<p><a href=\"http:\/\/www.piauidigital.pi.gov.br\/acoes\/certidao\">Certid\u00e3o<\/a><\/p>\n\n\n\n<p><a href=\"http:\/\/www.piauidigital.pi.gov.br\/acoes\/livro-digital\">Livro Digital<\/a><\/p>\n\n\n\n<p><a href=\"http:\/\/www.piauidigital.pi.gov.br\/acoes\/ata-estatuto\">Ata\/Estatuto<\/a><\/p>\n\n\n\n<p><a href=\"http:\/\/www.piauidigital.pi.gov.br\/\">Balan\u00e7o<\/a><\/p>\n\n\n\n<p><a href=\"http:\/\/www.piauidigital.pi.gov.br\/acoes\/armazem-geral\">Armaz\u00e9m Geral<\/a><\/p>\n\n\n\n<p><a href=\"http:\/\/www.piauidigital.pi.gov.br\/acoes\/atendimento-a-orgaos-publico\">Atendimento a \u00d3rg\u00e3os P\u00fablicos<\/a><\/p>\n\n\n\n<p><a href=\"http:\/\/www.piauidigital.pi.gov.br\/\">Cancelamento de Nomea\u00e7\u00e3o de Fiel Deposit\u00e1rio<\/a><\/p>\n\n\n\n<p><a href=\"http:\/\/www.piauidigital.pi.gov.br\/\">Carta de Exclusividade<\/a><\/p>\n\n\n\n<p><a href=\"http:\/\/www.piauidigital.pi.gov.br\/\">Carta de Ren\u00fancia<\/a><\/p>\n\n\n\n<p><a href=\"http:\/\/www.piauidigital.pi.gov.br\/\">Comunica\u00e7\u00e3o de Extravio de Instrumento de Escritura\u00e7\u00e3o<\/a><\/p>\n\n\n\n<p><a href=\"http:\/\/www.piauidigital.pi.gov.br\/acoes\/debentures\">Deb\u00eantures<\/a><\/p>\n\n\n\n<p><a href=\"http:\/\/www.piauidigital.pi.gov.br\/\">Declara\u00e7\u00e3o Antenupcial<\/a><\/p>\n\n\n\n<p><a href=\"http:\/\/www.piauidigital.pi.gov.br\/acoes\/leiloeiro\">Leiloeiro<\/a><\/p>\n\n\n\n<p><a href=\"http:\/\/www.piauidigital.pi.gov.br\/\">Nomea\u00e7\u00e3o de Fiel Deposit\u00e1rio<\/a><\/p>\n\n\n\n<p><a href=\"http:\/\/www.piauidigital.pi.gov.br\/\">Outros Documentos de Interesse da Empresa\/Empres\u00e1rio<\/a><\/p>\n\n\n\n<p><a href=\"http:\/\/www.piauidigital.pi.gov.br\/\">Pacto Antenupcial<\/a><\/p>\n\n\n\n<p><a href=\"http:\/\/www.piauidigital.pi.gov.br\/acoes\/procuracao\">Procura\u00e7\u00e3o<\/a><\/p>\n\n\n\n<p><a href=\"http:\/\/www.piauidigital.pi.gov.br\/acoes\/protecao-nome-empresarial\">Prote\u00e7\u00e3o de nome empresarial<\/a><\/p>\n\n\n\n<p><a href=\"http:\/\/www.piauidigital.pi.gov.br\/acoes\/publicacoes\">Publica\u00e7\u00f5es<\/a><\/p>\n\n\n\n<p><a href=\"http:\/\/www.piauidigital.pi.gov.br\/acoes\/recurso\">Recurso<\/a><\/p>\n\n\n\n<p><a href=\"http:\/\/www.piauidigital.pi.gov.br\/acoes\/tradutor\">Tradutor<\/a><\/p>\n\n\n\n<p><a href=\"http:\/\/www.piauidigital.pi.gov.br\/\">Senten\u00e7a de Decreta\u00e7\u00e3o ou de Homologa\u00e7\u00e3o de Separa\u00e7\u00e3o Judicial<\/a><\/p>\n\n\n\n<p><a href=\"http:\/\/www.piauidigital.pi.gov.br\/\">Termo de Compromisso de Fiel Deposit\u00e1rio<\/a><\/p>\n\n\n\n<p><a href=\"http:\/\/www.piauidigital.pi.gov.br\/\">Verifica\u00e7\u00e3o de Autenticidade de Documentos<\/a><\/p>\n\n\n\n<p><a href=\"http:\/\/www.piauidigital.pi.gov.br\/\">Consulta dos Alvar\u00e1s por estabelecimento<\/a><\/p>\n","protected":false},"excerpt":{"rendered":"<p>Fus\u00e3o\/Cis\u00e3o\/ Incorpora\u00e7\u00e3o Certid\u00e3o Livro Digital Ata\/Estatuto Balan\u00e7o Armaz\u00e9m Geral Atendimento a \u00d3rg\u00e3os P\u00fablicos Cancelamento de Nomea\u00e7\u00e3o de Fiel Deposit\u00e1rio Carta de Exclusividade Carta de Ren\u00fancia Comunica\u00e7\u00e3o de Extravio de Instrumento [&hellip;]<\/p>\n","protected":false},"author":1711,"featured_media":0,"parent":0,"menu_order":0,"comment_status":"closed","ping_status":"closed","template":"","meta":[],"featured_image_urls":{"full":"","thumbnail":"","medium":"","medium_large":"","large":"","sgg-420":"","sgg-540":"","sgg-780":"","1536x1536":"","2048x2048":"","homepage-slider":"","homepage-slider-small":"","page-top":"","page-small":"","loop-main":"","thumb-gallery-widget":""},"post_excerpt_stackable":"<p>Fus\u00e3o\/Cis\u00e3o\/ Incorpora\u00e7\u00e3o Certid\u00e3o Livro Digital Ata\/Estatuto Balan\u00e7o Armaz\u00e9m Geral Atendimento a \u00d3rg\u00e3os P\u00fablicos Cancelamento de Nomea\u00e7\u00e3o de Fiel Deposit\u00e1rio Carta de Exclusividade Carta de Ren\u00fancia Comunica\u00e7\u00e3o de Extravio de Instrumento de Escritura\u00e7\u00e3o Deb\u00eantures Declara\u00e7\u00e3o Antenupcial Leiloeiro Nomea\u00e7\u00e3o de Fiel Deposit\u00e1rio Outros Documentos de Interesse da Empresa\/Empres\u00e1rio Pacto Antenupcial Procura\u00e7\u00e3o Prote\u00e7\u00e3o de nome empresarial Publica\u00e7\u00f5es Recurso Tradutor Senten\u00e7a de Decreta\u00e7\u00e3o ou de Homologa\u00e7\u00e3o de Separa\u00e7\u00e3o Judicial Termo de Compromisso de Fiel Deposit\u00e1rio Verifica\u00e7\u00e3o de Autenticidade de Documentos Consulta dos Alvar\u00e1s por estabelecimento<\/p>\n","category_list":"","author_info":{"name":"marcosoliv","url":"https:\/\/portal.pi.gov.br\/jucepi\/author\/marcosoliv\/"},"comments_num":"0 coment\u00e1rio","featured_image_urls_v2":{"full":"","thumbnail":"","medium":"","medium_large":"","large":"","sgg-420":"","sgg-540":"","sgg-780":"","1536x1536":"","2048x2048":"","homepage-slider":"","homepage-slider-small":"","page-top":"","page-small":"","loop-main":"","thumb-gallery-widget":""},"post_excerpt_stackable_v2":"<p>Fus\u00e3o\/Cis\u00e3o\/ Incorpora\u00e7\u00e3o Certid\u00e3o Livro Digital Ata\/Estatuto Balan\u00e7o Armaz\u00e9m Geral Atendimento a \u00d3rg\u00e3os P\u00fablicos Cancelamento de Nomea\u00e7\u00e3o de Fiel Deposit\u00e1rio Carta de Exclusividade Carta de Ren\u00fancia Comunica\u00e7\u00e3o de Extravio de Instrumento de Escritura\u00e7\u00e3o Deb\u00eantures Declara\u00e7\u00e3o Antenupcial Leiloeiro Nomea\u00e7\u00e3o de Fiel Deposit\u00e1rio Outros Documentos de Interesse da Empresa\/Empres\u00e1rio Pacto Antenupcial Procura\u00e7\u00e3o Prote\u00e7\u00e3o de nome empresarial Publica\u00e7\u00f5es Recurso Tradutor Senten\u00e7a de Decreta\u00e7\u00e3o ou de Homologa\u00e7\u00e3o de Separa\u00e7\u00e3o Judicial Termo de Compromisso de Fiel Deposit\u00e1rio Verifica\u00e7\u00e3o de Autenticidade de Documentos Consulta dos Alvar\u00e1s por estabelecimento<\/p>\n","category_list_v2":"","author_info_v2":{"name":"marcosoliv","url":"https:\/\/portal.pi.gov.br\/jucepi\/author\/marcosoliv\/"},"comments_num_v2":"0 coment\u00e1rio","_links":{"self":[{"href":"https:\/\/portal.pi.gov.br\/jucepi\/wp-json\/wp\/v2\/pages\/1053"}],"collection":[{"href":"https:\/\/portal.pi.gov.br\/jucepi\/wp-json\/wp\/v2\/pages"}],"about":[{"href":"https:\/\/portal.pi.gov.br\/jucepi\/wp-json\/wp\/v2\/types\/page"}],"author":[{"embeddable":true,"href":"https:\/\/portal.pi.gov.br\/jucepi\/wp-json\/wp\/v2\/users\/1711"}],"replies":[{"embeddable":true,"href":"https:\/\/portal.pi.gov.br\/jucepi\/wp-json\/wp\/v2\/comments?post=1053"}],"version-history":[{"count":3,"href":"https:\/\/portal.pi.gov.br\/jucepi\/wp-json\/wp\/v2\/pages\/1053\/revisions"}],"predecessor-version":[{"id":1279,"href":"https:\/\/portal.pi.gov.br\/jucepi\/wp-json\/wp\/v2\/pages\/1053\/revisions\/1279"}],"wp:attachment":[{"href":"https:\/\/portal.pi.gov.br\/jucepi\/wp-json\/wp\/v2\/media?parent=1053"}],"curies":[{"name":"wp","href":"https:\/\/api.w.org\/{rel}","templated":true}]}}