{"id":1330,"date":"2023-03-28T08:57:52","date_gmt":"2023-03-28T11:57:52","guid":{"rendered":"https:\/\/portal.pi.gov.br\/jucepi\/?page_id=1330"},"modified":"2023-07-07T09:11:37","modified_gmt":"2023-07-07T12:11:37","slug":"art-196-da-lei-11-101-2005","status":"publish","type":"page","link":"https:\/\/portal.pi.gov.br\/jucepi\/art-196-da-lei-11-101-2005\/","title":{"rendered":"Art. 196 da Lei 11.101\/2005"},"content":{"rendered":"\n<p>Rela\u00e7\u00e3o de empresas falidas ou em recupera\u00e7\u00e3o judicial no Estado do Piau\u00ed, em conformidade com o art. 196 da Lei 11.101\/2005: &#8220;Os Registros P\u00fablicos de Empresas, em coopera\u00e7\u00e3o com os Tribunais de Justi\u00e7a, manter\u00e3o banco de dados p\u00fablico e gratuito, dispon\u00edvel na internet, com a rela\u00e7\u00e3o de todos os devedores falidos ou em recupera\u00e7\u00e3o judicial&#8221;.<\/p>\n\n\n<script type=\"text\/x-handlebars-template\"        id=\"wpfd-template-table-categories-55\">    <div class=\"wpfd-categories\">{{#if category}}{{#with category}}{{#if parent}}<a class=\"catlink backcategory\" href=\"#\" data-idcat=\"{{parent}}\">                        <i class=\"zmdi zmdi-chevron-left\"><\/i><span>Voltar<\/span><\/a>{{\/if}}{{\/with}}{{\/if}}<\/div><\/script><script type=\"text\/x-handlebars-template\" id=\"wpfd-template-table-55\">    {{#if files}}    {{#each files}}    <tr class=\"file\" data-id=\"{{ID}}\" data-catid=\"{{catid}}\">    <td class=\"file_title\"><a class=\"wpfd_downloadlink\" href=\"{{linkdownload}}\" title=\"{{post_title}}\"><span class=\"extcol\">{{#if file_custom_icon}}<span class=\"icon-custom\"><img src=\"{{file_custom_icon}}\"><\/span>{{else}}<span class=\"ext ext-{{ext}}\"><\/span>{{\/if}}<\/span>{{{crop_title}}}<\/a><\/td><td class=\"file_size\">{{bytesToSize size}}<\/td><td class=\"file_created\">{{created}}<\/td>                    <td class=\"col-download\">                <a class=\"downloadlink wpfd_downloadlink\"  href=\"{{linkdownload}}\" style=\"background-color:#76bc58;color:#ffffff;\">Baixar<i class=\"zmdi zmdi-cloud-download wpfd-download\"><\/i><\/a>{{#if openpdflink}}<a class=\"openlink wpfdlightbox wpfd_previewlink\" href=\"{{openpdflink}}\" target=\"\">Visualizar                            <i class=\"zmdi zmdi-filter-center-focus wpfd-preview\"><\/i>                        <\/a>{{else}}{{#if viewerlink}}<a                            href=\"{{viewerlink}}\"                            class=\"openlink wpfdlightbox wpfd_previewlink\"                            target=\"\"                            data-id=\"{{ID}}\"                            data-catid=\"{{catid}}\"                            data-file-type=\"{{ext}}\">Visualizar<i class=\"zmdi zmdi-filter-center-focus wpfd-preview\"><\/i>                        <\/a>{{\/if}}{{\/if}}            <\/td>            <\/tr>    {{\/each}}    {{\/if}}<\/script><div class=\"wpfd-content wpfd-content-table wpfd-content-multi colstyle\" data-category=\"55\"><input type=\"hidden\" id=\"current_category_55\" value=\"55\" \/>                    <input type=\"hidden\" id=\"current_category_slug_55\" value=\"art-196-da-lei-11-101-2005\" \/>                    <input type=\"hidden\" id=\"current_ordering_55\" value=\"created_time\" \/>                    <input type=\"hidden\" id=\"current_ordering_direction_55\" value=\"desc\" \/><div class=\"wpfd-container\">        <div class=\"wpfd-open-tree\"><\/div>    <div class=\"wpfd-container-table \">        <div class=\"wpfd-categories\"><\/div>        <table class=\"wpfd-table wpfd-table-bordered wpfd-table-striped mediaTable\">            <thead>            <tr>                <th class=\"essential persist file_title\">T\u00edtulo<\/th><th class=\"optional file_size\">Tamanho<\/th><th class=\"optional file_created\">Data de Publica\u00e7\u00e3o<\/th><th class=\"essential file_download\">Baixar<\/th>            <\/tr>            <\/thead>            <tbody>                            <tr class=\"file\" data-id=\"1429\"                    data-catid=\"55\">                    <td class=\"file_title\"><a class=\"wpfd_downloadlink\" href=\"https:\/\/portal.pi.gov.br\/jucepi\/download\/55\/art-196-da-lei-11-101-2005\/1429\/relacao-de-empresas-falidas-ou-em-recuperacao-judicial.xlsx\" title=\"Rela\u00e7\u00e3o de empresas falidas ou em recupera\u00e7\u00e3o judicial\"><span class=\"extcol\">                                <span class=\"ext ext-xlsx\"><\/span>                                Rela\u00e7\u00e3o de empresas falidas ou em recupera\u00e7\u00e3o judicial                            <\/span><\/a><\/td><td class=\"file_size\">15.11 KB<\/td><td class=\"file_created\">26-04-2023<\/td>                                            <td class=\"col-download\">                            <a class=\"downloadlink wpfd_downloadlink\"  href=\"https:\/\/portal.pi.gov.br\/jucepi\/download\/55\/art-196-da-lei-11-101-2005\/1429\/relacao-de-empresas-falidas-ou-em-recuperacao-judicial.xlsx\" style=\"background-color:#76bc58;color:#ffffff;\">Baixar<i class=\"zmdi zmdi-cloud-download wpfd-download\"><\/i><\/a><a                            href=\"https:\/\/docs.google.com\/viewer?url=https%3A%2F%2Fportal.pi.gov.br%2Fjucepi%2Fwp-admin%2Fadmin-ajax.php%3Fjuwpfisadmin%3Dfalse%26action%3Dwpfd%26task%3Dfile.download%26wpfd_category_id%3D55%26wpfd_file_id%3D1429%26token%3D%26preview%3D1&#038;embedded=true\"                            class=\"openlink wpfdlightbox wpfd_previewlink\"                            target=\"\"                            data-id=\"1429\"                            data-catid=\"55\"                            data-file-type=\"xlsx\">Visualizar<i class=\"zmdi zmdi-filter-center-focus wpfd-preview\"><\/i>                        <\/a>                        <\/td>                                    <\/tr>                        <\/tbody>        <\/table>            <\/div><\/div><\/div>\n","protected":false},"excerpt":{"rendered":"<p>Rela\u00e7\u00e3o de empresas falidas ou em recupera\u00e7\u00e3o judicial no Estado do Piau\u00ed, em conformidade com o art. 196 da Lei 11.101\/2005: &#8220;Os Registros P\u00fablicos de Empresas, em coopera\u00e7\u00e3o com os [&hellip;]<\/p>\n","protected":false},"author":1,"featured_media":0,"parent":0,"menu_order":0,"comment_status":"closed","ping_status":"closed","template":"template-fullwidth.php","meta":[],"featured_image_urls":{"full":"","thumbnail":"","medium":"","medium_large":"","large":"","sgg-420":"","sgg-540":"","sgg-780":"","1536x1536":"","2048x2048":"","homepage-slider":"","homepage-slider-small":"","page-top":"","page-small":"","loop-main":"","thumb-gallery-widget":""},"post_excerpt_stackable":"<p>Rela\u00e7\u00e3o de empresas falidas ou em recupera\u00e7\u00e3o judicial no Estado do Piau\u00ed, em conformidade com o art. 196 da Lei 11.101\/2005: &#8220;Os Registros P\u00fablicos de Empresas, em coopera\u00e7\u00e3o com os Tribunais de Justi\u00e7a, manter\u00e3o banco de dados p\u00fablico e gratuito, dispon\u00edvel na internet, com a rela\u00e7\u00e3o de todos os devedores falidos ou em recupera\u00e7\u00e3o judicial&#8221;. T\u00edtuloTamanhoData de Publica\u00e7\u00e3oBaixar Rela\u00e7\u00e3o de empresas falidas ou em recupera\u00e7\u00e3o judicial 15.11 KB26-04-2023 BaixarVisualizar<\/p>\n","category_list":"","author_info":{"name":"admin","url":"https:\/\/portal.pi.gov.br\/jucepi\/author\/admin\/"},"comments_num":"0 coment\u00e1rio","featured_image_urls_v2":{"full":"","thumbnail":"","medium":"","medium_large":"","large":"","sgg-420":"","sgg-540":"","sgg-780":"","1536x1536":"","2048x2048":"","homepage-slider":"","homepage-slider-small":"","page-top":"","page-small":"","loop-main":"","thumb-gallery-widget":""},"post_excerpt_stackable_v2":"<p>Rela\u00e7\u00e3o de empresas falidas ou em recupera\u00e7\u00e3o judicial no Estado do Piau\u00ed, em conformidade com o art. 196 da Lei 11.101\/2005: &#8220;Os Registros P\u00fablicos de Empresas, em coopera\u00e7\u00e3o com os Tribunais de Justi\u00e7a, manter\u00e3o banco de dados p\u00fablico e gratuito, dispon\u00edvel na internet, com a rela\u00e7\u00e3o de todos os devedores falidos ou em recupera\u00e7\u00e3o judicial&#8221;. T\u00edtuloTamanhoData de Publica\u00e7\u00e3oBaixar Rela\u00e7\u00e3o de empresas falidas ou em recupera\u00e7\u00e3o judicial 15.11 KB26-04-2023 BaixarVisualizar<\/p>\n","category_list_v2":"","author_info_v2":{"name":"admin","url":"https:\/\/portal.pi.gov.br\/jucepi\/author\/admin\/"},"comments_num_v2":"0 coment\u00e1rio","_links":{"self":[{"href":"https:\/\/portal.pi.gov.br\/jucepi\/wp-json\/wp\/v2\/pages\/1330"}],"collection":[{"href":"https:\/\/portal.pi.gov.br\/jucepi\/wp-json\/wp\/v2\/pages"}],"about":[{"href":"https:\/\/portal.pi.gov.br\/jucepi\/wp-json\/wp\/v2\/types\/page"}],"author":[{"embeddable":true,"href":"https:\/\/portal.pi.gov.br\/jucepi\/wp-json\/wp\/v2\/users\/1"}],"replies":[{"embeddable":true,"href":"https:\/\/portal.pi.gov.br\/jucepi\/wp-json\/wp\/v2\/comments?post=1330"}],"version-history":[{"count":5,"href":"https:\/\/portal.pi.gov.br\/jucepi\/wp-json\/wp\/v2\/pages\/1330\/revisions"}],"predecessor-version":[{"id":1606,"href":"https:\/\/portal.pi.gov.br\/jucepi\/wp-json\/wp\/v2\/pages\/1330\/revisions\/1606"}],"wp:attachment":[{"href":"https:\/\/portal.pi.gov.br\/jucepi\/wp-json\/wp\/v2\/media?parent=1330"}],"curies":[{"name":"wp","href":"https:\/\/api.w.org\/{rel}","templated":true}]}}