{"id":2077,"date":"2024-03-11T10:17:43","date_gmt":"2024-03-11T13:17:43","guid":{"rendered":"https:\/\/portal.pi.gov.br\/jucepi\/?page_id=2077"},"modified":"2024-03-11T10:17:44","modified_gmt":"2024-03-11T13:17:44","slug":"aviso-dispensa-de-licitacao","status":"publish","type":"page","link":"https:\/\/portal.pi.gov.br\/jucepi\/aviso-dispensa-de-licitacao\/","title":{"rendered":"Aviso Dispensa de Licita\u00e7\u00e3o"},"content":{"rendered":"<div class=\"wpfd-content wpfd-content-default wpfd-content-multi\" data-category=\"161\"><input type=\"hidden\" id=\"current_category_161\" value=\"161\" \/>                    <input type=\"hidden\" id=\"current_category_slug_161\" value=\"aviso-dispensa-de-licitacao\" \/>                    <input type=\"hidden\" id=\"current_ordering_161\" value=\"created_time\" \/>                    <input type=\"hidden\" id=\"current_ordering_direction_161\" value=\"desc\" \/><ul class=\"breadcrumbs wpfd-breadcrumbs-default head-category-default\">                            <li class=\"active\">Aviso Dispensa de Licita\u00e7\u00e3o<\/li>                        <\/ul>    <script type=\"text\/x-handlebars-template\" class=\"wpfd-template-categories\">        <div class=\"wpfd-categories\">{{#if category}}{{#with category}}<h2>{{name}}<\/h2>{{#if parent}}<a class=\"catlink backcategory\" href=\"#\" data-idcat=\"{{parent}}\">                        <i class=\"zmdi zmdi-chevron-left\"><\/i><span>Voltar<\/span><\/a>{{\/if}}{{\/with}}{{\/if}}{{#if categories}}{{#each categories}}<a class=\"wpfdcategory catlink\" style=\"margin : 10px 10px 10px 10px;\" href=\"#\" data-idcat=\"{{term_id}}\" title=\"{{name}}\">                                <span>{{name}}<\/span><i class=\"zmdi zmdi-folder wpfd-folder\"><\/i>                            <\/a>{{\/each}}{{\/if}}<div class=\"wpfdcategory_placeholder\" style=\"margin : 0 10px 0 10px;\"><\/div><div class=\"wpfdcategory_placeholder\" style=\"margin : 0 10px 0 10px;\"><\/div><div class=\"wpfdcategory_placeholder\" style=\"margin : 0 10px 0 10px;\"><\/div><\/div>    <\/script>    <script type=\"text\/x-handlebars-template\" class=\"wpfd-template-files\">        {{#if files }}        <div class=\"wpfd_list\">            {{#each files}}            <div class=\"file\" style=\"margin : 10px 10px 10px 10px;\" data-id=\"{{ID}}\" data-catid=\"{{catid}}\">                <div class=\"filecontent\">                    {{#if file_custom_icon}}                    <div class=\"icon-custom\"><img src=\"{{file_custom_icon}}\"><\/div>                    {{else}}                    <div class=\"ext ext-{{ext}}\"><span class=\"txt\">{{ext}}<\/span><\/div>                    {{\/if}}<h3><a href=\"{{linkdownload}}\"  class=\"wpfd_downloadlink\" title=\"{{post_title}}\">{{{crop_title}}}<\/a><\/h3>                    <div class=\"file-xinfo\">                        {{#if description}}<div class=\"file-desc\">{{{description}}}<\/div>{{\/if}}{{#if versionNumber}}<div class=\"file-version\"><span>Vers\u00e3o:<\/span> {{versionNumber}}<\/div>{{\/if}}<div class=\"file-size\"><span>Tamanho:<\/span> {{bytesToSize size}}<\/div><div class=\"file-hits\"><span>Hits:<\/span> {{hits}}<\/div><div class=\"file-dated\"><span>Data de Publica\u00e7\u00e3o<\/span> {{created}}<\/div>                    <\/div>                <\/div>                <span class=\"file-right\">                    <a class=\"downloadlink wpfd_downloadlink\"  href=\"{{linkdownload}}\" style=\"background-color:#76bc58;color:#ffffff;\">Baixar<i class=\"zmdi zmdi-cloud-download wpfd-download\"><\/i><\/a>{{#if openpdflink}}<a class=\"openlink wpfdlightbox wpfd_previewlink\" href=\"{{openpdflink}}\" target=\"\">Visualizar                            <i class=\"zmdi zmdi-filter-center-focus wpfd-preview\"><\/i>                        <\/a>{{else}}{{#if viewerlink}}<a                            href=\"{{viewerlink}}\"                            class=\"openlink wpfdlightbox wpfd_previewlink\"                            target=\"\"                            data-id=\"{{ID}}\"                            data-catid=\"{{catid}}\"                            data-file-type=\"{{ext}}\">Visualizar<i class=\"zmdi zmdi-filter-center-focus wpfd-preview\"><\/i>                        <\/a>{{\/if}}{{\/if}}                <\/span>            <\/div>            {{\/each}}            <div class=\"file flex_span\" style=\"margin : 10px 10px 10px 10px;\"><\/div>        <\/div>        {{\/if}}    <\/script><div class=\"wpfd-container\">        <div class=\"wpfd-open-tree\"><\/div>    <div class=\"wpfd-container-default \">        <div class=\"wpfd-categories\"><h2>Aviso Dispensa de Licita\u00e7\u00e3o<\/h2><\/div>                    <div class=\"wpfd_list\">                                    <div class=\"file\" style=\"margin : 10px 10px 10px 10px;\"                         data-id=\"2110\"                         data-catid=\"161\">                        <div class=\"filecontent\">                            <div class=\"ext ext-pdf\"><span class=\"txt\">pdf<\/div><h3><a href=\"https:\/\/portal.pi.gov.br\/jucepi\/download\/161\/aviso-dispensa-de-licitacao\/2110\/dispensa-eletronica-no-03-2024.pdf\"  class=\"wpfd_downloadlink\" title=\"DISPENSA ELETR\u00d4NICA N\u00ba 03\/2024\">DISPENSA ELETR\u00d4NICA N\u00ba 03\/2024<\/a><\/h3>                            <div class=\"file-xinfo\">                                <div class=\"file-desc\">Manuten\u00e7\u00e3o de equipamentos de inform\u00e1tica.<\/div><div class=\"file-size\"><span>Tamanho:<\/span> 1.92 MB<\/div><div class=\"file-hits\"><span>Hits:<\/span> 144<\/div><div class=\"file-dated\"><span>Data de Publica\u00e7\u00e3o<\/span> 22-03-2024<\/div>                            <\/div>                        <\/div>                        <div class=\"file-right\">                            <a class=\"downloadlink wpfd_downloadlink\"  href=\"https:\/\/portal.pi.gov.br\/jucepi\/download\/161\/aviso-dispensa-de-licitacao\/2110\/dispensa-eletronica-no-03-2024.pdf\" style=\"background-color:#76bc58;color:#ffffff;\">Baixar<i class=\"zmdi zmdi-cloud-download wpfd-download\"><\/i><\/a><a                            href=\"https:\/\/docs.google.com\/viewer?url=https%3A%2F%2Fportal.pi.gov.br%2Fjucepi%2Fwp-admin%2Fadmin-ajax.php%3Fjuwpfisadmin%3Dfalse%26action%3Dwpfd%26task%3Dfile.download%26wpfd_category_id%3D161%26wpfd_file_id%3D2110%26token%3D%26preview%3D1&#038;embedded=true\"                            class=\"openlink wpfdlightbox wpfd_previewlink\"                            target=\"\"                            data-id=\"2110\"                            data-catid=\"161\"                            data-file-type=\"pdf\">Visualizar<i class=\"zmdi zmdi-filter-center-focus wpfd-preview\"><\/i>                        <\/a>                        <\/div>                    <\/div>                                    <div class=\"file\" style=\"margin : 10px 10px 10px 10px;\"                         data-id=\"2080\"                         data-catid=\"161\">                        <div class=\"filecontent\">                            <div class=\"ext ext-pdf\"><span class=\"txt\">pdf<\/div><h3><a href=\"https:\/\/portal.pi.gov.br\/jucepi\/download\/161\/aviso-dispensa-de-licitacao\/2080\/dispensa-eletronica-no-02-2024.pdf\"  class=\"wpfd_downloadlink\" title=\"DISPENSA ELETR\u00d4NICA N\u00ba 02\/2024\">DISPENSA ELETR\u00d4NICA N\u00ba 02\/2024<\/a><\/h3>                            <div class=\"file-xinfo\">                                <div class=\"file-desc\">Loca\u00e7\u00e3o de Impressoras.<\/div><div class=\"file-size\"><span>Tamanho:<\/span> 1.71 MB<\/div><div class=\"file-hits\"><span>Hits:<\/span> 119<\/div><div class=\"file-dated\"><span>Data de Publica\u00e7\u00e3o<\/span> 11-03-2024<\/div>                            <\/div>                        <\/div>                        <div class=\"file-right\">                            <a class=\"downloadlink wpfd_downloadlink\"  href=\"https:\/\/portal.pi.gov.br\/jucepi\/download\/161\/aviso-dispensa-de-licitacao\/2080\/dispensa-eletronica-no-02-2024.pdf\" style=\"background-color:#76bc58;color:#ffffff;\">Baixar<i class=\"zmdi zmdi-cloud-download wpfd-download\"><\/i><\/a><a                            href=\"https:\/\/docs.google.com\/viewer?url=https%3A%2F%2Fportal.pi.gov.br%2Fjucepi%2Fwp-admin%2Fadmin-ajax.php%3Fjuwpfisadmin%3Dfalse%26action%3Dwpfd%26task%3Dfile.download%26wpfd_category_id%3D161%26wpfd_file_id%3D2080%26token%3D%26preview%3D1&#038;embedded=true\"                            class=\"openlink wpfdlightbox wpfd_previewlink\"                            target=\"\"                            data-id=\"2080\"                            data-catid=\"161\"                            data-file-type=\"pdf\">Visualizar<i class=\"zmdi zmdi-filter-center-focus wpfd-preview\"><\/i>                        <\/a>                        <\/div>                    <\/div>                                    <div class=\"file\" style=\"margin : 10px 10px 10px 10px;\"                         data-id=\"2084\"                         data-catid=\"161\">                        <div class=\"filecontent\">                            <div class=\"ext ext-pdf\"><span class=\"txt\">pdf<\/div><h3><a href=\"https:\/\/portal.pi.gov.br\/jucepi\/download\/161\/aviso-dispensa-de-licitacao\/2084\/dispensa-eletronica-no-01-2024.pdf\"  class=\"wpfd_downloadlink\" title=\"DISPENSA ELETR\u00d4NICA N\u00ba 01\/2024\">DISPENSA ELETR\u00d4NICA N\u00ba 01\/2024<\/a><\/h3>                            <div class=\"file-xinfo\">                                <div class=\"file-desc\">Loca\u00e7\u00e3o de Central Telef\u00f4nica.<\/div><div class=\"file-size\"><span>Tamanho:<\/span> 2.92 MB<\/div><div class=\"file-hits\"><span>Hits:<\/span> 129<\/div><div class=\"file-dated\"><span>Data de Publica\u00e7\u00e3o<\/span> 08-03-2024<\/div>                            <\/div>                        <\/div>                        <div class=\"file-right\">                            <a class=\"downloadlink wpfd_downloadlink\"  href=\"https:\/\/portal.pi.gov.br\/jucepi\/download\/161\/aviso-dispensa-de-licitacao\/2084\/dispensa-eletronica-no-01-2024.pdf\" style=\"background-color:#76bc58;color:#ffffff;\">Baixar<i class=\"zmdi zmdi-cloud-download wpfd-download\"><\/i><\/a><a                            href=\"https:\/\/docs.google.com\/viewer?url=https%3A%2F%2Fportal.pi.gov.br%2Fjucepi%2Fwp-admin%2Fadmin-ajax.php%3Fjuwpfisadmin%3Dfalse%26action%3Dwpfd%26task%3Dfile.download%26wpfd_category_id%3D161%26wpfd_file_id%3D2084%26token%3D%26preview%3D1&#038;embedded=true\"                            class=\"openlink wpfdlightbox wpfd_previewlink\"                            target=\"\"                            data-id=\"2084\"                            data-catid=\"161\"                            data-file-type=\"pdf\">Visualizar<i class=\"zmdi zmdi-filter-center-focus wpfd-preview\"><\/i>                        <\/a>                        <\/div>                    <\/div>                                <div class=\"file flex_span\" style=\"margin : 10px 10px 10px 10px;\"><\/div>            <\/div>                    <\/div><\/div><\/div>\n","protected":false},"excerpt":{"rendered":"","protected":false},"author":1,"featured_media":0,"parent":0,"menu_order":0,"comment_status":"closed","ping_status":"closed","template":"template-fullwidth.php","meta":[],"featured_image_urls":{"full":"","thumbnail":"","medium":"","medium_large":"","large":"","sgg-420":"","sgg-540":"","sgg-780":"","1536x1536":"","2048x2048":"","homepage-slider":"","homepage-slider-small":"","page-top":"","page-small":"","loop-main":"","thumb-gallery-widget":""},"post_excerpt_stackable":"<p>Aviso Dispensa de Licita\u00e7\u00e3o Aviso Dispensa de Licita\u00e7\u00e3o pdfDISPENSA ELETR\u00d4NICA N\u00ba 03\/2024 Manuten\u00e7\u00e3o de equipamentos de inform\u00e1tica.Tamanho: 1.92 MBHits: 144Data de Publica\u00e7\u00e3o 22-03-2024 BaixarVisualizar pdfDISPENSA ELETR\u00d4NICA N\u00ba 02\/2024 Loca\u00e7\u00e3o de Impressoras.Tamanho: 1.71 MBHits: 119Data de Publica\u00e7\u00e3o 11-03-2024 BaixarVisualizar pdfDISPENSA ELETR\u00d4NICA N\u00ba 01\/2024 Loca\u00e7\u00e3o de Central Telef\u00f4nica.Tamanho: 2.92 MBHits: 129Data de Publica\u00e7\u00e3o 08-03-2024 BaixarVisualizar<\/p>\n","category_list":"","author_info":{"name":"admin","url":"https:\/\/portal.pi.gov.br\/jucepi\/author\/admin\/"},"comments_num":"0 coment\u00e1rio","featured_image_urls_v2":{"full":"","thumbnail":"","medium":"","medium_large":"","large":"","sgg-420":"","sgg-540":"","sgg-780":"","1536x1536":"","2048x2048":"","homepage-slider":"","homepage-slider-small":"","page-top":"","page-small":"","loop-main":"","thumb-gallery-widget":""},"post_excerpt_stackable_v2":"<p>Aviso Dispensa de Licita\u00e7\u00e3o Aviso Dispensa de Licita\u00e7\u00e3o pdfDISPENSA ELETR\u00d4NICA N\u00ba 03\/2024 Manuten\u00e7\u00e3o de equipamentos de inform\u00e1tica.Tamanho: 1.92 MBHits: 144Data de Publica\u00e7\u00e3o 22-03-2024 BaixarVisualizar pdfDISPENSA ELETR\u00d4NICA N\u00ba 02\/2024 Loca\u00e7\u00e3o de Impressoras.Tamanho: 1.71 MBHits: 119Data de Publica\u00e7\u00e3o 11-03-2024 BaixarVisualizar pdfDISPENSA ELETR\u00d4NICA N\u00ba 01\/2024 Loca\u00e7\u00e3o de Central Telef\u00f4nica.Tamanho: 2.92 MBHits: 129Data de Publica\u00e7\u00e3o 08-03-2024 BaixarVisualizar<\/p>\n","category_list_v2":"","author_info_v2":{"name":"admin","url":"https:\/\/portal.pi.gov.br\/jucepi\/author\/admin\/"},"comments_num_v2":"0 coment\u00e1rio","_links":{"self":[{"href":"https:\/\/portal.pi.gov.br\/jucepi\/wp-json\/wp\/v2\/pages\/2077"}],"collection":[{"href":"https:\/\/portal.pi.gov.br\/jucepi\/wp-json\/wp\/v2\/pages"}],"about":[{"href":"https:\/\/portal.pi.gov.br\/jucepi\/wp-json\/wp\/v2\/types\/page"}],"author":[{"embeddable":true,"href":"https:\/\/portal.pi.gov.br\/jucepi\/wp-json\/wp\/v2\/users\/1"}],"replies":[{"embeddable":true,"href":"https:\/\/portal.pi.gov.br\/jucepi\/wp-json\/wp\/v2\/comments?post=2077"}],"version-history":[{"count":1,"href":"https:\/\/portal.pi.gov.br\/jucepi\/wp-json\/wp\/v2\/pages\/2077\/revisions"}],"predecessor-version":[{"id":2078,"href":"https:\/\/portal.pi.gov.br\/jucepi\/wp-json\/wp\/v2\/pages\/2077\/revisions\/2078"}],"wp:attachment":[{"href":"https:\/\/portal.pi.gov.br\/jucepi\/wp-json\/wp\/v2\/media?parent=2077"}],"curies":[{"name":"wp","href":"https:\/\/api.w.org\/{rel}","templated":true}]}}