{"id":2113,"date":"2024-03-22T13:35:28","date_gmt":"2024-03-22T16:35:28","guid":{"rendered":"https:\/\/portal.pi.gov.br\/jucepi\/?page_id=2113"},"modified":"2024-03-22T13:35:29","modified_gmt":"2024-03-22T16:35:29","slug":"relacao-das-despesas-liquidadas","status":"publish","type":"page","link":"https:\/\/portal.pi.gov.br\/jucepi\/relacao-das-despesas-liquidadas\/","title":{"rendered":"Rela\u00e7\u00e3o das Despesas Liquidadas"},"content":{"rendered":"<script type=\"text\/x-handlebars-template\"        id=\"wpfd-template-table-categories-169\">    <div class=\"wpfd-categories\">{{#if category}}{{#with category}}{{#if parent}}<a class=\"catlink backcategory\" href=\"#\" data-idcat=\"{{parent}}\">                        <i class=\"zmdi zmdi-chevron-left\"><\/i><span>Voltar<\/span><\/a>{{\/if}}{{\/with}}{{\/if}}<\/div><\/script><script type=\"text\/x-handlebars-template\" id=\"wpfd-template-table-169\">    {{#if files}}    {{#each files}}    <tr class=\"file\" data-id=\"{{ID}}\" data-catid=\"{{catid}}\">    <td class=\"file_title\"><a class=\"wpfd_downloadlink\" href=\"{{linkdownload}}\" title=\"{{post_title}}\"><span class=\"extcol\">{{#if file_custom_icon}}<span class=\"icon-custom\"><img src=\"{{file_custom_icon}}\"><\/span>{{else}}<span class=\"ext ext-{{ext}}\"><\/span>{{\/if}}<\/span>{{{crop_title}}}<\/a><\/td><td class=\"file_size\">{{bytesToSize size}}<\/td><td class=\"file_created\">{{created}}<\/td>                    <td class=\"col-download\">                <a class=\"downloadlink wpfd_downloadlink\"  href=\"{{linkdownload}}\" style=\"background-color:#76bc58;color:#ffffff;\">Baixar<i class=\"zmdi zmdi-cloud-download wpfd-download\"><\/i><\/a>{{#if openpdflink}}<a class=\"openlink wpfdlightbox wpfd_previewlink\" href=\"{{openpdflink}}\" target=\"\">Visualizar                            <i class=\"zmdi zmdi-filter-center-focus wpfd-preview\"><\/i>                        <\/a>{{else}}{{#if viewerlink}}<a                            href=\"{{viewerlink}}\"                            class=\"openlink wpfdlightbox wpfd_previewlink\"                            target=\"\"                            data-id=\"{{ID}}\"                            data-catid=\"{{catid}}\"                            data-file-type=\"{{ext}}\">Visualizar<i class=\"zmdi zmdi-filter-center-focus wpfd-preview\"><\/i>                        <\/a>{{\/if}}{{\/if}}            <\/td>            <\/tr>    {{\/each}}    {{\/if}}<\/script><div class=\"wpfd-content wpfd-content-table wpfd-content-multi colstyle\" data-category=\"169\"><input type=\"hidden\" id=\"current_category_169\" value=\"169\" \/>                    <input type=\"hidden\" id=\"current_category_slug_169\" value=\"relacao-das-despesas-liquidadas\" \/>                    <input type=\"hidden\" id=\"current_ordering_169\" value=\"created_time\" \/>                    <input type=\"hidden\" id=\"current_ordering_direction_169\" value=\"desc\" \/><div class=\"wpfd-container\">        <div class=\"wpfd-open-tree\"><\/div>    <div class=\"wpfd-container-table \">        <div class=\"wpfd-categories\"><\/div>        <table class=\"wpfd-table wpfd-table-bordered wpfd-table-striped mediaTable\">            <thead>            <tr>                <th class=\"essential persist file_title\">T\u00edtulo<\/th><th class=\"optional file_size\">Tamanho<\/th><th class=\"optional file_created\">Data de Publica\u00e7\u00e3o<\/th><th class=\"essential file_download\">Baixar<\/th>            <\/tr>            <\/thead>            <tbody>                            <tr class=\"file\" data-id=\"3347\"                    data-catid=\"169\">                    <td class=\"file_title\"><a class=\"wpfd_downloadlink\" href=\"https:\/\/portal.pi.gov.br\/jucepi\/download\/169\/relacao-das-despesas-liquidadas\/3347\/fevereiro-de-2026.pdf\" title=\"Fevereiro de 2026\"><span class=\"extcol\">                                <span class=\"ext ext-pdf\"><\/span>                                Fevereiro de 2026                            <\/span><\/a><\/td><td class=\"file_size\">4.32 MB<\/td><td class=\"file_created\">25-03-2026<\/td>                                            <td class=\"col-download\">                            <a class=\"downloadlink wpfd_downloadlink\"  href=\"https:\/\/portal.pi.gov.br\/jucepi\/download\/169\/relacao-das-despesas-liquidadas\/3347\/fevereiro-de-2026.pdf\" style=\"background-color:#76bc58;color:#ffffff;\">Baixar<i class=\"zmdi zmdi-cloud-download wpfd-download\"><\/i><\/a><a                            href=\"https:\/\/docs.google.com\/viewer?url=https%3A%2F%2Fportal.pi.gov.br%2Fjucepi%2Fwp-admin%2Fadmin-ajax.php%3Fjuwpfisadmin%3Dfalse%26action%3Dwpfd%26task%3Dfile.download%26wpfd_category_id%3D169%26wpfd_file_id%3D3347%26token%3D%26preview%3D1&#038;embedded=true\"                            class=\"openlink wpfdlightbox wpfd_previewlink\"                            target=\"\"                            data-id=\"3347\"                            data-catid=\"169\"                            data-file-type=\"pdf\">Visualizar<i class=\"zmdi zmdi-filter-center-focus wpfd-preview\"><\/i>                        <\/a>                        <\/td>                                    <\/tr>                            <tr class=\"file\" data-id=\"3206\"                    data-catid=\"169\">                    <td class=\"file_title\"><a class=\"wpfd_downloadlink\" href=\"https:\/\/portal.pi.gov.br\/jucepi\/download\/169\/relacao-das-despesas-liquidadas\/3206\/janeiro-de-2026.pdf\" title=\"Janeiro de 2026\"><span class=\"extcol\">                                <span class=\"ext ext-pdf\"><\/span>                                Janeiro de 2026                            <\/span><\/a><\/td><td class=\"file_size\">3.17 MB<\/td><td class=\"file_created\">26-02-2026<\/td>                                            <td class=\"col-download\">                            <a class=\"downloadlink wpfd_downloadlink\"  href=\"https:\/\/portal.pi.gov.br\/jucepi\/download\/169\/relacao-das-despesas-liquidadas\/3206\/janeiro-de-2026.pdf\" style=\"background-color:#76bc58;color:#ffffff;\">Baixar<i class=\"zmdi zmdi-cloud-download wpfd-download\"><\/i><\/a><a                            href=\"https:\/\/docs.google.com\/viewer?url=https%3A%2F%2Fportal.pi.gov.br%2Fjucepi%2Fwp-admin%2Fadmin-ajax.php%3Fjuwpfisadmin%3Dfalse%26action%3Dwpfd%26task%3Dfile.download%26wpfd_category_id%3D169%26wpfd_file_id%3D3206%26token%3D%26preview%3D1&#038;embedded=true\"                            class=\"openlink wpfdlightbox wpfd_previewlink\"                            target=\"\"                            data-id=\"3206\"                            data-catid=\"169\"                            data-file-type=\"pdf\">Visualizar<i class=\"zmdi zmdi-filter-center-focus wpfd-preview\"><\/i>                        <\/a>                        <\/td>                                    <\/tr>                            <tr class=\"file\" data-id=\"2984\"                    data-catid=\"169\">                    <td class=\"file_title\"><a class=\"wpfd_downloadlink\" href=\"https:\/\/portal.pi.gov.br\/jucepi\/download\/169\/relacao-das-despesas-liquidadas\/2984\/dezembro-de-2025.pdf\" title=\"Dezembro de 2025\"><span class=\"extcol\">                                <span class=\"ext ext-pdf\"><\/span>                                Dezembro de 2025                            <\/span><\/a><\/td><td class=\"file_size\">202.92 KB<\/td><td class=\"file_created\">16-01-2026<\/td>                                            <td class=\"col-download\">                            <a class=\"downloadlink wpfd_downloadlink\"  href=\"https:\/\/portal.pi.gov.br\/jucepi\/download\/169\/relacao-das-despesas-liquidadas\/2984\/dezembro-de-2025.pdf\" style=\"background-color:#76bc58;color:#ffffff;\">Baixar<i class=\"zmdi zmdi-cloud-download wpfd-download\"><\/i><\/a><a                            href=\"https:\/\/docs.google.com\/viewer?url=https%3A%2F%2Fportal.pi.gov.br%2Fjucepi%2Fwp-admin%2Fadmin-ajax.php%3Fjuwpfisadmin%3Dfalse%26action%3Dwpfd%26task%3Dfile.download%26wpfd_category_id%3D169%26wpfd_file_id%3D2984%26token%3D%26preview%3D1&#038;embedded=true\"                            class=\"openlink wpfdlightbox wpfd_previewlink\"                            target=\"\"                            data-id=\"2984\"                            data-catid=\"169\"                            data-file-type=\"pdf\">Visualizar<i class=\"zmdi zmdi-filter-center-focus wpfd-preview\"><\/i>                        <\/a>                        <\/td>                                    <\/tr>                            <tr class=\"file\" data-id=\"2928\"                    data-catid=\"169\">                    <td class=\"file_title\"><a class=\"wpfd_downloadlink\" href=\"https:\/\/portal.pi.gov.br\/jucepi\/download\/169\/relacao-das-despesas-liquidadas\/2928\/novembro-de-2025.pdf\" title=\"Novembro de 2025\"><span class=\"extcol\">                                <span class=\"ext ext-pdf\"><\/span>                                Novembro de 2025                            <\/span><\/a><\/td><td class=\"file_size\">191.27 KB<\/td><td class=\"file_created\">17-12-2025<\/td>                                            <td class=\"col-download\">                            <a class=\"downloadlink wpfd_downloadlink\"  href=\"https:\/\/portal.pi.gov.br\/jucepi\/download\/169\/relacao-das-despesas-liquidadas\/2928\/novembro-de-2025.pdf\" style=\"background-color:#76bc58;color:#ffffff;\">Baixar<i class=\"zmdi zmdi-cloud-download wpfd-download\"><\/i><\/a><a                            href=\"https:\/\/docs.google.com\/viewer?url=https%3A%2F%2Fportal.pi.gov.br%2Fjucepi%2Fwp-admin%2Fadmin-ajax.php%3Fjuwpfisadmin%3Dfalse%26action%3Dwpfd%26task%3Dfile.download%26wpfd_category_id%3D169%26wpfd_file_id%3D2928%26token%3D%26preview%3D1&#038;embedded=true\"                            class=\"openlink wpfdlightbox wpfd_previewlink\"                            target=\"\"                            data-id=\"2928\"                            data-catid=\"169\"                            data-file-type=\"pdf\">Visualizar<i class=\"zmdi zmdi-filter-center-focus wpfd-preview\"><\/i>                        <\/a>                        <\/td>                                    <\/tr>                            <tr class=\"file\" data-id=\"2900\"                    data-catid=\"169\">                    <td class=\"file_title\"><a class=\"wpfd_downloadlink\" href=\"https:\/\/portal.pi.gov.br\/jucepi\/download\/169\/relacao-das-despesas-liquidadas\/2900\/outubro-de-2025.pdf\" title=\"Outubro de 2025\"><span class=\"extcol\">                                <span class=\"ext ext-pdf\"><\/span>                                Outubro de 2025                            <\/span><\/a><\/td><td class=\"file_size\">174.21 KB<\/td><td class=\"file_created\">21-11-2025<\/td>                                            <td class=\"col-download\">                            <a class=\"downloadlink wpfd_downloadlink\"  href=\"https:\/\/portal.pi.gov.br\/jucepi\/download\/169\/relacao-das-despesas-liquidadas\/2900\/outubro-de-2025.pdf\" style=\"background-color:#76bc58;color:#ffffff;\">Baixar<i class=\"zmdi zmdi-cloud-download wpfd-download\"><\/i><\/a><a                            href=\"https:\/\/docs.google.com\/viewer?url=https%3A%2F%2Fportal.pi.gov.br%2Fjucepi%2Fwp-admin%2Fadmin-ajax.php%3Fjuwpfisadmin%3Dfalse%26action%3Dwpfd%26task%3Dfile.download%26wpfd_category_id%3D169%26wpfd_file_id%3D2900%26token%3D%26preview%3D1&#038;embedded=true\"                            class=\"openlink wpfdlightbox wpfd_previewlink\"                            target=\"\"                            data-id=\"2900\"                            data-catid=\"169\"                            data-file-type=\"pdf\">Visualizar<i class=\"zmdi zmdi-filter-center-focus wpfd-preview\"><\/i>                        <\/a>                        <\/td>                                    <\/tr>                            <tr class=\"file\" data-id=\"2882\"                    data-catid=\"169\">                    <td class=\"file_title\"><a class=\"wpfd_downloadlink\" href=\"https:\/\/portal.pi.gov.br\/jucepi\/download\/169\/relacao-das-despesas-liquidadas\/2882\/setembro-de-2025.pdf\" title=\"Setembro de 2025\"><span class=\"extcol\">                                <span class=\"ext ext-pdf\"><\/span>                                Setembro de 2025                            <\/span><\/a><\/td><td class=\"file_size\">821.51 KB<\/td><td class=\"file_created\">20-10-2025<\/td>                                            <td class=\"col-download\">                            <a class=\"downloadlink wpfd_downloadlink\"  href=\"https:\/\/portal.pi.gov.br\/jucepi\/download\/169\/relacao-das-despesas-liquidadas\/2882\/setembro-de-2025.pdf\" style=\"background-color:#76bc58;color:#ffffff;\">Baixar<i class=\"zmdi zmdi-cloud-download wpfd-download\"><\/i><\/a><a                            href=\"https:\/\/docs.google.com\/viewer?url=https%3A%2F%2Fportal.pi.gov.br%2Fjucepi%2Fwp-admin%2Fadmin-ajax.php%3Fjuwpfisadmin%3Dfalse%26action%3Dwpfd%26task%3Dfile.download%26wpfd_category_id%3D169%26wpfd_file_id%3D2882%26token%3D%26preview%3D1&#038;embedded=true\"                            class=\"openlink wpfdlightbox wpfd_previewlink\"                            target=\"\"                            data-id=\"2882\"                            data-catid=\"169\"                            data-file-type=\"pdf\">Visualizar<i class=\"zmdi zmdi-filter-center-focus wpfd-preview\"><\/i>                        <\/a>                        <\/td>                                    <\/tr>                            <tr class=\"file\" data-id=\"2834\"                    data-catid=\"169\">                    <td class=\"file_title\"><a class=\"wpfd_downloadlink\" href=\"https:\/\/portal.pi.gov.br\/jucepi\/download\/169\/relacao-das-despesas-liquidadas\/2834\/agosto-de-2025.pdf\" title=\"Agosto de 2025\"><span class=\"extcol\">                                <span class=\"ext ext-pdf\"><\/span>                                Agosto de 2025                            <\/span><\/a><\/td><td class=\"file_size\">188.67 KB<\/td><td class=\"file_created\">18-09-2025<\/td>                                            <td class=\"col-download\">                            <a class=\"downloadlink wpfd_downloadlink\"  href=\"https:\/\/portal.pi.gov.br\/jucepi\/download\/169\/relacao-das-despesas-liquidadas\/2834\/agosto-de-2025.pdf\" style=\"background-color:#76bc58;color:#ffffff;\">Baixar<i class=\"zmdi zmdi-cloud-download wpfd-download\"><\/i><\/a><a                            href=\"https:\/\/docs.google.com\/viewer?url=https%3A%2F%2Fportal.pi.gov.br%2Fjucepi%2Fwp-admin%2Fadmin-ajax.php%3Fjuwpfisadmin%3Dfalse%26action%3Dwpfd%26task%3Dfile.download%26wpfd_category_id%3D169%26wpfd_file_id%3D2834%26token%3D%26preview%3D1&#038;embedded=true\"                            class=\"openlink wpfdlightbox wpfd_previewlink\"                            target=\"\"                            data-id=\"2834\"                            data-catid=\"169\"                            data-file-type=\"pdf\">Visualizar<i class=\"zmdi zmdi-filter-center-focus wpfd-preview\"><\/i>                        <\/a>                        <\/td>                                    <\/tr>                            <tr class=\"file\" data-id=\"2833\"                    data-catid=\"169\">                    <td class=\"file_title\"><a class=\"wpfd_downloadlink\" href=\"https:\/\/portal.pi.gov.br\/jucepi\/download\/169\/relacao-das-despesas-liquidadas\/2833\/julho-de-2025.pdf\" title=\"Julho de 2025\"><span class=\"extcol\">                                <span class=\"ext ext-pdf\"><\/span>                                Julho de 2025                            <\/span><\/a><\/td><td class=\"file_size\">176.41 KB<\/td><td class=\"file_created\">18-09-2025<\/td>                                            <td class=\"col-download\">                            <a class=\"downloadlink wpfd_downloadlink\"  href=\"https:\/\/portal.pi.gov.br\/jucepi\/download\/169\/relacao-das-despesas-liquidadas\/2833\/julho-de-2025.pdf\" style=\"background-color:#76bc58;color:#ffffff;\">Baixar<i class=\"zmdi zmdi-cloud-download wpfd-download\"><\/i><\/a><a                            href=\"https:\/\/docs.google.com\/viewer?url=https%3A%2F%2Fportal.pi.gov.br%2Fjucepi%2Fwp-admin%2Fadmin-ajax.php%3Fjuwpfisadmin%3Dfalse%26action%3Dwpfd%26task%3Dfile.download%26wpfd_category_id%3D169%26wpfd_file_id%3D2833%26token%3D%26preview%3D1&#038;embedded=true\"                            class=\"openlink wpfdlightbox wpfd_previewlink\"                            target=\"\"                            data-id=\"2833\"                            data-catid=\"169\"                            data-file-type=\"pdf\">Visualizar<i class=\"zmdi zmdi-filter-center-focus wpfd-preview\"><\/i>                        <\/a>                        <\/td>                                    <\/tr>                            <tr class=\"file\" data-id=\"2755\"                    data-catid=\"169\">                    <td class=\"file_title\"><a class=\"wpfd_downloadlink\" href=\"https:\/\/portal.pi.gov.br\/jucepi\/download\/169\/relacao-das-despesas-liquidadas\/2755\/junho-de-2025.pdf\" title=\"Junho de 2025\"><span class=\"extcol\">                                <span class=\"ext ext-pdf\"><\/span>                                Junho de 2025                            <\/span><\/a><\/td><td class=\"file_size\">193.32 KB<\/td><td class=\"file_created\">14-07-2025<\/td>                                            <td class=\"col-download\">                            <a class=\"downloadlink wpfd_downloadlink\"  href=\"https:\/\/portal.pi.gov.br\/jucepi\/download\/169\/relacao-das-despesas-liquidadas\/2755\/junho-de-2025.pdf\" style=\"background-color:#76bc58;color:#ffffff;\">Baixar<i class=\"zmdi zmdi-cloud-download wpfd-download\"><\/i><\/a><a                            href=\"https:\/\/docs.google.com\/viewer?url=https%3A%2F%2Fportal.pi.gov.br%2Fjucepi%2Fwp-admin%2Fadmin-ajax.php%3Fjuwpfisadmin%3Dfalse%26action%3Dwpfd%26task%3Dfile.download%26wpfd_category_id%3D169%26wpfd_file_id%3D2755%26token%3D%26preview%3D1&#038;embedded=true\"                            class=\"openlink wpfdlightbox wpfd_previewlink\"                            target=\"\"                            data-id=\"2755\"                            data-catid=\"169\"                            data-file-type=\"pdf\">Visualizar<i class=\"zmdi zmdi-filter-center-focus wpfd-preview\"><\/i>                        <\/a>                        <\/td>                                    <\/tr>                            <tr class=\"file\" data-id=\"2726\"                    data-catid=\"169\">                    <td class=\"file_title\"><a class=\"wpfd_downloadlink\" href=\"https:\/\/portal.pi.gov.br\/jucepi\/download\/169\/relacao-das-despesas-liquidadas\/2726\/maio-de-2025.pdf\" title=\"Maio de 2025\"><span class=\"extcol\">                                <span class=\"ext ext-pdf\"><\/span>                                Maio de 2025                            <\/span><\/a><\/td><td class=\"file_size\">870.73 KB<\/td><td class=\"file_created\">17-06-2025<\/td>                                            <td class=\"col-download\">                            <a class=\"downloadlink wpfd_downloadlink\"  href=\"https:\/\/portal.pi.gov.br\/jucepi\/download\/169\/relacao-das-despesas-liquidadas\/2726\/maio-de-2025.pdf\" style=\"background-color:#76bc58;color:#ffffff;\">Baixar<i class=\"zmdi zmdi-cloud-download wpfd-download\"><\/i><\/a><a                            href=\"https:\/\/docs.google.com\/viewer?url=https%3A%2F%2Fportal.pi.gov.br%2Fjucepi%2Fwp-admin%2Fadmin-ajax.php%3Fjuwpfisadmin%3Dfalse%26action%3Dwpfd%26task%3Dfile.download%26wpfd_category_id%3D169%26wpfd_file_id%3D2726%26token%3D%26preview%3D1&#038;embedded=true\"                            class=\"openlink wpfdlightbox wpfd_previewlink\"                            target=\"\"                            data-id=\"2726\"                            data-catid=\"169\"                            data-file-type=\"pdf\">Visualizar<i class=\"zmdi zmdi-filter-center-focus wpfd-preview\"><\/i>                        <\/a>                        <\/td>                                    <\/tr>                        <\/tbody>        <\/table>            <\/div><\/div><\/div><div class='wpfd-pagination'>\n\t<span class='page-numbers current'>1<\/span>\n<a class='page-numbers' data-page='2' data-sourcecat='169'>2<\/a>\n<a class='page-numbers' data-page='3' data-sourcecat='169'>3<\/a>\n<a class='next page-numbers' data-page='2' data-sourcecat='169'>Pr\u00f3ximo &raquo;<\/a>\n<\/div>\n\n","protected":false},"excerpt":{"rendered":"","protected":false},"author":28,"featured_media":0,"parent":0,"menu_order":0,"comment_status":"closed","ping_status":"closed","template":"template-fullwidth.php","meta":[],"featured_image_urls":{"full":"","thumbnail":"","medium":"","medium_large":"","large":"","sgg-420":"","sgg-540":"","sgg-780":"","1536x1536":"","2048x2048":"","homepage-slider":"","homepage-slider-small":"","page-top":"","page-small":"","loop-main":"","thumb-gallery-widget":""},"post_excerpt_stackable":"<p>T\u00edtuloTamanhoData de Publica\u00e7\u00e3oBaixar Fevereiro de 2026 4.32 MB25-03-2026 BaixarVisualizar Janeiro de 2026 3.17 MB26-02-2026 BaixarVisualizar Dezembro de 2025 202.92 KB16-01-2026 BaixarVisualizar Novembro de 2025 191.27 KB17-12-2025 BaixarVisualizar Outubro de 2025 174.21 KB21-11-2025 BaixarVisualizar Setembro de 2025 821.51 KB20-10-2025 BaixarVisualizar Agosto de 2025 188.67 KB18-09-2025 BaixarVisualizar Julho de 2025 176.41 KB18-09-2025 BaixarVisualizar Junho de 2025 193.32 KB14-07-2025 BaixarVisualizar Maio de 2025 870.73 KB17-06-2025 BaixarVisualizar 1 2 3 Pr\u00f3ximo &raquo;<\/p>\n","category_list":"","author_info":{"name":"tassodenis","url":"https:\/\/portal.pi.gov.br\/jucepi\/author\/tassodenis\/"},"comments_num":"0 coment\u00e1rio","featured_image_urls_v2":{"full":"","thumbnail":"","medium":"","medium_large":"","large":"","sgg-420":"","sgg-540":"","sgg-780":"","1536x1536":"","2048x2048":"","homepage-slider":"","homepage-slider-small":"","page-top":"","page-small":"","loop-main":"","thumb-gallery-widget":""},"post_excerpt_stackable_v2":"<p>T\u00edtuloTamanhoData de Publica\u00e7\u00e3oBaixar Fevereiro de 2026 4.32 MB25-03-2026 BaixarVisualizar Janeiro de 2026 3.17 MB26-02-2026 BaixarVisualizar Dezembro de 2025 202.92 KB16-01-2026 BaixarVisualizar Novembro de 2025 191.27 KB17-12-2025 BaixarVisualizar Outubro de 2025 174.21 KB21-11-2025 BaixarVisualizar Setembro de 2025 821.51 KB20-10-2025 BaixarVisualizar Agosto de 2025 188.67 KB18-09-2025 BaixarVisualizar Julho de 2025 176.41 KB18-09-2025 BaixarVisualizar Junho de 2025 193.32 KB14-07-2025 BaixarVisualizar Maio de 2025 870.73 KB17-06-2025 BaixarVisualizar 1 2 3 Pr\u00f3ximo &raquo;<\/p>\n","category_list_v2":"","author_info_v2":{"name":"tassodenis","url":"https:\/\/portal.pi.gov.br\/jucepi\/author\/tassodenis\/"},"comments_num_v2":"0 coment\u00e1rio","_links":{"self":[{"href":"https:\/\/portal.pi.gov.br\/jucepi\/wp-json\/wp\/v2\/pages\/2113"}],"collection":[{"href":"https:\/\/portal.pi.gov.br\/jucepi\/wp-json\/wp\/v2\/pages"}],"about":[{"href":"https:\/\/portal.pi.gov.br\/jucepi\/wp-json\/wp\/v2\/types\/page"}],"author":[{"embeddable":true,"href":"https:\/\/portal.pi.gov.br\/jucepi\/wp-json\/wp\/v2\/users\/28"}],"replies":[{"embeddable":true,"href":"https:\/\/portal.pi.gov.br\/jucepi\/wp-json\/wp\/v2\/comments?post=2113"}],"version-history":[{"count":2,"href":"https:\/\/portal.pi.gov.br\/jucepi\/wp-json\/wp\/v2\/pages\/2113\/revisions"}],"predecessor-version":[{"id":2179,"href":"https:\/\/portal.pi.gov.br\/jucepi\/wp-json\/wp\/v2\/pages\/2113\/revisions\/2179"}],"wp:attachment":[{"href":"https:\/\/portal.pi.gov.br\/jucepi\/wp-json\/wp\/v2\/media?parent=2113"}],"curies":[{"name":"wp","href":"https:\/\/api.w.org\/{rel}","templated":true}]}}