{"id":896,"date":"2022-02-08T08:04:31","date_gmt":"2022-02-08T11:04:31","guid":{"rendered":"https:\/\/portal.pi.gov.br\/jucepi\/?page_id=896"},"modified":"2024-01-08T11:39:12","modified_gmt":"2024-01-08T14:39:12","slug":"historia","status":"publish","type":"page","link":"https:\/\/portal.pi.gov.br\/jucepi\/historia\/","title":{"rendered":"Hist\u00f3ria"},"content":{"rendered":"\n<p>A Junta Comercial do Estado do Piau\u00ed (Jucepi) foi institu\u00edda pela Lei n\u00ba10 de 21 de junho de 1892 para o registro do com\u00e9rcio, o assentamento dos usos e das pr\u00e1ticas mercantis, tendo posteriormente suas fun\u00e7\u00f5es ampliadas para habilitar, nomear e fiscalizar tradutores p\u00fablicos, leiloeiros e demais agentes auxiliares do com\u00e9rcio.<\/p>\n\n\n\n<p>A Jucepi \u00e9 uma autarquia estadual \u201csui generis\u201d. Isso porque a Constitui\u00e7\u00e3o Federal de 1988 definiu a compet\u00eancia executiva dos Estados e normativa da Uni\u00e3o para as Juntas Comerciais. Desse modo, a Jucepi \u00e9 vinculada administrativamente \u00e0 Secretaria de Estado da Fazenda (Sefaz) do Governo do Piau\u00ed e, tecnicamente, ao Departamento Nacional de Registro Empresarial e Integra\u00e7\u00e3o (Drei) da Secretaria da Micro e Pequena Empresa e Empreendedorismo do Minist\u00e9rio do Desenvolvimento, Ind\u00fastria, Com\u00e9rcio e Servi\u00e7os. A institui\u00e7\u00e3o tem personalidade jur\u00eddica de direito p\u00fablico, sede e foro na cidade de Teresina, capital do Estado e compet\u00eancia em todo o territ\u00f3rio do Piau\u00ed.<\/p>\n\n\n<div class=\"wp-block-image\">\n<figure class=\"alignleft size-medium\"><img decoding=\"async\" loading=\"lazy\" width=\"300\" height=\"300\" src=\"https:\/\/portal.pi.gov.br\/jucepi\/wp-content\/uploads\/sites\/47\/2023\/03\/Fachada-Jucepi-300x300.jpg\" alt=\"\" class=\"wp-image-1136\" srcset=\"https:\/\/portal.pi.gov.br\/jucepi\/wp-content\/uploads\/sites\/47\/2023\/03\/Fachada-Jucepi-300x300.jpg 300w, https:\/\/portal.pi.gov.br\/jucepi\/wp-content\/uploads\/sites\/47\/2023\/03\/Fachada-Jucepi-1024x1024.jpg 1024w, https:\/\/portal.pi.gov.br\/jucepi\/wp-content\/uploads\/sites\/47\/2023\/03\/Fachada-Jucepi-150x150.jpg 150w, https:\/\/portal.pi.gov.br\/jucepi\/wp-content\/uploads\/sites\/47\/2023\/03\/Fachada-Jucepi-768x768.jpg 768w, https:\/\/portal.pi.gov.br\/jucepi\/wp-content\/uploads\/sites\/47\/2023\/03\/Fachada-Jucepi-420x420.jpg 420w, https:\/\/portal.pi.gov.br\/jucepi\/wp-content\/uploads\/sites\/47\/2023\/03\/Fachada-Jucepi-540x540.jpg 540w, https:\/\/portal.pi.gov.br\/jucepi\/wp-content\/uploads\/sites\/47\/2023\/03\/Fachada-Jucepi-780x780.jpg 780w, https:\/\/portal.pi.gov.br\/jucepi\/wp-content\/uploads\/sites\/47\/2023\/03\/Fachada-Jucepi-1536x1536.jpg 1536w, https:\/\/portal.pi.gov.br\/jucepi\/wp-content\/uploads\/sites\/47\/2023\/03\/Fachada-Jucepi-2048x2048.jpg 2048w, https:\/\/portal.pi.gov.br\/jucepi\/wp-content\/uploads\/sites\/47\/2023\/03\/Fachada-Jucepi-947x947.jpg 947w, https:\/\/portal.pi.gov.br\/jucepi\/wp-content\/uploads\/sites\/47\/2023\/03\/Fachada-Jucepi-624x624.jpg 624w\" sizes=\"(max-width: 300px) 100vw, 300px\" \/><figcaption class=\"wp-element-caption\">Sede da Jucepi, em Teresina.<\/figcaption><\/figure><\/div>\n\n\n<p>Desde 2015, sob a gest\u00e3o da presidente Alzenir Porto, a Jucepi iniciou uma transforma\u00e7\u00e3o digital que revolucionou o registro mercantil no estado e a tornou preparada para os novos desafios do mundo p\u00f3s-pandemia. Em 2016, foi lan\u00e7ado o sistema integrador da Redesim chamado Piau\u00ed Digital, que foi marco no processo de digitaliza\u00e7\u00e3o dos servi\u00e7os de registro empresarial no estado. Desde ent\u00e3o, a institui\u00e7\u00e3o ano a ano n\u00e3o parou de inovar, sempre buscando formas de melhorar a presta\u00e7\u00e3o dos servi\u00e7os com efici\u00eancia, efic\u00e1cia e efetividade que a sociedade piauiense exige dos servi\u00e7os p\u00fablicos.<\/p>\n\n\n\n<p>Em 2023, a Junta Comercial passou a ser vinculada \u00e0 Secretaria da Fazenda do Piau\u00ed (Sefaz-PI), conforme a <a href=\"https:\/\/portal.pi.gov.br\/jucepi\/download\/36\/legislacao\/1184\/lei-no-7-883-de-2022.pdf\">Lei N\u00ba 7.884, de 08 de dezembro de 2022<\/a>. Essa nova organiza\u00e7\u00e3o objetiva alinhar as a\u00e7\u00f5es de registro e licenciamento de empresas trazendo mais agilidade aos servi\u00e7os prestados. <\/p>\n\n\n\n<p>Nos \u00faltimos anos, a Jucepi vem trabalhando na melhoria do ambiente de neg\u00f3cios no estado, a exemplo da agilidade no registro e na formaliza\u00e7\u00e3o de neg\u00f3cios. Dentro do projeto de transforma\u00e7\u00e3o digital do Governo do Piau\u00ed, o sistema Piau\u00ed Digital foi reformulado e ampliado passando a ser chamado de <a href=\"https:\/\/portal.pi.gov.br\/jucepi\/2023\/06\/06\/piaui-digital-passa-se-chamar-gov-pi-empresas\/\">Gov.pi Empresas<\/a>.<\/p>\n\n\n\n<p>Por meio do sistema Gov.Pi\/Empresas, a Jucepi trabalha integrada \u00e0 Receita Federal do Brasil, aos \u00f3rg\u00e3os estaduais Secretaria de Estado da Fazenda do Piau\u00ed (Sefaz-PI), Secretaria de Estado do Meio Ambiente e Recursos H\u00eddricos (Semar), Secretaria de Estado da Sa\u00fade do Piau\u00ed (Sesapi) por meio da Diretoria de Vigil\u00e2ncia Sanit\u00e1ria, Corpo de Bombeiros Militar do Estado do Piau\u00ed, Adapi, Piau\u00ed Fomento, Investe Piau\u00ed e aos munic\u00edpios piauienses.<\/p>\n\n\n\n<p>A Jucepi est\u00e1 presente no escrit\u00f3rio de seus usu\u00e1rios, seja contadores, advogados, empres\u00e1rios; em qualquer hor\u00e1rio do dia e da semana; com os servi\u00e7os de abertura, altera\u00e7\u00e3o e baixa da empresa, certid\u00f5es, c\u00f3pias de documentos, escritura\u00e7\u00e3o de livros cont\u00e1beis, licenciamentos e mais de uma dezena de servi\u00e7os de forma 100% on-line.<\/p>\n\n\n\n<p><strong><a href=\"https:\/\/portal.pi.gov.br\/jucepi\/wp-content\/uploads\/sites\/47\/2023\/03\/Linha-do-tempo-130-anos.pdf\">Linha do tempo com os principais fatos da Jucepi desde sua cria\u00e7\u00e3o<\/a><\/strong><\/p>\n\n\n\n<p><strong>Vincula\u00e7\u00e3o T\u00e9cnica<\/strong><\/p>\n\n\n\n<p>Departamento Nacional de Registro Empresarial e Integra\u00e7\u00e3o (Drei) \u2013 Governo Federal<\/p>\n\n\n\n<p><strong>Vincula\u00e7\u00e3o Administrativa<\/strong><\/p>\n\n\n\n<p>Secretaria de Estado da Fazenda (Sefaz) \u2013 Governo do Piau\u00ed<\/p>\n\n\n\n<p><strong>Raz\u00e3o social:<\/strong> Junta Comercial do Estado do Piau\u00ed &#8211; Jucepi<\/p>\n\n\n\n<p><strong>CNPJ:<\/strong> 06.690.994\/0001-00<\/p>\n\n\n\n<p><strong>Site institucional:<\/strong> <a href=\"https:\/\/portal.pi.gov.br\/jucepi\/\">https:\/\/portal.pi.gov.br\/jucepi\/<\/a><\/p>\n\n\n\n<p><strong>Portal de servi\u00e7os:<\/strong> <a href=\"http:\/\/www.piauidigital.pi.gov.br\">www.piauidigital.pi.gov.br<\/a><\/p>\n","protected":false},"excerpt":{"rendered":"<p>A Junta Comercial do Estado do Piau\u00ed (Jucepi) foi institu\u00edda pela Lei n\u00ba10 de 21 de junho de 1892 para o registro do com\u00e9rcio, o assentamento dos usos e das [&hellip;]<\/p>\n","protected":false},"author":1,"featured_media":0,"parent":0,"menu_order":0,"comment_status":"closed","ping_status":"closed","template":"","meta":[],"featured_image_urls":{"full":"","thumbnail":"","medium":"","medium_large":"","large":"","sgg-420":"","sgg-540":"","sgg-780":"","1536x1536":"","2048x2048":"","homepage-slider":"","homepage-slider-small":"","page-top":"","page-small":"","loop-main":"","thumb-gallery-widget":""},"post_excerpt_stackable":"<p>A Junta Comercial do Estado do Piau\u00ed (Jucepi) foi institu\u00edda pela Lei n\u00ba10 de 21 de junho de 1892 para o registro do com\u00e9rcio, o assentamento dos usos e das pr\u00e1ticas mercantis, tendo posteriormente suas fun\u00e7\u00f5es ampliadas para habilitar, nomear e fiscalizar tradutores p\u00fablicos, leiloeiros e demais agentes auxiliares do com\u00e9rcio. A Jucepi \u00e9 uma autarquia estadual \u201csui generis\u201d. Isso porque a Constitui\u00e7\u00e3o Federal de 1988 definiu a compet\u00eancia executiva dos Estados e normativa da Uni\u00e3o para as Juntas Comerciais. Desse modo, a Jucepi \u00e9 vinculada administrativamente \u00e0 Secretaria de Estado da Fazenda (Sefaz) do Governo do Piau\u00ed e, tecnicamente,&hellip;<\/p>\n","category_list":"","author_info":{"name":"admin","url":"https:\/\/portal.pi.gov.br\/jucepi\/author\/admin\/"},"comments_num":"0 coment\u00e1rio","featured_image_urls_v2":{"full":"","thumbnail":"","medium":"","medium_large":"","large":"","sgg-420":"","sgg-540":"","sgg-780":"","1536x1536":"","2048x2048":"","homepage-slider":"","homepage-slider-small":"","page-top":"","page-small":"","loop-main":"","thumb-gallery-widget":""},"post_excerpt_stackable_v2":"<p>A Junta Comercial do Estado do Piau\u00ed (Jucepi) foi institu\u00edda pela Lei n\u00ba10 de 21 de junho de 1892 para o registro do com\u00e9rcio, o assentamento dos usos e das pr\u00e1ticas mercantis, tendo posteriormente suas fun\u00e7\u00f5es ampliadas para habilitar, nomear e fiscalizar tradutores p\u00fablicos, leiloeiros e demais agentes auxiliares do com\u00e9rcio. A Jucepi \u00e9 uma autarquia estadual \u201csui generis\u201d. Isso porque a Constitui\u00e7\u00e3o Federal de 1988 definiu a compet\u00eancia executiva dos Estados e normativa da Uni\u00e3o para as Juntas Comerciais. Desse modo, a Jucepi \u00e9 vinculada administrativamente \u00e0 Secretaria de Estado da Fazenda (Sefaz) do Governo do Piau\u00ed e, tecnicamente,&hellip;<\/p>\n","category_list_v2":"","author_info_v2":{"name":"admin","url":"https:\/\/portal.pi.gov.br\/jucepi\/author\/admin\/"},"comments_num_v2":"0 coment\u00e1rio","_links":{"self":[{"href":"https:\/\/portal.pi.gov.br\/jucepi\/wp-json\/wp\/v2\/pages\/896"}],"collection":[{"href":"https:\/\/portal.pi.gov.br\/jucepi\/wp-json\/wp\/v2\/pages"}],"about":[{"href":"https:\/\/portal.pi.gov.br\/jucepi\/wp-json\/wp\/v2\/types\/page"}],"author":[{"embeddable":true,"href":"https:\/\/portal.pi.gov.br\/jucepi\/wp-json\/wp\/v2\/users\/1"}],"replies":[{"embeddable":true,"href":"https:\/\/portal.pi.gov.br\/jucepi\/wp-json\/wp\/v2\/comments?post=896"}],"version-history":[{"count":12,"href":"https:\/\/portal.pi.gov.br\/jucepi\/wp-json\/wp\/v2\/pages\/896\/revisions"}],"predecessor-version":[{"id":1950,"href":"https:\/\/portal.pi.gov.br\/jucepi\/wp-json\/wp\/v2\/pages\/896\/revisions\/1950"}],"wp:attachment":[{"href":"https:\/\/portal.pi.gov.br\/jucepi\/wp-json\/wp\/v2\/media?parent=896"}],"curies":[{"name":"wp","href":"https:\/\/api.w.org\/{rel}","templated":true}]}}