{"id":903,"date":"2022-02-08T08:05:27","date_gmt":"2022-02-08T11:05:27","guid":{"rendered":"https:\/\/portal.pi.gov.br\/jucepi\/?page_id=903"},"modified":"2025-04-02T12:18:14","modified_gmt":"2025-04-02T15:18:14","slug":"colegio-de-vogais","status":"publish","type":"page","link":"https:\/\/portal.pi.gov.br\/jucepi\/colegio-de-vogais\/","title":{"rendered":"Col\u00e9gio de Vogais"},"content":{"rendered":"\n<p><strong>QUADRI\u00caNIO 2025\/ 2029:<\/strong><\/p>\n\n\n\n<p>I &#8211; ASSOCIA\u00c7\u00c3O COMERCIAL PIAUIENSE &#8211; ACP<br>a) Liza Tajra Nery &#8211; Vogal; e<br>b) Gledson Alves Evangelista &#8211; Suplente.<\/p>\n\n\n\n<p><br>II &#8211; C\u00c2MARA DE DIRIGENTES LOJISTAS &#8211; CDL<br>a) D\u00e9bora Nunes de Barros Mendes Oliveira &#8211; Vogal (reconduzida); e<br>b) Brunno Daniell Fonseca Costa Arnaud Rosal &#8211; Suplente (reconduzido).<\/p>\n\n\n\n<p><br>III &#8211; CENTRO DAS IND\u00daSTRIAS DO ESTADO DO PIAU\u00cd &#8211; CIEPI<br>a) Welder Sousa Melo &#8211; Vogal (reconduzida); e<br>b) Raimundo Andrade Santos J\u00fanior &#8211; Suplente (reconduzido).<br>Di\u00e1rio n\u00ba 45\/2025, 10 de mar\u00e7o de 2025.<\/p>\n\n\n\n<p>IV &#8211; CONSELHO REGIONAL DE ADMINISTRA\u00c7\u00c3O &#8211; CRA<br>a) Rosimar Sena Castelo Branco Lira &#8211; Vogal; e<br>b) Cristovam Colombo Matos de Ar\u00eaa Le\u00e3o &#8211; Suplente (reconduzido).<\/p>\n\n\n\n<p><br>V &#8211; CONSELHO REGIONAL DE CONTABILIDADE &#8211; CRC<br>a) Adriana de Almeida Paula da Gra\u00e7a &#8211; Vogal; e<br>b) Dasaev dos Santos Barbosa &#8211; Suplente.<\/p>\n\n\n\n<p><br>VI &#8211; CONSELHO REGIONAL DE ECONOMIA &#8211; CORECON<br>a) Valmir Martins Falc\u00e3o Sobrinho &#8211; Vogal; e<br>b) Ad\u00e3o Firmino Leal &#8211; Suplente.<\/p>\n\n\n\n<p><br>VII &#8211; FEDERA\u00c7\u00c3O DA AGRICULTURA E PECU\u00c1RIA DO PIAU\u00cd &#8211; FAEPI<br>a) Danilo da Paz Carvalho &#8211; Vogal; e<br>b) Mairla dos Santos Portela &#8211; Suplente.<\/p>\n\n\n\n<p><br>VIII &#8211; FEDERA\u00c7\u00c3O DAS ASSOCIA\u00c7\u00d5ES COMERCIAIS DO ESTADO DO PIAU\u00cd &#8211; FACEPI<br>a) Jos\u00e9 Airton Veras Soares &#8211; Vogal; e<br>b) Pedro Evangelista Coelho &#8211; Suplente.<\/p>\n\n\n\n<p><br>IX &#8211; FEDERA\u00c7\u00c3O DAS C\u00c2MARAS DE DIRIGENTES LOJISTAS &#8211; FCDL<br>a) Alexandre dos Santos Lima &#8211; Vogal; e<br>b) Lucas Reverdosa Castro Serra &#8211; Suplente.<\/p>\n\n\n\n<p><br>X &#8211; FEDERA\u00c7\u00c3O DAS IND\u00daSTRIAS DO ESTADO DO PIAU\u00cd &#8211; FIEPI<br>a) James Hermes Santos &#8211; Vogal (reconduzido); e<br>b) Francisco Marques Melo &#8211; Suplente (reconduzido).<\/p>\n\n\n\n<p><br>XI &#8211; FEDERA\u00c7\u00c3O DO COM\u00c9RCIO DE BENS, SERVI\u00c7OS E TURISMO DO ESTADO DO PIAU\u00cd<br>FECOM\u00c9RCIO<br>a) Denis Oliveira Cavalcante &#8211; Vogal (reconduzido); e<br>b) Augusto C\u00e9sar Chabloz Farias da Silva Filho &#8211; Suplente.<\/p>\n\n\n\n<p>XII &#8211; FEDERA\u00c7\u00c3O DO COM\u00c9RCIO VAREJISTA DO ESTADO DO PIAU\u00cd &#8211; FECOM\u00c9RCIO<br>a) Tertulino Ribeiro Passos &#8211; Vogal; e<br>b) Pedro de Oliveira Barbosa &#8211; Suplente.<\/p>\n\n\n\n<p><br>XIII &#8211; ORDEM DOS ADVOGADOS DO BRASIL &#8211; OAB &#8211; SEC\u00c7\u00c3O PIAU\u00cd<br>a) Leonardo Santis Konzen &#8211; Vogal (reconduzido); e<br>b) Andressa Sales Carneiro &#8211; Suplente.<\/p>\n\n\n\n<p><br>XIV &#8211; ORGANIZA\u00c7\u00c3O DAS COOPERATIVAS DO ESTADO DO PAIU\u00cd &#8211; OCB<br>a) Rafael de Oliveira Alves Filho &#8211; Vogal; e<br>b) Carmem Elisiene Campelo da Silva &#8211; Suplente.<\/p>\n\n\n\n<p><br>XV &#8211; SECRETARIA DE GOVERNO DO ESTADO DO PIAU\u00cd &#8211; SEGOV<br>a) David Oliveira Silva J\u00fanior &#8211; Vogal;<br>b) Thiago de Melo Freire Duarte Lima &#8211; Suplente;<br>c) Ivanovick Feitosa Dias Pinheiro &#8211; Vogal;<br>d) Francisco Vagner Ximenes Martins &#8211; Suplente<br>e) Bruno Gomes Oliveira de Moraes &#8211; Vogal; e<br>f) Daniel Carvalho Sampaio &#8211; Suplente.<\/p>\n\n\n\n<p>&#8212;<\/p>\n\n\n\n<p><em>Atualizado conforme: <\/em><\/p>\n\n\n\n<p><a href=\"https:\/\/www.diario.pi.gov.br\/doe\/files\/diarios\/anexo\/614db409-790a-44a3-98a8-f38a8875c9b3\/DOEPI_45_2025.pdf\">Decreto estadual n\u00ba 23.610, de 17 de fevereiro de 2025, publicado no Di\u00e1rio Oficial do Estado, de 10 de mar\u00e7o de 2025, referente \u00e0 nomea\u00e7\u00e3o dos vogais e suplentes.<\/a><\/p>\n\n\n\n<p><\/p>\n","protected":false},"excerpt":{"rendered":"<p>QUADRI\u00caNIO 2025\/ 2029: I &#8211; ASSOCIA\u00c7\u00c3O COMERCIAL PIAUIENSE &#8211; ACPa) Liza Tajra Nery &#8211; Vogal; eb) Gledson Alves Evangelista &#8211; Suplente. II &#8211; C\u00c2MARA DE DIRIGENTES LOJISTAS &#8211; CDLa) D\u00e9bora [&hellip;]<\/p>\n","protected":false},"author":1,"featured_media":0,"parent":0,"menu_order":0,"comment_status":"closed","ping_status":"closed","template":"template-fullwidth.php","meta":[],"featured_image_urls":{"full":"","thumbnail":"","medium":"","medium_large":"","large":"","sgg-420":"","sgg-540":"","sgg-780":"","1536x1536":"","2048x2048":"","homepage-slider":"","homepage-slider-small":"","page-top":"","page-small":"","loop-main":"","thumb-gallery-widget":""},"post_excerpt_stackable":"<p>QUADRI\u00caNIO 2025\/ 2029: I &#8211; ASSOCIA\u00c7\u00c3O COMERCIAL PIAUIENSE &#8211; ACPa) Liza Tajra Nery &#8211; Vogal; eb) Gledson Alves Evangelista &#8211; Suplente. II &#8211; C\u00c2MARA DE DIRIGENTES LOJISTAS &#8211; CDLa) D\u00e9bora Nunes de Barros Mendes Oliveira &#8211; Vogal (reconduzida); eb) Brunno Daniell Fonseca Costa Arnaud Rosal &#8211; Suplente (reconduzido). III &#8211; CENTRO DAS IND\u00daSTRIAS DO ESTADO DO PIAU\u00cd &#8211; CIEPIa) Welder Sousa Melo &#8211; Vogal (reconduzida); eb) Raimundo Andrade Santos J\u00fanior &#8211; Suplente (reconduzido).Di\u00e1rio n\u00ba 45\/2025, 10 de mar\u00e7o de 2025. IV &#8211; CONSELHO REGIONAL DE ADMINISTRA\u00c7\u00c3O &#8211; CRAa) Rosimar Sena Castelo Branco Lira &#8211; Vogal; eb) Cristovam Colombo Matos de&hellip;<\/p>\n","category_list":"","author_info":{"name":"admin","url":"https:\/\/portal.pi.gov.br\/jucepi\/author\/admin\/"},"comments_num":"0 coment\u00e1rio","featured_image_urls_v2":{"full":"","thumbnail":"","medium":"","medium_large":"","large":"","sgg-420":"","sgg-540":"","sgg-780":"","1536x1536":"","2048x2048":"","homepage-slider":"","homepage-slider-small":"","page-top":"","page-small":"","loop-main":"","thumb-gallery-widget":""},"post_excerpt_stackable_v2":"<p>QUADRI\u00caNIO 2025\/ 2029: I &#8211; ASSOCIA\u00c7\u00c3O COMERCIAL PIAUIENSE &#8211; ACPa) Liza Tajra Nery &#8211; Vogal; eb) Gledson Alves Evangelista &#8211; Suplente. II &#8211; C\u00c2MARA DE DIRIGENTES LOJISTAS &#8211; CDLa) D\u00e9bora Nunes de Barros Mendes Oliveira &#8211; Vogal (reconduzida); eb) Brunno Daniell Fonseca Costa Arnaud Rosal &#8211; Suplente (reconduzido). III &#8211; CENTRO DAS IND\u00daSTRIAS DO ESTADO DO PIAU\u00cd &#8211; CIEPIa) Welder Sousa Melo &#8211; Vogal (reconduzida); eb) Raimundo Andrade Santos J\u00fanior &#8211; Suplente (reconduzido).Di\u00e1rio n\u00ba 45\/2025, 10 de mar\u00e7o de 2025. IV &#8211; CONSELHO REGIONAL DE ADMINISTRA\u00c7\u00c3O &#8211; CRAa) Rosimar Sena Castelo Branco Lira &#8211; Vogal; eb) Cristovam Colombo Matos de&hellip;<\/p>\n","category_list_v2":"","author_info_v2":{"name":"admin","url":"https:\/\/portal.pi.gov.br\/jucepi\/author\/admin\/"},"comments_num_v2":"0 coment\u00e1rio","_links":{"self":[{"href":"https:\/\/portal.pi.gov.br\/jucepi\/wp-json\/wp\/v2\/pages\/903"}],"collection":[{"href":"https:\/\/portal.pi.gov.br\/jucepi\/wp-json\/wp\/v2\/pages"}],"about":[{"href":"https:\/\/portal.pi.gov.br\/jucepi\/wp-json\/wp\/v2\/types\/page"}],"author":[{"embeddable":true,"href":"https:\/\/portal.pi.gov.br\/jucepi\/wp-json\/wp\/v2\/users\/1"}],"replies":[{"embeddable":true,"href":"https:\/\/portal.pi.gov.br\/jucepi\/wp-json\/wp\/v2\/comments?post=903"}],"version-history":[{"count":5,"href":"https:\/\/portal.pi.gov.br\/jucepi\/wp-json\/wp\/v2\/pages\/903\/revisions"}],"predecessor-version":[{"id":2596,"href":"https:\/\/portal.pi.gov.br\/jucepi\/wp-json\/wp\/v2\/pages\/903\/revisions\/2596"}],"wp:attachment":[{"href":"https:\/\/portal.pi.gov.br\/jucepi\/wp-json\/wp\/v2\/media?parent=903"}],"curies":[{"name":"wp","href":"https:\/\/api.w.org\/{rel}","templated":true}]}}