{"id":905,"date":"2022-02-08T08:05:58","date_gmt":"2022-02-08T11:05:58","guid":{"rendered":"https:\/\/portal.pi.gov.br\/jucepi\/?page_id=905"},"modified":"2023-03-14T08:53:08","modified_gmt":"2023-03-14T11:53:08","slug":"missao-visao-e-competencia","status":"publish","type":"page","link":"https:\/\/portal.pi.gov.br\/jucepi\/missao-visao-e-competencia\/","title":{"rendered":"Miss\u00e3o, Vis\u00e3o e Compet\u00eancia"},"content":{"rendered":"\n<p><strong>Miss\u00e3o<\/strong><\/p>\n\n\n\n<p>Contribuir para o desenvolvimento socioecon\u00f4mico do Estado do Piau\u00ed por meio do registro dos atos empres\u00e1rios e das sociedades mercantis; a habilita\u00e7\u00e3o e a nomea\u00e7\u00e3o dos tradutores p\u00fablicos e int\u00e9rpretes comerciais, leiloeiros, trapicheiros e administradores de armaz\u00e9ns gerais; al\u00e9m de harmonizar os interesses dos empres\u00e1rios e das sociedades mercantis provendo-a de referenciais atrav\u00e9s da normatiza\u00e7\u00e3o das atividades.<\/p>\n\n\n\n<p><strong>Vis\u00e3o<\/strong><\/p>\n\n\n\n<p>Ser reconhecida e referenciada como um exemplo de organiza\u00e7\u00e3o p\u00fablica, \u00e1gil em seus processos, que atende \u00e0s expectativas dos clientes e proporciona bem-estar e satisfa\u00e7\u00e3o aos seus funcion\u00e1rios.<\/p>\n\n\n\n<p><strong>Compet\u00eancias<\/strong><\/p>\n\n\n\n<ul><li>Realizar o registro de empresas mercantis, a matr\u00edcula de leiloeiros, tradutores p\u00fablicos, int\u00e9rpretes comerciais, trapicheiros e administradores de armaz\u00e9ns gerais e seu respectivo cancelamento;<\/li><li>Implementar o desenvolvimento dos servi\u00e7os de arquivamento dos atos relativos \u00e0s sociedades mercantis, cooperativas, cons\u00f3rcios, grupos de sociedade e empresas mercantis estrangeiras autorizadas a funcionar no Brasil;<\/li><li>Promover a realiza\u00e7\u00e3o dos servi\u00e7os de arquivamento das declara\u00e7\u00f5es de microempresas e de atos ou documentos que por determina\u00e7\u00e3o legal, sejam atribu\u00eddos ao Registro P\u00fablico de Empresas Mercantis e Atividades Afins ou daqueles que possam interessar aos empres\u00e1rios e \u00e0s empresas mercantis;<\/li><li>Viabilizar a autentica\u00e7\u00e3o dos instrumentos de escritura\u00e7\u00e3o das empresas mercantis e dos agentes auxiliares do com\u00e9rcio, na forma da lei;<\/li><li>Definir crit\u00e9rios para o estabelecimento dos pre\u00e7os referentes aos servi\u00e7os prestados pela Autarquia;<\/li><li>Viabilizar a realiza\u00e7\u00e3o do processamento da habilita\u00e7\u00e3o e nomea\u00e7\u00e3o dos tradutores p\u00fablicos e int\u00e9rpretes comerciais;<\/li><li>Processar a expedi\u00e7\u00e3o de carteiras de exerc\u00edcio profissional de pessoas legalmente inscritas no Registro P\u00fablico de Empresas Mercantis e Atividades Afins;<\/li><li>Proceder ao assentamento dos usos e pr\u00e1ticas mercantis.<\/li><\/ul>\n","protected":false},"excerpt":{"rendered":"<p>Miss\u00e3o Contribuir para o desenvolvimento socioecon\u00f4mico do Estado do Piau\u00ed por meio do registro dos atos empres\u00e1rios e das sociedades mercantis; a habilita\u00e7\u00e3o e a nomea\u00e7\u00e3o dos tradutores p\u00fablicos e [&hellip;]<\/p>\n","protected":false},"author":1,"featured_media":0,"parent":0,"menu_order":0,"comment_status":"closed","ping_status":"closed","template":"template-fullwidth.php","meta":[],"featured_image_urls":{"full":"","thumbnail":"","medium":"","medium_large":"","large":"","sgg-420":"","sgg-540":"","sgg-780":"","1536x1536":"","2048x2048":"","homepage-slider":"","homepage-slider-small":"","page-top":"","page-small":"","loop-main":"","thumb-gallery-widget":""},"post_excerpt_stackable":"<p>Miss\u00e3o Contribuir para o desenvolvimento socioecon\u00f4mico do Estado do Piau\u00ed por meio do registro dos atos empres\u00e1rios e das sociedades mercantis; a habilita\u00e7\u00e3o e a nomea\u00e7\u00e3o dos tradutores p\u00fablicos e int\u00e9rpretes comerciais, leiloeiros, trapicheiros e administradores de armaz\u00e9ns gerais; al\u00e9m de harmonizar os interesses dos empres\u00e1rios e das sociedades mercantis provendo-a de referenciais atrav\u00e9s da normatiza\u00e7\u00e3o das atividades. Vis\u00e3o Ser reconhecida e referenciada como um exemplo de organiza\u00e7\u00e3o p\u00fablica, \u00e1gil em seus processos, que atende \u00e0s expectativas dos clientes e proporciona bem-estar e satisfa\u00e7\u00e3o aos seus funcion\u00e1rios. Compet\u00eancias Realizar o registro de empresas mercantis, a matr\u00edcula de leiloeiros, tradutores p\u00fablicos,&hellip;<\/p>\n","category_list":"","author_info":{"name":"admin","url":"https:\/\/portal.pi.gov.br\/jucepi\/author\/admin\/"},"comments_num":"0 coment\u00e1rio","featured_image_urls_v2":{"full":"","thumbnail":"","medium":"","medium_large":"","large":"","sgg-420":"","sgg-540":"","sgg-780":"","1536x1536":"","2048x2048":"","homepage-slider":"","homepage-slider-small":"","page-top":"","page-small":"","loop-main":"","thumb-gallery-widget":""},"post_excerpt_stackable_v2":"<p>Miss\u00e3o Contribuir para o desenvolvimento socioecon\u00f4mico do Estado do Piau\u00ed por meio do registro dos atos empres\u00e1rios e das sociedades mercantis; a habilita\u00e7\u00e3o e a nomea\u00e7\u00e3o dos tradutores p\u00fablicos e int\u00e9rpretes comerciais, leiloeiros, trapicheiros e administradores de armaz\u00e9ns gerais; al\u00e9m de harmonizar os interesses dos empres\u00e1rios e das sociedades mercantis provendo-a de referenciais atrav\u00e9s da normatiza\u00e7\u00e3o das atividades. Vis\u00e3o Ser reconhecida e referenciada como um exemplo de organiza\u00e7\u00e3o p\u00fablica, \u00e1gil em seus processos, que atende \u00e0s expectativas dos clientes e proporciona bem-estar e satisfa\u00e7\u00e3o aos seus funcion\u00e1rios. Compet\u00eancias Realizar o registro de empresas mercantis, a matr\u00edcula de leiloeiros, tradutores p\u00fablicos,&hellip;<\/p>\n","category_list_v2":"","author_info_v2":{"name":"admin","url":"https:\/\/portal.pi.gov.br\/jucepi\/author\/admin\/"},"comments_num_v2":"0 coment\u00e1rio","_links":{"self":[{"href":"https:\/\/portal.pi.gov.br\/jucepi\/wp-json\/wp\/v2\/pages\/905"}],"collection":[{"href":"https:\/\/portal.pi.gov.br\/jucepi\/wp-json\/wp\/v2\/pages"}],"about":[{"href":"https:\/\/portal.pi.gov.br\/jucepi\/wp-json\/wp\/v2\/types\/page"}],"author":[{"embeddable":true,"href":"https:\/\/portal.pi.gov.br\/jucepi\/wp-json\/wp\/v2\/users\/1"}],"replies":[{"embeddable":true,"href":"https:\/\/portal.pi.gov.br\/jucepi\/wp-json\/wp\/v2\/comments?post=905"}],"version-history":[{"count":3,"href":"https:\/\/portal.pi.gov.br\/jucepi\/wp-json\/wp\/v2\/pages\/905\/revisions"}],"predecessor-version":[{"id":1147,"href":"https:\/\/portal.pi.gov.br\/jucepi\/wp-json\/wp\/v2\/pages\/905\/revisions\/1147"}],"wp:attachment":[{"href":"https:\/\/portal.pi.gov.br\/jucepi\/wp-json\/wp\/v2\/media?parent=905"}],"curies":[{"name":"wp","href":"https:\/\/api.w.org\/{rel}","templated":true}]}}