{"id":911,"date":"2022-02-08T08:07:01","date_gmt":"2022-02-08T11:07:01","guid":{"rendered":"https:\/\/portal.pi.gov.br\/jucepi\/?page_id=911"},"modified":"2024-03-21T08:16:11","modified_gmt":"2024-03-21T11:16:11","slug":"ouvidoria","status":"publish","type":"page","link":"https:\/\/portal.pi.gov.br\/jucepi\/ouvidoria\/","title":{"rendered":"Ouvidoria Setorial"},"content":{"rendered":"\n<p>A Ouvidoria \u00e9 um espa\u00e7o de acolhimento para receber, examinar e encaminhar aos setores competentes todas as manifesta\u00e7\u00f5es de ouvidoria (reclama\u00e7\u00f5es, sugest\u00f5es, den\u00fancias, elogios e solicita\u00e7\u00f5es de provid\u00eancia) e pedidos de acesso \u00e0 informa\u00e7\u00e3o.<\/p>\n\n\n\n<p>\u00c9 uma atividade institucional de representa\u00e7\u00e3o aut\u00f4noma, imparcial e de car\u00e1ter mediador, pedag\u00f3gico e estrat\u00e9gico, que acolhe manifesta\u00e7\u00f5es n\u00e3o conclu\u00eddas por outros meios de atendimento para an\u00e1lise e atua\u00e7\u00e3o na busca de solu\u00e7\u00f5es.<\/p>\n\n\n\n<p>CANAIS DE ATENDIMENTO:<\/p>\n\n\n\n<p><strong>1. Internet:<\/strong><\/p>\n\n\n\n<p>Para reclama\u00e7\u00f5es, sugest\u00f5es, den\u00fancias, elogios e solicita\u00e7\u00f5es de provid\u00eancia &#8211; conforme Lei Federal N\u00ba 13.460\/2017 e para pedidos de acesso \u00e0 informa\u00e7\u00e3o p\u00fablica &#8211; conforme Lei Federal N\u00b0 12.527\/2011, acesse:<\/p>\n\n\n\n<p>Site: <a href=\"https:\/\/falabr.cgu.gov.br\/publico\/pi\/manifestacao\/RegistrarManifestacao\">https:\/\/falabr.cgu.gov.br\/publico\/pi\/manifestacao\/RegistrarManifestacao<\/a><\/p>\n\n\n\n<p>E-mail institucional: ouvidoria@jucepi.pi.gov.br<\/p>\n\n\n\n<p><strong>2. Telefone:<\/strong><\/p>\n\n\n\n<p>Disk Ouvidoria: 162<\/p>\n\n\n\n<p><strong>3. Presencial:<\/strong><\/p>\n\n\n\n<p>Rua General Os\u00f3rio n\u00ba 3002, Cabral, Teresina \u2013 PI, CEP 64000-580. <\/p>\n\n\n\n<p>Hor\u00e1rio de atendimento: de 07h30 \u00e0s 13h30.<\/p>\n","protected":false},"excerpt":{"rendered":"<p>A Ouvidoria \u00e9 um espa\u00e7o de acolhimento para receber, examinar e encaminhar aos setores competentes todas as manifesta\u00e7\u00f5es de ouvidoria (reclama\u00e7\u00f5es, sugest\u00f5es, den\u00fancias, elogios e solicita\u00e7\u00f5es de provid\u00eancia) e pedidos [&hellip;]<\/p>\n","protected":false},"author":1,"featured_media":0,"parent":0,"menu_order":0,"comment_status":"closed","ping_status":"closed","template":"template-fullwidth.php","meta":[],"featured_image_urls":{"full":"","thumbnail":"","medium":"","medium_large":"","large":"","sgg-420":"","sgg-540":"","sgg-780":"","1536x1536":"","2048x2048":"","homepage-slider":"","homepage-slider-small":"","page-top":"","page-small":"","loop-main":"","thumb-gallery-widget":""},"post_excerpt_stackable":"<p>A Ouvidoria \u00e9 um espa\u00e7o de acolhimento para receber, examinar e encaminhar aos setores competentes todas as manifesta\u00e7\u00f5es de ouvidoria (reclama\u00e7\u00f5es, sugest\u00f5es, den\u00fancias, elogios e solicita\u00e7\u00f5es de provid\u00eancia) e pedidos de acesso \u00e0 informa\u00e7\u00e3o. \u00c9 uma atividade institucional de representa\u00e7\u00e3o aut\u00f4noma, imparcial e de car\u00e1ter mediador, pedag\u00f3gico e estrat\u00e9gico, que acolhe manifesta\u00e7\u00f5es n\u00e3o conclu\u00eddas por outros meios de atendimento para an\u00e1lise e atua\u00e7\u00e3o na busca de solu\u00e7\u00f5es. CANAIS DE ATENDIMENTO: 1. Internet: Para reclama\u00e7\u00f5es, sugest\u00f5es, den\u00fancias, elogios e solicita\u00e7\u00f5es de provid\u00eancia &#8211; conforme Lei Federal N\u00ba 13.460\/2017 e para pedidos de acesso \u00e0 informa\u00e7\u00e3o p\u00fablica &#8211; conforme Lei Federal N\u00b0&hellip;<\/p>\n","category_list":"","author_info":{"name":"admin","url":"https:\/\/portal.pi.gov.br\/jucepi\/author\/admin\/"},"comments_num":"0 coment\u00e1rio","featured_image_urls_v2":{"full":"","thumbnail":"","medium":"","medium_large":"","large":"","sgg-420":"","sgg-540":"","sgg-780":"","1536x1536":"","2048x2048":"","homepage-slider":"","homepage-slider-small":"","page-top":"","page-small":"","loop-main":"","thumb-gallery-widget":""},"post_excerpt_stackable_v2":"<p>A Ouvidoria \u00e9 um espa\u00e7o de acolhimento para receber, examinar e encaminhar aos setores competentes todas as manifesta\u00e7\u00f5es de ouvidoria (reclama\u00e7\u00f5es, sugest\u00f5es, den\u00fancias, elogios e solicita\u00e7\u00f5es de provid\u00eancia) e pedidos de acesso \u00e0 informa\u00e7\u00e3o. \u00c9 uma atividade institucional de representa\u00e7\u00e3o aut\u00f4noma, imparcial e de car\u00e1ter mediador, pedag\u00f3gico e estrat\u00e9gico, que acolhe manifesta\u00e7\u00f5es n\u00e3o conclu\u00eddas por outros meios de atendimento para an\u00e1lise e atua\u00e7\u00e3o na busca de solu\u00e7\u00f5es. CANAIS DE ATENDIMENTO: 1. Internet: Para reclama\u00e7\u00f5es, sugest\u00f5es, den\u00fancias, elogios e solicita\u00e7\u00f5es de provid\u00eancia &#8211; conforme Lei Federal N\u00ba 13.460\/2017 e para pedidos de acesso \u00e0 informa\u00e7\u00e3o p\u00fablica &#8211; conforme Lei Federal N\u00b0&hellip;<\/p>\n","category_list_v2":"","author_info_v2":{"name":"admin","url":"https:\/\/portal.pi.gov.br\/jucepi\/author\/admin\/"},"comments_num_v2":"0 coment\u00e1rio","_links":{"self":[{"href":"https:\/\/portal.pi.gov.br\/jucepi\/wp-json\/wp\/v2\/pages\/911"}],"collection":[{"href":"https:\/\/portal.pi.gov.br\/jucepi\/wp-json\/wp\/v2\/pages"}],"about":[{"href":"https:\/\/portal.pi.gov.br\/jucepi\/wp-json\/wp\/v2\/types\/page"}],"author":[{"embeddable":true,"href":"https:\/\/portal.pi.gov.br\/jucepi\/wp-json\/wp\/v2\/users\/1"}],"replies":[{"embeddable":true,"href":"https:\/\/portal.pi.gov.br\/jucepi\/wp-json\/wp\/v2\/comments?post=911"}],"version-history":[{"count":10,"href":"https:\/\/portal.pi.gov.br\/jucepi\/wp-json\/wp\/v2\/pages\/911\/revisions"}],"predecessor-version":[{"id":2101,"href":"https:\/\/portal.pi.gov.br\/jucepi\/wp-json\/wp\/v2\/pages\/911\/revisions\/2101"}],"wp:attachment":[{"href":"https:\/\/portal.pi.gov.br\/jucepi\/wp-json\/wp\/v2\/media?parent=911"}],"curies":[{"name":"wp","href":"https:\/\/api.w.org\/{rel}","templated":true}]}}