{"id":917,"date":"2022-02-08T08:08:03","date_gmt":"2022-02-08T11:08:03","guid":{"rendered":"https:\/\/portal.pi.gov.br\/jucepi\/?page_id=917"},"modified":"2023-04-27T09:42:02","modified_gmt":"2023-04-27T12:42:02","slug":"legislacao","status":"publish","type":"page","link":"https:\/\/portal.pi.gov.br\/jucepi\/legislacao\/","title":{"rendered":"Legisla\u00e7\u00e3o"},"content":{"rendered":"<script type=\"text\/x-handlebars-template\"        id=\"wpfd-template-table-categories-36\">    <div class=\"wpfd-categories\">{{#if category}}{{#with category}}{{#if parent}}<a class=\"catlink backcategory\" href=\"#\" data-idcat=\"{{parent}}\">                        <i class=\"zmdi zmdi-chevron-left\"><\/i><span>Voltar<\/span><\/a>{{\/if}}{{\/with}}{{\/if}}<\/div><\/script><script type=\"text\/x-handlebars-template\" id=\"wpfd-template-table-36\">    {{#if files}}    {{#each files}}    <tr class=\"file\" data-id=\"{{ID}}\" data-catid=\"{{catid}}\">    <td class=\"file_title\"><a class=\"wpfd_downloadlink\" href=\"{{linkdownload}}\" title=\"{{post_title}}\"><span class=\"extcol\">{{#if file_custom_icon}}<span class=\"icon-custom\"><img src=\"{{file_custom_icon}}\"><\/span>{{else}}<span class=\"ext ext-{{ext}}\"><\/span>{{\/if}}<\/span>{{{crop_title}}}<\/a><\/td><td class=\"file_desc\">{{{description}}}<\/td><td class=\"file_created\">{{created}}<\/td>                    <td class=\"col-download\">                <a class=\"downloadlink wpfd_downloadlink\"  href=\"{{linkdownload}}\" style=\"background-color:#76bc58;color:#ffffff;\">Baixar<i class=\"zmdi zmdi-cloud-download wpfd-download\"><\/i><\/a>{{#if openpdflink}}<a class=\"openlink wpfdlightbox wpfd_previewlink\" href=\"{{openpdflink}}\" target=\"\">Visualizar                            <i class=\"zmdi zmdi-filter-center-focus wpfd-preview\"><\/i>                        <\/a>{{else}}{{#if viewerlink}}<a                            href=\"{{viewerlink}}\"                            class=\"openlink wpfdlightbox wpfd_previewlink\"                            target=\"\"                            data-id=\"{{ID}}\"                            data-catid=\"{{catid}}\"                            data-file-type=\"{{ext}}\">Visualizar<i class=\"zmdi zmdi-filter-center-focus wpfd-preview\"><\/i>                        <\/a>{{\/if}}{{\/if}}            <\/td>            <\/tr>    {{\/each}}    {{\/if}}<\/script><div class=\"wpfd-content wpfd-content-table wpfd-content-multi colstyle\" data-category=\"36\"><input type=\"hidden\" id=\"current_category_36\" value=\"36\" \/>                    <input type=\"hidden\" id=\"current_category_slug_36\" value=\"legislacao\" \/>                    <input type=\"hidden\" id=\"current_ordering_36\" value=\"created_time\" \/>                    <input type=\"hidden\" id=\"current_ordering_direction_36\" value=\"desc\" \/><div class=\"wpfd-container\">        <div class=\"wpfd-open-tree\"><\/div>    <div class=\"wpfd-container-table \">        <div class=\"wpfd-categories\"><\/div>        <table class=\"wpfd-table wpfd-table-bordered wpfd-table-striped mediaTable\">            <thead>            <tr>                <th class=\"essential persist file_title\">T\u00edtulo<\/th><th class=\"optional file_desc\">Descri\u00e7\u00e3o<\/th><th class=\"optional file_created\">Data de Publica\u00e7\u00e3o<\/th><th class=\"essential file_download\">Baixar<\/th>            <\/tr>            <\/thead>            <tbody>                            <tr class=\"file\" data-id=\"2988\"                    data-catid=\"36\">                    <td class=\"file_title\"><a class=\"wpfd_downloadlink\" href=\"https:\/\/portal.pi.gov.br\/jucepi\/download\/36\/legislacao\/2988\/oficio-circular-sei-no-1842025memp-de-2025.pdf\" title=\"OF\u00cdCIO CIRCULAR SEI n\u00ba 1842025MEMP DE 2025\"><span class=\"extcol\">                                <span class=\"ext ext-pdf\"><\/span>                                OF\u00cdCIO CIRCULAR SEI n\u00ba 1842025MEMP DE 2025                            <\/span><\/a><\/td><td class=\"file_desc\">Sociedades An\u00f4nimas - Declara\u00e7\u00f5es para publica\u00e7\u00e3o na Central de Balan\u00e7os - Sped ou nos sistemas .NET (Lei n\u00ba 6.404\/1976 e Instru\u00e7\u00f5es Normativas DREI n\u00ba 81\/2020 e n\u00ba 82\/2021).<\/td><td class=\"file_created\">16-01-2026<\/td>                                            <td class=\"col-download\">                            <a class=\"downloadlink wpfd_downloadlink\"  href=\"https:\/\/portal.pi.gov.br\/jucepi\/download\/36\/legislacao\/2988\/oficio-circular-sei-no-1842025memp-de-2025.pdf\" style=\"background-color:#76bc58;color:#ffffff;\">Baixar<i class=\"zmdi zmdi-cloud-download wpfd-download\"><\/i><\/a><a                            href=\"https:\/\/docs.google.com\/viewer?url=https%3A%2F%2Fportal.pi.gov.br%2Fjucepi%2Fwp-admin%2Fadmin-ajax.php%3Fjuwpfisadmin%3Dfalse%26action%3Dwpfd%26task%3Dfile.download%26wpfd_category_id%3D36%26wpfd_file_id%3D2988%26token%3D%26preview%3D1&#038;embedded=true\"                            class=\"openlink wpfdlightbox wpfd_previewlink\"                            target=\"\"                            data-id=\"2988\"                            data-catid=\"36\"                            data-file-type=\"pdf\">Visualizar<i class=\"zmdi zmdi-filter-center-focus wpfd-preview\"><\/i>                        <\/a>                        <\/td>                                    <\/tr>                            <tr class=\"file\" data-id=\"2944\"                    data-catid=\"36\">                    <td class=\"file_title\"><a class=\"wpfd_downloadlink\" href=\"https:\/\/portal.pi.gov.br\/jucepi\/download\/36\/legislacao\/2944\/instrucao-normativa-drei-memp-no-1-de-2025.pdf\" title=\"INSTRU\u00c7\u00c3O NORMATIVA DREI \/MEMP N\u00ba 1 DE 2025\"><span class=\"extcol\">                                <span class=\"ext ext-pdf\"><\/span>                                INSTRU\u00c7\u00c3O NORMATIVA DREI \/MEMP N\u00ba 1 DE 2025                            <\/span><\/a><\/td><td class=\"file_desc\">Disp\u00f5e sobre os crit\u00e9rios de an\u00e1lise para verifica\u00e7\u00e3o deidentidade e semelhan\u00e7a de nomes empresariais e d\u00e1 outras provid\u00eancias.<\/td><td class=\"file_created\">07-01-2026<\/td>                                            <td class=\"col-download\">                            <a class=\"downloadlink wpfd_downloadlink\"  href=\"https:\/\/portal.pi.gov.br\/jucepi\/download\/36\/legislacao\/2944\/instrucao-normativa-drei-memp-no-1-de-2025.pdf\" style=\"background-color:#76bc58;color:#ffffff;\">Baixar<i class=\"zmdi zmdi-cloud-download wpfd-download\"><\/i><\/a><a                            href=\"https:\/\/docs.google.com\/viewer?url=https%3A%2F%2Fportal.pi.gov.br%2Fjucepi%2Fwp-admin%2Fadmin-ajax.php%3Fjuwpfisadmin%3Dfalse%26action%3Dwpfd%26task%3Dfile.download%26wpfd_category_id%3D36%26wpfd_file_id%3D2944%26token%3D%26preview%3D1&#038;embedded=true\"                            class=\"openlink wpfdlightbox wpfd_previewlink\"                            target=\"\"                            data-id=\"2944\"                            data-catid=\"36\"                            data-file-type=\"pdf\">Visualizar<i class=\"zmdi zmdi-filter-center-focus wpfd-preview\"><\/i>                        <\/a>                        <\/td>                                    <\/tr>                            <tr class=\"file\" data-id=\"2054\"                    data-catid=\"36\">                    <td class=\"file_title\"><a class=\"wpfd_downloadlink\" href=\"https:\/\/portal.pi.gov.br\/jucepi\/download\/36\/legislacao\/2054\/decreto-no22-698-de-2024.pdf\" title=\"Decreto n\u00ba22.698 de 2024\"><span class=\"extcol\">                                <span class=\"ext ext-pdf\"><\/span>                                Decreto n\u00ba22.698 de 2024                            <\/span><\/a><\/td><td class=\"file_desc\">Institui o Sistema de Ouvidoria do Poder Executivo estadual.<\/td><td class=\"file_created\">15-02-2024<\/td>                                            <td class=\"col-download\">                            <a class=\"downloadlink wpfd_downloadlink\"  href=\"https:\/\/portal.pi.gov.br\/jucepi\/download\/36\/legislacao\/2054\/decreto-no22-698-de-2024.pdf\" style=\"background-color:#76bc58;color:#ffffff;\">Baixar<i class=\"zmdi zmdi-cloud-download wpfd-download\"><\/i><\/a><a                            href=\"https:\/\/docs.google.com\/viewer?url=https%3A%2F%2Fportal.pi.gov.br%2Fjucepi%2Fwp-admin%2Fadmin-ajax.php%3Fjuwpfisadmin%3Dfalse%26action%3Dwpfd%26task%3Dfile.download%26wpfd_category_id%3D36%26wpfd_file_id%3D2054%26token%3D%26preview%3D1&#038;embedded=true\"                            class=\"openlink wpfdlightbox wpfd_previewlink\"                            target=\"\"                            data-id=\"2054\"                            data-catid=\"36\"                            data-file-type=\"pdf\">Visualizar<i class=\"zmdi zmdi-filter-center-focus wpfd-preview\"><\/i>                        <\/a>                        <\/td>                                    <\/tr>                            <tr class=\"file\" data-id=\"1946\"                    data-catid=\"36\">                    <td class=\"file_title\"><a class=\"wpfd_downloadlink\" href=\"https:\/\/portal.pi.gov.br\/jucepi\/download\/36\/legislacao\/1946\/decreto-no-22-584-de-2023.pdf\" title=\"Decreto n\u00ba 22.584 de 2023\"><span class=\"extcol\">                                <span class=\"ext ext-pdf\"><\/span>                                Decreto n\u00ba 22.584 de 2023                            <\/span><\/a><\/td><td class=\"file_desc\">Altera o Decreto n\u00ba 21.981, de 13 de abril de 2023, que institui a listagem de atividades econ\u00f4micas de baixo risco A e\/ou n\u00edvel de risco I dispensadas de atos p\u00fablicos de libera\u00e7\u00e3o no \u00e2mbito do Estado do Piau\u00ed.<\/td><td class=\"file_created\">08-01-2024<\/td>                                            <td class=\"col-download\">                            <a class=\"downloadlink wpfd_downloadlink\"  href=\"https:\/\/portal.pi.gov.br\/jucepi\/download\/36\/legislacao\/1946\/decreto-no-22-584-de-2023.pdf\" style=\"background-color:#76bc58;color:#ffffff;\">Baixar<i class=\"zmdi zmdi-cloud-download wpfd-download\"><\/i><\/a><a                            href=\"https:\/\/docs.google.com\/viewer?url=https%3A%2F%2Fportal.pi.gov.br%2Fjucepi%2Fwp-admin%2Fadmin-ajax.php%3Fjuwpfisadmin%3Dfalse%26action%3Dwpfd%26task%3Dfile.download%26wpfd_category_id%3D36%26wpfd_file_id%3D1946%26token%3D%26preview%3D1&#038;embedded=true\"                            class=\"openlink wpfdlightbox wpfd_previewlink\"                            target=\"\"                            data-id=\"1946\"                            data-catid=\"36\"                            data-file-type=\"pdf\">Visualizar<i class=\"zmdi zmdi-filter-center-focus wpfd-preview\"><\/i>                        <\/a>                        <\/td>                                    <\/tr>                            <tr class=\"file\" data-id=\"1623\"                    data-catid=\"36\">                    <td class=\"file_title\"><a class=\"wpfd_downloadlink\" href=\"https:\/\/portal.pi.gov.br\/jucepi\/download\/36\/legislacao\/1623\/decreto-no-22-300-de-2023.pdf\" title=\"Decreto n\u00ba 22.300 de 2023\"><span class=\"extcol\">                                <span class=\"ext ext-pdf\"><\/span>                                Decreto n\u00ba 22.300 de 2023                            <\/span><\/a><\/td><td class=\"file_desc\">Altera o Decreto n\u00ba 21.981, de 13 de Abril de 2023, que institui a listagemde atividades econ\u00f4micas de baixo risco A e\/ou n\u00edvel de risco I dispensadasde atos p\u00fablicos de libera\u00e7\u00e3o no \u00e2mbito do Estado do Piau\u00ed.<\/td><td class=\"file_created\">09-08-2023<\/td>                                            <td class=\"col-download\">                            <a class=\"downloadlink wpfd_downloadlink\"  href=\"https:\/\/portal.pi.gov.br\/jucepi\/download\/36\/legislacao\/1623\/decreto-no-22-300-de-2023.pdf\" style=\"background-color:#76bc58;color:#ffffff;\">Baixar<i class=\"zmdi zmdi-cloud-download wpfd-download\"><\/i><\/a><a                            href=\"https:\/\/docs.google.com\/viewer?url=https%3A%2F%2Fportal.pi.gov.br%2Fjucepi%2Fwp-admin%2Fadmin-ajax.php%3Fjuwpfisadmin%3Dfalse%26action%3Dwpfd%26task%3Dfile.download%26wpfd_category_id%3D36%26wpfd_file_id%3D1623%26token%3D%26preview%3D1&#038;embedded=true\"                            class=\"openlink wpfdlightbox wpfd_previewlink\"                            target=\"\"                            data-id=\"1623\"                            data-catid=\"36\"                            data-file-type=\"pdf\">Visualizar<i class=\"zmdi zmdi-filter-center-focus wpfd-preview\"><\/i>                        <\/a>                        <\/td>                                    <\/tr>                            <tr class=\"file\" data-id=\"1487\"                    data-catid=\"36\">                    <td class=\"file_title\"><a class=\"wpfd_downloadlink\" href=\"https:\/\/portal.pi.gov.br\/jucepi\/download\/36\/legislacao\/1487\/decreto-no-22-067-de-2023.pdf\" title=\"Decreto n\u00ba 22.067 de 2023\"><span class=\"extcol\">                                <span class=\"ext ext-pdf\"><\/span>                                Decreto n\u00ba 22.067 de 2023                            <\/span><\/a><\/td><td class=\"file_desc\">Altera o Decreto n\u00ba 21.981, de 13 de Abril de 2023 que \"Institui a listagem de atividades econ\u00f4micas de baixo risco A e\/ou n\u00edvel de risco Idispensadas de atos p\u00fablicos de libera\u00e7\u00e3o no \u00e2mbito do Estado do Piau\u00ed\".<\/td><td class=\"file_created\">22-05-2023<\/td>                                            <td class=\"col-download\">                            <a class=\"downloadlink wpfd_downloadlink\"  href=\"https:\/\/portal.pi.gov.br\/jucepi\/download\/36\/legislacao\/1487\/decreto-no-22-067-de-2023.pdf\" style=\"background-color:#76bc58;color:#ffffff;\">Baixar<i class=\"zmdi zmdi-cloud-download wpfd-download\"><\/i><\/a><a                            href=\"https:\/\/docs.google.com\/viewer?url=https%3A%2F%2Fportal.pi.gov.br%2Fjucepi%2Fwp-admin%2Fadmin-ajax.php%3Fjuwpfisadmin%3Dfalse%26action%3Dwpfd%26task%3Dfile.download%26wpfd_category_id%3D36%26wpfd_file_id%3D1487%26token%3D%26preview%3D1&#038;embedded=true\"                            class=\"openlink wpfdlightbox wpfd_previewlink\"                            target=\"\"                            data-id=\"1487\"                            data-catid=\"36\"                            data-file-type=\"pdf\">Visualizar<i class=\"zmdi zmdi-filter-center-focus wpfd-preview\"><\/i>                        <\/a>                        <\/td>                                    <\/tr>                            <tr class=\"file\" data-id=\"1422\"                    data-catid=\"36\">                    <td class=\"file_title\"><a class=\"wpfd_downloadlink\" href=\"https:\/\/portal.pi.gov.br\/jucepi\/download\/36\/legislacao\/1422\/lei-no-8-025-de-2023.pdf\" title=\"Lei n\u00ba 8.025 de 2023\"><span class=\"extcol\">                                <span class=\"ext ext-pdf\"><\/span>                                Lei n\u00ba 8.025 de 2023                            <\/span><\/a><\/td><td class=\"file_desc\">Disp\u00f5e sobre a Lei Estadual de Liberdade Econ\u00f4mica.<\/td><td class=\"file_created\">19-04-2023<\/td>                                            <td class=\"col-download\">                            <a class=\"downloadlink wpfd_downloadlink\"  href=\"https:\/\/portal.pi.gov.br\/jucepi\/download\/36\/legislacao\/1422\/lei-no-8-025-de-2023.pdf\" style=\"background-color:#76bc58;color:#ffffff;\">Baixar<i class=\"zmdi zmdi-cloud-download wpfd-download\"><\/i><\/a><a                            href=\"https:\/\/docs.google.com\/viewer?url=https%3A%2F%2Fportal.pi.gov.br%2Fjucepi%2Fwp-admin%2Fadmin-ajax.php%3Fjuwpfisadmin%3Dfalse%26action%3Dwpfd%26task%3Dfile.download%26wpfd_category_id%3D36%26wpfd_file_id%3D1422%26token%3D%26preview%3D1&#038;embedded=true\"                            class=\"openlink wpfdlightbox wpfd_previewlink\"                            target=\"\"                            data-id=\"1422\"                            data-catid=\"36\"                            data-file-type=\"pdf\">Visualizar<i class=\"zmdi zmdi-filter-center-focus wpfd-preview\"><\/i>                        <\/a>                        <\/td>                                    <\/tr>                            <tr class=\"file\" data-id=\"1622\"                    data-catid=\"36\">                    <td class=\"file_title\"><a class=\"wpfd_downloadlink\" href=\"https:\/\/portal.pi.gov.br\/jucepi\/download\/36\/legislacao\/1622\/decreto-no-21-981-de-2023.pdf\" title=\"Decreto n\u00ba 21.981 de 2023\"><span class=\"extcol\">                                <span class=\"ext ext-pdf\"><\/span>                                Decreto n\u00ba 21.981 de 2023                            <\/span><\/a><\/td><td class=\"file_desc\">Institui a listagem de atividades econ\u00f4micas de baixo risco A e\/ou n\u00edvel de risco Idispensadas de atos p\u00fablicos de libera\u00e7\u00e3o no \u00e2mbito do Estado do Piau\u00ed.<\/td><td class=\"file_created\">14-04-2023<\/td>                                            <td class=\"col-download\">                            <a class=\"downloadlink wpfd_downloadlink\"  href=\"https:\/\/portal.pi.gov.br\/jucepi\/download\/36\/legislacao\/1622\/decreto-no-21-981-de-2023.pdf\" style=\"background-color:#76bc58;color:#ffffff;\">Baixar<i class=\"zmdi zmdi-cloud-download wpfd-download\"><\/i><\/a><a                            href=\"https:\/\/docs.google.com\/viewer?url=https%3A%2F%2Fportal.pi.gov.br%2Fjucepi%2Fwp-admin%2Fadmin-ajax.php%3Fjuwpfisadmin%3Dfalse%26action%3Dwpfd%26task%3Dfile.download%26wpfd_category_id%3D36%26wpfd_file_id%3D1622%26token%3D%26preview%3D1&#038;embedded=true\"                            class=\"openlink wpfdlightbox wpfd_previewlink\"                            target=\"\"                            data-id=\"1622\"                            data-catid=\"36\"                            data-file-type=\"pdf\">Visualizar<i class=\"zmdi zmdi-filter-center-focus wpfd-preview\"><\/i>                        <\/a>                        <\/td>                                    <\/tr>                            <tr class=\"file\" data-id=\"1185\"                    data-catid=\"36\">                    <td class=\"file_title\"><a class=\"wpfd_downloadlink\" href=\"https:\/\/portal.pi.gov.br\/jucepi\/download\/36\/legislacao\/1185\/decreto-no-16-053-de-2015.pdf\" title=\"Decreto n\u00ba 16.053 de 2015\"><span class=\"extcol\">                                <span class=\"ext ext-pdf\"><\/span>                                Decreto n\u00ba 16.053 de 2015                            <\/span><\/a><\/td><td class=\"file_desc\">Institui o subcomit\u00ea gestor da Rede Nacional para a Simplifica\u00e7\u00e3o do Registro e da Legaliza\u00e7\u00e3o de Empresas e Neg\u00f3cios - REDESIM.<\/td><td class=\"file_created\">14-03-2023<\/td>                                            <td class=\"col-download\">                            <a class=\"downloadlink wpfd_downloadlink\"  href=\"https:\/\/portal.pi.gov.br\/jucepi\/download\/36\/legislacao\/1185\/decreto-no-16-053-de-2015.pdf\" style=\"background-color:#76bc58;color:#ffffff;\">Baixar<i class=\"zmdi zmdi-cloud-download wpfd-download\"><\/i><\/a><a                            href=\"https:\/\/docs.google.com\/viewer?url=https%3A%2F%2Fportal.pi.gov.br%2Fjucepi%2Fwp-admin%2Fadmin-ajax.php%3Fjuwpfisadmin%3Dfalse%26action%3Dwpfd%26task%3Dfile.download%26wpfd_category_id%3D36%26wpfd_file_id%3D1185%26token%3D%26preview%3D1&#038;embedded=true\"                            class=\"openlink wpfdlightbox wpfd_previewlink\"                            target=\"\"                            data-id=\"1185\"                            data-catid=\"36\"                            data-file-type=\"pdf\">Visualizar<i class=\"zmdi zmdi-filter-center-focus wpfd-preview\"><\/i>                        <\/a>                        <\/td>                                    <\/tr>                            <tr class=\"file\" data-id=\"1184\"                    data-catid=\"36\">                    <td class=\"file_title\"><a class=\"wpfd_downloadlink\" href=\"https:\/\/portal.pi.gov.br\/jucepi\/download\/36\/legislacao\/1184\/lei-no-7-883-de-2022.pdf\" title=\"Lei n\u00ba 7.883 de 2022\"><span class=\"extcol\">                                <span class=\"ext ext-pdf\"><\/span>                                Lei n\u00ba 7.883 de 2022                            <\/span><\/a><\/td><td class=\"file_desc\">Trata da Organiza\u00e7\u00e3o Administrativa do Estado do Piau\u00ed. Ver art. 53 que vincula a Junta Comercial do Estado do Piau\u00ed \u00e0 Secretaria da Fazenda.<\/td><td class=\"file_created\">14-03-2023<\/td>                                            <td class=\"col-download\">                            <a class=\"downloadlink wpfd_downloadlink\"  href=\"https:\/\/portal.pi.gov.br\/jucepi\/download\/36\/legislacao\/1184\/lei-no-7-883-de-2022.pdf\" style=\"background-color:#76bc58;color:#ffffff;\">Baixar<i class=\"zmdi zmdi-cloud-download wpfd-download\"><\/i><\/a><a                            href=\"https:\/\/docs.google.com\/viewer?url=https%3A%2F%2Fportal.pi.gov.br%2Fjucepi%2Fwp-admin%2Fadmin-ajax.php%3Fjuwpfisadmin%3Dfalse%26action%3Dwpfd%26task%3Dfile.download%26wpfd_category_id%3D36%26wpfd_file_id%3D1184%26token%3D%26preview%3D1&#038;embedded=true\"                            class=\"openlink wpfdlightbox wpfd_previewlink\"                            target=\"\"                            data-id=\"1184\"                            data-catid=\"36\"                            data-file-type=\"pdf\">Visualizar<i class=\"zmdi zmdi-filter-center-focus wpfd-preview\"><\/i>                        <\/a>                        <\/td>                                    <\/tr>                        <\/tbody>        <\/table>            <\/div><\/div><\/div><div class='wpfd-pagination'>\n\t<span class='page-numbers current'>1<\/span>\n<a class='page-numbers' data-page='2' data-sourcecat='36'>2<\/a>\n<a class='next page-numbers' data-page='2' data-sourcecat='36'>Pr\u00f3ximo &raquo;<\/a>\n<\/div>\n\n","protected":false},"excerpt":{"rendered":"","protected":false},"author":1,"featured_media":0,"parent":0,"menu_order":0,"comment_status":"closed","ping_status":"closed","template":"template-fullwidth.php","meta":[],"featured_image_urls":{"full":"","thumbnail":"","medium":"","medium_large":"","large":"","sgg-420":"","sgg-540":"","sgg-780":"","1536x1536":"","2048x2048":"","homepage-slider":"","homepage-slider-small":"","page-top":"","page-small":"","loop-main":"","thumb-gallery-widget":""},"post_excerpt_stackable":"<p>T\u00edtuloDescri\u00e7\u00e3oData de Publica\u00e7\u00e3oBaixar OF\u00cdCIO CIRCULAR SEI n\u00ba 1842025MEMP DE 2025 Sociedades An\u00f4nimas &#8211; Declara\u00e7\u00f5es para publica\u00e7\u00e3o na Central de Balan\u00e7os &#8211; Sped ou nos sistemas .NET (Lei n\u00ba 6.404\/1976 e Instru\u00e7\u00f5es Normativas DREI n\u00ba 81\/2020 e n\u00ba 82\/2021).16-01-2026 BaixarVisualizar INSTRU\u00c7\u00c3O NORMATIVA DREI \/MEMP N\u00ba 1 DE 2025 Disp\u00f5e sobre os crit\u00e9rios de an\u00e1lise para verifica\u00e7\u00e3o deidentidade e semelhan\u00e7a de nomes empresariais e d\u00e1 outras provid\u00eancias.07-01-2026 BaixarVisualizar Decreto n\u00ba22.698 de 2024 Institui o Sistema de Ouvidoria do Poder Executivo estadual.15-02-2024 BaixarVisualizar Decreto n\u00ba 22.584 de 2023 Altera o Decreto n\u00ba 21.981, de 13 de abril de 2023, que institui a listagem&hellip;<\/p>\n","category_list":"","author_info":{"name":"admin","url":"https:\/\/portal.pi.gov.br\/jucepi\/author\/admin\/"},"comments_num":"0 coment\u00e1rio","featured_image_urls_v2":{"full":"","thumbnail":"","medium":"","medium_large":"","large":"","sgg-420":"","sgg-540":"","sgg-780":"","1536x1536":"","2048x2048":"","homepage-slider":"","homepage-slider-small":"","page-top":"","page-small":"","loop-main":"","thumb-gallery-widget":""},"post_excerpt_stackable_v2":"<p>T\u00edtuloDescri\u00e7\u00e3oData de Publica\u00e7\u00e3oBaixar OF\u00cdCIO CIRCULAR SEI n\u00ba 1842025MEMP DE 2025 Sociedades An\u00f4nimas &#8211; Declara\u00e7\u00f5es para publica\u00e7\u00e3o na Central de Balan\u00e7os &#8211; Sped ou nos sistemas .NET (Lei n\u00ba 6.404\/1976 e Instru\u00e7\u00f5es Normativas DREI n\u00ba 81\/2020 e n\u00ba 82\/2021).16-01-2026 BaixarVisualizar INSTRU\u00c7\u00c3O NORMATIVA DREI \/MEMP N\u00ba 1 DE 2025 Disp\u00f5e sobre os crit\u00e9rios de an\u00e1lise para verifica\u00e7\u00e3o deidentidade e semelhan\u00e7a de nomes empresariais e d\u00e1 outras provid\u00eancias.07-01-2026 BaixarVisualizar Decreto n\u00ba22.698 de 2024 Institui o Sistema de Ouvidoria do Poder Executivo estadual.15-02-2024 BaixarVisualizar Decreto n\u00ba 22.584 de 2023 Altera o Decreto n\u00ba 21.981, de 13 de abril de 2023, que institui a listagem&hellip;<\/p>\n","category_list_v2":"","author_info_v2":{"name":"admin","url":"https:\/\/portal.pi.gov.br\/jucepi\/author\/admin\/"},"comments_num_v2":"0 coment\u00e1rio","_links":{"self":[{"href":"https:\/\/portal.pi.gov.br\/jucepi\/wp-json\/wp\/v2\/pages\/917"}],"collection":[{"href":"https:\/\/portal.pi.gov.br\/jucepi\/wp-json\/wp\/v2\/pages"}],"about":[{"href":"https:\/\/portal.pi.gov.br\/jucepi\/wp-json\/wp\/v2\/types\/page"}],"author":[{"embeddable":true,"href":"https:\/\/portal.pi.gov.br\/jucepi\/wp-json\/wp\/v2\/users\/1"}],"replies":[{"embeddable":true,"href":"https:\/\/portal.pi.gov.br\/jucepi\/wp-json\/wp\/v2\/comments?post=917"}],"version-history":[{"count":3,"href":"https:\/\/portal.pi.gov.br\/jucepi\/wp-json\/wp\/v2\/pages\/917\/revisions"}],"predecessor-version":[{"id":1442,"href":"https:\/\/portal.pi.gov.br\/jucepi\/wp-json\/wp\/v2\/pages\/917\/revisions\/1442"}],"wp:attachment":[{"href":"https:\/\/portal.pi.gov.br\/jucepi\/wp-json\/wp\/v2\/media?parent=917"}],"curies":[{"name":"wp","href":"https:\/\/api.w.org\/{rel}","templated":true}]}}