{"id":929,"date":"2022-02-08T08:09:59","date_gmt":"2022-02-08T11:09:59","guid":{"rendered":"https:\/\/portal.pi.gov.br\/jucepi\/?page_id=929"},"modified":"2023-10-11T09:14:25","modified_gmt":"2023-10-11T12:14:25","slug":"certidoes","status":"publish","type":"page","link":"https:\/\/portal.pi.gov.br\/jucepi\/certidoes\/","title":{"rendered":"Certid\u00f5es online"},"content":{"rendered":"\n<p>A solicita\u00e7\u00e3o das certid\u00f5es \u00e9 online no site Gov.Pi Empresas, leia as instru\u00e7\u00f5es a seguir:<\/p>\n\n\n\n<p><a href=\"http:\/\/www.piauidigital.pi.gov.br\/acoes\/certidao\">CERTID\u00c3O DE INTEIRO TEOR- c\u00f3pia de documento registrado<\/a><\/p>\n\n\n\n<p><strong>Descri\u00e7\u00e3o:<\/strong><br>A certid\u00e3o de inteiro teor \u00e9 a fotoc\u00f3pia dos atos arquivados pela empresa na Junta Comercial.<\/p>\n\n\n\n<p><strong>Aplica\u00e7\u00e3o:<\/strong><br>\u00c9 solicitada, por exemplo, quando um empres\u00e1rio perde o contrato social de sua empresa. Pode ser solicitada tamb\u00e9m por qualquer pessoa que deseja ter acesso aos atos arquivados de uma empresa, dentre outras situa\u00e7\u00f5es.<\/p>\n\n\n\n<p><strong>Valor:<\/strong> de acordo com a natureza jur\u00eddica da empresa. Consultar a tabela de pre\u00e7os p\u00fablicos vigente.<\/p>\n\n\n\n<p><a href=\"http:\/\/www.piauidigital.pi.gov.br\/acoes\/certidao\">CERTID\u00c3O ESPEC\u00cdFICA<\/a><\/p>\n\n\n\n<p><strong>Descri\u00e7\u00e3o:<\/strong><br>A certid\u00e3o espec\u00edfica \u00e9 o extrato de informa\u00e7\u00f5es detalhadas para finalidade de comprova\u00e7\u00e3o de dados constantes de atos arquivados.<\/p>\n\n\n\n<p><strong>Aplica\u00e7\u00e3o:<\/strong><br>A certid\u00e3o espec\u00edfica pode ser utilizada, por exemplo, para atestar n\u00e3o integrar sociedade de qualquer esp\u00e9cie ou denomina\u00e7\u00e3o. \u00c9 \u00fatil para saber quem j\u00e1 foi s\u00f3cio de determinada empresa ou o per\u00edodo em que um determinado diretor exerceu o cargo em uma sociedade an\u00f4nima, informa\u00e7\u00f5es sobre quaisquer \u00f4nus, restri\u00e7\u00f5es, suspens\u00f5es, indisponibilidades, anota\u00e7\u00f5es, bloqueios, suspens\u00f5es ou cancelamentos impostos voluntariamente ou por for\u00e7a de decis\u00e3o administrativa, judicial ou arbitral a direitos, participa\u00e7\u00f5es societ\u00e1rias ou outros bens, corp\u00f3reos ou incorp\u00f3reos, dentre outras informa\u00e7\u00f5es espec\u00edficas sobre a empresa registrada na Junta Comercial.<\/p>\n\n\n\n<p>Para pessoa jur\u00eddica, est\u00e3o dispon\u00edveis as op\u00e7\u00f5es:<\/p>\n\n\n\n<ol>\n<li>Participa\u00e7\u00e3o societ\u00e1ria de pessoa jur\u00eddica em sociedade (exceto S.A e cooperativas);<\/li>\n\n\n\n<li>Exist\u00eancia de empresa registrada na Junta Comercial (hist\u00f3rico do ato arquivado);<\/li>\n\n\n\n<li>A definir relato (USO EXCLUSIVO DA JUCEPI, usu\u00e1rio comum n\u00e3o deve marcar essa op\u00e7\u00e3o);<\/li>\n\n\n\n<li>Livros;<\/li>\n\n\n\n<li>Armaz\u00e9ns gerais;<\/li>\n\n\n\n<li>Linha do tempo do quadro de s\u00f3cios e administradores (QSA);<\/li>\n\n\n\n<li>\u00d4nus.<\/li>\n<\/ol>\n\n\n\n<p>Para pessoa f\u00edsica, as op\u00e7\u00f5es s\u00e3o:<\/p>\n\n\n\n<ol>\n<li>Exist\u00eancia de empresa em nome de pessoas f\u00edsicas e\/ou participa\u00e7\u00e3o de empresas;<\/li>\n\n\n\n<li>Leiloeiro\/ pregoeiro;<\/li>\n\n\n\n<li>Tradutor p\u00fablico.<\/li>\n<\/ol>\n\n\n\n<p><strong>Valor: <\/strong>consultar a tabela de pre\u00e7os p\u00fablicos vigente.<\/p>\n\n\n\n<p><a href=\"http:\/\/www.piauidigital.pi.gov.br\/acoes\/certidao\">CERTID\u00c3O SIMPLIFICADA \u2013 ficha de breve relato<\/a><\/p>\n\n\n\n<p><strong>Descri\u00e7\u00e3o:<\/strong><br>A certid\u00e3o simplificada \u00e9 um extrato de informa\u00e7\u00f5es que reproduz a situa\u00e7\u00e3o atual da empresa de acordo com os atos arquivados. Detalha informa\u00e7\u00f5es como: nome empresarial, endere\u00e7o da sede, CNPJ (se cadastrado), data de in\u00edcio das atividades, objeto social, capital social, s\u00f3cios e suas respectivas participa\u00e7\u00f5es no capital social, filiais ativas (quando existirem), dentre outras.<\/p>\n\n\n\n<p><strong>Aplica\u00e7\u00e3o:<\/strong><br>Tem diversas aplica\u00e7\u00f5es, tais como: para a abertura de filial em outra unidade da Federa\u00e7\u00e3o ou transfer\u00eancia de sede para outra unidade da Federa\u00e7\u00e3o; garantir a prote\u00e7\u00e3o ao nome empresarial; atualiza\u00e7\u00e3o de cadastro banc\u00e1rio; participa\u00e7\u00e3o em licita\u00e7\u00e3o e aposentadoria do empres\u00e1rio\/administrador de uma sociedade, dentre outras situa\u00e7\u00f5es.<\/p>\n\n\n\n<p><strong>Valor:<\/strong> consultar a tabela de pre\u00e7os p\u00fablicos vigente.<\/p>\n\n\n\n<p><strong>Como obter:<\/strong><br>A emiss\u00e3o de certid\u00f5es pela Jucepi \u00e9 realizada exclusivamente pelo site Gov.Pi Empresas. O servi\u00e7o est\u00e1 dispon\u00edvel 24h e qualquer pessoa pode requerer os documentos atrav\u00e9s da op\u00e7\u00e3o \u201cCertid\u00e3o Online\u201d.<\/p>\n","protected":false},"excerpt":{"rendered":"<p>A solicita\u00e7\u00e3o das certid\u00f5es \u00e9 online no site Gov.Pi Empresas, leia as instru\u00e7\u00f5es a seguir: CERTID\u00c3O DE INTEIRO TEOR- c\u00f3pia de documento registrado Descri\u00e7\u00e3o:A certid\u00e3o de inteiro teor \u00e9 a [&hellip;]<\/p>\n","protected":false},"author":1,"featured_media":0,"parent":0,"menu_order":0,"comment_status":"closed","ping_status":"closed","template":"template-fullwidth.php","meta":[],"featured_image_urls":{"full":"","thumbnail":"","medium":"","medium_large":"","large":"","sgg-420":"","sgg-540":"","sgg-780":"","1536x1536":"","2048x2048":"","homepage-slider":"","homepage-slider-small":"","page-top":"","page-small":"","loop-main":"","thumb-gallery-widget":""},"post_excerpt_stackable":"<p>A solicita\u00e7\u00e3o das certid\u00f5es \u00e9 online no site Gov.Pi Empresas, leia as instru\u00e7\u00f5es a seguir: CERTID\u00c3O DE INTEIRO TEOR- c\u00f3pia de documento registrado Descri\u00e7\u00e3o:A certid\u00e3o de inteiro teor \u00e9 a fotoc\u00f3pia dos atos arquivados pela empresa na Junta Comercial. Aplica\u00e7\u00e3o:\u00c9 solicitada, por exemplo, quando um empres\u00e1rio perde o contrato social de sua empresa. Pode ser solicitada tamb\u00e9m por qualquer pessoa que deseja ter acesso aos atos arquivados de uma empresa, dentre outras situa\u00e7\u00f5es. Valor: de acordo com a natureza jur\u00eddica da empresa. Consultar a tabela de pre\u00e7os p\u00fablicos vigente. CERTID\u00c3O ESPEC\u00cdFICA Descri\u00e7\u00e3o:A certid\u00e3o espec\u00edfica \u00e9 o extrato de informa\u00e7\u00f5es detalhadas&hellip;<\/p>\n","category_list":"","author_info":{"name":"admin","url":"https:\/\/portal.pi.gov.br\/jucepi\/author\/admin\/"},"comments_num":"0 coment\u00e1rio","featured_image_urls_v2":{"full":"","thumbnail":"","medium":"","medium_large":"","large":"","sgg-420":"","sgg-540":"","sgg-780":"","1536x1536":"","2048x2048":"","homepage-slider":"","homepage-slider-small":"","page-top":"","page-small":"","loop-main":"","thumb-gallery-widget":""},"post_excerpt_stackable_v2":"<p>A solicita\u00e7\u00e3o das certid\u00f5es \u00e9 online no site Gov.Pi Empresas, leia as instru\u00e7\u00f5es a seguir: CERTID\u00c3O DE INTEIRO TEOR- c\u00f3pia de documento registrado Descri\u00e7\u00e3o:A certid\u00e3o de inteiro teor \u00e9 a fotoc\u00f3pia dos atos arquivados pela empresa na Junta Comercial. Aplica\u00e7\u00e3o:\u00c9 solicitada, por exemplo, quando um empres\u00e1rio perde o contrato social de sua empresa. Pode ser solicitada tamb\u00e9m por qualquer pessoa que deseja ter acesso aos atos arquivados de uma empresa, dentre outras situa\u00e7\u00f5es. Valor: de acordo com a natureza jur\u00eddica da empresa. Consultar a tabela de pre\u00e7os p\u00fablicos vigente. CERTID\u00c3O ESPEC\u00cdFICA Descri\u00e7\u00e3o:A certid\u00e3o espec\u00edfica \u00e9 o extrato de informa\u00e7\u00f5es detalhadas&hellip;<\/p>\n","category_list_v2":"","author_info_v2":{"name":"admin","url":"https:\/\/portal.pi.gov.br\/jucepi\/author\/admin\/"},"comments_num_v2":"0 coment\u00e1rio","_links":{"self":[{"href":"https:\/\/portal.pi.gov.br\/jucepi\/wp-json\/wp\/v2\/pages\/929"}],"collection":[{"href":"https:\/\/portal.pi.gov.br\/jucepi\/wp-json\/wp\/v2\/pages"}],"about":[{"href":"https:\/\/portal.pi.gov.br\/jucepi\/wp-json\/wp\/v2\/types\/page"}],"author":[{"embeddable":true,"href":"https:\/\/portal.pi.gov.br\/jucepi\/wp-json\/wp\/v2\/users\/1"}],"replies":[{"embeddable":true,"href":"https:\/\/portal.pi.gov.br\/jucepi\/wp-json\/wp\/v2\/comments?post=929"}],"version-history":[{"count":13,"href":"https:\/\/portal.pi.gov.br\/jucepi\/wp-json\/wp\/v2\/pages\/929\/revisions"}],"predecessor-version":[{"id":1765,"href":"https:\/\/portal.pi.gov.br\/jucepi\/wp-json\/wp\/v2\/pages\/929\/revisions\/1765"}],"wp:attachment":[{"href":"https:\/\/portal.pi.gov.br\/jucepi\/wp-json\/wp\/v2\/media?parent=929"}],"curies":[{"name":"wp","href":"https:\/\/api.w.org\/{rel}","templated":true}]}}