{"id":937,"date":"2022-02-08T08:11:16","date_gmt":"2022-02-08T11:11:16","guid":{"rendered":"https:\/\/portal.pi.gov.br\/jucepi\/?page_id=937"},"modified":"2023-10-11T09:11:06","modified_gmt":"2023-10-11T12:11:06","slug":"autenticacao-de-livros","status":"publish","type":"page","link":"https:\/\/portal.pi.gov.br\/jucepi\/autenticacao-de-livros\/","title":{"rendered":"Autentica\u00e7\u00e3o de Livros"},"content":{"rendered":"\n<p>Os procedimentos para a validade e efic\u00e1cia dos instrumentos de escritura\u00e7\u00e3o s\u00e3o disciplinados pela Instru\u00e7\u00e3o Normativa DREI N\u00ba 82, de 19 de fevereiro de 2021.<\/p>\n\n\n\n<p>Na Jucepi, o protocolo de livros \u00e9 realizado na se\u00e7\u00e3o &#8220;Livros Digitais&#8221; no site Gov.Pi Empresas. Clique aqui para <a href=\"http:\/\/www.piauidigital.pi.gov.br\/acoes\/livro-digital\">acessar.<\/a> <\/p>\n\n\n\n<p>Antes de protocolar, leia o manual de livros digitais <a href=\"https:\/\/portal.pi.gov.br\/jucepi\/manuais-de-servicos\/\">aqui<\/a>.<\/p>\n\n\n\n<p>Ainda tem d\u00favidas? <a href=\"https:\/\/portal.pi.gov.br\/jucepi\/wp-content\/uploads\/sites\/47\/2023\/03\/perguntas-frequentes-12jan23.pdf\">Acesse aqui <\/a>as Perguntas Frequentes.<\/p>\n","protected":false},"excerpt":{"rendered":"<p>Os procedimentos para a validade e efic\u00e1cia dos instrumentos de escritura\u00e7\u00e3o s\u00e3o disciplinados pela Instru\u00e7\u00e3o Normativa DREI N\u00ba 82, de 19 de fevereiro de 2021. Na Jucepi, o protocolo de [&hellip;]<\/p>\n","protected":false},"author":1,"featured_media":0,"parent":0,"menu_order":0,"comment_status":"closed","ping_status":"closed","template":"template-fullwidth.php","meta":[],"featured_image_urls":{"full":"","thumbnail":"","medium":"","medium_large":"","large":"","sgg-420":"","sgg-540":"","sgg-780":"","1536x1536":"","2048x2048":"","homepage-slider":"","homepage-slider-small":"","page-top":"","page-small":"","loop-main":"","thumb-gallery-widget":""},"post_excerpt_stackable":"<p>Os procedimentos para a validade e efic\u00e1cia dos instrumentos de escritura\u00e7\u00e3o s\u00e3o disciplinados pela Instru\u00e7\u00e3o Normativa DREI N\u00ba 82, de 19 de fevereiro de 2021. Na Jucepi, o protocolo de livros \u00e9 realizado na se\u00e7\u00e3o &#8220;Livros Digitais&#8221; no site Gov.Pi Empresas. Clique aqui para acessar. Antes de protocolar, leia o manual de livros digitais aqui. Ainda tem d\u00favidas? Acesse aqui as Perguntas Frequentes.<\/p>\n","category_list":"","author_info":{"name":"admin","url":"https:\/\/portal.pi.gov.br\/jucepi\/author\/admin\/"},"comments_num":"0 coment\u00e1rio","featured_image_urls_v2":{"full":"","thumbnail":"","medium":"","medium_large":"","large":"","sgg-420":"","sgg-540":"","sgg-780":"","1536x1536":"","2048x2048":"","homepage-slider":"","homepage-slider-small":"","page-top":"","page-small":"","loop-main":"","thumb-gallery-widget":""},"post_excerpt_stackable_v2":"<p>Os procedimentos para a validade e efic\u00e1cia dos instrumentos de escritura\u00e7\u00e3o s\u00e3o disciplinados pela Instru\u00e7\u00e3o Normativa DREI N\u00ba 82, de 19 de fevereiro de 2021. Na Jucepi, o protocolo de livros \u00e9 realizado na se\u00e7\u00e3o &#8220;Livros Digitais&#8221; no site Gov.Pi Empresas. Clique aqui para acessar. Antes de protocolar, leia o manual de livros digitais aqui. Ainda tem d\u00favidas? Acesse aqui as Perguntas Frequentes.<\/p>\n","category_list_v2":"","author_info_v2":{"name":"admin","url":"https:\/\/portal.pi.gov.br\/jucepi\/author\/admin\/"},"comments_num_v2":"0 coment\u00e1rio","_links":{"self":[{"href":"https:\/\/portal.pi.gov.br\/jucepi\/wp-json\/wp\/v2\/pages\/937"}],"collection":[{"href":"https:\/\/portal.pi.gov.br\/jucepi\/wp-json\/wp\/v2\/pages"}],"about":[{"href":"https:\/\/portal.pi.gov.br\/jucepi\/wp-json\/wp\/v2\/types\/page"}],"author":[{"embeddable":true,"href":"https:\/\/portal.pi.gov.br\/jucepi\/wp-json\/wp\/v2\/users\/1"}],"replies":[{"embeddable":true,"href":"https:\/\/portal.pi.gov.br\/jucepi\/wp-json\/wp\/v2\/comments?post=937"}],"version-history":[{"count":4,"href":"https:\/\/portal.pi.gov.br\/jucepi\/wp-json\/wp\/v2\/pages\/937\/revisions"}],"predecessor-version":[{"id":1762,"href":"https:\/\/portal.pi.gov.br\/jucepi\/wp-json\/wp\/v2\/pages\/937\/revisions\/1762"}],"wp:attachment":[{"href":"https:\/\/portal.pi.gov.br\/jucepi\/wp-json\/wp\/v2\/media?parent=937"}],"curies":[{"name":"wp","href":"https:\/\/api.w.org\/{rel}","templated":true}]}}