{"id":939,"date":"2022-02-08T08:11:46","date_gmt":"2022-02-08T11:11:46","guid":{"rendered":"https:\/\/portal.pi.gov.br\/jucepi\/?page_id=939"},"modified":"2026-04-06T11:56:48","modified_gmt":"2026-04-06T14:56:48","slug":"leiloeiro-oficial","status":"publish","type":"page","link":"https:\/\/portal.pi.gov.br\/jucepi\/leiloeiro-oficial\/","title":{"rendered":"Leiloeiro p\u00fablico"},"content":{"rendered":"\n<p>Os servi\u00e7os dos leiloeiros est\u00e3o dispon\u00edveis no sistema do <a href=\"https:\/\/www.piauidigital.pi.gov.br\/home\/leiloeiro\/\">govpi.empresas<\/a><\/p>\n\n\n\n<p>A documenta\u00e7\u00e3o para o recadastramento anual deve ser apresentada via sistema, confira tamb\u00e9m:<\/p>\n\n\n\n<p><a href=\"https:\/\/drive.google.com\/file\/d\/1H0HVnyP1za9c8auFRzsAqFqk33KLMLbq\/view?usp=sharing\">Recadastramento anual e documenta\u00e7\u00e3o<\/a><\/p>\n\n\n\n<p><a href=\"https:\/\/drive.google.com\/file\/d\/1uj8gUBbTm0t0J7hGq3cpOxhVX2E4_OKB\/view?usp=sharing\">Publica\u00e7\u00e3o do edital de convoca\u00e7\u00e3o<\/a><\/p>\n\n\n\n<p><a href=\"https:\/\/drive.google.com\/file\/d\/1J39glb2P9etzV5K29ALsXhAJ2ubIl9tB\/view?usp=sharing\">Edital N\u00ba 01.2025<\/a><\/p>\n\n\n\n<p><a href=\"https:\/\/drive.google.com\/file\/d\/1M_ueeO2Eux_H6CsXvFy6csFx67EnKYcL\/view?usp=sharing\">Cancelamento de Matr\u00edcula de Leiloeiro<\/a><\/p>\n\n\n\n<p><a href=\"https:\/\/drive.google.com\/file\/d\/1bx15JfF5Fgy0qbIY8pYTiW4pequzJ5KS\/view?usp=sharing\">Cancelamento de Matr\u00edcula de Leiloeiro<\/a><\/p>\n\n\n\n<p><a href=\"https:\/\/drive.google.com\/file\/d\/1HrhjbOeJTsVYK3HSMrFUNTfxFJwv5bY9\/view?usp=sharing\">Valor da cau\u00e7\u00e3o<\/a><\/p>\n\n\n\n<p><a href=\"https:\/\/drive.google.com\/drive\/folders\/1kRu7-V1p2mCP2nfdtiK2KiJt4EHiFgkD\" data-type=\"URL\" data-id=\"https:\/\/drive.google.com\/drive\/folders\/1kRu7-V1p2mCP2nfdtiK2KiJt4EHiFgkD\">Nomea\u00e7\u00e3o de Leiloeiro <\/a><\/p>\n\n\n\n<p><a href=\"https:\/\/drive.google.com\/drive\/folders\/1_URDyeRdlC8UssMTW5qm7go0ybFUW6nz?usp=drive_link\" data-type=\"URL\" data-id=\"https:\/\/drive.google.com\/drive\/folders\/1_URDyeRdlC8UssMTW5qm7go0ybFUW6nz?usp=drive_link\">Recadastramento anual 2026<\/a><\/p>\n\n\n\n<p><a href=\"https:\/\/drive.google.com\/file\/d\/1QS9Qzm6a-3zpwtfEr09MsmAgWKPLXz-N\/view?usp=sharing\" data-type=\"URL\" data-id=\"https:\/\/drive.google.com\/file\/d\/1QS9Qzm6a-3zpwtfEr09MsmAgWKPLXz-N\/view?usp=sharing\">Cancelamento de Matr\u00edcula de Leiloeiro RODRIGO SCHMITZ  &#8211; Edital N_002.2026<\/a><\/p>\n\n\n\n<p class=\"has-medium-font-size\"><strong>Rela\u00e7\u00e3o de leiloeiros p\u00fablicos registrados na Jucepi, por ordem de matr\u00edcula, aptos conforme a<\/strong> <a href=\"https:\/\/portal.pi.gov.br\/jucepi\/download\/33\/atos-normativos\/3382\/portaria_002-2026.pdf\" data-type=\"URL\" data-id=\"https:\/\/portal.pi.gov.br\/jucepi\/download\/33\/atos-normativos\/3382\/portaria_002-2026.pdf\">Portaria N\u00ba 002\/2026<\/a><\/p>\n\n\n\n<p><strong>Suzana Concei\u00e7\u00e3o Medeiros de Carvalho<\/strong><br>Matr\u00edcula: n.\u00ba 04\/1996, em 14\/10\/1996<br>Endere\u00e7o: Rua Manoel Fel\u00edcio de Carvalho, n\u00ba1874, bairro Ininga, Teresina\/PI.<br>Telefone: (86) 99415-6879<br>Site: www.suzanacarvalholeiloes.com                                                                                                                                                  E-mail: suzanacarvalholeiloes@hotmail.com&nbsp;<\/p>\n\n\n\n<p><strong>\u00cdtalo Trindade Moura<\/strong><br>Matr\u00edcula: n.\u00ba 11\/2006, em 18\/12\/2006<br>Endere\u00e7o: Rua Manoel Domingues, n\u00ba1468, bairro Mafu\u00e1, Teresina\/PI.<br>Telefones: (86) 9403-0706<br>Site: www.italoleiloes.com<br>E-mail: italo@italoleiloes.com<\/p>\n\n\n\n<p><strong>Erico Sobral Soares<\/strong><br>Matr\u00edcula: n.\u00ba 15\/2015, em 09\/03\/2015<br>Endere\u00e7o: Rua Anfrisio Lob\u00e3o, 1415, ed. Saint Martin; apto 701, J\u00f3quei, 64049280, Teresina \u2013 Piau\u00ed<br>Telefone: (86) 3301-5000<br>Site: : <a href=\"mailto:erico.sobral@vipleiloes.com.br\">erico.sobral@vipleiloes.com.br<\/a><\/p>\n\n\n\n<p><strong>Jos\u00e9 David Gon\u00e7alves de Melo<\/strong><br>Matr\u00edcula: n.\u00ba18\/2021, em 16\/03\/2021<br>Endere\u00e7o: R Leandro Barreto, 355 Bl 17 Apt 03, Jardim S\u00e3o Paulo &#8211; Recife\/PE , CEP: 50790-000.<br>Telefones: (81) 99910-6770<br>E-mails: contato@jdleiloes.com.br<br>jose@jdleiloes.com.br<br>Site: www.jdleiloes.com.br<\/p>\n\n\n\n<p><strong>Alex Willian Hoppe<\/strong><br>Matr\u00edcula: n.\u00ba19\/2021, em 16\/03\/2021<br>Endere\u00e7o: Rua Alberto Tokaski, n\u00ba11, centro, Canoinhas\/SC, CEP: 89460-070.<br>Telefone: (47) 3622-5164<br>E-mail: licitacoes@hoppeleiloes.com.br<\/p>\n\n\n\n<p><strong>Sergio Roberto Nogueira Lima<br><\/strong>Matr\u00edcula: n.\u00ba 20\/21, em 16\/03\/2021<br>Endere\u00e7o: Av. Higino Cunha, 1149, Ilhotas, 64014220, Teresina &#8211; Piau\u00ed<br>Telefone: (86) 99981-1030<br>E-mail: : snleiloes@gmail.com<\/p>\n\n\n\n<p><strong>Daniel Elias Garcia<br><\/strong>Matr\u00edcula: n.\u00ba 21\/21, em 09\/11\/2021<br>Endere\u00e7o: Avenida dos Holandeses, 6, Ed Metropolitan Marketplace Sl 507, Calhau, 65071380, S\u00e3o Lu\u00eds &#8211; Maranh\u00e3o<br>Telefone: (48) 99138-6012<br>E-mail: contato@dgleiloes.com.br<\/p>\n\n\n\n<div class=\"wp-block-group is-layout-constrained\"><div class=\"wp-block-group__inner-container\">\n<div class=\"wp-block-group is-layout-constrained\"><div class=\"wp-block-group__inner-container\">\n<div class=\"wp-block-group is-layout-constrained\"><div class=\"wp-block-group__inner-container\">\n<p><strong>Murilo Gon\u00e7alves Ramos<br><\/strong>Matr\u00edcula: n.\u00ba 24\/24, em 21\/06\/2023<br>Endere\u00e7o: Itumbiara, 520, QD 146 LT 21\/22 APT 202, Cidade Jardim, 74413120&nbsp;Goi\u00e2nia &#8211; Goi\u00e1s<br>Telefone: (62) 98416-6234<br>E-mail: mgrleiloes@gmail.com<\/p>\n<\/div><\/div>\n<\/div><\/div>\n<\/div><\/div>\n\n\n\n<p><strong>Italo Trindade Moura Filho<br><\/strong>Matr\u00edcula: n\u00ba 25\/2023, em 28\/06\/2023<br>Endere\u00e7o: Rua Minas Gerais &#8211; 318, Matadouro &#8211; CEP: 64.003-850, Teresina &#8211; Piau\u00ed.<br>Telefone: (86) 98178-8598<br>E-mail: italotrindade00@gmail.com<\/p>\n\n\n\n<p><strong>Fernando Caetano Moreira Filho<\/strong><br>Matr\u00edcula: n.\u00ba 28, em 24\/06\/2024<br>Endere\u00e7o: Rua S 1, 221, Qd. S 4 Lt. 23, Setor Bela Vista, 74823420,<br>Goi\u00e2nia \u2013 Goi\u00e1s<br>Telefone: (37) 3242-2218<br>E-mail: fernandoleiloeiro@yahoo.com.br<br><br><strong>Jonas Gabriel Antunes Moreira<\/strong><br>Matr\u00edcula: n.\u00ba 29, em 24\/06\/2024<br>Endere\u00e7o: Rua S 1, 221, Qd. S 4 Lt. 23, Setor Bela Vista, 74823420,<br>Goi\u00e2nia \u2013 Goi\u00e1s<br>Telefone: (37) 3242-2218<br>E-mail: jonasleiloeiro@yahoo.com.br<br><br><strong>Lucas Rafael Antunes Moreira<br><\/strong>Matr\u00edcula: n.\u00ba 30, em 24\/06\/2024<br>Endere\u00e7o: Matias Cardoso, 11, Sala 205, Santo Agostinho, 30170050,<br>Belo Horizonte \u2013 Minas Gerais<br>Telefone: (37) 3242-2218<br>E-mail: lucasleiloeiro@hotmail.com<br><br><strong>Dora Plat<br><\/strong>Matr\u00edcula: n.\u00ba 31, em 29\/08\/2024<br>Endere\u00e7o: Baronesa de Itu, 789, &#8211; lado \u00edmpar, Santa Cec\u00edlia, 1231001 S\u00e3o Paulo &#8211; S\u00e3o Paulo<br>Telefone: (11) 99966-9200<br>E-mail: inscricao@portalzuk.com.br<\/p>\n\n\n\n<p><strong>Maur\u00edcio Jos\u00e9 de Sousa Costa<br><\/strong>Matr\u00edcula: n\u00b0 32, em&nbsp;03\/12\/2024<br>Endere\u00e7o: S\u00e3o Paulo, 199, Escrit\u00f3rio, Jardim Nova Veneza (Nova Veneza), 13177000,<br>Sumar\u00e9 \u2013 S\u00e3o Paulo<br>Telefone: (19) 99494-5068<br>E-mail: contato@mjleiloes.com.br<\/p>\n\n\n\n<p><strong>Rodrigo Aparecido Rigolon da Silva<br><\/strong>Matr\u00edcula: n\u00b0 33, em&nbsp;12\/03\/2025<br>Endere\u00e7o: Jo\u00e3o Masiero Netto, 242, (Salto Grande Campo Belo), Jardim Salto Grande, Araraquara &#8211; S\u00e3o Paulo, 14803875<br>Telefone: (16) 98126-4972<br>E-mail: : <a href=\"mailto:contato@rigolonleiloes.com.br\">contato@rigolonleiloes.com.br<\/a><\/p>\n\n\n\n<p><strong>Paulo Cezar Rocha Teixeira<\/strong><br>Matr\u00edcula: n\u00b0 35, em 18\/08\/2025<br>Endere\u00e7o: Padre Feij\u00f3, 597 apt 102, Canela, Salvador Bahia, 40.110-170<br>Telefone: (71) 99612-8367<br>E-mail: <a href=\"mailto:contato@leiloesjudiciaisbahia.com.br\">contato@leiloesjudiciaisbahia.com.br<\/a><\/p>\n\n\n\n<p><strong>Andrezza da Cruz Peron<\/strong><br>Matr\u00edcula: n\u00b0 36, em 09\/10\/2025<br>Endere\u00e7o: Mandaguari, 668, APT 503, Zona 07, 87020230, Maring\u00e1 &#8211; Paran\u00e1<br>Telefone: (44) 99814-9235<br>E-mail: andrezzacperon@gmail.com<br><\/p>\n\n\n\n<p><strong>Miguel Alexandrino Monteiro Neto<\/strong><br>Matr\u00edcula: n\u00ba 37 em 06\/04\/2026<br>Endere\u00e7o: Maria Margarida de Andrade, 189, CASA, Portal do Po\u00e7o, 58106072, Cabedelo &#8211; Para\u00edba<br>Telefone: (83) 99685-6653<br>(83) 8721- 8002<br>E-mail: contato@leiloesmonteiro.com.br<\/p>\n\n\n\n<p class=\"has-medium-font-size\"><strong>Leiloeiros Irregulares<\/strong><\/p>\n\n\n\n<div class=\"wp-block-group is-layout-constrained\"><div class=\"wp-block-group__inner-container\">\n<p><strong>Celso Alves Cunha<\/strong><br>Matr\u00edcula: n.\u00ba 17\/20, em 29\/06\/2020<br>Endere\u00e7o: Palestina, 245, Passar\u00e9, 60110000 Fortaleza &#8211; Cear\u00e1<br>Telefone: (85) 3279-6038<br>E-mail: celsoccunhaleiloes@gmail.com<br><br><strong>Tiago Tessler<br><\/strong>Matr\u00edcula: n.\u00ba 22\/22, em 04\/08\/2022<br>Endere\u00e7o: Natingui, 862, 311, Vila Madalena, 5443001 S\u00e3o Paulo &#8211; S\u00e3o Paulo<br>Telefone: (11) 97259-0668<br>E-mail: tiago.tessler@webleiloes.com.br<\/p>\n\n\n\n<p><strong>Davi Borges de Aquino<\/strong><br>Matr\u00edcula: n\u00ba 23\/2023, em 31\/03\/2023<br>Endere\u00e7o: Rodovalho Junior, 44, Penha de Fran\u00e7a, 3605-000, S\u00e3o Paulo &#8211; S\u00e3o Paulo.<br>Telefone: (11) 93207-1308\/ (11) 3230-1126<br>E-mail: inscricoes@alfaleiloes.com<br><br><strong>Irani Flores<br><\/strong>Matr\u00edcula: n\u00b0 34, em&nbsp;07\/04\/2025<br>Endere\u00e7o: &nbsp;Paulista, 2421, 2\u00b0 Andar, Bela Vista, 1311300, S\u00e3o Paulo &#8211; S\u00e3o Paulo<br>Telefone:&nbsp;(11) 99603-0132 \/ (11) 3965-0000<br>E-mail: &nbsp;irani.flores@leilaobrasil.com.br<\/p>\n\n\n\n<p><\/p>\n<\/div><\/div>\n\n\n\n<p class=\"has-medium-font-size\"><strong>Leiloeiro Cancelado<\/strong><\/p>\n\n\n\n<p><strong>Dalton Luis de Moraes Leal<\/strong> <strong><br><\/strong>Matr\u00edcula: n.\u00ba 05\/06, em 04\/04\/2016<br>Ato de Cancelamento: Sess\u00e3o plen\u00e1ria Extraordin\u00e1ria em 21\/02\/2020.<br>Motivo do Cancelamento: Destitu\u00eddo 17\/03\/2020, por exercer atividade do com\u00e9rcio e constituir sociedade empres\u00e1ria.<\/p>\n\n\n\n<p><strong>Victor Oliveira Dorta<\/strong><br>Matr\u00edcula: n.\u00ba 27, em 18\/04\/2024<br>Ato de cancelamento: Sess\u00e3o plen\u00e1ria Extraordin\u00e1ria em 19\/05\/2025<br>Motivo do cancelamento: A pedido<\/p>\n\n\n\n<p><strong>Erico Lages Soares<\/strong><br>Matr\u00edcula: n.\u00ba 02\/1994,em 28\/03\/1994<br>Ato de cancelamento: Sess\u00e3o plen\u00e1ria Extraordin\u00e1ria em 26\/05\/2025<br>Motivo do cancelamento: A pedido<br><br><strong>Rodrigo Schmitz<br><\/strong>Matr\u00edcula: n.\u00ba 26\/2024,em 27\/03\/2024<br>Ato de cancelamento: Sess\u00e3o plen\u00e1ria Extraordin\u00e1ria em 19\/02\/2026<br>Motivo do cancelamento: A pedido<\/p>\n","protected":false},"excerpt":{"rendered":"<p>Os servi\u00e7os dos leiloeiros est\u00e3o dispon\u00edveis no sistema do govpi.empresas A documenta\u00e7\u00e3o para o recadastramento anual deve ser apresentada via sistema, confira tamb\u00e9m: Recadastramento anual e documenta\u00e7\u00e3o Publica\u00e7\u00e3o do edital [&hellip;]<\/p>\n","protected":false},"author":1,"featured_media":0,"parent":0,"menu_order":0,"comment_status":"closed","ping_status":"closed","template":"template-fullwidth.php","meta":[],"featured_image_urls":{"full":"","thumbnail":"","medium":"","medium_large":"","large":"","sgg-420":"","sgg-540":"","sgg-780":"","1536x1536":"","2048x2048":"","homepage-slider":"","homepage-slider-small":"","page-top":"","page-small":"","loop-main":"","thumb-gallery-widget":""},"post_excerpt_stackable":"<p>Os servi\u00e7os dos leiloeiros est\u00e3o dispon\u00edveis no sistema do govpi.empresas A documenta\u00e7\u00e3o para o recadastramento anual deve ser apresentada via sistema, confira tamb\u00e9m: Recadastramento anual e documenta\u00e7\u00e3o Publica\u00e7\u00e3o do edital de convoca\u00e7\u00e3o Edital N\u00ba 01.2025 Cancelamento de Matr\u00edcula de Leiloeiro Cancelamento de Matr\u00edcula de Leiloeiro Valor da cau\u00e7\u00e3o Nomea\u00e7\u00e3o de Leiloeiro Recadastramento anual 2026 Cancelamento de Matr\u00edcula de Leiloeiro RODRIGO SCHMITZ &#8211; Edital N_002.2026 Rela\u00e7\u00e3o de leiloeiros p\u00fablicos registrados na Jucepi, por ordem de matr\u00edcula, aptos conforme a Portaria N\u00ba 002\/2026 Suzana Concei\u00e7\u00e3o Medeiros de CarvalhoMatr\u00edcula: n.\u00ba 04\/1996, em 14\/10\/1996Endere\u00e7o: Rua Manoel Fel\u00edcio de Carvalho, n\u00ba1874, bairro Ininga, Teresina\/PI.Telefone: (86)&hellip;<\/p>\n","category_list":"","author_info":{"name":"admin","url":"https:\/\/portal.pi.gov.br\/jucepi\/author\/admin\/"},"comments_num":"0 coment\u00e1rio","featured_image_urls_v2":{"full":"","thumbnail":"","medium":"","medium_large":"","large":"","sgg-420":"","sgg-540":"","sgg-780":"","1536x1536":"","2048x2048":"","homepage-slider":"","homepage-slider-small":"","page-top":"","page-small":"","loop-main":"","thumb-gallery-widget":""},"post_excerpt_stackable_v2":"<p>Os servi\u00e7os dos leiloeiros est\u00e3o dispon\u00edveis no sistema do govpi.empresas A documenta\u00e7\u00e3o para o recadastramento anual deve ser apresentada via sistema, confira tamb\u00e9m: Recadastramento anual e documenta\u00e7\u00e3o Publica\u00e7\u00e3o do edital de convoca\u00e7\u00e3o Edital N\u00ba 01.2025 Cancelamento de Matr\u00edcula de Leiloeiro Cancelamento de Matr\u00edcula de Leiloeiro Valor da cau\u00e7\u00e3o Nomea\u00e7\u00e3o de Leiloeiro Recadastramento anual 2026 Cancelamento de Matr\u00edcula de Leiloeiro RODRIGO SCHMITZ &#8211; Edital N_002.2026 Rela\u00e7\u00e3o de leiloeiros p\u00fablicos registrados na Jucepi, por ordem de matr\u00edcula, aptos conforme a Portaria N\u00ba 002\/2026 Suzana Concei\u00e7\u00e3o Medeiros de CarvalhoMatr\u00edcula: n.\u00ba 04\/1996, em 14\/10\/1996Endere\u00e7o: Rua Manoel Fel\u00edcio de Carvalho, n\u00ba1874, bairro Ininga, Teresina\/PI.Telefone: (86)&hellip;<\/p>\n","category_list_v2":"","author_info_v2":{"name":"admin","url":"https:\/\/portal.pi.gov.br\/jucepi\/author\/admin\/"},"comments_num_v2":"0 coment\u00e1rio","_links":{"self":[{"href":"https:\/\/portal.pi.gov.br\/jucepi\/wp-json\/wp\/v2\/pages\/939"}],"collection":[{"href":"https:\/\/portal.pi.gov.br\/jucepi\/wp-json\/wp\/v2\/pages"}],"about":[{"href":"https:\/\/portal.pi.gov.br\/jucepi\/wp-json\/wp\/v2\/types\/page"}],"author":[{"embeddable":true,"href":"https:\/\/portal.pi.gov.br\/jucepi\/wp-json\/wp\/v2\/users\/1"}],"replies":[{"embeddable":true,"href":"https:\/\/portal.pi.gov.br\/jucepi\/wp-json\/wp\/v2\/comments?post=939"}],"version-history":[{"count":50,"href":"https:\/\/portal.pi.gov.br\/jucepi\/wp-json\/wp\/v2\/pages\/939\/revisions"}],"predecessor-version":[{"id":3395,"href":"https:\/\/portal.pi.gov.br\/jucepi\/wp-json\/wp\/v2\/pages\/939\/revisions\/3395"}],"wp:attachment":[{"href":"https:\/\/portal.pi.gov.br\/jucepi\/wp-json\/wp\/v2\/media?parent=939"}],"curies":[{"name":"wp","href":"https:\/\/api.w.org\/{rel}","templated":true}]}}