{"id":941,"date":"2022-02-08T08:12:20","date_gmt":"2022-02-08T11:12:20","guid":{"rendered":"https:\/\/portal.pi.gov.br\/jucepi\/?page_id=941"},"modified":"2026-02-26T12:34:44","modified_gmt":"2026-02-26T15:34:44","slug":"tradutor-publico-e-interprete","status":"publish","type":"page","link":"https:\/\/portal.pi.gov.br\/jucepi\/tradutor-publico-e-interprete\/","title":{"rendered":"Tradutor p\u00fablico\/Int\u00e9rprete"},"content":{"rendered":"\n<p>L\u00cdNGUA INGLESA:<\/p>\n\n\n\n<p><strong>Carlos Alberto Seabra<\/strong><br>Matr\u00edcula n\u00ba 022\/93<br>Endere\u00e7o: Av. Nossa Senhora de F\u00e1tima, 2040, Ininga &#8211; Teresina\/PI<br>Telefones: (86) 9 9959-7197 | (86) 3232-3599<\/p>\n\n\n\n<p>Para outros idiomas, acesse o <a href=\"http:\/\/fenaju.com.br\/wp-content\/uploads\/2020\/02\/Cadastro-Nacional-de-Tradutores-P%C3%BAblicos-e-Int%C3%A9rpretes-Comerciais.pdf\">Cadastro Nacional de Tradutores P\u00fablicos e Int\u00e9rpretes Comerciais<\/a>.<\/p>\n\n\n\n<p><\/p>\n\n\n\n<h2 class=\"wp-block-heading\"><strong>EDITAIS <\/strong><\/h2>\n\n\n\n<p><\/p>\n\n\n\n<ul>\n<li><strong>EDITAL N\u00ba3\/2026<\/strong> &#8211; <a href=\"https:\/\/drive.google.com\/file\/d\/1pYibBNuMtbTlhzSb9UbzqweG1kNjnS2W\/view?usp=drive_link\" data-type=\"URL\" data-id=\"https:\/\/drive.google.com\/file\/d\/1pYibBNuMtbTlhzSb9UbzqweG1kNjnS2W\/view?usp=drive_link\">Exame de Aptid\u00e3o para Certifica\u00e7\u00e3o de Tradutores e Int\u00e9rpretes P\u00fablicos<\/a><\/li>\n<\/ul>\n","protected":false},"excerpt":{"rendered":"<p>L\u00cdNGUA INGLESA: Carlos Alberto SeabraMatr\u00edcula n\u00ba 022\/93Endere\u00e7o: Av. Nossa Senhora de F\u00e1tima, 2040, Ininga &#8211; Teresina\/PITelefones: (86) 9 9959-7197 | (86) 3232-3599 Para outros idiomas, acesse o Cadastro Nacional de [&hellip;]<\/p>\n","protected":false},"author":1,"featured_media":0,"parent":0,"menu_order":0,"comment_status":"closed","ping_status":"closed","template":"template-fullwidth.php","meta":[],"featured_image_urls":{"full":"","thumbnail":"","medium":"","medium_large":"","large":"","sgg-420":"","sgg-540":"","sgg-780":"","1536x1536":"","2048x2048":"","homepage-slider":"","homepage-slider-small":"","page-top":"","page-small":"","loop-main":"","thumb-gallery-widget":""},"post_excerpt_stackable":"<p>L\u00cdNGUA INGLESA: Carlos Alberto SeabraMatr\u00edcula n\u00ba 022\/93Endere\u00e7o: Av. Nossa Senhora de F\u00e1tima, 2040, Ininga &#8211; Teresina\/PITelefones: (86) 9 9959-7197 | (86) 3232-3599 Para outros idiomas, acesse o Cadastro Nacional de Tradutores P\u00fablicos e Int\u00e9rpretes Comerciais. EDITAIS EDITAL N\u00ba3\/2026 &#8211; Exame de Aptid\u00e3o para Certifica\u00e7\u00e3o de Tradutores e Int\u00e9rpretes P\u00fablicos<\/p>\n","category_list":"","author_info":{"name":"admin","url":"https:\/\/portal.pi.gov.br\/jucepi\/author\/admin\/"},"comments_num":"0 coment\u00e1rio","featured_image_urls_v2":{"full":"","thumbnail":"","medium":"","medium_large":"","large":"","sgg-420":"","sgg-540":"","sgg-780":"","1536x1536":"","2048x2048":"","homepage-slider":"","homepage-slider-small":"","page-top":"","page-small":"","loop-main":"","thumb-gallery-widget":""},"post_excerpt_stackable_v2":"<p>L\u00cdNGUA INGLESA: Carlos Alberto SeabraMatr\u00edcula n\u00ba 022\/93Endere\u00e7o: Av. Nossa Senhora de F\u00e1tima, 2040, Ininga &#8211; Teresina\/PITelefones: (86) 9 9959-7197 | (86) 3232-3599 Para outros idiomas, acesse o Cadastro Nacional de Tradutores P\u00fablicos e Int\u00e9rpretes Comerciais. EDITAIS EDITAL N\u00ba3\/2026 &#8211; Exame de Aptid\u00e3o para Certifica\u00e7\u00e3o de Tradutores e Int\u00e9rpretes P\u00fablicos<\/p>\n","category_list_v2":"","author_info_v2":{"name":"admin","url":"https:\/\/portal.pi.gov.br\/jucepi\/author\/admin\/"},"comments_num_v2":"0 coment\u00e1rio","_links":{"self":[{"href":"https:\/\/portal.pi.gov.br\/jucepi\/wp-json\/wp\/v2\/pages\/941"}],"collection":[{"href":"https:\/\/portal.pi.gov.br\/jucepi\/wp-json\/wp\/v2\/pages"}],"about":[{"href":"https:\/\/portal.pi.gov.br\/jucepi\/wp-json\/wp\/v2\/types\/page"}],"author":[{"embeddable":true,"href":"https:\/\/portal.pi.gov.br\/jucepi\/wp-json\/wp\/v2\/users\/1"}],"replies":[{"embeddable":true,"href":"https:\/\/portal.pi.gov.br\/jucepi\/wp-json\/wp\/v2\/comments?post=941"}],"version-history":[{"count":6,"href":"https:\/\/portal.pi.gov.br\/jucepi\/wp-json\/wp\/v2\/pages\/941\/revisions"}],"predecessor-version":[{"id":3212,"href":"https:\/\/portal.pi.gov.br\/jucepi\/wp-json\/wp\/v2\/pages\/941\/revisions\/3212"}],"wp:attachment":[{"href":"https:\/\/portal.pi.gov.br\/jucepi\/wp-json\/wp\/v2\/media?parent=941"}],"curies":[{"name":"wp","href":"https:\/\/api.w.org\/{rel}","templated":true}]}}