{"id":945,"date":"2022-02-08T08:12:56","date_gmt":"2022-02-08T11:12:56","guid":{"rendered":"https:\/\/portal.pi.gov.br\/jucepi\/?page_id=945"},"modified":"2023-03-14T12:18:42","modified_gmt":"2023-03-14T15:18:42","slug":"acesso-a-informacao","status":"publish","type":"page","link":"https:\/\/portal.pi.gov.br\/jucepi\/acesso-a-informacao\/","title":{"rendered":"Acesso \u00e0 Informa\u00e7\u00e3o"},"content":{"rendered":"\n<p>O&nbsp;<a href=\"http:\/\/www.jucepi.pi.gov.br\/download\/201602\/JUCEPI25_fea946444a.pdf\">Decreto Estadual N\u00ba 15.188<\/a>, de 22 de Maio de 2013, regulamenta, no \u00e2mbito do Poder Executivo do Estado do Piau\u00ed, a&nbsp;<a href=\"http:\/\/www.planalto.gov.br\/ccivil_03\/_ato2011-2014\/2011\/lei\/l12527.htm\">Lei Federal 12.527<\/a>, sancionada em 18 de novembro de 2011, que disp\u00f5e sobre o acesso a informa\u00e7\u00f5es previsto no inciso XXXII, do caput do art. 5\u00ba, no inciso II do \u00a7 3\u00ba do art. 37 e no \u00a7 2\u00ba, do art. 216, todos da Constitui\u00e7\u00e3o Federal.<\/p>\n\n\n\n<p>O Portal da Transpar\u00eancia do Estado do Piau\u00ed, por meio do endere\u00e7o&nbsp;<a href=\"http:\/\/transparencia.pi.gov.br\/\"><strong>http:\/\/transparencia.pi.gov.br<\/strong><\/a>, possibilita a qualquer cidad\u00e3o o acesso a informa\u00e7\u00f5es referentes a despesas p\u00fablicas realizadas pelo Poder Executivo Estadual, os relat\u00f3rios da Lei de Responsabilidade Fiscal, o Plano Plurianual, a Lei de Diretrizes Or\u00e7ament\u00e1rias, a Lei Or\u00e7ament\u00e1ria Anual, informa\u00e7\u00f5es sobre licita\u00e7\u00f5es e obras realizadas pelo Estado, remunera\u00e7\u00e3o dos servidores, conv\u00eanios, receita bruta arrecadada, entre outras informa\u00e7\u00f5es.<\/p>\n\n\n\n<p>Para pedidos de acesso \u00e0 informa\u00e7\u00e3o p\u00fablica &#8211; conforme Lei Federal N\u00b012.527\/2011, acesse o link\u00a0<a href=\"http:\/\/falabr.cgu.gov.br\/publico\/pi\/manifestacao\/RegistrarManifestacao\">https:\/\/falabr.cgu.gov.br\/publico\/pi\/manifestacao\/RegistrarManifestacao<\/a><\/p>\n","protected":false},"excerpt":{"rendered":"<p>O&nbsp;Decreto Estadual N\u00ba 15.188, de 22 de Maio de 2013, regulamenta, no \u00e2mbito do Poder Executivo do Estado do Piau\u00ed, a&nbsp;Lei Federal 12.527, sancionada em 18 de novembro de 2011, [&hellip;]<\/p>\n","protected":false},"author":1,"featured_media":0,"parent":0,"menu_order":0,"comment_status":"closed","ping_status":"closed","template":"template-fullwidth.php","meta":[],"featured_image_urls":{"full":"","thumbnail":"","medium":"","medium_large":"","large":"","sgg-420":"","sgg-540":"","sgg-780":"","1536x1536":"","2048x2048":"","homepage-slider":"","homepage-slider-small":"","page-top":"","page-small":"","loop-main":"","thumb-gallery-widget":""},"post_excerpt_stackable":"<p>O&nbsp;Decreto Estadual N\u00ba 15.188, de 22 de Maio de 2013, regulamenta, no \u00e2mbito do Poder Executivo do Estado do Piau\u00ed, a&nbsp;Lei Federal 12.527, sancionada em 18 de novembro de 2011, que disp\u00f5e sobre o acesso a informa\u00e7\u00f5es previsto no inciso XXXII, do caput do art. 5\u00ba, no inciso II do \u00a7 3\u00ba do art. 37 e no \u00a7 2\u00ba, do art. 216, todos da Constitui\u00e7\u00e3o Federal. O Portal da Transpar\u00eancia do Estado do Piau\u00ed, por meio do endere\u00e7o&nbsp;http:\/\/transparencia.pi.gov.br, possibilita a qualquer cidad\u00e3o o acesso a informa\u00e7\u00f5es referentes a despesas p\u00fablicas realizadas pelo Poder Executivo Estadual, os relat\u00f3rios da Lei de&hellip;<\/p>\n","category_list":"","author_info":{"name":"admin","url":"https:\/\/portal.pi.gov.br\/jucepi\/author\/admin\/"},"comments_num":"0 coment\u00e1rio","featured_image_urls_v2":{"full":"","thumbnail":"","medium":"","medium_large":"","large":"","sgg-420":"","sgg-540":"","sgg-780":"","1536x1536":"","2048x2048":"","homepage-slider":"","homepage-slider-small":"","page-top":"","page-small":"","loop-main":"","thumb-gallery-widget":""},"post_excerpt_stackable_v2":"<p>O&nbsp;Decreto Estadual N\u00ba 15.188, de 22 de Maio de 2013, regulamenta, no \u00e2mbito do Poder Executivo do Estado do Piau\u00ed, a&nbsp;Lei Federal 12.527, sancionada em 18 de novembro de 2011, que disp\u00f5e sobre o acesso a informa\u00e7\u00f5es previsto no inciso XXXII, do caput do art. 5\u00ba, no inciso II do \u00a7 3\u00ba do art. 37 e no \u00a7 2\u00ba, do art. 216, todos da Constitui\u00e7\u00e3o Federal. O Portal da Transpar\u00eancia do Estado do Piau\u00ed, por meio do endere\u00e7o&nbsp;http:\/\/transparencia.pi.gov.br, possibilita a qualquer cidad\u00e3o o acesso a informa\u00e7\u00f5es referentes a despesas p\u00fablicas realizadas pelo Poder Executivo Estadual, os relat\u00f3rios da Lei de&hellip;<\/p>\n","category_list_v2":"","author_info_v2":{"name":"admin","url":"https:\/\/portal.pi.gov.br\/jucepi\/author\/admin\/"},"comments_num_v2":"0 coment\u00e1rio","_links":{"self":[{"href":"https:\/\/portal.pi.gov.br\/jucepi\/wp-json\/wp\/v2\/pages\/945"}],"collection":[{"href":"https:\/\/portal.pi.gov.br\/jucepi\/wp-json\/wp\/v2\/pages"}],"about":[{"href":"https:\/\/portal.pi.gov.br\/jucepi\/wp-json\/wp\/v2\/types\/page"}],"author":[{"embeddable":true,"href":"https:\/\/portal.pi.gov.br\/jucepi\/wp-json\/wp\/v2\/users\/1"}],"replies":[{"embeddable":true,"href":"https:\/\/portal.pi.gov.br\/jucepi\/wp-json\/wp\/v2\/comments?post=945"}],"version-history":[{"count":2,"href":"https:\/\/portal.pi.gov.br\/jucepi\/wp-json\/wp\/v2\/pages\/945\/revisions"}],"predecessor-version":[{"id":1227,"href":"https:\/\/portal.pi.gov.br\/jucepi\/wp-json\/wp\/v2\/pages\/945\/revisions\/1227"}],"wp:attachment":[{"href":"https:\/\/portal.pi.gov.br\/jucepi\/wp-json\/wp\/v2\/media?parent=945"}],"curies":[{"name":"wp","href":"https:\/\/api.w.org\/{rel}","templated":true}]}}